{"id":272,"date":"2017-04-05T23:52:44","date_gmt":"2017-04-05T21:52:44","guid":{"rendered":"https:\/\/webs.uab.cat\/grepuab\/conferencies-i-taules-rodones\/"},"modified":"2017-04-05T23:52:44","modified_gmt":"2017-04-05T21:52:44","slug":"conferencies-i-taules-rodones","status":"publish","type":"page","link":"https:\/\/webs.uab.cat\/grepuab\/conferencies-i-taules-rodones\/","title":{"rendered":"Confer\u00e8ncies i taules rodones"},"content":{"rendered":"<p>&nbsp;<\/p>\n<p dir=\"ltr\"><strong><img loading=\"lazy\" decoding=\"async\" alt=\"\" height=\"314\" src=\"https:\/\/lh3.googleusercontent.com\/h0N12VcHiDXmrFsyONJHQnVzUwCbOsF6Fq30ptKqGfCfLxaUamMlBdKsjpdc-Kqyzob6W1gyvMhPvlISzbTapS7Jv97ZfWcPwpXuvyZ3ILTJ8EGmV6iyyJQi6NLjxA\" width=\"948\" \/><\/strong><\/p>\n<p>\nEl membres del GREP participen com a ponents en confer\u00e8ncies, taules rodones i converses relacionades amb l\u2019educaci\u00f3 psicomotriu a nivell estatal i auton\u00f2mic.&nbsp;<\/p>\n<p dir=\"ltr\">Aquestes han estat algunes de les nostres participacions com a ponents:<\/p>\n<table align=\"center\" border=\"3\" cellpadding=\"1\" cellspacing=\"1\" style=\"width:700px\">\n<tbody>\n<tr>\n<td class=\"rtecenter\"><strong>2020<\/strong><\/td>\n<\/tr>\n<\/tbody>\n<\/table>\n<p><strong>T\u00edtol: \u201cEspais d\u2019aprenentatge, el joc, la psicomotricitat i el paper de l\u2019adult a l\u2019Escola \u00cdtaca de Manresa\u201d<\/strong><\/p>\n<p dir=\"ltr\">Ponents: Eva Bru i Elena Sarri.<\/p>\n<p dir=\"ltr\">Organitzador: Herme, Wesco, UAB, UVIC i UAO.<\/p>\n<p dir=\"ltr\">Congr\u00e9s: IV EduCongress \u201cJocs, espais i aprenentatge a l&#8217;Educaci\u00f3 Infantil\u201d.<\/p>\n<p dir=\"ltr\">Lloc: Barcelona.<\/p>\n<p dir=\"ltr\">Data: 29 de febrer del 2020.<\/p>\n<p dir=\"ltr\">Duraci\u00f3: 45 minuts.<\/p>\n<p dir=\"ltr\">&nbsp;<\/p>\n<p dir=\"ltr\">&nbsp;<\/p>\n<table align=\"center\" border=\"3\" cellpadding=\"1\" cellspacing=\"1\" style=\"width:700px\">\n<tbody>\n<tr>\n<td class=\"rtecenter\"><strong>2019<\/strong><\/td>\n<\/tr>\n<\/tbody>\n<\/table>\n<p dir=\"ltr\"><strong>T\u00edtol: \u201cConversa: Qui fa qu\u00e8? Adult i infant des de la neuroci\u00e8ncia i la psicomotricitat\u201d.<\/strong><\/p>\n<p dir=\"ltr\">Ponents: Josep Rota i Marta Portero.<\/p>\n<p dir=\"ltr\">Tipus de pon\u00e8ncia: Conversa.<\/p>\n<p dir=\"ltr\">Organitzador: Grup de Recerca en Educaci\u00f3 Psicomotriu (2017-SGR-137).<\/p>\n<p dir=\"ltr\">Jornada: X Jornades de Reflexi\u00f3 i Recerca: Psicomotricitat i Escola \u201cL\u2019adult: una presencia que acompanya\u201d.<\/p>\n<p dir=\"ltr\">Lloc: Facultat Ci\u00e8ncies de l\u2019Educaci\u00f3 de la Universitat Aut\u00f2noma de Barcelona (Bellaterra)<\/p>\n<p dir=\"ltr\">Data: 9 de novembre de 2019.<\/p>\n<p dir=\"ltr\">Duraci\u00f3: 1 hora i 30 minuts.<strong>&nbsp;<\/strong><\/p>\n<p>&nbsp;<\/p>\n<p dir=\"ltr\"><strong>&nbsp;<\/strong><\/p>\n<p dir=\"ltr\"><strong>T\u00edtol: \u201cQuan l\u2019educaci\u00f3 psicomotriu es converteix en l\u2019eix del projecte educatiu de l\u2019escola bressol\u201d.<\/strong><\/p>\n<p dir=\"ltr\">Ponent: Maite Mas.<\/p>\n<p dir=\"ltr\">Tipus de pon\u00e8ncia: Confer\u00e8ncia.<\/p>\n<p dir=\"ltr\">Organitzador: Postgrau en Desenvolupament Psicomotor de 0 a 8 anys de la UAB.<\/p>\n<p dir=\"ltr\">Lloc: Facultat Ci\u00e8ncies de l\u2019Educaci\u00f3 de la Universitat Aut\u00f2noma de Barcelona (Bellaterra)<\/p>\n<p dir=\"ltr\">Data: 8 d\u2019octubre del 2019.<\/p>\n<p dir=\"ltr\">Duraci\u00f3: 60 minuts.<\/p>\n<p dir=\"ltr\">&nbsp;<\/p>\n<p dir=\"ltr\"><strong>T\u00edtol: \u201cLa corpore\u00eftat de les mestres d\u2019Educaci\u00f3 Infantil\u201d.<\/strong><\/p>\n<p dir=\"ltr\">Ponent: Laura Moya Prados.<\/p>\n<p dir=\"ltr\">Tipus de pon\u00e8ncia: Confer\u00e8ncia.<\/p>\n<p dir=\"ltr\">Organitzador: Servei Educatiu del Baix Llobregat VI.<\/p>\n<p dir=\"ltr\">Jornada: Trobada Pedag\u00f2gica d\u2019Educaci\u00f3 Infantil 2019.<\/p>\n<p dir=\"ltr\">Lloc: Auditori del Mol\u00ed dels Frares, Sant Vicen\u00e7 dels Horts.<\/p>\n<p dir=\"ltr\">Data: 26 de juny de 2019.<\/p>\n<p dir=\"ltr\">Duraci\u00f3: 15 minuts.<\/p>\n<p dir=\"ltr\">Web: <a href=\"https:\/\/serveiseducatius.xtec.cat\/baixllobregat6\/trobada-pedagogica-educacio-infantil-2019\/laura-moya-prados\/\">https:\/\/serveiseducatius.xtec.cat\/baixllobregat6\/trobada-pedagogica-educacio-infantil-2019\/laura-moya-prados\/<\/a><\/p>\n<p dir=\"ltr\">&nbsp;<\/p>\n<p dir=\"ltr\">&nbsp;<\/p>\n<p dir=\"ltr\"><strong>T\u00edtol: \u201cL\u2019Educaci\u00f3 F\u00edsica i la Psicomotricitat: dos disciplines unide per una mateixa finalitat\u201d\u201d.<\/strong><\/p>\n<p dir=\"ltr\">Ponent: Xavi Forcadell.<\/p>\n<p dir=\"ltr\">Tipus de pon\u00e8ncia: Confer\u00e8ncia.<\/p>\n<p dir=\"ltr\">Organitzador: Regidoria d\u2019Esports de l\u2019Ajuntament d\u2019Amposta i el Centre de Tecnificaci\u00f3 Esportiva de les Terres de l\u2019Ebre.<\/p>\n<p dir=\"ltr\">Congr\u00e9s: I Congr\u00e9s de Salut i Espot d\u2019Amposta.&nbsp;<\/p>\n<p dir=\"ltr\">Lloc: Auditori Municipal d\u2019Amposta.<\/p>\n<p dir=\"ltr\">Data: 14 d\u2019abril de 2019.<\/p>\n<p dir=\"ltr\">Duraci\u00f3: 45 minuts.<\/p>\n<p dir=\"ltr\">&nbsp;<\/p>\n<p dir=\"ltr\">&nbsp;<\/p>\n<p dir=\"ltr\"><strong>T\u00edtol: \u201cL\u2019Educaci\u00f3 F\u00edsica i la Psicomotricitat\u201d\u201d.<\/strong><\/p>\n<p dir=\"ltr\">Ponents: Xavi Forcadell, Mar P\u00e9rez i Lurdes Mart\u00ednez.<\/p>\n<p dir=\"ltr\">Tipus de pon\u00e8ncia: Taula rodona.<\/p>\n<p dir=\"ltr\">Organitzador: Regidoria d\u2019Esports de l\u2019Ajuntament d\u2019Amposta i el Centre de Tecnificaci\u00f3 Esportiva de les Terres de l\u2019Ebre.<\/p>\n<p dir=\"ltr\">Congr\u00e9s: I Congr\u00e9s de Salut i Espot d\u2019Amposta.&nbsp;<\/p>\n<p dir=\"ltr\">Lloc: Auditori Municipal d\u2019Amposta.<\/p>\n<p dir=\"ltr\">Data: 14 d\u2019abril de 2019.<\/p>\n<p dir=\"ltr\">Duraci\u00f3: 45 minuts.<\/p>\n<p dir=\"ltr\"><strong>&nbsp;<\/strong><\/p>\n<p dir=\"ltr\"><strong>&nbsp;<\/strong><\/p>\n<p dir=\"ltr\"><strong>T\u00edtol: \u201cExisteixen els psicomotricistes? D&#8217;on venim i on estem\u201d.<\/strong><\/p>\n<p dir=\"ltr\">Ponent: Estrella Massabeu.<\/p>\n<p dir=\"ltr\">Tipus de pon\u00e8ncia: Confer\u00e8ncia.<\/p>\n<p dir=\"ltr\">Organitzador: Associaci\u00f3 de pr\u00e0ctica psicomotriu de les Illes Balears (APPIB)<\/p>\n<p dir=\"ltr\">Jornada: Jornada \u201cPer qu\u00e8 continuam fent psico a les escoles?\u201d.<\/p>\n<p dir=\"ltr\">Lloc: Palma de Mallorca.<\/p>\n<p dir=\"ltr\">Data: 2 de febrer del 2019.<\/p>\n<p dir=\"ltr\">Duraci\u00f3: 60 minuts.<\/p>\n<p dir=\"ltr\">&nbsp;<\/p>\n<p dir=\"ltr\"><strong>&nbsp;<\/strong><\/p>\n<table align=\"center\" border=\"3\" cellpadding=\"1\" cellspacing=\"1\" style=\"width:700px\">\n<tbody>\n<tr>\n<td class=\"rtecenter\"><strong>2018<\/strong><\/td>\n<\/tr>\n<\/tbody>\n<\/table>\n<p><strong>T\u00edtol: \u201cLa mirada psicomotriz que observa, la actitud del adulto que acompa\u00f1a\u201d.<\/strong><\/p>\n<p dir=\"ltr\">Ponent: Montserrat Anton.<\/p>\n<p dir=\"ltr\">Tipus de pon\u00e8ncia: Confer\u00e8ncia.<\/p>\n<p dir=\"ltr\">Organitzador: Federaci\u00f3n de Asociaciones de Psicomotricistas del Estado Espa\u00f1ol (FAPee).<\/p>\n<p dir=\"ltr\">Congreso: VI Congreso Estatal de Psicomotricidad \u201cPsicomotricidad: M\u00e1s vale prevenir\u201d.&nbsp;<\/p>\n<p dir=\"ltr\">Lloc: Facultad de Enfermer\u00eda, Fisioterapia y Podolog\u00eda de la Universidad Complutense de Madrid (Madrid).<\/p>\n<p dir=\"ltr\">Data: 17 de novembre de 2018.<\/p>\n<p dir=\"ltr\">Duraci\u00f3: 90 minuts.<\/p>\n<p dir=\"ltr\"><strong>&nbsp;<\/strong><\/p>\n<p dir=\"ltr\"><strong>&nbsp;<\/strong><\/p>\n<p dir=\"ltr\"><strong>T\u00edtol: \u201cEl joc espontani, una altra mirada\u201d.<\/strong><\/p>\n<p dir=\"ltr\">Ponent: Josep Rota<\/p>\n<p dir=\"ltr\">Tipus de pon\u00e8ncia: Taula Rodona.<\/p>\n<p dir=\"ltr\">Organitzador: Institut de Ci\u00e8ncies de l\u2019Educaci\u00f3 UdG i Associaci\u00f3 de Psicomotricistes de Girona.<\/p>\n<p dir=\"ltr\">Jornada: II Jornada de Psicomotricitat: el joc espontani, una altra mirada.&nbsp;<\/p>\n<p dir=\"ltr\">Lloc: Centre C\u00edvic Pont Major (Girona).<\/p>\n<p dir=\"ltr\">Data: 10 de novembre de 2018.<\/p>\n<p dir=\"ltr\">Duraci\u00f3: 120 minuts.<\/p>\n<p dir=\"ltr\">&nbsp;<\/p>\n<p dir=\"ltr\"><strong>&nbsp;<\/strong><\/p>\n<p dir=\"ltr\"><strong>T\u00edtol: \u201cEl rol del adulto seg\u00fan la psicomotricidad\u201d.<\/strong><\/p>\n<p dir=\"ltr\">Ponent: Josep Rota.<\/p>\n<p dir=\"ltr\">Tipus de pon\u00e8ncia: Confer\u00e8rncia..<\/p>\n<p dir=\"ltr\">Organitzador: Federaci\u00f3n de Asociaciones de Psicomotricistas del Estado Espa\u00f1ol (FAPee).<\/p>\n<p dir=\"ltr\">Jornada: II Jornada FAPee \u201cPsicomotricidad y Pikler: \u00bfJuntos pero no revueltos?\u201d.&nbsp;<\/p>\n<p dir=\"ltr\">Lloc: Ateneu l\u2019Harmonia (Barcelona).<\/p>\n<p dir=\"ltr\">Data: 16 de setembre de 2018.<\/p>\n<p dir=\"ltr\">Duraci\u00f3: 60 minuts.<\/p>\n<p dir=\"ltr\"><strong>&nbsp;<\/strong><\/p>\n<p dir=\"ltr\">&nbsp;<\/p>\n<p dir=\"ltr\"><strong>T\u00edtol: \u201cMoure\u2019s per transformar i aprendre\u201d.<\/strong><\/p>\n<p dir=\"ltr\">Ponent: Lurdes Mart\u00ednez.<\/p>\n<p dir=\"ltr\">Tipus de pon\u00e8ncia: Confer\u00e8ncia.<\/p>\n<p dir=\"ltr\">Organitzador: Institut de Ci\u00e8ncies de l\u2019Educaci\u00f3 UdG, Facultat d\u2019Educaci\u00f3 i Psicologia de la UdG i l\u2019Ajuntament de Girona.<\/p>\n<p dir=\"ltr\">Jornada: IX Jornada 0-6 \u201cCr\u00e9ixer en moviment\u201d.&nbsp;<\/p>\n<p dir=\"ltr\">Lloc: Centre Cultural la Merc\u00e8 (Girona).<\/p>\n<p dir=\"ltr\">Data: 11 de maig de 2018.<\/p>\n<p dir=\"ltr\">Duraci\u00f3: 105 minuts.<\/p>\n<p dir=\"ltr\">Actes Jornades: <a href=\"https:\/\/www.udg.edu\/ca\/Portals\/53\/OpenContent\/Files\/12806\/Document%20IX%20Jornada%200-6_creixerenmoviment.pdf\">https:\/\/www.udg.edu\/ca\/Portals\/53\/OpenContent\/Files\/12806\/Document%20IX%20Jornada%200-6_creixerenmoviment.pdf<\/a><\/p>\n<p dir=\"ltr\"><strong>&nbsp;<\/strong><\/p>\n<p dir=\"ltr\"><strong>&nbsp;<\/strong><\/p>\n<p dir=\"ltr\"><strong>T\u00edtol: \u201cEls camins de la psicomotricitat educativa, un trajecte sempre obert\u201d.<\/strong><\/p>\n<p dir=\"ltr\">Ponents: Montse Anton i Josep Rota.<\/p>\n<p dir=\"ltr\">Tipus de pon\u00e8ncia: Conversa.<\/p>\n<p dir=\"ltr\">Organitzador: Grup de Recerca en Educaci\u00f3 Psicomotriu (2017-SGR-137).<\/p>\n<p dir=\"ltr\">Jornada: IX Jornades de Reflexi\u00f3 i Recerca: Psicomotricitat i Escola \u201cEls espais\u201d.<\/p>\n<p dir=\"ltr\">Lloc: Facultat Ci\u00e8ncies de l\u2019Educaci\u00f3 de la Universitat Aut\u00f2noma de Barcelona (Bellaterra).<\/p>\n<p dir=\"ltr\">Data: 3 de mar\u00e7 de 2018.<\/p>\n<p dir=\"ltr\">Duraci\u00f3: 1 hora<\/p>\n<p>&nbsp;<\/p>\n<table align=\"center\" border=\"3\" cellpadding=\"1\" cellspacing=\"1\" style=\"width:700px\">\n<tbody>\n<tr>\n<td class=\"rtecenter\"><strong>2017<\/strong><\/td>\n<\/tr>\n<\/tbody>\n<\/table>\n<p><strong>&nbsp;T\u00edtol: \u201cEl moviment a l\u2019escola\u201d.<\/strong><\/p>\n<p dir=\"ltr\">Ponents: Xavi Forcadell (el moviment des de l\u2019Educaci\u00f3 F\u00edsica), Josep Rota (el moviment des de la psicomotricitat), Teresa Godall (el moviment des de L\u00f3ckzy) i Lurdes Mart\u00ednez (el moviment des de la formaci\u00f3 dels mestres i psicomotricistes).<\/p>\n<p dir=\"ltr\">Tipus de pon\u00e8ncia: Taula Rodona.<\/p>\n<p dir=\"ltr\">Organitzador: Grup de Recerca en Educaci\u00f3 Psicomotriu (2017-SGR-137).<\/p>\n<p dir=\"ltr\">Jornada: VIII Jornades de Reflexi\u00f3 i Recerca: Psicomotricitat i Escola \u201cEl moviment\u201d.<\/p>\n<p dir=\"ltr\">Lloc: Facultat Ci\u00e8ncies de l\u2019Educaci\u00f3 de la Universitat Aut\u00f2noma de Barcelona (Bellaterra).<\/p>\n<p dir=\"ltr\">Data: 28 de febrer de 2016.<\/p>\n<p dir=\"ltr\">Duraci\u00f3: 1 hora i 45 minuts.<\/p>\n<p>&nbsp;<\/p>\n<table align=\"center\" border=\"3\" cellpadding=\"1\" cellspacing=\"1\" style=\"width:700px\">\n<tbody>\n<tr>\n<td class=\"rtecenter\"><strong>2014<\/strong><\/td>\n<\/tr>\n<\/tbody>\n<\/table>\n<p dir=\"ltr\"><strong>T\u00edtol: \u201cReconocimiento de la profesi\u00f3n\u201d.<\/strong><\/p>\n<p dir=\"ltr\">Ponent: Montserrat Anton.<\/p>\n<p dir=\"ltr\">Tipus de pon\u00e8ncia: Taula rodona.<\/p>\n<p dir=\"ltr\">Organitzador: Federaci\u00f3n de Asociaciones de Psicomotricistas del Estado Espa\u00f1ol (FAPee).<\/p>\n<p dir=\"ltr\">Congreso: V Congreso Estatal de Psicomotricidad \u201cEl Cuerpo de la Psicomotricidad\u201d.&nbsp;<\/p>\n<p dir=\"ltr\">Lloc: Universidad de la Laguna (Tenerife).<\/p>\n<p dir=\"ltr\">Data: 8 de novembre de 2014.<\/p>\n<p dir=\"ltr\">Duraci\u00f3: 60 minuts.<\/p>\n<p dir=\"ltr\">&nbsp;<\/p>\n<p dir=\"ltr\"><strong>&nbsp;<\/strong><\/p>\n<p dir=\"ltr\"><strong>T\u00edtol: \u201cLa psicomotricitat en el curr\u00edculum\u201d.<\/strong><\/p>\n<p dir=\"ltr\">Ponent: Josep Rota.<\/p>\n<p dir=\"ltr\">Tipus de pon\u00e8ncia: Confer\u00e8ncia.<\/p>\n<p dir=\"ltr\">Organitzador: Grup de Recerca en Educaci\u00f3 Psicomotriu (2014-SGR-1662).<\/p>\n<p dir=\"ltr\">Jornada: VII Jornades de Reflexi\u00f3 i Recerca: Psicomotricitat i Escola \u201cPsicomotricitat, Escola i Curr\u00edculum\u201d.<\/p>\n<p dir=\"ltr\">Lloc: Facultat Ci\u00e8ncies de l\u2019Educaci\u00f3 de la Universitat Aut\u00f2noma de Barcelona (Bellaterra).<\/p>\n<p dir=\"ltr\">Data: 8 de mar\u00e7 de 2014.<\/p>\n<p dir=\"ltr\">Duraci\u00f3: 1 hora.<\/p>\n<p dir=\"ltr\">&nbsp;<\/p>\n<table align=\"center\" border=\"3\" cellpadding=\"1\" cellspacing=\"1\" style=\"width:700px\">\n<tbody>\n<tr>\n<td class=\"rtecenter\"><strong>2013<\/strong><\/td>\n<\/tr>\n<\/tbody>\n<\/table>\n<p><strong>T\u00edtol: \u201cNo hay dos sin tres: r\u00fabricas para el pr\u00e1cticum\u201d.&nbsp;<\/strong><\/p>\n<p dir=\"ltr\">Ponent: Lurdes Mart\u00ednez.<\/p>\n<p dir=\"ltr\">Tipus de pon\u00e8ncia: Confer\u00e8ncia.<\/p>\n<p dir=\"ltr\">Organitzador: Red de Evaluaci\u00f3n Formativa y Compartida en Educaci\u00f3n Superior.<\/p>\n<p dir=\"ltr\">Congreso: VIII Congreso Internacional de Evaluaci\u00f3n Formativa en Docencia Universitaria.&nbsp;<\/p>\n<p dir=\"ltr\">Lloc: Universidad de Valladolid, Campus de Segovia (Segovia)<\/p>\n<p dir=\"ltr\">Data: 6 de septiembre&nbsp;del 2013.<\/p>\n<p dir=\"ltr\">Duraci\u00f3: 60 minuts.<\/p>\n<p dir=\"ltr\">&nbsp;<\/p>\n<p>&nbsp;<\/p>\n<table align=\"center\" border=\"3\" cellpadding=\"1\" cellspacing=\"1\" style=\"width:700px\">\n<tbody>\n<tr>\n<td class=\"rtecenter\"><strong>2006<\/strong><\/td>\n<\/tr>\n<\/tbody>\n<\/table>\n<p><strong>T\u00edtol: \u201cCerteses i interrogants sobre la psicomotricitat\u201d.<\/strong><\/p>\n<p dir=\"ltr\">Ponent: Josep Rota.<\/p>\n<p dir=\"ltr\">Tipus de pon\u00e8ncia: Confer\u00e8ncia.<\/p>\n<p dir=\"ltr\">Organitzador: Grup de Recerca en Desenvolupament Psicomotor de la UAB (1390).<\/p>\n<p dir=\"ltr\">Jornada: III Jornades de Reflexi\u00f3 i Recerca: Psicomotricitat i Escola \u201cEl cos\u201d<\/p>\n<p dir=\"ltr\">Lloc: Facultat Ci\u00e8ncies de l\u2019Educaci\u00f3 de la Universitat Aut\u00f2noma de Barcelona (Bellaterra).<\/p>\n<p dir=\"ltr\">Data: 27 de mar\u00e7 de 2006.<\/p>\n<p dir=\"ltr\">Duraci\u00f3: 1 hora.<\/p>\n<p>&nbsp;<\/p>\n<table align=\"center\" border=\"3\" cellpadding=\"1\" cellspacing=\"1\" style=\"width:700px\">\n<tbody>\n<tr>\n<td class=\"rtecenter\"><strong>2004<\/strong><\/td>\n<\/tr>\n<\/tbody>\n<\/table>\n<p><strong>T\u00edtol: \u201cInfants petits, reptes grans\u201d.<\/strong><\/p>\n<p dir=\"ltr\">Formadors: Montserrat Anton.<\/p>\n<p dir=\"ltr\">Tipus de pon\u00e8ncia: Confer\u00e8ncia.<\/p>\n<p dir=\"ltr\">Organitzador: Grup de Recerca en Psicomotricitat de la UAB.<\/p>\n<p dir=\"ltr\">Jornada: II Jornades de Reflexi\u00f3 i Recerca: Psicomotricitat i Escola.<\/p>\n<p dir=\"ltr\">Lloc: Facultat Ci\u00e8ncies de l\u2019Educaci\u00f3 de la Universitat Aut\u00f2noma de Barcelona (Bellaterra).<\/p>\n<p dir=\"ltr\">Data: 27 de mar\u00e7 de 2004.<\/p>\n<p dir=\"ltr\">Duraci\u00f3: 1 hora.<\/p>\n<p style=\"text-align:center\"><img loading=\"lazy\" decoding=\"async\" alt=\"\" height=\"382\" src=\"https:\/\/lh5.googleusercontent.com\/yhK0k9p5rPtS_E2xKVx9L-uCd5rdJOr1pnwkNnprBF5mRAo8nBURPsOVRHkcYEjLY-TWsHGrFUXB2YVkNMKLicwb7dWglrbG5twINfRSyhFJqV6WUdXA-oiQHE5-Iw\" width=\"573\" \/><\/p>\n","protected":false},"excerpt":{"rendered":"<p>&nbsp; El membres del GREP participen com a ponents en confer\u00e8ncies, taules rodones i converses relacionades amb l\u2019educaci\u00f3 psicomotriu a nivell estatal i auton\u00f2mic.&nbsp; Aquestes han estat algunes de les nostres participacions com a ponents: 2020 T\u00edtol: \u201cEspais d\u2019aprenentatge, el joc, la psicomotricitat i el paper de l\u2019adult a l\u2019Escola \u00cdtaca de Manresa\u201d Ponents: Eva [&hellip;]<\/p>\n","protected":false},"author":20,"featured_media":0,"parent":0,"menu_order":0,"comment_status":"closed","ping_status":"closed","template":"","meta":{"footnotes":""},"class_list":["post-272","page","type-page","status-publish","hentry"],"_links":{"self":[{"href":"https:\/\/webs.uab.cat\/grepuab\/wp-json\/wp\/v2\/pages\/272","targetHints":{"allow":["GET"]}}],"collection":[{"href":"https:\/\/webs.uab.cat\/grepuab\/wp-json\/wp\/v2\/pages"}],"about":[{"href":"https:\/\/webs.uab.cat\/grepuab\/wp-json\/wp\/v2\/types\/page"}],"author":[{"embeddable":true,"href":"https:\/\/webs.uab.cat\/grepuab\/wp-json\/wp\/v2\/users\/20"}],"replies":[{"embeddable":true,"href":"https:\/\/webs.uab.cat\/grepuab\/wp-json\/wp\/v2\/comments?post=272"}],"version-history":[{"count":0,"href":"https:\/\/webs.uab.cat\/grepuab\/wp-json\/wp\/v2\/pages\/272\/revisions"}],"wp:attachment":[{"href":"https:\/\/webs.uab.cat\/grepuab\/wp-json\/wp\/v2\/media?parent=272"}],"curies":[{"name":"wp","href":"https:\/\/api.w.org\/{rel}","templated":true}]}}