{"id":278,"date":"2017-04-06T00:18:43","date_gmt":"2017-04-05T22:18:43","guid":{"rendered":"https:\/\/webs.uab.cat\/grepuab\/noticies-del-grep\/"},"modified":"2024-10-12T15:29:05","modified_gmt":"2024-10-12T13:29:05","slug":"noticies-del-grep","status":"publish","type":"page","link":"https:\/\/webs.uab.cat\/grepuab\/noticies-del-grep\/","title":{"rendered":"Not\u00edcies del GREP"},"content":{"rendered":"<p style=\"text-align: center\">Les darreres not\u00edcies m\u00e9s actuals les trobareu a la p\u00e0gina inicial: <a href=\"https:\/\/webs.uab.cat\/grepuab\/\"><strong>https:\/\/webs.uab.cat\/grepuab\/<\/strong><\/a><\/p>\n<p style=\"text-align: center\">Esperem que us siguin del vostre inter\u00e8s i les trobeu f\u00e0cilment.<\/p>\n","protected":false},"excerpt":{"rendered":"<p>Les darreres not\u00edcies m\u00e9s actuals les trobareu a la p\u00e0gina inicial: https:\/\/webs.uab.cat\/grepuab\/ Esperem que us siguin del vostre inter\u00e8s i les trobeu f\u00e0cilment.<\/p>\n","protected":false},"author":20,"featured_media":0,"parent":0,"menu_order":0,"comment_status":"closed","ping_status":"closed","template":"","meta":{"footnotes":""},"class_list":["post-278","page","type-page","status-publish","hentry"],"_links":{"self":[{"href":"https:\/\/webs.uab.cat\/grepuab\/wp-json\/wp\/v2\/pages\/278","targetHints":{"allow":["GET"]}}],"collection":[{"href":"https:\/\/webs.uab.cat\/grepuab\/wp-json\/wp\/v2\/pages"}],"about":[{"href":"https:\/\/webs.uab.cat\/grepuab\/wp-json\/wp\/v2\/types\/page"}],"author":[{"embeddable":true,"href":"https:\/\/webs.uab.cat\/grepuab\/wp-json\/wp\/v2\/users\/20"}],"replies":[{"embeddable":true,"href":"https:\/\/webs.uab.cat\/grepuab\/wp-json\/wp\/v2\/comments?post=278"}],"version-history":[{"count":2,"href":"https:\/\/webs.uab.cat\/grepuab\/wp-json\/wp\/v2\/pages\/278\/revisions"}],"predecessor-version":[{"id":1740,"href":"https:\/\/webs.uab.cat\/grepuab\/wp-json\/wp\/v2\/pages\/278\/revisions\/1740"}],"wp:attachment":[{"href":"https:\/\/webs.uab.cat\/grepuab\/wp-json\/wp\/v2\/media?parent=278"}],"curies":[{"name":"wp","href":"https:\/\/api.w.org\/{rel}","templated":true}]}}