{"id":293,"date":"2017-04-06T00:48:00","date_gmt":"2017-04-05T22:48:00","guid":{"rendered":"https:\/\/webs.uab.cat\/grepuab\/postgrau-de-desenvolupament-psicomotor-de-0-8-anys\/"},"modified":"2026-01-26T10:26:43","modified_gmt":"2026-01-26T08:26:43","slug":"postgrau-de-desenvolupament-psicomotor-de-0-8-anys","status":"publish","type":"page","link":"https:\/\/webs.uab.cat\/grepuab\/postgrau-de-desenvolupament-psicomotor-de-0-8-anys\/","title":{"rendered":"Diploma d&#8217;Especialitzaci\u00f3 de Desenvolupament Psicomotor de 0 a 8 anys"},"content":{"rendered":"\n<p class=\"has-accent-background-color has-background\"><strong>Informa&#8217;t, mira el v\u00eddeo promocional i descarrega&#8217;t el cartell informatiu de la propera 24 edici\u00f3 del Diploma d\u2019Especialitzaci\u00f3 i inscriu-te pel curs 2026-27!!!<\/strong><\/p>\n\n\n\n<div data-wp-interactive=\"core\/file\" class=\"wp-block-file\"><object data-wp-bind--hidden=\"!state.hasPdfPreview\" hidden class=\"wp-block-file__embed\" data=\"https:\/\/webs.uab.cat\/grepuab\/wp-content\/uploads\/sites\/54\/2026\/01\/24-postgrau-psicomotricitat_UAB_Tritpic.pdf.pdf\" type=\"application\/pdf\" style=\"width:100%;height:600px\" aria-label=\"Incrustaci\u00f3 del fitxer 24-postgrau-psicomotricitat_UAB_Tritpic.pdf.\"><\/object><a id=\"wp-block-file--media-4266a05d-da8d-477e-baea-5296fd434b44\" href=\"https:\/\/webs.uab.cat\/grepuab\/wp-content\/uploads\/sites\/54\/2026\/01\/24-postgrau-psicomotricitat_UAB_Tritpic.pdf.pdf\">24-postgrau-psicomotricitat_UAB_Tritpic.pdf<\/a><a href=\"https:\/\/webs.uab.cat\/grepuab\/wp-content\/uploads\/sites\/54\/2026\/01\/24-postgrau-psicomotricitat_UAB_Tritpic.pdf.pdf\" class=\"wp-block-file__button wp-element-button\" download aria-describedby=\"wp-block-file--media-4266a05d-da8d-477e-baea-5296fd434b44\">Baixa<\/a><\/div>\n\n\n\n<h2 class=\"wp-block-heading\">Presentaci\u00f3 del Diploma d&#8217;Especialitzaci\u00f3 en Desenvolupament Psicomotor de 0 a 8 anys<\/h2>\n\n\n\n<p>Durant el curs 1998-1999 es realitza la I edici\u00f3 del Postgrau de Desenvolupament Psicomotor de 0 a 8 anys. Des de llavors, han estat 19 edicions les que hem realitzat amb \u00e8xit amb m\u00e9s de 415 psicomotricistes formats\/des.<\/p>\n\n\n\n<p>Aquest Diploma \u00e9s un t\u00edtol propi de la UAB de 35 cr\u00e8dits ETCS. El seu objectiu \u00e9s pret\u00e9n donar resposta a la necessitat dels i les professionals de l\u2019educaci\u00f3 per&nbsp; a d\u2019aprofundir en el camp de la psicomotricitat, ampliant tant els continguts com les compet\u00e8ncies adquirides durant la formaci\u00f3 inicial.&nbsp;<\/p>\n\n\n\n<p>La intervenci\u00f3 psicomotriu \u00e9s una eina que permet l\u2019abordatge educatiu i preventiu en tot all\u00f2 que fa refer\u00e8ncia a l\u2019atenci\u00f3 a la diversitat i a la cohesi\u00f3 social, especialment en els primers anys de vida les primeres edats de vida.<\/p>\n\n\n\n<p>L\u2019etapa de l\u2019educaci\u00f3 infantil i els primers cursos d\u2019educaci\u00f3 prim\u00e0ria \u00e9s on el infant es manifesta des de la seva globalitat, i on els\/les professionals que l\u2019acompanyen en el seu desenvolupament creixement han de tenir una actuaci\u00f3 basada en la mirada atenta, l\u2019observaci\u00f3, l\u2019escolta activa i l\u2019acci\u00f3. Tot plegat, en un marc que tendeix a promoure els fonaments d\u2019una imatge corporal s\u00f2lida.<\/p>\n\n\n\n<p>Des d\u2019una \u00f2ptica que contempla la construcci\u00f3 del coneixement, es parteix del bagatge dels i de les participants i es pret\u00e9n que els continguts del postgrau ampli\u00efn, integrin i donin un nou significat, obrint noves vies d\u2019aprofundiment i de recerca.<\/p>\n\n\n\n<p>Si vols saber m\u00e9s sobre el \u201cDiploma d&#8217;Especialitzaci\u00f3 en Desenvolupament Psicomotor de 0 a 8 anys\u201d et recomanem que puguis veure el v\u00eddeo promocional, on podr\u00e0s escoltar l\u2019opini\u00f3 del professorat i d\u2019ex-estudiants. Tamb\u00e9 podr\u00e0s veure els nostres espais i materials aix\u00ed com la nostra metodologia de treballar en els tres eixos de formaci\u00f3 del\/la psicomotricista: formaci\u00f3 te\u00f2rica, formaci\u00f3 pr\u00e0ctica i Treball Corporal de l\u2019adult.<\/p>\n\n\n\n<figure class=\"wp-block-image\"><a href=\"https:\/\/www.youtube.com\/embed\/vgsRY7IX4l4\"><img decoding=\"async\" src=\"https:\/\/lh4.googleusercontent.com\/SmzhZ3kZ2uOvK4rXzMd14ZlDOj5zKmjiar2hKgzFggRuth54N_ZVAAhv4c1sJ1zEi4Ra5qJNzbZyMT_rKBYKVq39abTvRdUMX028fXDLLqGqOgLsg7siKm7otW4OfI38SNxdsJKh\" alt=\"\" \/><\/a><\/figure>\n\n\n\n<p>&nbsp;<\/p>\n\n\n\n<h2 class=\"wp-block-heading\">Direcci\u00f3 i coordinaci\u00f3<\/h2>\n\n\n\n<p><strong>Direcci\u00f3: <\/strong>Lurdes Mart\u00ednez.<\/p>\n\n\n\n<p><strong>Coordinaci\u00f3: <\/strong>Carol Nieva.<\/p>\n\n\n\n<p><strong>Correu: <\/strong>Lurdes.Martinez@uab.cat   i   Carolina.Nieva@uab.cat  <\/p>\n\n\n\n<p><strong>&nbsp;<\/strong><\/p>\n\n\n\n<h2 class=\"wp-block-heading\">M\u00f2duls, seminaris i professorat<\/h2>\n\n\n\n<figure class=\"wp-block-image\"><img decoding=\"async\" src=\"https:\/\/lh5.googleusercontent.com\/5HiMXQH_UpFdVwNPxUZeg4OYEX4IOo8T4lYruDHb7Zg87G5cmBrudMrr7XUAloZ20QFcIIY2Z0OEJQ0pqePqmCSM49TnIkTQLYnkMlpxgQ_3R4MHqxBD8R9s8yRaeUztancFJPGG\" alt=\"\" \/><\/figure>\n\n\n\n<p>&nbsp;<\/p>\n\n\n\n<h2 class=\"wp-block-heading\">Horari i calendari<\/h2>\n\n\n\n<p>La formaci\u00f3 del\/la psicomotricista t\u00e9 tres pilars fonamentals:&nbsp;formaci\u00f3 te\u00f2rica,&nbsp;formaci\u00f3 pr\u00e0ctica&nbsp;i&nbsp;formaci\u00f3 personal&nbsp;(Treball Corporal del\/la psicomotricista).&nbsp;<\/p>\n\n\n\n<p>En base a aix\u00f2, el Diploma d&#8217;Especialitzaci\u00f3 s\u2019organitza de la seg\u00fcent manera:<\/p>\n\n\n\n<h3 class=\"wp-block-heading\"> <strong>Horari lectiu:<\/strong> <\/h3>\n\n\n\n<p>Dimarts&nbsp;de 18h a 21h&nbsp;on es realitzen seminaris te\u00f2rics-pr\u00e0ctics i tutories.<\/p>\n\n\n\n<p>Un cap de setmana al mes on es realitza el Treball Corporal de l\u2019adult al gimn\u00e0s de la facultat i seminaris pr\u00e0ctics sobre massatge infantil, dansa i joc. Divendres de 18h a 21h i dissabte de 9h a 13h.<\/p>\n\n\n\n<p><strong>&nbsp;<\/strong><\/p>\n\n\n\n<h3 class=\"wp-block-heading\"> <strong>Calendari:&nbsp;<\/strong> <\/h3>\n\n\n\n<p>Les classes s&#8217;iniciaran el 28 de setembre del 2026 i finalitzaran a principis de juny del 2027.<\/p>\n\n\n\n<p>L\u2019entrega de la Carpeta d\u2019aprenentatge ser\u00e0 pel 21 de setembre i defensar-la el 5 d\u2019octubre de 2026.<\/p>\n\n\n\n<p><\/p>\n\n\n\n<p><strong>&nbsp;<\/strong><\/p>\n\n\n\n<h3 class=\"wp-block-heading\"> <strong>Horari i calendari de pr\u00e0ctiques:<\/strong> <\/h3>\n\n\n\n<p>Es realitzar\u00e0n 8 sessions de psicomotricitat (1 per setmana) en escoles o centres d\u2019Educaci\u00f3 Psicomotriu a partir del segon trimestre. Les pr\u00e0ctiques complementen durant aquest per\u00edode l\u2019horari lectiu del Diploma d&#8217;Especialitzaci\u00f3.<\/p>\n\n\n\n<p>&nbsp;<\/p>\n\n\n\n<h2 class=\"wp-block-heading\">Pr\u00e0cticum<\/h2>\n\n\n\n<h3 class=\"wp-block-heading\"><strong>Presentaci\u00f3 del pr\u00e0cticum:<\/strong><\/h3>\n\n\n\n<p>Durant aquesta formaci\u00f3 l\u2019estudiant ha de disposar de disponibilitat per a realitzen&nbsp;8 sessions de psicomotricitat&nbsp;com a&nbsp;pr\u00e0ctica&nbsp;en escoles o centres d\u2019Educaci\u00f3 Psicomotriu (horari escolar o extra-escolar).<\/p>\n\n\n\n<p>Aquestes pr\u00e0ctiques es fan en centres que formen part de la nostra xarxa d\u2019escoles i garanteixen que el\/la professional que acompanya als\/les estudiants est\u00e0 format\/da en psicomotricitat.<\/p>\n\n\n\n<p>Tot i aix\u00ed, sempre estem oberts a incorporar nous centres a petici\u00f3 dels\/les estudiants sempre hi quan ens ho comuniquin al inici del Diploma d&#8217;Especialitzaci\u00f3 i aquest centre disposi d\u2019un\/a psicomotricista format\/da en psicomotricitat. Pr\u00e8viament a l\u2019acceptaci\u00f3 definitiva, la direcci\u00f3 i coordinaci\u00f3 contacta personalment amb el centre i el\/la psicomotricista per garantir la seva idone\u00eftat.&nbsp;<\/p>\n\n\n\n<p>La majoria dels centres que formen part de la nostra xarxa s\u00f3n en horari escolar ja que la formaci\u00f3 s\u2019adre\u00e7a a psicomotricistes en l\u2019\u00e0mbit educatiu, per\u00f2 tamb\u00e9 disposem d\u2019alguns centres en horari extra-escolar per a intentar donar resposta a aquells\/es estudiants que no poden realitzar-les en horari escolar per incompatibilitat hor\u00e0ria amb la seva feina.<\/p>\n\n\n\n<p>Si es desitja fer m\u00e9s pr\u00e0ctiques d\u2019ampliaci\u00f3 tamb\u00e9 \u00e9s possible, tant en el mateix centre o en altres per veure m\u00e9s diversitat.<\/p>\n\n\n\n<p><strong>&nbsp;<\/strong><\/p>\n\n\n\n<h2 class=\"wp-block-heading\">Psicomotricistes i centres de pr\u00e0ctiques col\u00b7laboradors:<\/h2>\n\n\n\n<p><\/p>\n\n\n\n<p><strong>CENTRES DE 0 A 3 ANYS:<\/strong><\/p>\n\n\n\n<ul class=\"wp-block-list\">\n<li>Cristina Agudo i L\u00eddia Morales&nbsp;del <a href=\"https:\/\/agora.xtec.cat\/ceip-joaquim-blume\/\">CEIF Joaquin Blume de Sabadell.<\/a><\/li>\n\n\n\n<li>Merc\u00e8 Xandri de <a href=\"http:\/\/www.xtec.cat\/ebcanserra\/\">l\u2019EBM Can Serra de Cardedeu.<\/a><\/li>\n\n\n\n<li>Andrea Castell\u00e0 de la <a href=\"http:\/\/www.valonsadero.net\/\">Llar d&#8217;infants Valonsadero<\/a> a Badalona.<\/li>\n\n\n\n<li>Gl\u00f2ria Amig\u00f3 de <a href=\"http:\/\/educaentorn.diba.cat\/detall\/876\/espai-de-crianca?seu=08904\">\u201cEspai de crian\u00e7a 0-3\u201d de l\u2019Ajuntament de Badia del Vall\u00e8s.<\/a><\/li>\n<\/ul>\n\n\n\n<p><strong>CENTRES DE 3 A 8 ANYS:<\/strong><\/p>\n\n\n\n<ul class=\"wp-block-list\">\n<li>Laura Moya de <a href=\"http:\/\/www.escagustibartra.cat\/\">l&#8217;escola Agust\u00ed Bartra de Terrassa.<\/a> <\/li>\n\n\n\n<li>Paco Cort\u00e9s de <a href=\"https:\/\/agora.xtec.cat\/ceippaucasals\/\">l\u2019Escola Pau Casals de Vacarisses.<\/a> <\/li>\n\n\n\n<li>M\u00f3nica Santos de <a href=\"https:\/\/agora.xtec.cat\/esc-virolet\/\">l&#8217;Institut-Escola Virolet de Sabadell.<\/a><\/li>\n\n\n\n<li>Pia Ivanco de <a href=\"https:\/\/agora.xtec.cat\/escolacanfabra\/\">l&#8217;Escola de Can Fabra a Barcelona.<\/a><\/li>\n\n\n\n<li>Llu\u00eds Nogu\u00e9 de <a href=\"http:\/\/www.vedrunagirona.org\/\">l\u2019Escola Vedruna de Girona.<\/a><\/li>\n\n\n\n<li>Francesc Porta de <a href=\"https:\/\/agora.xtec.cat\/esc-carlit\/\">l&#8217;escola Carlit de Barcelona.<\/a> <\/li>\n\n\n\n<li>Eva Bru de <a href=\"http:\/\/www.escolaitaca.cat\/\">l\u2019Escola \u00cdtaca de Manresa<\/a>.<\/li>\n\n\n\n<li>Iols Trapote de <a href=\"https:\/\/mataro.escolapia.cat\/\">l\u2019Escola Pia de Matar\u00f3.<\/a><\/li>\n\n\n\n<li>Lorena Mart\u00ednez de <a href=\"https:\/\/escolaturbula.com\/\">l&#8217;Escola Turbula a Sant Adri\u00e0 del Bes\u00f3s.<\/a> <\/li>\n\n\n\n<li>Susana Jim\u00e9nez de <a href=\"https:\/\/www.escolapissarria.cat\/\">l&#8217;Escola Pia i Calassan\u00e7 a Barcelona.<\/a> <\/li>\n\n\n\n<li>S\u00edlvia Garcia de <a href=\"https:\/\/agora.xtec.cat\/escolaelvapor\/\">l&#8217;Escola El Vapor a&nbsp;Terrassa.<\/a> <\/li>\n<\/ul>\n\n\n\n<p><strong>CENTRES EDUCATIUS EN HORARI EXTRA ESCOLAR:<\/strong><\/p>\n\n\n\n<ul class=\"wp-block-list\">\n<li>Dolors Rovira a <a href=\"https:\/\/kairospsicomotriu.com\/\">l&#8217;Anima&#8217;t i Juga amb ells<\/a> a l&#8217;escola Reixac de Montcada i Reixac.<\/li>\n\n\n\n<li>Silvia Miranelli de <a href=\"http:\/\/www.la-caseta.com\/\">La Caseta \u2013 Projecte Educatiu de Barcelona<\/a>.<\/li>\n\n\n\n<li>Roberta Castellan del <a href=\"https:\/\/xantala.es\/ca\/\" data-type=\"link\" data-id=\"https:\/\/xantala.es\/ca\/\">Centre Xantala de Barcelona<\/a>.<\/li>\n\n\n\n<li>Elisabeth Iglesias del <a href=\"https:\/\/www.somriupenedes.cat\/\" data-type=\"link\" data-id=\"https:\/\/www.somriupenedes.cat\/\">Centre Somriu a Vilafranca del Pened\u00e8s.&nbsp;<\/a><\/li>\n<\/ul>\n\n\n\n<p><\/p>\n\n\n\n<h2 class=\"wp-block-heading\">Preu:<\/h2>\n\n\n\n<p><strong>El preu<\/strong> d\u2019aquest Diploma d&#8217;Especialitzaci\u00f3 \u00e9s de <strong>2.178\u20ac <\/strong>(*). A aquest preu s&#8217;ha de contemplar 30,31 euros m\u00e9s de taxes d&#8217;inscripci\u00f3 (Si l&#8217;estudiant finalment decideix no matricular-se, sigui pels motius que siguin, no es retornaran les taxes).<\/p>\n\n\n\n<p>(*) <strong>2.069\u20ac<\/strong> per a ex-estudiants de la UAB que siguin \u201cUAB Alumni Premium\u201d ja que disposen d\u2019un 10% de descompte en el preu de la matr\u00edcula.<\/p>\n\n\n\n<p>Per a m\u00e9s informaci\u00f3 sobre com ser \u201cUAB Alumni Premium\u201d, <a href=\"https:\/\/www.uab.cat\/alumni\/\">consultar la seva web fent click aqu\u00ed.<\/a><\/p>\n\n\n\n<p><\/p>\n\n\n\n<h2 class=\"wp-block-heading\">Places disponibles:<\/h2>\n\n\n\n<p>S&#8217;ofereixen un m\u00e0xim de 30&nbsp;places.<\/p>\n\n\n\n<p><\/p>\n\n\n\n<p>Perfils dels estudiants:<\/p>\n\n\n\n<h2 class=\"wp-block-heading\">Perfils dels estudiants:<\/h2>\n\n\n\n<p>Persones amb titulaci\u00f3 universit\u00e0ria de diplomatura, llicenciatura o grau en: educaci\u00f3 infantil i prim\u00e0ria, pedagogia, psicologia, psicopedagogia, educaci\u00f3 social, fisioter\u00e0pia o altra titulaci\u00f3 universit\u00e0ria vinculada amb la primera inf\u00e0ncia.<\/p>\n\n\n\n<p>Tamb\u00e9, personal T\u00e8cnic en Educaci\u00f3 Infantil (TEI) o T\u00e8cnic Superior Esportiu (TSE) amb una experi\u00e8ncia m\u00ednima de dos anys en centres educatius, tant en educaci\u00f3 formal com no formal.<\/p>\n\n\n\n<p><\/p>\n\n\n\n<h2 class=\"wp-block-heading\">Sol\u00b7licitud d\u2019admissi\u00f3, inscripci\u00f3 i matr\u00edcula<\/h2>\n\n\n\n<p><strong>Sol\u00b7licitud d\u2019admissi\u00f3:&nbsp;<\/strong><\/p>\n\n\n\n<p><span style=\"text-decoration: underline\">Sol\u00b7licitud d\u2019admissi\u00f3:<\/span><\/p>\n\n\n\n<p>Calendari d\u2019inscripci\u00f3: del 22 de febrer al 13 de setembre de 2026.<\/p>\n\n\n\n<p>\u00b7 Procediment: cal enviar per correu electr\u00f2nic a carolina.nieva@uab.cat o lurdes.martinez@uab.cat<\/p>\n\n\n\n<p><strong><span style=\"text-decoration: underline\">DOCUMENTACI\u00d3 A ENVIAR<\/span><\/strong><\/p>\n\n\n\n<p>&#8211; T\u00edtol Universitari<\/p>\n\n\n\n<p>&#8211; Curr\u00edculum Vitae (amb foto)<\/p>\n\n\n\n<p>&#8211; DNI (dues cares i sense caducar) o passaport<\/p>\n\n\n\n<p>&#8211; Un text\/carta explicant els motius pels quals es vol cursar el postgrau.<\/p>\n\n\n\n<p><strong>En el cas de que tinguis el certificat de T\u00e8cnic en Educaci\u00f3 Infantil (TEI) o T\u00e8cnic Superior Esportiu (TSE) i tinguis una experi\u00e8ncia m\u00ednima de 2 anys a un centre educatiu, has d\u2019adjuntar:<\/strong><\/p>\n\n\n\n<ul class=\"wp-block-list\">\n<li>Curr\u00edculum Vitae (amb foto)<\/li>\n<\/ul>\n\n\n\n<ul class=\"wp-block-list\">\n<li>Certificat del t\u00edtol de cicle formatiu superior<\/li>\n<\/ul>\n\n\n\n<ul class=\"wp-block-list\">\n<li>Contracte laboral o vida laboral on es demostri que ha treballat en un centre amb infants.<\/li>\n<\/ul>\n\n\n\n<ul class=\"wp-block-list\">\n<li>DNI (dues cares i sense caducar) o passaport<\/li>\n<\/ul>\n\n\n\n<ul class=\"wp-block-list\">\n<li>Un text\/carta explicant els motius pels quals es vol cursar el Postgrau.<\/li>\n<\/ul>\n\n\n\n<p><\/p>\n\n\n\n<p>La inscripci\u00f3 t\u00e9 un cost de 30,32 \u20ac (aproximadament) de taxes d\u2019inscripci\u00f3 que no inclou la matr\u00edcula i en el cas que l\u2019estudiant finalment decideixi no matricular-se (sigui pels motius que sigui) no es poden retornar.<\/p>\n\n\n\n<p>Una vegada realitzada la inscripci\u00f3 (adjuntar documents i fer el pagament de les taxes), la coordinaci\u00f3 del postgrau i l\u2019Escola de Postgrau de la UAB comprovaran que tot sigui correcte. Si \u00e9s aix\u00ed, l\u2019Escola de Postgrau es posa en contacte amb els\/les interessats\/des via correu electr\u00f2nic amb les indicacions per a fer el pagament de la matr\u00edcula (que nom\u00e9s pot ser en un \u00fanic pagament).<\/p>\n\n\n\n<p><\/p>\n\n\n\n<h2 class=\"wp-block-heading\">Inscripci\u00f3 i matr\u00edcula:&nbsp;<\/h2>\n\n\n\n<p>Pr\u00e8viament a fer aquest procediment d\u2019inscripci\u00f3 i matr\u00edcula, s\u2019ha d\u2019enviar un e-mail a la coordinadora Carolina Nieva Boza (carolina.nieva@uab.cat).<\/p>\n\n\n\n<ul class=\"wp-block-list\">\n<li> Procediment: aquests dos processos es fan mitjan\u00e7ant l<a href=\"https:\/\/www.uab.cat\/web\/estudiar\/escola-de-postgrau\/l-escola-de-postgrau-1345673332629.html\">\u2019Escola de Postgrau de la UAB<\/a> i es poden realitzar presencialment o telem\u00e0ticament. Per a aquests tr\u00e0mits es requereix en format digital del DNI (ambdues cares i en vigor) i de la titulaci\u00f3 acad\u00e8mica d\u2019acc\u00e9s (universit\u00e0ria). <\/li>\n<\/ul>\n\n\n\n<p>La inscripci\u00f3 t\u00e9 un cost de 30,31\u20ac (aproximadament) de taxes d\u2019inscripci\u00f3 que no inclou la matr\u00edcula i en el cas que l\u2019estudiant finalment decideixi no matricular-se (sigui pels motius que sigui) no es poden retornar.<\/p>\n\n\n\n<p>Una vegada realitzada la inscripci\u00f3 (adjuntar documents i fer el pagament de les taxes), la coordinaci\u00f3 del postgrau i l\u2019Escola de Postgrau de la UAB comprovaran que tot sigui correcte. Si \u00e9s aix\u00ed,&nbsp;&nbsp;l\u2019Escola de Postgrau es posa en contacte amb els\/les interessats\/des via correu electr\u00f2nic amb les indicacions per a fer el pagament de la&nbsp;matr\u00edcula&nbsp;(que nom\u00e9s pot ser en un \u00fanic pagament).<\/p>\n\n\n\n<p><\/p>\n\n\n\n<h2 class=\"wp-block-heading\"><\/h2>\n","protected":false},"excerpt":{"rendered":"<p>Informa&#8217;t, mira el v\u00eddeo promocional i descarrega&#8217;t el cartell informatiu de la propera 24 edici\u00f3 del Diploma d\u2019Especialitzaci\u00f3 i inscriu-te pel curs 2026-27!!! Presentaci\u00f3 del Diploma d&#8217;Especialitzaci\u00f3 en Desenvolupament Psicomotor de 0 a 8 anys Durant el curs 1998-1999 es realitza la I edici\u00f3 del Postgrau de Desenvolupament Psicomotor de 0 a 8 anys. Des [&hellip;]<\/p>\n","protected":false},"author":20,"featured_media":0,"parent":0,"menu_order":0,"comment_status":"closed","ping_status":"closed","template":"","meta":{"footnotes":""},"class_list":["post-293","page","type-page","status-publish","hentry"],"_links":{"self":[{"href":"https:\/\/webs.uab.cat\/grepuab\/wp-json\/wp\/v2\/pages\/293","targetHints":{"allow":["GET"]}}],"collection":[{"href":"https:\/\/webs.uab.cat\/grepuab\/wp-json\/wp\/v2\/pages"}],"about":[{"href":"https:\/\/webs.uab.cat\/grepuab\/wp-json\/wp\/v2\/types\/page"}],"author":[{"embeddable":true,"href":"https:\/\/webs.uab.cat\/grepuab\/wp-json\/wp\/v2\/users\/20"}],"replies":[{"embeddable":true,"href":"https:\/\/webs.uab.cat\/grepuab\/wp-json\/wp\/v2\/comments?post=293"}],"version-history":[{"count":39,"href":"https:\/\/webs.uab.cat\/grepuab\/wp-json\/wp\/v2\/pages\/293\/revisions"}],"predecessor-version":[{"id":2171,"href":"https:\/\/webs.uab.cat\/grepuab\/wp-json\/wp\/v2\/pages\/293\/revisions\/2171"}],"wp:attachment":[{"href":"https:\/\/webs.uab.cat\/grepuab\/wp-json\/wp\/v2\/media?parent=293"}],"curies":[{"name":"wp","href":"https:\/\/api.w.org\/{rel}","templated":true}]}}