{"id":302,"date":"2017-04-23T12:07:18","date_gmt":"2017-04-23T10:07:18","guid":{"rendered":"https:\/\/webs.uab.cat\/grepuab\/projectes-0\/"},"modified":"2017-04-23T12:07:18","modified_gmt":"2017-04-23T10:07:18","slug":"projectes-0","status":"publish","type":"page","link":"https:\/\/webs.uab.cat\/grepuab\/projectes-0\/","title":{"rendered":"Projectes"},"content":{"rendered":"<p>Mart\u00ednez, L. i Moya, L. (2017): <span style=\"font-family:arial,helvetica,sans-serif\">Projecte d&#8217;Aprenentatge Tutorat (PAT): &#8220;Bones pr\u00e0ctiques&#8221; en el grup 61 i 62 del Grau d&#8217;Educaci\u00f3 Infantil de la UAB.<\/span><\/p>\n<p>Mart\u00ednez, L. i Moya, L. (2016): <span style=\"font-family:arial,helvetica,sans-serif\">Projecte d&#8217;Aprenentatge Tutorat (PAT): &#8220;Bones pr\u00e0ctiques&#8221; en el grup 61 i 62 del Grau d&#8217;Educaci\u00f3 Infantil de la UAB.<\/span><\/p>\n<p>Mart\u00ednez, L. i P\u00e9rez, M. (2015): <span style=\"font-family:arial,helvetica,sans-serif\">Projecte d&#8217;Aprenentatge Tutorat (PAT): &#8220;Bones pr\u00e0ctiques&#8221; en el grup 61 i 62 del Grau d&#8217;Educaci\u00f3 Infantil de la UAB.<\/span><\/p>\n","protected":false},"excerpt":{"rendered":"<p>Mart\u00ednez, L. i Moya, L. (2017): Projecte d&#8217;Aprenentatge Tutorat (PAT): &#8220;Bones pr\u00e0ctiques&#8221; en el grup 61 i 62 del Grau d&#8217;Educaci\u00f3 Infantil de la UAB. Mart\u00ednez, L. i Moya, L. (2016): Projecte d&#8217;Aprenentatge Tutorat (PAT): &#8220;Bones pr\u00e0ctiques&#8221; en el grup 61 i 62 del Grau d&#8217;Educaci\u00f3 Infantil de la UAB. Mart\u00ednez, L. i P\u00e9rez, M. [&hellip;]<\/p>\n","protected":false},"author":20,"featured_media":0,"parent":0,"menu_order":0,"comment_status":"closed","ping_status":"closed","template":"","meta":{"footnotes":""},"class_list":["post-302","page","type-page","status-publish","hentry"],"_links":{"self":[{"href":"https:\/\/webs.uab.cat\/grepuab\/wp-json\/wp\/v2\/pages\/302","targetHints":{"allow":["GET"]}}],"collection":[{"href":"https:\/\/webs.uab.cat\/grepuab\/wp-json\/wp\/v2\/pages"}],"about":[{"href":"https:\/\/webs.uab.cat\/grepuab\/wp-json\/wp\/v2\/types\/page"}],"author":[{"embeddable":true,"href":"https:\/\/webs.uab.cat\/grepuab\/wp-json\/wp\/v2\/users\/20"}],"replies":[{"embeddable":true,"href":"https:\/\/webs.uab.cat\/grepuab\/wp-json\/wp\/v2\/comments?post=302"}],"version-history":[{"count":0,"href":"https:\/\/webs.uab.cat\/grepuab\/wp-json\/wp\/v2\/pages\/302\/revisions"}],"wp:attachment":[{"href":"https:\/\/webs.uab.cat\/grepuab\/wp-json\/wp\/v2\/media?parent=302"}],"curies":[{"name":"wp","href":"https:\/\/api.w.org\/{rel}","templated":true}]}}