{"id":305,"date":"2017-04-23T12:09:12","date_gmt":"2017-04-23T10:09:12","guid":{"rendered":"https:\/\/webs.uab.cat\/grepuab\/assessoraments-0\/"},"modified":"2017-04-23T12:09:12","modified_gmt":"2017-04-23T10:09:12","slug":"assessoraments-0","status":"publish","type":"page","link":"https:\/\/webs.uab.cat\/grepuab\/assessoraments-0\/","title":{"rendered":"Assessoraments"},"content":{"rendered":"<p>&nbsp;<\/p>\n<table align=\"center\" border=\"3\" cellpadding=\"1\" cellspacing=\"1\" style=\"width:700px\">\n<tbody>\n<tr>\n<td class=\"rtecenter\"><strong>2017<\/strong><\/td>\n<\/tr>\n<\/tbody>\n<\/table>\n<p><strong>Ant\u00f3n, M.<\/strong> (Inici al 2017):<strong> <\/strong>Assessorament a Escoles Bressol Municipals de Cornell\u00e0 i L&#8217;Hospitalet de Llobregat per enc\u00e0rrec de la Diputaci\u00f3 de Barcelona.<\/p>\n<p><strong>Moya, L.<\/strong> (2017): Assessorament \u201cPsicomotricitat 0-3 anys\u201d. CFA Andreu Castells de Sabadell.<\/p>\n<p><strong>P\u00e9rez, M.<\/strong> (2017): Assessorament \u201cPsicomotricitat 0-3 anys\u201d. Escoles Bressol de la Fundaci\u00f3 Pere Tarr\u00e8s<span style=\"background-color:transparent; color:rgb(0, 0, 0)\">.<\/span><\/p>\n<p>&nbsp;<\/p>\n<p>&nbsp;<\/p>\n<table align=\"center\" border=\"3\" cellpadding=\"1\" cellspacing=\"1\" style=\"width:700px\">\n<tbody>\n<tr>\n<td class=\"rtecenter\"><strong>2016<\/strong><\/td>\n<\/tr>\n<\/tbody>\n<\/table>\n<p><strong>Ant\u00f3n, M.<\/strong> (inici al 2016): Assessorament a l&#8217;Institut Municipal d&#8217;Educaci\u00f3 de Barcelona en el projecte &#8220;Impulsem la petita Inf\u00e0ncia&#8221;.<\/p>\n<p><strong>Ant\u00f3n, M. <\/strong>(2016-2017): Assessorament a Escoles d&#8217;educaci\u00f3 Infantil i Prim\u00e0ria: escola Carlit Barcelona i a l&#8217;escola Mestral Sant Feliu de Llobregat.<\/p>\n<p><strong>P\u00e9rez, M<\/strong>. (2017): Assessorament \u201cPsicomotricitat 0-3 anys\u201d. Escoles Bressol de la Fundaci\u00f3 Pere Tarr\u00e8s.<br \/>\n&nbsp;<\/p>\n<p>&nbsp;<\/p>\n<table align=\"center\" border=\"3\" cellpadding=\"1\" cellspacing=\"1\" style=\"width:700px\">\n<tbody>\n<tr>\n<td class=\"rtecenter\"><strong>2014<\/strong><\/td>\n<\/tr>\n<\/tbody>\n<\/table>\n<p><strong>Ant\u00f3n, M. <\/strong>(2014):<strong> <\/strong> Conferencia inaugural del curs a l&#8217;Ajuntament de Collbat\u00f3: &#8220;La formaci\u00f3 dels professionals de l&#8217;Educaci\u00f3, d&#8217;on venim? On som? Cap on anem?&#8221;<\/p>\n<p><strong>P\u00e9rez, M.<\/strong> (2014): Assessorament \u201cPsicomotricitat i vida quotidiana 0-3 anys\u201d. Escoles Municipals de Barbera del Vall\u00e8s.<\/p>\n<p>&nbsp;<\/p>\n<p>&nbsp;<\/p>\n","protected":false},"excerpt":{"rendered":"<p>&nbsp; 2017 Ant\u00f3n, M. (Inici al 2017): Assessorament a Escoles Bressol Municipals de Cornell\u00e0 i L&#8217;Hospitalet de Llobregat per enc\u00e0rrec de la Diputaci\u00f3 de Barcelona. Moya, L. (2017): Assessorament \u201cPsicomotricitat 0-3 anys\u201d. CFA Andreu Castells de Sabadell. P\u00e9rez, M. (2017): Assessorament \u201cPsicomotricitat 0-3 anys\u201d. Escoles Bressol de la Fundaci\u00f3 Pere Tarr\u00e8s. &nbsp; &nbsp; 2016 Ant\u00f3n, [&hellip;]<\/p>\n","protected":false},"author":20,"featured_media":0,"parent":0,"menu_order":0,"comment_status":"closed","ping_status":"closed","template":"","meta":{"footnotes":""},"class_list":["post-305","page","type-page","status-publish","hentry"],"_links":{"self":[{"href":"https:\/\/webs.uab.cat\/grepuab\/wp-json\/wp\/v2\/pages\/305","targetHints":{"allow":["GET"]}}],"collection":[{"href":"https:\/\/webs.uab.cat\/grepuab\/wp-json\/wp\/v2\/pages"}],"about":[{"href":"https:\/\/webs.uab.cat\/grepuab\/wp-json\/wp\/v2\/types\/page"}],"author":[{"embeddable":true,"href":"https:\/\/webs.uab.cat\/grepuab\/wp-json\/wp\/v2\/users\/20"}],"replies":[{"embeddable":true,"href":"https:\/\/webs.uab.cat\/grepuab\/wp-json\/wp\/v2\/comments?post=305"}],"version-history":[{"count":0,"href":"https:\/\/webs.uab.cat\/grepuab\/wp-json\/wp\/v2\/pages\/305\/revisions"}],"wp:attachment":[{"href":"https:\/\/webs.uab.cat\/grepuab\/wp-json\/wp\/v2\/media?parent=305"}],"curies":[{"name":"wp","href":"https:\/\/api.w.org\/{rel}","templated":true}]}}