{"id":308,"date":"2017-06-12T19:51:12","date_gmt":"2017-06-12T17:51:12","guid":{"rendered":"https:\/\/webs.uab.cat\/grepuab\/escoles-i-centres-collaboradors\/"},"modified":"2023-10-05T14:01:16","modified_gmt":"2023-10-05T12:01:16","slug":"escoles-i-centres-collaboradors","status":"publish","type":"page","link":"https:\/\/webs.uab.cat\/grepuab\/escoles-i-centres-collaboradors\/","title":{"rendered":"Escoles i centres col\u00b7laboradors"},"content":{"rendered":"\n<p>Un dels nostres trets d\u2019identitat com a grup de recerca \u00e9s la col\u00b7laboraci\u00f3 directa amb escoles i centres d\u2019Educaci\u00f3 Psicomotriu. Tots aquests disposen de psicomotricistes formats\/des que ens obren les portes de la seva sala de psicomotricitat.<\/p>\n\n\n\n<p>Conjuntament amb els\/les psicomotricistes i els seus centres col\u00b7laborem tant en l\u2019\u00e0mbit de la recerca com en el de la formaci\u00f3, acollint en pr\u00e0ctiques a futurs\/es mestres d\u2019educaci\u00f3 infantil i psicomotricistes.<\/p>\n\n\n\n<h2 class=\"wp-block-heading\">Llistat d\u2019escoles i centres col\u00b7laboradors:<\/h2>\n\n\n\n<p><\/p>\n\n\n\n<ul class=\"wp-block-list\">\n<li><a href=\"https:\/\/www.escagustibartra.cat\/\">Escola Agust\u00ed Bartra a Terrassa.<\/a><\/li>\n\n\n\n<li><a href=\"https:\/\/agora.xtec.cat\/ceippaucasals\/\">Escola Pau Casals de Vacarisses.<\/a><\/li>\n\n\n\n<li><a href=\"http:\/\/www.escolaitaca.cat\/\">Escola \u00cdtaca de Manresa<\/a>.<\/li>\n\n\n\n<li><a href=\"http:\/\/www.escolamestrepla.com\/\">Escola Mestre Pla de Castellar del Vall\u00e8s.&nbsp;<\/a><\/li>\n\n\n\n<li><a href=\"http:\/\/www.xtec.cat\/ebcanserra\/\">EBM Can Serra de Cardedeu.<\/a><\/li>\n\n\n\n<li><a href=\"https:\/\/agora.xtec.cat\/ceip-nostra-llar\/\">Escola Nostra Llar de Sabadell.<\/a><\/li>\n\n\n\n<li><a href=\"https:\/\/agora.xtec.cat\/ceip-joaquim-blume\/\">CEIF Joaquin Blume de Sabadell.<\/a><\/li>\n\n\n\n<li><a href=\"https:\/\/agora.xtec.cat\/esc-carlit\/\">Escola Carlit de Barcelona.<\/a> <\/li>\n\n\n\n<li><a href=\"https:\/\/mataro.escolapia.cat\/\">Escola Pia de Matar\u00f3.<\/a><\/li>\n\n\n\n<li><a href=\"https:\/\/agora.xtec.cat\/esc-virolet\/\">Institut-Escola Virolet de Sabadell.<\/a><\/li>\n\n\n\n<li><a href=\"https:\/\/escolaturbula.com\/\">Escola T\u00farbula a Sant Adri\u00e0 del Bes\u00f3s.<\/a> <\/li>\n\n\n\n<li><a href=\"https:\/\/www.escolapissarria.cat\/\">Escola Pia i Calassan\u00e7 a Barcelona.<\/a><\/li>\n\n\n\n<li><a href=\"https:\/\/ebmcordelles.progess.com\/\">Escola Bressol Municipal Cordelles a Cerdanyola del Vall\u00e9s.<\/a><\/li>\n\n\n\n<li><a href=\"http:\/\/educaentorn.diba.cat\/detall\/876\/espai-de-crianca?seu=08904\">\u201cEspai de crian\u00e7a 0-3\u201d de l\u2019Ajuntament de Badia del Vall\u00e8s.<\/a> <\/li>\n\n\n\n<li><a href=\"https:\/\/agora.xtec.cat\/escolaponent-tarragona\/\">Escola Ponent a Tarragona.<\/a> <\/li>\n\n\n\n<li><a href=\"https:\/\/educaciolliure.org\/projecte\/la-tribu-del-gaia\/\">Espai&nbsp;d&#8217;Educaci\u00f3 Viva La Torre del Gai\u00e0 a Torredembarra.<\/a> <\/li>\n\n\n\n<li><a href=\"https:\/\/agora.xtec.cat\/ceip-miquelmartipol-viladecans\/\">Escola Miquel Mart\u00ed i Pol a Viladecans.<\/a> <\/li>\n\n\n\n<li><a href=\"https:\/\/agora.xtec.cat\/escolaelvapor\/\">Escola El Vapor a&nbsp;Terrassa.<\/a> <\/li>\n\n\n\n<li><a href=\"https:\/\/behappyemocions.com\">Escoleta Be Happy a Sant sadurn\u00ed d&#8217;Anoia<\/a><\/li>\n\n\n\n<li><a href=\"https:\/\/www.lenoarmi.com\/\">Centre Lenoarmi&nbsp;de Barcelona<\/a><\/li>\n\n\n\n<li><a href=\"http:\/\/www.la-caseta.com\/\">La Caseta \u2013 Projecte Educatiu de Barcelona<\/a><\/li>\n<\/ul>\n\n\n\n<ul class=\"wp-block-list\">\n<li><a href=\"https:\/\/agora.xtec.cat\/ceiptiana\/\">Escola Tiana de la Riba de Ripollet.<\/a> <\/li>\n\n\n\n<li><a href=\"http:\/\/www.l-h.cat\/educacio\/261733_1.aspx\">Llar d\u2019Infants El Passeig d\u2019Hospitalet de Llobregat.<\/a> <\/li>\n\n\n\n<li><a href=\"https:\/\/blocs.xtec.cat\/eblespurna\/\">EBM L&#8217;Espurna de Sant Sadurn\u00ed d&#8217;Anoia.<\/a> <\/li>\n\n\n\n<li><a href=\"https:\/\/agora.xtec.cat\/escolacanfabra\/\">Escola de Can Fabra a Barcelona.<\/a> <\/li>\n\n\n\n<li><a href=\"http:\/\/www.vedrunagirona.org\/\">Escola Vedruna de Girona.<\/a> <\/li>\n\n\n\n<li><a href=\"https:\/\/www.escoladepolinya.com\/\">Escola Poliny\u00e0 a Poliny\u00e0.<\/a> <\/li>\n\n\n\n<li><a href=\"https:\/\/www.singuerlin.cat\/\">Col\u00b7legi Singuerl\u00edn a Santa Coloma de Gramenet.<\/a><\/li>\n\n\n\n<li><a href=\"http:\/\/www.valonsadero.net\/\">Llar d&#8217;infants Valonsadero a Badalona. <\/a><\/li>\n<\/ul>\n\n\n\n<p>El GREP sempre est\u00e0 obert a incorporar noves escoles i centres d\u2019Educaci\u00f3 Psicomotriu a la seva xarxa de centres col\u00b7laboradors. Si est\u00e0s interessat\/da en formar-ne part escriu-nos un correu electr\u00f2nic a: <a href=\"mailto:gr.educacio.psicomotriu@uab.cat\">gr.educacio.psicomotriu@uab.cat<\/a><\/p>\n","protected":false},"excerpt":{"rendered":"<p>Un dels nostres trets d\u2019identitat com a grup de recerca \u00e9s la col\u00b7laboraci\u00f3 directa amb escoles i centres d\u2019Educaci\u00f3 Psicomotriu. Tots aquests disposen de psicomotricistes formats\/des que ens obren les portes de la seva sala de psicomotricitat. Conjuntament amb els\/les psicomotricistes i els seus centres col\u00b7laborem tant en l\u2019\u00e0mbit de la recerca com en el [&hellip;]<\/p>\n","protected":false},"author":20,"featured_media":0,"parent":0,"menu_order":0,"comment_status":"closed","ping_status":"closed","template":"","meta":{"footnotes":""},"class_list":["post-308","page","type-page","status-publish","hentry"],"_links":{"self":[{"href":"https:\/\/webs.uab.cat\/grepuab\/wp-json\/wp\/v2\/pages\/308","targetHints":{"allow":["GET"]}}],"collection":[{"href":"https:\/\/webs.uab.cat\/grepuab\/wp-json\/wp\/v2\/pages"}],"about":[{"href":"https:\/\/webs.uab.cat\/grepuab\/wp-json\/wp\/v2\/types\/page"}],"author":[{"embeddable":true,"href":"https:\/\/webs.uab.cat\/grepuab\/wp-json\/wp\/v2\/users\/20"}],"replies":[{"embeddable":true,"href":"https:\/\/webs.uab.cat\/grepuab\/wp-json\/wp\/v2\/comments?post=308"}],"version-history":[{"count":4,"href":"https:\/\/webs.uab.cat\/grepuab\/wp-json\/wp\/v2\/pages\/308\/revisions"}],"predecessor-version":[{"id":1392,"href":"https:\/\/webs.uab.cat\/grepuab\/wp-json\/wp\/v2\/pages\/308\/revisions\/1392"}],"wp:attachment":[{"href":"https:\/\/webs.uab.cat\/grepuab\/wp-json\/wp\/v2\/media?parent=308"}],"curies":[{"name":"wp","href":"https:\/\/api.w.org\/{rel}","templated":true}]}}