{"id":326,"date":"2019-04-08T20:45:50","date_gmt":"2019-04-08T18:45:50","guid":{"rendered":"https:\/\/webs.uab.cat\/grepuab\/doctorat\/"},"modified":"2019-04-08T20:45:50","modified_gmt":"2019-04-08T18:45:50","slug":"doctorat","status":"publish","type":"page","link":"https:\/\/webs.uab.cat\/grepuab\/doctorat\/","title":{"rendered":"Doctorat"},"content":{"rendered":"<p>El professorat doctor del Departament de Did\u00e0ctica de l\u2019Expressi\u00f3 Musical, Pl\u00e0stica i Corporal de la Universitat aut\u00f2noma de Barcelona (UAB) que forma part del GREP UAB, dirigeix i\/o tutoritza Tesis Doctorals relacionades amb la Psicomotricitat.<\/p>\n<p>La l\u00ednia de Recerca en la qual s\u2019emmarquen aquestes Tesis Doctorals \u00e9s \u201ceducaci\u00f3 musical, pl\u00e0stica i corporal\u201d de l\u2019\u00c0mbit de Did\u00e0ctica Musical, Pl\u00e0stica i Corporal, que forma part del Doctorat en Educaci\u00f3 de la UAB.<\/p>\n<p>Algunes de les l\u00ednies de recerca que desenvolupem en les Tesis Doctorals que dirigim i\/o tutoritzem s\u00f3n:<\/p>\n<p>&#8211; Desenvolupament psicomotor.<\/p>\n<p>&#8211; Educaci\u00f3 psicomotriu en els centres educatius.<\/p>\n<p>&#8211; Avaluaci\u00f3 de compet\u00e8ncies, formaci\u00f3 i desenvolupament professional del psicomotricista.<\/p>\n<p>&#8211; Avaluaci\u00f3 de compet\u00e8ncies, formaci\u00f3 i desenvolupament professional de mestres en l\u2019\u00e0mbit de la Psicomotricitat.<\/p>\n<p>&#8211; Corpore\u00eftat.<\/p>\n<p>&nbsp;<\/p>\n<p>De les tesis doctorals dirigides pels membres del GREP, actualment s\u2019han llegit dues i es troben en curs 4 m\u00e9s. Totes elles pretenen donar rigor cient\u00edfic a aquesta disciplina i puguin contribuir al seu reconeixement com a professi\u00f3.<\/p>\n","protected":false},"excerpt":{"rendered":"<p>El professorat doctor del Departament de Did\u00e0ctica de l\u2019Expressi\u00f3 Musical, Pl\u00e0stica i Corporal de la Universitat aut\u00f2noma de Barcelona (UAB) que forma part del GREP UAB, dirigeix i\/o tutoritza Tesis Doctorals relacionades amb la Psicomotricitat. La l\u00ednia de Recerca en la qual s\u2019emmarquen aquestes Tesis Doctorals \u00e9s \u201ceducaci\u00f3 musical, pl\u00e0stica i corporal\u201d de l\u2019\u00c0mbit de [&hellip;]<\/p>\n","protected":false},"author":20,"featured_media":0,"parent":0,"menu_order":0,"comment_status":"closed","ping_status":"closed","template":"","meta":{"footnotes":""},"class_list":["post-326","page","type-page","status-publish","hentry"],"_links":{"self":[{"href":"https:\/\/webs.uab.cat\/grepuab\/wp-json\/wp\/v2\/pages\/326","targetHints":{"allow":["GET"]}}],"collection":[{"href":"https:\/\/webs.uab.cat\/grepuab\/wp-json\/wp\/v2\/pages"}],"about":[{"href":"https:\/\/webs.uab.cat\/grepuab\/wp-json\/wp\/v2\/types\/page"}],"author":[{"embeddable":true,"href":"https:\/\/webs.uab.cat\/grepuab\/wp-json\/wp\/v2\/users\/20"}],"replies":[{"embeddable":true,"href":"https:\/\/webs.uab.cat\/grepuab\/wp-json\/wp\/v2\/comments?post=326"}],"version-history":[{"count":0,"href":"https:\/\/webs.uab.cat\/grepuab\/wp-json\/wp\/v2\/pages\/326\/revisions"}],"wp:attachment":[{"href":"https:\/\/webs.uab.cat\/grepuab\/wp-json\/wp\/v2\/media?parent=326"}],"curies":[{"name":"wp","href":"https:\/\/api.w.org\/{rel}","templated":true}]}}