{"id":340,"date":"2019-04-09T00:49:17","date_gmt":"2019-04-08T22:49:17","guid":{"rendered":"https:\/\/webs.uab.cat\/grepuab\/tallers\/"},"modified":"2019-04-09T00:49:17","modified_gmt":"2019-04-08T22:49:17","slug":"tallers","status":"publish","type":"page","link":"https:\/\/webs.uab.cat\/grepuab\/tallers\/","title":{"rendered":"Tallers"},"content":{"rendered":"<p>&nbsp;<\/p>\n<table align=\"center\" border=\"3\" cellpadding=\"1\" cellspacing=\"1\" style=\"width:700px\">\n<tbody>\n<tr>\n<td class=\"rtecenter\"><strong>2019<\/strong><\/td>\n<\/tr>\n<\/tbody>\n<\/table>\n<p><strong>T\u00edtol: \u201c<em>Parlem sense parlar<\/em>\u201d.<\/strong><\/p>\n<p>Formadors: Lidia Esteban i N\u00faria Franch.<\/p>\n<p>Organitzador: Grup de Recerca en Educaci\u00f3 Psicomotriu (2017-SGR-137).<\/p>\n<p>Jornada: X Jornades de Reflexi\u00f3 i Recerca: Psicomotricitat i Escola \u201cL\u2019adult: una pres\u00e8ncia que acompanya\u201d.<\/p>\n<p>Lloc: Facultat Ci\u00e8ncies de l\u2019Educaci\u00f3 de la Universitat Aut\u00f2noma de Barcelona.<\/p>\n<p>Data: 9 de novembre&nbsp;de 2019.<\/p>\n<p>Duraci\u00f3: 3&nbsp;hores.<\/p>\n<p>&nbsp;<\/p>\n<p>&nbsp;<\/p>\n<p><strong>T\u00edtol: \u201c<em>L\u2019adult com a provocador de transformacions<\/em>\u201d.<\/strong><\/p>\n<p>Formadors: Mar P\u00e9rez (GREP) i Cristina Agudo.<\/p>\n<p>Organitzador: Grup de Recerca en Educaci\u00f3 Psicomotriu (2017-SGR-137).<\/p>\n<p>Jornada: X Jornades de Reflexi\u00f3 i Recerca: Psicomotricitat i Escola \u201cL\u2019adult: una pres\u00e8ncia que acompanya\u201d.<\/p>\n<p>Lloc: Facultat Ci\u00e8ncies de l\u2019Educaci\u00f3 de la Universitat Aut\u00f2noma de Barcelona.<\/p>\n<p>Data: 9 de novembre&nbsp;de 2019.<\/p>\n<p>Duraci\u00f3: 3&nbsp;hores.<\/p>\n<p>&nbsp;<\/p>\n<p>&nbsp;<\/p>\n<p><strong>T\u00edtol: \u201c<em>L\u2019observaci\u00f3: eina clau del psicomotricista<\/em>\u201d.<\/strong><\/p>\n<p>Formadors: Xavi Forcadell.<\/p>\n<p>Organitzador: Grup de Recerca en Educaci\u00f3 Psicomotriu (2017-SGR-137).<\/p>\n<p>Jornada: X Jornades de Reflexi\u00f3 i Recerca: Psicomotricitat i Escola \u201cL\u2019adult: una pres\u00e8ncia que acompanya\u201d.<\/p>\n<p>Lloc: Facultat Ci\u00e8ncies de l\u2019Educaci\u00f3 de la Universitat Aut\u00f2noma de Barcelona.<\/p>\n<p>Data: 9 de novembre&nbsp;de 2019.<\/p>\n<p>Duraci\u00f3: 3&nbsp;hores.<\/p>\n<p>&nbsp;<\/p>\n<p>&nbsp;<\/p>\n<p><strong>T\u00edtol: \u201c<em>Posem en joc a l\u2019adult<\/em>\u201d.<\/strong><\/p>\n<p>Formadors: Laura Moya i Lurdes Mart\u00ednez.<\/p>\n<p>Organitzador: Grup de Recerca en Educaci\u00f3 Psicomotriu (2017-SGR-17).<\/p>\n<p>Jornada: X Jornades de Reflexi\u00f3 i Recerca: Psicomotricitat i Escola \u201cL\u2019adult, una pres\u00e8ncia que acompanya\u201d.<\/p>\n<p>Lloc: Facultat de Ci\u00e8ncies de l\u2019Educaci\u00f3 de la Universitat Aut\u00f2noma de Barcelona.<\/p>\n<p>Data: 9 de novembre de 2019.<\/p>\n<p>Duraci\u00f3: 3 hores.<\/p>\n<p>&nbsp;<\/p>\n<p>&nbsp;<\/p>\n<p><strong>T\u00edtol: \u201c<em>Mou-te, juga i neuroapr\u00e8n<\/em>\u201d.<\/strong><\/p>\n<p>Formadors: Lurdes Mart\u00ednez-M\u00ednguez i Paco Cort\u00e9s Ferrero.<\/p>\n<p>Organitzador: Escola Arrels.<\/p>\n<p>Jornada: I&nbsp;Jornada&nbsp;de Neuroaprenentatge i Innovaci\u00f3 educativa de Catalunya.<\/p>\n<p>Lloc: Sala Polivalent de Solsona.<\/p>\n<p>Data: 16 de mar\u00e7&nbsp;de 2019.<\/p>\n<p>Duraci\u00f3: 5&nbsp;hores.<\/p>\n<p>Web:&nbsp;<a href=\"http:\/\/www.escolaarrels.cat\/events\/i-jornada-de-neuroaprenentatge-i-innovacio-educativa-de-catalunya\/\">http:\/\/www.escolaarrels.cat\/<\/a><\/p>\n<p>&nbsp;<\/p>\n<p>&nbsp;<\/p>\n<table align=\"center\" border=\"3\" cellpadding=\"1\" cellspacing=\"1\" style=\"width:700px\">\n<tbody>\n<tr>\n<td class=\"rtecenter\"><strong>2018<\/strong><\/td>\n<\/tr>\n<\/tbody>\n<\/table>\n<p><strong>T\u00edtol: \u201c<em>La psicomotricitat vivencial<\/em>\u201d.<\/strong><\/p>\n<p>Formadors: Paco Cort\u00e9s Ferrero.<\/p>\n<p>Organitzador: CFGS Educaci\u00f3 Infantil de l\u2019Institut Figueras Pacheco d\u2019Alacant.<\/p>\n<p>Lloc: Institut Figueras Pacheco d\u2019Alacant.<\/p>\n<p>Data: 9&nbsp;i 10&nbsp;d\u2019abril de 2018.<\/p>\n<p>Duraci\u00f3: 10 hores.<\/p>\n<p>&nbsp;<\/p>\n<p>&nbsp;<\/p>\n<p><strong>T\u00edtol: \u201c<em>Espai exterior des d\u2019una mirada Psicomotriu<\/em>\u201d.<\/strong><\/p>\n<p>Formadors: Maite Mas (GREP) i equip docent EBM Can Serra (Cardedeu).<\/p>\n<p>Organitzador: Grup de Recerca en Educaci\u00f3 Psicomotriu (2017-SGR-137).<\/p>\n<p>Jornada: IX Jornades de Reflexi\u00f3 i Recerca: Psicomotricitat i Escola \u201cEls espais\u201d.<\/p>\n<p>Lloc: Facultat Ci\u00e8ncies de l\u2019Educaci\u00f3 de la Universitat Aut\u00f2noma de Barcelona.<\/p>\n<p>Data: 3 de mar\u00e7 de 2018.<\/p>\n<p>Duraci\u00f3: 2 hores i 30 minuts.<\/p>\n<p>&nbsp;<\/p>\n<p>&nbsp;<\/p>\n<p><strong>T\u00edtol: \u201c<em>Espais de creaci\u00f3 i moviment com espais de vida\u201d.<\/em><\/strong><\/p>\n<p>Formadors: Lurdes Mart\u00ednez (GREP) i Gemma Par\u00eds.<\/p>\n<p>Organitzador: Grup de Recerca en Educaci\u00f3 Psicomotriu (2017-SGR-137).<\/p>\n<p>Jornada: IX Jornades de Reflexi\u00f3 i Recerca: Psicomotricitat i Escola \u201cEls espais\u201d.<\/p>\n<p>Lloc: Facultat Ci\u00e8ncies de l\u2019Educaci\u00f3 de la Universitat Aut\u00f2noma de Barcelona.<\/p>\n<p>Data: 3 de mar\u00e7 de 2018.<\/p>\n<p>Duraci\u00f3: 2 hores i 30 minuts.<\/p>\n<p>&nbsp;<\/p>\n<table align=\"center\" border=\"3\" cellpadding=\"1\" cellspacing=\"1\" style=\"width:700px\">\n<tbody>\n<tr>\n<td class=\"rtecenter\"><strong>2017<\/strong><\/td>\n<\/tr>\n<\/tbody>\n<\/table>\n<p><strong>T\u00edtol: \u201c<em>La psicomotricitat vivencial<\/em>\u201d.<\/strong><\/p>\n<p>Formadors: Laura Moya Prados i Paco Cort\u00e9s Ferrero.<\/p>\n<p>Organitzador: CFGS Educaci\u00f3 Infantil de l\u2019Institut Figueras Pacheco d\u2019Alacant.<\/p>\n<p>Lloc: Institut Figueras Pacheco d\u2019Alacant.<\/p>\n<p>Data: 10 i 11 d\u2019abril de 2017.<\/p>\n<p>Duraci\u00f3: 10 hores.<\/p>\n<p>&nbsp;<\/p>\n<p>&nbsp;<\/p>\n<table align=\"center\" border=\"3\" cellpadding=\"1\" cellspacing=\"1\" style=\"width:700px\">\n<tbody>\n<tr>\n<td class=\"rtecenter\"><strong>2013<\/strong><\/td>\n<\/tr>\n<\/tbody>\n<\/table>\n<p><strong>T\u00edtol: \u201c<em>No hay dos sin tres: R\u00fabricas para el Pr\u00e1cticum<\/em>\u201d.<\/strong><\/p>\n<p>Formadors: Lurdes Mart\u00ednez M\u00ednguez.<\/p>\n<p>Organitzador:&nbsp;Escuela Universitaria Magisterio de Segovia.<\/p>\n<p>Lloc:&nbsp;Universidad de Valladolid.<\/p>\n<p>Data: Setembre&nbsp;de 2013.<\/p>\n<p>Duraci\u00f3: 3&nbsp;hores.<\/p>\n<p>&nbsp;<\/p>\n<table align=\"center\" border=\"3\" cellpadding=\"1\" cellspacing=\"1\" style=\"width:700px\">\n<tbody>\n<tr>\n<td class=\"rtecenter\"><strong>2012<\/strong><\/td>\n<\/tr>\n<\/tbody>\n<\/table>\n<p><strong>T\u00edtol: \u201c<em>Mirar, escoltar i acompanyar als m\u00e9s petits<\/em>\u201d.<\/strong><\/p>\n<p>Formadors: Carme S\u00e1nchez i Sara Manchado.<\/p>\n<p>Organitzador: Grup de Recerca en Desenvolupament Psicomotor de la UAB (1390).<\/p>\n<p>Jornada: VI Jornades de Reflexi\u00f3 i Recerca: Psicomotricitat i Escola \u201cL\u2019observaci\u00f3\u201d.<\/p>\n<p>Lloc: Facultat Ci\u00e8ncies de l\u2019Educaci\u00f3 de la Universitat Aut\u00f2noma de Barcelona.<\/p>\n<p>Data: 3 de mar\u00e7 de 2012.<\/p>\n<p>Duraci\u00f3: 2h i 15 minuts.<\/p>\n<p>&nbsp;<\/p>\n<p>&nbsp;<\/p>\n<p><strong>T\u00edtol: \u201c<em>I a mi, qui m\u2019observa?<\/em>\u201d<\/strong><\/p>\n<p>Formadors: Lurdes Mart\u00ednez i Xavi Forcadell.<\/p>\n<p>Organitzador: Grup de Recerca en Desenvolupament Psicomotor de la UAB (1390).<\/p>\n<p>Jornada: VI Jornades de Reflexi\u00f3 i Recerca: Psicomotricitat i Escola \u201cL\u2019observaci\u00f3\u201d.<\/p>\n<p>Lloc: Facultat Ci\u00e8ncies de l\u2019Educaci\u00f3 de la Universitat Aut\u00f2noma de Barcelona.<\/p>\n<p>Data: 3 de mar\u00e7 de 2012.<\/p>\n<p>Duraci\u00f3: 2h i 15 minuts.<\/p>\n<p>&nbsp;<\/p>\n<p>&nbsp;<\/p>\n<p><strong>T\u00edtol: \u201c<em>Observar la relaci\u00f3 interactivament<\/em>\u201d.<\/strong><\/p>\n<p>Formadors: Josep Rota i Teresa Godall.<\/p>\n<p>Organitzador: Grup de Recerca en Desenvolupament Psicomotor de la UAB (1390).<\/p>\n<p>Jornada: VI Jornades de Reflexi\u00f3 i Recerca: Psicomotricitat i Escola \u201cL\u2019observaci\u00f3\u201d.<\/p>\n<p>Lloc: Facultat Ci\u00e8ncies de l\u2019Educaci\u00f3 de la Universitat Aut\u00f2noma de Barcelona.<\/p>\n<p>Data: 3 de mar\u00e7 de 2012.<\/p>\n<p>Duraci\u00f3: 2 hores i 15 minuts<\/p>\n<p>&nbsp;<\/p>\n<p>&nbsp;<\/p>\n<p><strong>T\u00edtol: \u201c<em>Veiem les accions, mirem les actituds, observem les intencions<\/em>\u201d.<\/strong><\/p>\n<p>Formadors: Gemma Heras i Iolanda Vives.<\/p>\n<p>Organitzador: Grup de Recerca en Desenvolupament Psicomotor de la UAB (1390).<\/p>\n<p>Jornada: VI Jornades de Reflexi\u00f3 i Recerca: Psicomotricitat i Escola \u201cL\u2019observaci\u00f3\u201d.<\/p>\n<p>Lloc: Facultat Ci\u00e8ncies de l\u2019Educaci\u00f3 de la Universitat Aut\u00f2noma de Barcelona.<\/p>\n<p>Data: 3 de mar\u00e7 de 2012.<\/p>\n<p>Duraci\u00f3: 2h i 15 minuts.<\/p>\n<p>&nbsp;<\/p>\n<p>&nbsp;<\/p>\n<p><strong>T\u00edtol: \u201c<em>El grup d\u2019ajuda escolar: una pe\u00e7a significativa<\/em>\u201d.<\/strong><\/p>\n<p>Formadors: Dolors Rovira i Txell Blanco.<\/p>\n<p>Organitzador: Grup de Recerca en Desenvolupament Psicomotor de la UAB (1390).<\/p>\n<p>Jornada: VI Jornades de Reflexi\u00f3 i Recerca: Psicomotricitat i Escola \u201cL\u2019observaci\u00f3\u201d.<\/p>\n<p>Lloc: Facultat Ci\u00e8ncies de l\u2019Educaci\u00f3 de la Universitat Aut\u00f2noma de Barcelona.<\/p>\n<p>Data: 3 de mar\u00e7 de 2012.<\/p>\n<p>Duraci\u00f3: 2h i 15 minuts.<\/p>\n<p>&nbsp;<\/p>\n<p>&nbsp;<\/p>\n<p><strong>T\u00edtol: \u201c<em>Les fam\u00edlies entren a la sala<\/em>\u201d.<\/strong><\/p>\n<p>Formadors: Manel Llecha i Montse Castell\u00e0.<\/p>\n<p>Organitzador: Grup de Recerca en Desenvolupament Psicomotor de la UAB (1390).<\/p>\n<p>Jornada: VI Jornades de Reflexi\u00f3 i Recerca: Psicomotricitat i Escola \u201cL\u2019observaci\u00f3\u201d.<\/p>\n<p>Lloc: Facultat Ci\u00e8ncies de l\u2019Educaci\u00f3 de la Universitat Aut\u00f2noma de Barcelona.<\/p>\n<p>Data: 3 de mar\u00e7 de 2012.<\/p>\n<p>Duraci\u00f3: 2h i 15 minuts.<\/p>\n<p>&nbsp;<\/p>\n<p>&nbsp;<\/p>\n<table align=\"center\" border=\"3\" cellpadding=\"1\" cellspacing=\"1\" style=\"width:700px\">\n<tbody>\n<tr>\n<td class=\"rtecenter\"><strong>2010<\/strong><\/td>\n<\/tr>\n<\/tbody>\n<\/table>\n<p><strong>T\u00edtol: \u201c<em>El joc simb\u00f2lic: de la viv\u00e8ncia a la conceptualitzaci\u00f3<\/em>\u201d.<\/strong><\/p>\n<p>Formadors: Josep Rota.<\/p>\n<p>Organitzador: Grup de Recerca en Desenvolupament Psicomotor de la UAB (1390).<\/p>\n<p>Jornada: V Jornades de Reflexi\u00f3 i Recerca: Psicomotricitat i Escola \u201cEl joc\u201d.<\/p>\n<p>Lloc: Facultat Ci\u00e8ncies de l\u2019Educaci\u00f3 de la Universitat Aut\u00f2noma de Barcelona.<\/p>\n<p>Data: 13 de mar\u00e7 de 2010.<\/p>\n<p>Duraci\u00f3: 2 hores i 15 minuts.<\/p>\n<p>&nbsp;<\/p>\n<p>&nbsp;<\/p>\n<p><strong>T\u00edtol: \u201c<em>El joc, un motor en l\u2019evoluci\u00f3 dels infants<\/em>\u201d.<\/strong><\/p>\n<p>Formadors: Gemma Heras.<\/p>\n<p>Organitzador: Grup de Recerca en Desenvolupament Psicomotor de la UAB (1390).<\/p>\n<p>Jornada: V Jornades de Reflexi\u00f3 i Recerca: Psicomotricitat i Escola \u201cEl joc\u201d.<\/p>\n<p>Lloc: Facultat Ci\u00e8ncies de l\u2019Educaci\u00f3 de la Universitat Aut\u00f2noma de Barcelona.<\/p>\n<p>Data: 13 de mar\u00e7 de 2010.<\/p>\n<p>Duraci\u00f3: 2 hores i 15 minuts.<\/p>\n<p>&nbsp;<\/p>\n<p>&nbsp;<\/p>\n<table align=\"center\" border=\"3\" cellpadding=\"1\" cellspacing=\"1\" style=\"width:700px\">\n<tbody>\n<tr>\n<td class=\"rtecenter\"><strong>2008<\/strong><\/td>\n<\/tr>\n<\/tbody>\n<\/table>\n<p><strong>T\u00edtol: \u201c<em>Jo i l\u2019espai? &#8230; L\u2019espai i jo?<\/em>\u201d.<\/strong><\/p>\n<p>Formadors: Lurdes Mart\u00ednez i Iolanda Vives.<\/p>\n<p>Organitzador: Grup de Recerca en Desenvolupament Psicomotor de la UAB (1390).<\/p>\n<p>Jornada: III Jornades de Reflexi\u00f3 i Recerca: Psicomotricitat i Escola \u201cEl cos\u201d.<\/p>\n<p>Lloc: Facultat Ci\u00e8ncies de l\u2019Educaci\u00f3 de la Universitat Aut\u00f2noma de Barcelona.<\/p>\n<p>Data: 4 de mar\u00e7 de 2008.<\/p>\n<p>Duraci\u00f3: 2 hores i 30 minuts.<\/p>\n<p>&nbsp;<\/p>\n<p>&nbsp;<\/p>\n<p><strong>T\u00edtol: \u201c<em>El s\u00edmbol: com transitar d\u2019all\u00f2 subjectiu a all\u00f2 objectiu<\/em>\u201d.<\/strong><\/p>\n<p>Formadors: Josep Rota.<\/p>\n<p>Organitzador: Grup de Recerca en Desenvolupament Psicomotor de la UAB (1390).<\/p>\n<p>Jornada: III Jornades de Reflexi\u00f3 i Recerca: Psicomotricitat i Escola \u201cEl cos\u201d.<\/p>\n<p>Lloc: Facultat Ci\u00e8ncies de l\u2019Educaci\u00f3 de la Universitat Aut\u00f2noma de Barcelona.<\/p>\n<p>Data: 4 de mar\u00e7 de 2008.<\/p>\n<p>Duraci\u00f3: 2 hores i 30 minuts.<\/p>\n<p>&nbsp;<\/p>\n<p>&nbsp;<\/p>\n<p><strong>T\u00edtol: \u201c<em>Un munt d\u2019objectes<\/em>\u201d.<\/strong><\/p>\n<p>Formadors: Montse Anton, Encarna Sugra\u00f1es i Berta Puig<\/p>\n<p>Organitzador: Grup de Recerca en Desenvolupament Psicomotor de la UAB (1390).<\/p>\n<p>Jornada: III Jornades de Reflexi\u00f3 i Recerca: Psicomotricitat i Escola \u201cEl cos\u201d.<\/p>\n<p>Lloc: Facultat Ci\u00e8ncies de l\u2019Educaci\u00f3 de la Universitat Aut\u00f2noma de Barcelona.<\/p>\n<p>Data: 4 de mar\u00e7 de 2008.<\/p>\n<p>Duraci\u00f3: 2 hores i 30 minuts.<\/p>\n<p>&nbsp;<\/p>\n<p>&nbsp;<\/p>\n<p>&nbsp;<\/p>\n<table align=\"center\" border=\"3\" cellpadding=\"1\" cellspacing=\"1\" style=\"width:700px\">\n<tbody>\n<tr>\n<td class=\"rtecenter\"><strong>2004<\/strong><\/td>\n<\/tr>\n<\/tbody>\n<\/table>\n<p><strong>T\u00edtol: \u201c<em>Com s\u2019engega una classe de psicomotricitat<\/em>\u201d.<\/strong><\/p>\n<p>Formadors: Manel Llecha i Carles Font.<\/p>\n<p>Organitzador: Grup de Recerca en Psicomotricitat de la UAB.<\/p>\n<p>Jornada: II Jornades de Reflexi\u00f3 i Recerca: Psicomotricitat i Escola.<\/p>\n<p>Lloc: Facultat Ci\u00e8ncies de l\u2019Educaci\u00f3 de la Universitat Aut\u00f2noma de Barcelona.<\/p>\n<p>Data: 27 de mar\u00e7 de 2004.<\/p>\n<p>Duraci\u00f3: 2 hores i 30 minuts.<\/p>\n<p>&nbsp;<\/p>\n<p>&nbsp;<\/p>\n<p><strong>T\u00edtol: \u201c<em>La representaci\u00f3: construir la imatge, construir el pensament<\/em>\u201d.<\/strong><\/p>\n<p>Formadors: Lidia Esteban i Katty Homar.<\/p>\n<p>Organitzador: Grup de Recerca en Psicomotricitat de la UAB.<\/p>\n<p>Jornada: II Jornades de Reflexi\u00f3 i Recerca: Psicomotricitat i Escola.<\/p>\n<p>Lloc: Facultat Ci\u00e8ncies de l\u2019Educaci\u00f3 de la Universitat Aut\u00f2noma de Barcelona.<\/p>\n<p>Data: 27 de mar\u00e7 de 2004.<\/p>\n<p>Duraci\u00f3: 2 hores i 30 minuts.<\/p>\n<p>&nbsp;<\/p>\n<p>&nbsp;<\/p>\n<p><strong>T\u00edtol: \u201c<em>El di\u00e0leg corporal als primers anys<\/em>\u201d.<\/strong><\/p>\n<p>Formadors: Sara Manchado i Susi Fuster.<\/p>\n<p>Organitzador: Grup de Recerca en Psicomotricitat de la UAB.<\/p>\n<p>Jornada: II Jornades de Reflexi\u00f3 i Recerca: Psicomotricitat i Escola.<\/p>\n<p>Lloc: Facultat Ci\u00e8ncies de l\u2019Educaci\u00f3 de la Universitat Aut\u00f2noma de Barcelona.<\/p>\n<p>Data: 27 de mar\u00e7 de 2004.<\/p>\n<p>Duraci\u00f3: 2 hores i 30 minuts.<\/p>\n<p>&nbsp;<\/p>\n<p>&nbsp;<\/p>\n<p><strong>T\u00edtol: \u201c<em>La relaci\u00f3 terap\u00e8utica: acompanyar a l\u2019infant en el seu pas de la subjectivitat a l\u2019objectivitat<\/em>\u201d.<\/strong><\/p>\n<p>Formadors: Estrella Masabeu i Josep Rota.<\/p>\n<p>Organitzador: Grup de Recerca en Psicomotricitat de la UAB.<\/p>\n<p>Jornada: II Jornades de Reflexi\u00f3 i Recerca: Psicomotricitat i Escola.<\/p>\n<p>Lloc: Facultat Ci\u00e8ncies de l\u2019Educaci\u00f3 de la Universitat Aut\u00f2noma de Barcelona.<\/p>\n<p>Data: 27 de mar\u00e7 de 2004.<\/p>\n<p>Duraci\u00f3: 2 hores i 30 minuts.<\/p>\n","protected":false},"excerpt":{"rendered":"<p>&nbsp; 2019 T\u00edtol: \u201cParlem sense parlar\u201d. Formadors: Lidia Esteban i N\u00faria Franch. Organitzador: Grup de Recerca en Educaci\u00f3 Psicomotriu (2017-SGR-137). Jornada: X Jornades de Reflexi\u00f3 i Recerca: Psicomotricitat i Escola \u201cL\u2019adult: una pres\u00e8ncia que acompanya\u201d. Lloc: Facultat Ci\u00e8ncies de l\u2019Educaci\u00f3 de la Universitat Aut\u00f2noma de Barcelona. Data: 9 de novembre&nbsp;de 2019. Duraci\u00f3: 3&nbsp;hores. &nbsp; &nbsp; [&hellip;]<\/p>\n","protected":false},"author":20,"featured_media":0,"parent":0,"menu_order":0,"comment_status":"closed","ping_status":"closed","template":"","meta":{"footnotes":""},"class_list":["post-340","page","type-page","status-publish","hentry"],"_links":{"self":[{"href":"https:\/\/webs.uab.cat\/grepuab\/wp-json\/wp\/v2\/pages\/340","targetHints":{"allow":["GET"]}}],"collection":[{"href":"https:\/\/webs.uab.cat\/grepuab\/wp-json\/wp\/v2\/pages"}],"about":[{"href":"https:\/\/webs.uab.cat\/grepuab\/wp-json\/wp\/v2\/types\/page"}],"author":[{"embeddable":true,"href":"https:\/\/webs.uab.cat\/grepuab\/wp-json\/wp\/v2\/users\/20"}],"replies":[{"embeddable":true,"href":"https:\/\/webs.uab.cat\/grepuab\/wp-json\/wp\/v2\/comments?post=340"}],"version-history":[{"count":0,"href":"https:\/\/webs.uab.cat\/grepuab\/wp-json\/wp\/v2\/pages\/340\/revisions"}],"wp:attachment":[{"href":"https:\/\/webs.uab.cat\/grepuab\/wp-json\/wp\/v2\/media?parent=340"}],"curies":[{"name":"wp","href":"https:\/\/api.w.org\/{rel}","templated":true}]}}