{"id":342,"date":"2019-04-09T00:58:11","date_gmt":"2019-04-08T22:58:11","guid":{"rendered":"https:\/\/webs.uab.cat\/grepuab\/articles-divulgatius\/"},"modified":"2024-10-19T16:33:02","modified_gmt":"2024-10-19T14:33:02","slug":"articles-divulgatius","status":"publish","type":"page","link":"https:\/\/webs.uab.cat\/grepuab\/articles-divulgatius\/","title":{"rendered":"Articles divulgatius"},"content":{"rendered":"\n<figure class=\"wp-block-table is-style-stripes\"><table class=\"has-fixed-layout\"><tbody><tr><td class=\"has-text-align-center\" data-align=\"center\"><strong>2023<\/strong><\/td><\/tr><\/tbody><\/table><\/figure>\n\n\n\n<p><strong>Rota, J., Esteban, L. i Mart\u00ednez M\u00ednguez. L.<\/strong> (2023). Psicomotricitat: per qu\u00e9, com, qu\u00e9, qui i on formar-se.&nbsp;<em>Guix d\u2019Infantil, 121<\/em>, 9-13.<\/p>\n\n\n\n<p><strong>Rota, J., Esteban, L. i Mart\u00ednez M\u00ednguez. L.<\/strong> (2023). Psicomotricidad: por qu\u00e9, c\u00f3mo, qu\u00e9, qui\u00e9n y d\u00f3nde formarse.&nbsp;<em>Aula de Infantil, 121<\/em>, 9-13.<\/p>\n\n\n\n<p><strong>P\u00e9rez,.M., Mas, T. i Moya, M.<\/strong> (2023). Futuros maestros y maestras acercan la psicomotricidad a la escuela 0-3.&nbsp;<em>Aula de Infantil, 121<\/em>, 14-17.<\/p>\n\n\n\n<p><strong>Nieva, C., Franch, N., Masabeu, E., Gonz\u00e1lez, C. i Garcia, A.<\/strong> (2023). Escenarios de juego corporal en el segundo cicl\u00f3 de educaci\u00f3n infantil. Una experi\u00e8ncia escuela universidad.&nbsp;<em>Aula de Infantil, 121<\/em>, 18-21.<\/p>\n\n\n\n<p><strong>Rovira, D. i Marin, E.<\/strong> (2023). La psicomotricidad y las familias.&nbsp;<em>Aula de Infantil, 121<\/em>, 22.<\/p>\n\n\n\n<p><strong>Sarri, E. i Cort\u00e9s. P.<\/strong> (2023). \u00bfEs necesario observar las sesiones de psicomotricidad?&nbsp;<em>Aula de Infantil, 121<\/em>, 23-24.<\/p>\n\n\n\n<p><strong>Moya, M. i Bru, E.<\/strong> (2023. Qu\u00e9 es y qu\u00e9 no es la psicomotricidad.&nbsp;<em>Aula de Infantil, 121<\/em>, 25-26.<\/p>\n\n\n\n<p><strong>Neves, C. i Moya, L. <\/strong>(2023). Psicomotricidad.&nbsp;<em>Aula de Infantil, 121<\/em>, 27.<\/p>\n\n\n\n<p><strong>Franch, N., Masabeu E. and Rota J.<\/strong>\u00a0(2023). Com viuen els infants l\u2019acompanyament del psicomotricista? Comunicaci\u00f3 Educativa, (36), 77-97. Extret de:\u00a0<a href=\"https:\/\/revistes.urv.cat\/index.php\/comeduc\/issue\/view\/225\/99\">https:\/\/revistes.urv.cat\/index.php\/comeduc\/issue\/view\/225\/99<\/a><\/p>\n\n\n\n<p><\/p>\n\n\n<table style=\"width: 699px;height: 46px\" border=\"3\" cellspacing=\"1\" cellpadding=\"1\" align=\"center\">\n<tbody>\n<tr>\n<td class=\"rtecenter\" style=\"text-align: center\"><strong>2022<\/strong><\/td>\n<\/tr>\n<\/tbody>\n<\/table>\n<p><strong>Franch, N., Masabeu E. i Rota J.<\/strong> (2022). \u00bfQu\u00e9 aporta el psicomotricista al juego de los ni\u00f1os ? Entrelineas, (50), 10,15. Extret de <a href=\"https:\/\/apppsicomotricistas.net\/wpcontent\/uploads\/2022\/09\/EL_2021_48_05-11.pdf\">https:\/\/apppsicomotricistas.net\/wpcontent\/uploads\/2022\/09\/EL_2021_48_05-11.pdf<\/a><\/p>\n<p><strong>Franch, N.<\/strong> (2022). Sobre la observaci\u00f3n. Entrelineas, (50), 23, 25<\/p>\n<p><strong>Heras, G., Nieva, C., Mart\u00ednez-M\u00ednguez, L., Moya, L. i Cort\u00e9s, P. <\/strong>(2022). Formaci\u00f3n inicial y permanente de los docentes de Educaci\u00f3n Psicomotriz. Cuadernos de Pedagog\u00eda, Secci\u00f3n Experiencia.\u00a0 En aquest enlla\u00e7:<\/p>\n<p><a href=\"https:\/\/www.cuadernosdepedagogia.com\/Content\/Documento.aspx?params=H4sIAAAAAAAEAMtMSbF1CTEAAmMTSzNTQ7Wy1KLizPw8WyMDIxAyUcvLT0kNcXG2Lc1LSU3LzEtNASnJTKt0yU8OqSxItU1LzClOVUtNys_PRjEpHmYCAEZyi5RjAAAAWKE\" target=\"_blank\" rel=\"noreferrer noopener\">https:\/\/www.cuadernosdepedagogia.com\/Content\/Documento.aspxparams=H4sIAAA<\/a><a href=\"https:\/\/www.cuadernosdepedagogia.com\/Content\/Documento.aspx?params=H4sIAAAAAAAEAMtMSbF1CTEAAmMTSzNTQ7Wy1KLizPw8WyMDIxAyUcvLT0kNcXG2Lc1LSU3LzEtNASnJTKt0yU8OqSxItU1LzClOVUtNys_PRjEpHmYCAEZyi5RjAAAAWKE\" target=\"_blank\" rel=\"noreferrer noopener\">AAAAEAMtMSbF1CTEAAmMTSzNTQ7Wy1KLizPw8WyMDIxAyUcvLT0kNcXG2Lc1L<\/a><a href=\"https:\/\/www.cuadernosdepedagogia.com\/Content\/Documento.aspx?params=H4sIAAAAAAAEAMtMSbF1CTEAAmMTSzNTQ7Wy1KLizPw8WyMDIxAyUcvLT0kNcXG2Lc1LSU3LzEtNASnJTKt0yU8OqSxItU1LzClOVUtNys_PRjEpHmYCAEZyi5RjAAAAWKE\" target=\"_blank\" rel=\"noreferrer noopener\">SU3LzEtNASnJTKt0yU8OqSxItU1LzClOVUtNys_PRjEpHmYCAEZyi5RjAAAAWKE<\/a><\/p>\n<p><strong>Moya, L.<\/strong> (2022). La corpore\u00eftat dels docents d\u2019educaci\u00f3 infantil t\u00e9 relaci\u00f3 amb la seva pr\u00e0ctica educativa?. Guix d\u2019Infantil, 115, 19-22.<\/p>\n<p><strong>P\u00e9rez, M.<\/strong> (2022) \u201cBarret, orla i graduaci\u00f3, realment cal a 0-3?\u201d Disponible a Diari de l\u2019Educaci\u00f3: <a href=\"https:\/\/diarieducacio.cat\/birret-orla-i-graduacio-realment-cal-al-0-3\/\">https:\/\/diarieducacio.cat\/birret-orla-i-graduacio-realment-cal-al-0-3\/<\/a><\/p>\n<\/p>\n<table style=\"width: 704px;height: 53px\" border=\"3\" cellspacing=\"1\" cellpadding=\"1\" align=\"center\">\n<tbody>\n<tr>\n<td class=\"rtecenter\" style=\"text-align: center\"><strong>2021<\/strong><\/td>\n<\/tr>\n<\/tbody>\n<\/table>\n<p><strong>Franch, N.<\/strong> (2021). \u00bfQu\u00e9 es lo esencial cuando hablamos de psicomotricidad? Entre l\u00edneas, (48), 5-11.<\/p>\n<p><strong>Jim\u00e9nez, M. i Mart\u00ednez-M\u00ednguez, L.<\/strong> (2021). Cuerpos que hablan, se construyen y se empoderan. Entre l\u00edneas, (48),12-19.<\/p>\n<p><strong>Mart\u00ednez-M\u00ednguez, L. i Moya, L.<\/strong> (2021). Proyecto de Aprendizaje Co-Tutorado entre universidad-escuela como pr\u00e1ctica de \u00e9xito en evaluaci\u00f3n formativa. En Hamodi, C. y Barba-Mart\u00edn, R. (coords.), Evaluaci\u00f3n formativa y compartida. Nuevas propuestas de desarrollo en educaci\u00f3n superior (pp. 151-164).<\/p>\n<p><strong>Nieva, C.<\/strong> (2021). Exposici\u00f3n de espacios educativos: una experiencia de evaluaci\u00f3n formativa en la asignatura de pr\u00e1cticas. En Hamodi, C. y Barba-Mart\u00edn, R. (coords.), Evaluaci\u00f3n formativa y compartida. Nuevas propuestas de desarrollo en educaci\u00f3n superior (pp. 121-131).<\/p>\n<p><strong>Nieva, C., Mart\u00ednez-M\u00ednguez, L. i Moya, L.<\/strong> (2021). El PAPCo-T como experiencia de evaluaci\u00f3n formativa y compartida en el grado de educaci\u00f3n infantil de la Universidad Aut\u00f3noma de Barcelona. En Dos Santos, W. y Stieg, R. (coords.), Evaluaci\u00f3n Educativa en la formaci\u00f3n de profesores (pp. 315-332).<\/p>\n<p><strong>P\u00e9rez, M. <\/strong>(2021) \u201c I als equips directius qui ens escolta?\u201d Disponible a Diari de l\u2019Educaci\u00f3: <a href=\"https:\/\/diarieducacio.cat\/i-als-equips-directius-qui-ens-escolta\/\">https:\/\/diarieducacio.cat\/i-als-equips-directius-qui-ens-escolta\/\u00a0<\/a><\/p>\n<p>I tamb\u00e9 en <a href=\"http:\/\/www.sabadell.cat\/ca\/option=com_content&amp;view=article&amp;id=64710&amp;Itemid=228\">http:\/\/www.sabadell.cat\/ca\/option=com_content&amp;view=article&amp;id=64710&amp;Itemid=228<\/a><\/p>\n<p><strong>Rovira, D.<\/strong> (2021). De la sala de psicomotricidad al patio en tiempos de pandemia. Entre l\u00edneas, (48), 33-36.<\/p>\n<\/p>\n<table style=\"width: 699px;height: 46px\" border=\"3\" cellspacing=\"1\" cellpadding=\"1\" align=\"center\">\n<tbody>\n<tr>\n<td class=\"rtecenter\" style=\"text-align: center\"><strong>2020<\/strong><\/td>\n<\/tr>\n<\/tbody>\n<\/table>\n<p><strong>Bru, E. i Sarri, E.<\/strong> (2020). Qu\u00e8 aporta la psicomotricitat a l\u2019escola? Revista Guix d\u2019Infantil, 104, 28-32.<\/p>\n<p><strong>Fraile, A. i Mart\u00ednez-M\u00ednguez, L.<\/strong> (2020). Evaluaci\u00f3n Formativa y Educaci\u00f3n F\u00cdSICA. Revista T\u00e1ndem. Did\u00e1ctica de la Educaci\u00f3n F\u00edsica, 69), 4-6.<\/p>\n<p><strong>Franch, N.<\/strong> (2020). La vida ante s\u00ed. Entrelineas. (45) 53. <a href=\"https:\/\/app-psicomotricistas.net\/wp-content\/uploads\/2022\/04\/EL_2020_45_53.pdf\">https:\/\/app-psicomotricistas.net\/wp-content\/uploads\/2022\/04\/EL_2020_45_53.pdf<\/a><\/p>\n<p><strong>Gonz\u00e1lez, M.C. i Mart\u00ednez-M\u00ednguez, L.<\/strong> (2020). La representaci\u00f3n: una herramienta, un espacio, un momento, entre acci\u00f3n y cognici\u00f3n. Entre L\u00edneas: Revista especializada en Psicomotricidad, 45, 6-15 Recuperat de: https:\/\/bit.ly\/33OHiCg<\/p>\n<p><strong>Jim\u00e9nez, M. i Mart\u00ednez-M\u00ednguez, L.<\/strong> (2020). Psicomotricidad en un Centro de Acogida. Entre L\u00edneas: Revista especializada en Psicomotricidad, 46, 12-19 Mar\u00edn, E. (2020). Cuando la psicomotricidad arropa, el deseo emerge. Entre L\u00edneas: Revista especializada en Psicomotricidad, 46, 40-43.<\/p>\n<p><strong>Mar\u00edn, E. (2020).<\/strong>\u00a0Cuando la psicomotricidad arropa, el deseo emerge. Entre L\u00edneas: Revista especializada en Psicomotricidad, 46, 40-43<\/p>\n<p><strong>Mart\u00ednez-M\u00ednguez, L., Nieva, C. i Moya, L.<\/strong>\u00a0(2020). Conectar la escuela con la universidad a trav\u00e9s de la educaci\u00f3n psicomotriz. Revista T\u00e1ndem. Did\u00e1ctica de la Educaci\u00f3n F\u00edsica, 69), 39-44.<\/p>\n<p><strong>P\u00e9rez, M.<\/strong> (2020). Del laboratorio de movimiento a la sesi\u00f3n de Psicomotricidad. Entre L\u00edneas: Revista especializada en Psicomotricidad, 46, 5-1.<\/p>\n<\/p>\n<table style=\"width: 723px;height: 49px\" border=\"3\" cellspacing=\"1\" cellpadding=\"1\" align=\"center\">\n<tbody>\n<tr>\n<td class=\"rtecenter\" style=\"text-align: center\"><strong>2019<\/strong><\/td>\n<\/tr>\n<\/tbody>\n<\/table>\n<p><strong>Anton, M<\/strong>. (2019). Cuerpo y fam\u00edlia&#8230; en movimiento. <em>Revista Aula d&#8217;Infantil<\/em>, 98, 24.<\/p>\n<p><strong>Bru, E. i Sarri, E. <\/strong>(2019). El cuerpo y el movimiento presentes en la escuela. <em>Revista Aula d&#8217;Infantil<\/em>, 98, 17-19.<\/p>\n<p><strong>Garcia, R., Casas, E. i Mas, M.<\/strong> (2019). Espais psicomotrius est\u00e8tics de desenvolupament. <em>Revista In-f\u00e0n-ci-a<\/em>, 231, 12-15. Recuperat de:\u00a0<a href=\"https:\/\/bit.ly\/2Wxb4Ij\">https:\/\/bit.ly\/2Wxb4Ij<\/a><\/p>\n<p><strong>Mart\u00ednez, L.<\/strong> (2019). Moverse para transformar y aprender. <em>Revista Aula d&#8217;Infantil<\/em>, 98, 9-12.<\/p>\n<p><strong>Mart\u00ednez, L., Moya, L., Nieva, C., Gonz\u00e1lez, J., Gargallo, A., P\u00e9rez, J. i Amig\u00f3, G.<\/strong> (2019). Taula rodona a la UAB. Parlem de formaci\u00f3 en Psicomotricitat. Camins, 6, 8-16. Associaci\u00f3 Espai Obert 2016 CDV.<\/p>\n<p><strong>Masabeu, E.<\/strong> (2019). La Psicomotricidad en el Estado Espa\u00f1ol. <em>Entre L\u00edneas: Revista especializada en Psicomotricidad<\/em>, 44, 36-43. Recuperat de: <a href=\"https:\/\/bit.ly\/3aXbTPy\">https:\/\/bit.ly\/3aXbTPy<\/a><\/p>\n<p><strong>Moya, L.<\/strong> (2019). La corporeidad de los maestros y las maestras en su formaci\u00f3n inicial: una oportunidad para (re)conocerse y (re)descubrirse como maestros. <em>Revista Aula d&#8217;Infantil<\/em>, 98, 20-23.<\/p>\n<p><strong>P\u00e9rez, M. i Morales, L.<\/strong> (2019). Psicomotricidad y vida cotidiana. <em>Revista Aula d&#8217;Infantil<\/em>, 98, 13-16.<\/p>\n<p><strong>Rota, J.<\/strong> (2019). La observaci\u00f3n de las emociones. <em>Entre L\u00edneas: Revista especializada en Psicomotricidad<\/em>, 43, 38-41. Recuperat de: <a href=\"https:\/\/bit.ly\/2KONj9c\">https:\/\/bit.ly\/2KONj9c<\/a><\/p>\n<p><strong>Rota, J.<\/strong> (2019). El proceso de maduraci\u00f3n en las primeras edades. <em>Entre L\u00edneas: Revista especializada en Psicomotricidad<\/em>, 44, 25-27. Recuperat de: <a href=\"https:\/\/bit.ly\/3feqCZM\">https:\/\/bit.ly\/3feqCZM<\/a><\/p>\n<\/p>\n<table style=\"width: 716px;height: 54px\" border=\"3\" cellspacing=\"1\" cellpadding=\"1\" align=\"center\">\n<tbody>\n<tr>\n<td class=\"rtecenter\" style=\"text-align: center\"><strong>2018<\/strong><\/td>\n<\/tr>\n<\/tbody>\n<\/table>\n<p><strong>Cort\u00e9s, P. i Moya, L.<\/strong> (2018). La Psicomotricitat des d&#8217;una mirada interdisciplin\u00e0ria. <em>Revista In-f\u00e0n-ci-a<\/em>, 223, 9-12.<\/p>\n<p><strong>Franch, N.<\/strong> (2018). Reflexiones sobre la psicomotricidad (literatura y psicomotricidad). La sesi\u00f3n de psicomotricidad, una gran \u00e1rea transicional. <em>Entre L\u00edneas: Revista especializada en Psicomotricidad<\/em>, 42, 9-13. Recuperat de: <a href=\"https:\/\/bit.ly\/2VVVzuj\">https:\/\/bit.ly\/2VVVzuj<\/a><\/p>\n<p><strong>Heras, G i Esteban, L.<\/strong> (2022). La experiencia de un curso de sensibilizaci\u00f3n psicomotriz. Entre l\u00edneas, (49), 15-22.<\/p>\n<p><strong>Mas, M.<\/strong> (2018). La import\u00e0ncia del tra\u00e7 a l&#8217;escola bressol. Un espai d&#8217;expressi\u00f3 des de la mirada de l&#8217;educaci\u00f3 creadora. <em>Revista In-f\u00e0n-ci-a<\/em>, 221, 12-16.<\/p>\n<p><strong>Nieva, C., Moya, L., Mart\u00ednez, L. i Cort\u00e9s, P.<\/strong> (2018). Mestres de la UAB. Una experiencia innovadora i formativa. Camins,3, 30-31. Associaci\u00f3 Espai Obert 2016 CDV.<\/p>\n<p><strong>Rota, J. <\/strong>(2018). La sesi\u00f3n de psicomotricidad, una gran \u00e1rea transicional. <em>Entre L\u00edneas: Revista especializada en Psicomotricidad<\/em>, 41, 30. Recuperat de: <a href=\"https:\/\/bit.ly\/2YpG2Vb\">https:\/\/bit.ly\/2YpG2Vb<\/a><\/p>\n<\/p>\n<table style=\"width: 731px;height: 55px\" border=\"3\" cellspacing=\"1\" cellpadding=\"1\" align=\"center\">\n<tbody>\n<tr>\n<td class=\"rtecenter\" style=\"text-align: center\"><strong>2017<\/strong><\/td>\n<\/tr>\n<\/tbody>\n<\/table>\n<p><strong>Godall, T. i Rota, J.<\/strong> (2017). El rol del adulto seg\u00fan la psicomotricidad y Pikler. Conversaci\u00f3n entre Teresa Godall y Josep Rota. <em>Entre L\u00edneas: Revista especializada en Psicomotricidad<\/em>, 4, 5-23. Recuperat de: <a href=\"https:\/\/bit.ly\/3bYqawW\">https:\/\/bit.ly\/3bYqawW<\/a><\/p>\n<p><strong>L\u00f3pez, C., Nieva, C., Rovira, D., Sarri, E., Rota, J., Mas, M., Manchado, S., Godall, T. i Ivanco, P.<\/strong> (2017). La intervenci\u00f3 psicomotriu. Una perspectiva para los infants. <em>Revista In-f\u00e0n- ci-a<\/em>, 218, 8-10.<\/p>\n<p><strong>Mart\u00ednez-M\u00ednguez, L., Forcadell, X., Moya, L., Heras, G., Bru, E., Llecha, M., S\u00e1nchez, C., P\u00e9rez, M. i Anton, M. <\/strong>(2017). Vuit idees clau de l&#8217;educaci\u00f3 pel moviment, <em>Revista Guix d&#8217;Infantil<\/em>, 91, 31-35.<\/p>\n<p><strong>Mart\u00ednez-M\u00ednguez, L., Forcadell, X., Moya, L., Heras, G., Bru, E., Llecha, M., S\u00e1nchez, C., P\u00e9rez, M. i Anton, M.<\/strong> (2017). Psicomotrcistas reflexionan sobre la educaci\u00e7pn por el movimiento. <em>Entre L\u00edneas: Revista especializada en Psicomotricidad<\/em>, 39, 5-13. Recuperat de: <a href=\"https:\/\/bit.ly\/2yXWLUZ\">https:\/\/bit.ly\/2yXWLUZ<\/a><\/p>\n<p><strong>P\u00e9rez, M.<\/strong> (2017). Treball en xarxa Escola Bressol Joaquim Blume i UAB. Recuperat de: <a href=\"https:\/\/bit.ly\/2yiimaA\">https:\/\/bit.ly\/2yiimaA<\/a><\/p>\n<\/p>\n<table style=\"width: 728px;height: 59px\" border=\"3\" cellspacing=\"1\" cellpadding=\"1\" align=\"center\">\n<tbody>\n<tr>\n<td class=\"rtecenter\" style=\"text-align: center\"><strong>2016<\/strong><\/td>\n<\/tr>\n<\/tbody>\n<\/table>\n<p><strong>Mas, M.<\/strong> (2016). L&#8217;escola que volem a partir del projecte psicomotor que desenvolupem. <em>Revista Guix d&#8217;Infantil<\/em>, 84, 33-35.<\/p>\n<p><strong>Mas, M., Anadon, I., Lluesma, A., Pla, I. i Alba, A.<\/strong> (2016). La representaci\u00f3n: de la vivencia a la representaci\u00f3n a trav\u00e9s del arte. <em>Entre L\u00edneas: Revista especializada en Psicomotricidad<\/em>, 37, 15-18. Recuperat de: <a href=\"https:\/\/bit.ly\/35p6bVx\">https:\/\/bit.ly\/35p6bVx<\/a><\/p>\n<p><strong>Rota, J.<\/strong> (2019). De la pr\u00e1ctica psicomotriz educativa a la pr\u00e1ctica psicomotriz terap\u00e9utica. <em>Entre L\u00edneas: Revista especializada en Psicomotricidad<\/em>, 38, 5-11. Recuperat de: <a href=\"https:\/\/bit.ly\/2KQq2DB\">https:\/\/bit.ly\/2KQq2DB<\/a><\/p>\n<\/p>\n<table style=\"width: 733px;height: 60px\" border=\"3\" cellspacing=\"1\" cellpadding=\"1\" align=\"center\">\n<tbody>\n<tr>\n<td class=\"rtecenter\" style=\"text-align: center\"><strong>2015<\/strong><\/td>\n<\/tr>\n<\/tbody>\n<\/table>\n<p><strong>Forcadell, X.<\/strong> (2015). La formaci\u00f3n del docente en psicomotricidad. <em>Entre L\u00edneas: Revista especializada en Psicomotricidad<\/em>, 35, 5-12. Recuperat de: <a href=\"https:\/\/bit.ly\/3aVj7nl\">https:\/\/bit.ly\/3aVj7nl<\/a><\/p>\n<p><strong>Rota, J.<\/strong> (2015). El abordaje psicomotor en el funcionamiento psic\u00f3tico infantil. <em>Entre L\u00edneas: Revista especializada en Psicomotricidad<\/em>, 35, 13-17. Recuperat de: <a href=\"https:\/\/bit.ly\/3d0xlou\">https:\/\/bit.ly\/3d0xlou<\/a><\/p>\n<\/p>\n<table style=\"width: 730px;height: 60px\" border=\"3\" cellspacing=\"1\" cellpadding=\"1\" align=\"center\">\n<tbody>\n<tr>\n<td class=\"rtecenter\" style=\"text-align: center\"><strong>2014<\/strong><\/td>\n<\/tr>\n<\/tbody>\n<\/table>\n<p dir=\"ltr\"><strong>Franch, N.<\/strong> (2014). La complejidad del movimiento. <em>Entre L\u00edneas: Revista especializada en Psicomotricidad<\/em>, 34, 15-19. Recuperat de: <a href=\"https:\/\/bit.ly\/3aYBDuY\">https:\/\/bit.ly\/3aYBDuY<\/a><\/p>\n<p dir=\"ltr\">\n<table style=\"width: 726px;height: 60px\" border=\"3\" cellspacing=\"1\" cellpadding=\"1\" align=\"center\">\n<tbody>\n<tr>\n<td class=\"rtecenter\" style=\"text-align: center\"><strong>2013<\/strong><\/td>\n<\/tr>\n<\/tbody>\n<\/table>\n<p><strong>P\u00e9rez, M.<\/strong> (2013). Treballem el medi ambient de la m\u00e0 de la Pau. Butllet\u00ed e-Escoles Verdes. Departament d\u2019Ensenyament i Sostenibilitat. Disponible a: <a href=\"http:\/\/www.gencat.cat\/mediamb\/butlleti\/bev\/butlletiev49.html\">http:\/\/www.gencat.cat\/mediamb\/butlleti\/bev\/butlletiev49.html<\/a><\/p>\n<p><strong>P\u00e9rez, M.<\/strong> (2013). El tren de les deixalles ja funciona. Butllet\u00ed e-Escoles Verdes. Departament d\u2019Ensenyament i Sostenibilitat. Disponible a: <a href=\"http:\/\/gencat.cat\/mediamb\/butlleti\/bev\/graf_but47\/tren_deixalles.pdf\">http:\/\/gencat.cat\/mediamb\/butlleti\/bev\/graf_but47\/tren_deixalles.pdf<\/a><\/p>\n<p><strong>P\u00e9rez, M.<\/strong> (2013). Les mallarengues a la Gespa. Butllet\u00ed e-Escoles Verdes, Departament d\u2019Ensenyament i Sostenibilitat. Disponibilitat: <a href=\"http:\/\/www.gencat.cat\/mediamb\/butlleti\/bev\/graf_but61\/parlen6.pdf\">http:\/\/www.gencat.cat\/mediamb\/butlleti\/bev\/graf_but61\/parlen6.pdf<\/a><\/p>\n<p><strong>P\u00e9rez, M.<\/strong> (2013). L\u2019hort com a espai de col\u00b7laboraci\u00f3. Butllet\u00ed e-Escoles Verdes. Departament d\u2019Ensenyament i Sostenibilitat. Disponible a: <a href=\"http:\/\/www.gencat.cat\/mediamb\/butlleti\/bev\/59\/parlen8.pdf\">http:\/\/www.gencat.cat\/mediamb\/butlleti\/bev\/59\/parlen8.pdf<\/a><\/p>\n<p><strong>Rota, J.<\/strong> (2013). La intervenci\u00f3n de ayuda psicomotriz en el marco escolar. <em>Revista Electr\u00f2nica d\u2019Investigaci\u00f3 i Innovaci\u00f3 Educativa i Socioeducativa<\/em>, (4)1, 111-122. Recuperat de: <a href=\"https:\/\/bit.ly\/2y9oPEZ\">https:\/\/bit.ly\/2y9oPEZ<\/a><\/p>\n<\/p>\n<table style=\"width: 719px;height: 52px\" border=\"3\" cellspacing=\"1\" cellpadding=\"1\" align=\"center\">\n<tbody>\n<tr>\n<td class=\"rtecenter\" style=\"text-align: center\"><strong>2012<\/strong><\/td>\n<\/tr>\n<\/tbody>\n<\/table>\n<p><strong>Heras, G. i Vives, I.<\/strong> (2012). La observaci\u00f3n aplicada a la pr\u00e1ctica. <em>Entre L\u00edneas: Revista especializada en Psicomotricidad<\/em>, 30, 22-25. Recuperat de: <a href=\"https:\/\/bit.ly\/35o5CLO\">https:\/\/bit.ly\/35o5CLO<\/a><\/p>\n<p><strong>L\u00f3pez-Garc\u00eda, C. i Manchado, S.<\/strong> (2012). Mirar, escuchar y acompa\u00f1ar a los m\u00e1s peque\u00f1os. <em>Entre L\u00edneas: Revista especializada en Psicomotricidad<\/em>, 30, 12-15. Recuperat de: <a href=\"https:\/\/bit.ly\/3bZcba5\">https:\/\/bit.ly\/3bZcba5<\/a><\/p>\n<p><strong>Manchado, S.<\/strong> (2012). La importancia de una mirada atenta en la familia. Entre L\u00edneas: <em>Revista especializada en Psicomotricidad<\/em>, 30, 34-36. Recuperat de: <a href=\"https:\/\/bit.ly\/3aXr77x\">https:\/\/bit.ly\/3aXr77x<\/a><\/p>\n<p><strong>Mart\u00ednez-M\u00ednguez, L. i Forcadell, X.<\/strong> (2012). La observaci\u00f3n del psicomotricista. <em>Entre L\u00edneas: Revista especializada en Psicomotricidad<\/em>, 30, 5-10. Recuperat de: <a href=\"https:\/\/bit.ly\/3aU9jtF\">https:\/\/bit.ly\/3aU9jtF<\/a><\/p>\n<p><strong>Rota, J.<\/strong> (2012). La intervenci\u00f3n psicomotriz: una forma de acompa\u00f1ar, una pieza significativa. <em>Entre L\u00edneas: Revista especializada en Psicomotricidad<\/em>, 29, 8-13. Recuperat de: <a href=\"https:\/\/bit.ly\/3feTkK2\">https:\/\/bit.ly\/3feTkK2<\/a><\/p>\n<p><strong>Rota, J. i Godall, T.<\/strong> (2012). Observar la relaci\u00f3n interactivamente. Entre L\u00edneas: <em>Revista especializada en Psicomotricidad<\/em>, 30, 26-29. Recuperat de: <a href=\"https:\/\/bit.ly\/3aYvLlo\">https:\/\/bit.ly\/3aYvLlo<\/a><\/p>\n<p><strong>Rovira, D. i Blanco, M.<\/strong> (2012). El grupo de ayuda escolar, una pieza significativa. <em>Entre L\u00edneas: Revista especializada en Psicomotricidad<\/em>, 30, 30-33. Recuperat de: <a href=\"https:\/\/bit.ly\/2z4hAxU\">https:\/\/bit.ly\/2z4hAxU<\/a><\/p>\n<\/p>\n<table style=\"width: 733px;height: 57px\" border=\"3\" cellspacing=\"1\" cellpadding=\"1\" align=\"center\">\n<tbody>\n<tr>\n<td class=\"rtecenter\" style=\"text-align: center\"><strong>2011<\/strong><\/td>\n<\/tr>\n<\/tbody>\n<\/table>\n<p><strong>Manchado, S.<\/strong> (2011). La importancia de los reflejos primarios y secundarios. <em>Entre L\u00edneas: Revista especializada en Psicomotricidad<\/em>, 28, 22-24. Recuperat de: <a href=\"https:\/\/bit.ly\/35pMq08\">https:\/\/bit.ly\/35pMq08<\/a><\/p>\n<p><strong>Masabeu, E.<\/strong> (2011). La Psicomotricidad en el Foro del Autismo. <em>Entre L\u00edneas: Revista especializada en Psicomotricidad<\/em>, 27, 29-31. Recuperat de: <a href=\"https:\/\/bit.ly\/2Sq8Gl9\">https:\/\/bit.ly\/2Sq8Gl9<\/a><\/p>\n<p><strong>Rota, J.<\/strong> (2011). Hip\u00f3tesis te\u00f3ricas en relaci\u00f3n a la etiolog\u00eda de la hiperactividad. <em>Entre L\u00edneas: Revista especializada en Psicomotricidad<\/em>, 27, 33-35. Recuperat de: <a href=\"https:\/\/bit.ly\/3dkG84X\">https:\/\/bit.ly\/3dkG84X<\/a><\/p>\n<\/p>\n<table style=\"width: 728px;height: 54px\" border=\"3\" cellspacing=\"1\" cellpadding=\"1\" align=\"center\">\n<tbody>\n<tr>\n<td class=\"rtecenter\" style=\"text-align: center\"><strong>2008<\/strong><\/td>\n<\/tr>\n<\/tbody>\n<\/table>\n<p><strong>Manchado, S.<\/strong> (2008). L\u00edmites y contenci\u00f3n. <em>Entre L\u00edneas: Revista especializada en Psicomotricidad<\/em>, 22, 5-9.<\/p>\n<\/p>\n<table style=\"width: 733px;height: 53px\" border=\"3\" cellspacing=\"1\" cellpadding=\"1\" align=\"center\">\n<tbody>\n<tr>\n<td class=\"rtecenter\" style=\"text-align: center\"><strong>2005<\/strong><\/td>\n<\/tr>\n<\/tbody>\n<\/table>\n<p><strong>Manchado, S.<\/strong> (2005). En torno a los tres primeros a\u00f1os de la vida. <em>Entre L\u00edneas: Revista especializada en Psicomotricidad<\/em>, 17, 25-26.<\/p>\n<\/p>\n<table style=\"width: 730px;height: 58px\" border=\"3\" cellspacing=\"1\" cellpadding=\"1\" align=\"center\">\n<tbody>\n<tr>\n<td class=\"rtecenter\" style=\"text-align: center\"><strong>2004<\/strong><\/td>\n<\/tr>\n<\/tbody>\n<\/table>\n<p><strong>Franch, N.<\/strong> (2004). Propuesta de categor\u00edas e indicadores para analizar la participaci\u00f3n del psicomotricista en el juego del ni\u00f1o y la ni\u00f1a. <em>Entre L\u00edneas: Revista especializada en Psicomotricidad<\/em>, 16, 21-26. Recuperat de: <a href=\"https:\/\/bit.ly\/35puyCu\">https:\/\/bit.ly\/35puyCu<\/a><\/p>\n<\/p>\n<table style=\"width: 730px;height: 52px\" border=\"3\" cellspacing=\"1\" cellpadding=\"1\" align=\"center\">\n<tbody>\n<tr>\n<td class=\"rtecenter\" style=\"text-align: center\"><strong>2003<\/strong><\/td>\n<\/tr>\n<\/tbody>\n<\/table>\n<p><strong>Anton, M. i Sugra\u00f1es, E.<\/strong> (2003). Orientaci\u00f3n espacial y desarrollo. <em>Entre L\u00edneas: Revista especializada en Psicomotricidad<\/em>, 13, 24-27. Recuperat de: <a href=\"https:\/\/bit.ly\/2WiSzal\">https:\/\/bit.ly\/2WiSzal<\/a><\/p>\n<p><strong>Manchado, S.<\/strong> (2003). La educaci\u00f3n psicomotriz como estrategia de intervenci\u00f3n educativa. <em>Entre L\u00edneas: Revista especializada en Psicomotricidad<\/em>, 13, 31-32.<\/p>\n<\/p>\n<table style=\"width: 747px;height: 46px\" border=\"3\" cellspacing=\"1\" cellpadding=\"1\" align=\"center\">\n<tbody>\n<tr>\n<td class=\"rtecenter\" style=\"text-align: center\"><strong>2002<\/strong><\/td>\n<\/tr>\n<\/tbody>\n<\/table>\n<p><strong>Franch, N.<\/strong> (2002). La comunicaci\u00f3n no verbal. <em>Entre L\u00edneas: Revista especializada en Psicomotricidad<\/em>, 11, 21-27. Recuperat de: <a href=\"https:\/\/bit.ly\/2z7TOB9\">https:\/\/bit.ly\/2z7TOB9<\/a><\/p>\n<p><strong>Franch, N.<\/strong> (2002). Tono y emoci\u00f3n en la intervenci\u00f3n psicomotriz. <em>Entre L\u00edneas: Revista especializada en Psicomotricidad<\/em>, 12, 15-21. Recuperat de: <a href=\"https:\/\/bit.ly\/2yiyYyY\">https:\/\/bit.ly\/2yiyYyY<\/a><\/p>\n<p><strong>Rota, J.<\/strong> (2002). Las estructuras deficitarias. <em>Entre L\u00edneas: Revista especializada en Psicomotricidad<\/em>, 12, 6-9. Recuperat de: <a href=\"https:\/\/bit.ly\/2SqaFG7\">https:\/\/bit.ly\/2SqaFG7<\/a><\/p>\n\n\n<p><strong>Franch, N., Masabeu E. i Rota J.<\/strong> (2023). Com viuen els infants l\u2019acompanyament del psicomotricista? Comunicaci\u00f3 Educativa, (36) 77-97. Extret de <a href=\"https:\/\/revistes.urv.cat\/index.php\/comeduc\/issue\/view\/225\/99\">https:\/\/revistes.urv.cat\/index.php\/comeduc\/issue\/view\/225\/99<\/a><\/p>\n\n\n\n<p><\/p>\n","protected":false},"excerpt":{"rendered":"<p>2023 Rota, J., Esteban, L. i Mart\u00ednez M\u00ednguez. L. (2023). Psicomotricitat: per qu\u00e9, com, qu\u00e9, qui i on formar-se.&nbsp;Guix d\u2019Infantil, 121, 9-13. Rota, J., Esteban, L. i Mart\u00ednez M\u00ednguez. L. (2023). Psicomotricidad: por qu\u00e9, c\u00f3mo, qu\u00e9, qui\u00e9n y d\u00f3nde formarse.&nbsp;Aula de Infantil, 121, 9-13. P\u00e9rez,.M., Mas, T. i Moya, M. (2023). Futuros maestros y maestras [&hellip;]<\/p>\n","protected":false},"author":20,"featured_media":0,"parent":0,"menu_order":0,"comment_status":"closed","ping_status":"closed","template":"","meta":{"footnotes":""},"class_list":["post-342","page","type-page","status-publish","hentry"],"_links":{"self":[{"href":"https:\/\/webs.uab.cat\/grepuab\/wp-json\/wp\/v2\/pages\/342","targetHints":{"allow":["GET"]}}],"collection":[{"href":"https:\/\/webs.uab.cat\/grepuab\/wp-json\/wp\/v2\/pages"}],"about":[{"href":"https:\/\/webs.uab.cat\/grepuab\/wp-json\/wp\/v2\/types\/page"}],"author":[{"embeddable":true,"href":"https:\/\/webs.uab.cat\/grepuab\/wp-json\/wp\/v2\/users\/20"}],"replies":[{"embeddable":true,"href":"https:\/\/webs.uab.cat\/grepuab\/wp-json\/wp\/v2\/comments?post=342"}],"version-history":[{"count":25,"href":"https:\/\/webs.uab.cat\/grepuab\/wp-json\/wp\/v2\/pages\/342\/revisions"}],"predecessor-version":[{"id":1846,"href":"https:\/\/webs.uab.cat\/grepuab\/wp-json\/wp\/v2\/pages\/342\/revisions\/1846"}],"wp:attachment":[{"href":"https:\/\/webs.uab.cat\/grepuab\/wp-json\/wp\/v2\/media?parent=342"}],"curies":[{"name":"wp","href":"https:\/\/api.w.org\/{rel}","templated":true}]}}