{"id":370,"date":"2020-01-16T01:17:31","date_gmt":"2020-01-15T23:17:31","guid":{"rendered":"https:\/\/webs.uab.cat\/grepuab\/cursos\/"},"modified":"2020-01-16T01:17:31","modified_gmt":"2020-01-15T23:17:31","slug":"cursos","status":"publish","type":"page","link":"https:\/\/webs.uab.cat\/grepuab\/cursos\/","title":{"rendered":"Cursos"},"content":{"rendered":"<table align=\"center\" border=\"3\" cellpadding=\"1\" cellspacing=\"1\" style=\"width:700px\">\n<tbody>\n<tr>\n<td class=\"rtecenter\"><strong>2021<\/strong><\/td>\n<\/tr>\n<\/tbody>\n<\/table>\n<p><strong>T\u00edtol: &#8220;La intervenci\u00f3 des de la Psicomotricitat. El seu sentit&#8221;.<\/strong><\/p>\n<p><strong>Formador:&nbsp;<\/strong>Josep Rota Iglesias.<\/p>\n<p><strong>Organitzador:&nbsp;<\/strong>Universitat de Vic.<\/p>\n<p><strong>Lloc:<\/strong>&nbsp;Format Virtual.<\/p>\n<p><strong>Data:&nbsp;<\/strong>3 de mar\u00e7 de 2021.<\/p>\n<p><strong>Duraci\u00f3:<\/strong>&nbsp;1 hora.<\/p>\n<p>&nbsp;<\/p>\n<p><strong>T\u00edtol: \u201cDe la Psicomotricitat a l&#8217;Educaci\u00f3 F\u00edsica\u201d.<\/strong><\/p>\n<p><strong>Formadors: <\/strong>Carol Nieva Boza i&nbsp;Paco Cort\u00e9s Ferrero.<\/p>\n<p><strong>Organitzador:<\/strong> CRP de Castelldefels.<\/p>\n<p><strong>Lloc:&nbsp;<\/strong>Castelldefels.<\/p>\n<p><strong>Data:<\/strong>&nbsp;22&nbsp;de febrer&nbsp;de&nbsp;2021.<\/p>\n<p><strong>Durada:<\/strong>&nbsp;6&nbsp;hores.<\/p>\n<p>&nbsp;<\/p>\n<p>&nbsp;<\/p>\n<p><strong>T\u00edtol: \u201cJuego, Cuerpo y movimiento: la Educaci\u00f3n Psicomotriz en la escuela\u201d.<\/strong><\/p>\n<p><strong>Formadors: <\/strong>Carol Nieva Boza i&nbsp;Paco Cort\u00e9s Ferrero.<\/p>\n<p><strong>Organitzador:<\/strong>&nbsp;Centro del Profesorado de Lanzarote.<\/p>\n<p><strong>Lloc: <\/strong>A dist\u00e0ncia, format&nbsp;virtual.<\/p>\n<p><strong>Data:<\/strong>&nbsp;26&nbsp;de gener&nbsp;de&nbsp;2021.<\/p>\n<p><strong>Durada:<\/strong>&nbsp;12&nbsp;hores.<\/p>\n<p>&nbsp;<\/p>\n<table align=\"center\" border=\"3\" cellpadding=\"1\" cellspacing=\"1\" style=\"width:700px\">\n<tbody>\n<tr>\n<td class=\"rtecenter\"><strong>2019<\/strong><\/td>\n<\/tr>\n<\/tbody>\n<\/table>\n<p><strong>T\u00edtol: \u201cA psicomotricidade como medio para a aprendizaxe\u201d.<\/strong><\/p>\n<p><strong>Formadors:<\/strong> Paco Cort\u00e9s Ferrero i Laura Moya Prados.<\/p>\n<p><strong>Organitzador:<\/strong> Asociaci\u00f3n pedag\u00f2gica MUDARE.<\/p>\n<p><strong>Lloc:<\/strong> Cambados (Gal\u00edcia).<\/p>\n<p><strong>Data:<\/strong> 21 de setembre de 2019.<\/p>\n<p><strong>Duraci\u00f3:<\/strong> 10 hores.<\/p>\n<p>&nbsp;<\/p>\n<table align=\"center\" border=\"3\" cellpadding=\"1\" cellspacing=\"1\" style=\"width:700px\">\n<tbody>\n<tr>\n<td class=\"rtecenter\"><strong>2018<\/strong><\/td>\n<\/tr>\n<\/tbody>\n<\/table>\n<p><strong>T\u00edtol: \u201cLa corpore\u00eftat del mestre d\u2019Educaci\u00f3 Infantil\u201d.<\/strong><\/p>\n<p><strong>Formadora:<\/strong> Laura Moya Prados.<\/p>\n<p><strong>Organitzador:<\/strong> CRP del Vall\u00e8s Occidental II (Seminari d\u2019Escoles Bressol).<\/p>\n<p><strong>Lloc:<\/strong> CRP del Vall\u00e8s Occidental III, Rub\u00ed.<\/p>\n<p><strong>Data:<\/strong> 6 de mar\u00e7 de 2018.<\/p>\n<p><strong>Duraci\u00f3:<\/strong> 2 hores.<\/p>\n<p><strong>Web:<\/strong>&nbsp;<a href=\"https:\/\/serveiseducatius.xtec.cat\/vallesoccidental3\/general\/la-corporeitat-de-les-mestres-deducacio-infantil\/\">https:\/\/serveiseducatius.xtec.cat\/vallesoccidental3\/general\/la-corporeitat-de-les-mestres-deducacio-infantil\/<\/a><\/p>\n<p>&nbsp;<\/p>\n<p>&nbsp;<\/p>\n<p><strong>T\u00edtol: \u201cEducaci\u00f3 psicomotriu en els centres educatius\u201d.<\/strong><\/p>\n<p><strong>Formadors:<\/strong> Laura Moya Prados i Paco Cort\u00e9s Ferrero.<\/p>\n<p><strong>Organitzador:<\/strong> CRP del Vall\u00e8s Occidental II.<\/p>\n<p><strong>Lloc:<\/strong> Escola Pau Casals de Vacarisses.<\/p>\n<p><strong>Data:<\/strong> gener i febrer de 2018.<\/p>\n<p><strong>Duraci\u00f3:<\/strong> 15 hores.<\/p>\n<p>&nbsp;<\/p>\n<table align=\"center\" border=\"3\" cellpadding=\"1\" cellspacing=\"1\" style=\"width:700px\">\n<tbody>\n<tr>\n<td class=\"rtecenter\"><strong>2017<\/strong><\/td>\n<\/tr>\n<\/tbody>\n<\/table>\n<p><strong>T\u00edtol: \u201cPsicomotricitat en l\u2019Ensenyament\u201d.<\/strong><\/p>\n<p><strong>Formadors:<\/strong> Laura Moya Prados i Paco Cort\u00e9s Ferrero.<\/p>\n<p><strong>Organitzador:<\/strong> Centre Educatiu Jaume Viladoms (Curs ofert en el marc del Servei d\u2019Ocupaci\u00f3 de Catalunya del Consorci de Formaci\u00f3 Cont\u00ednua de la Generalitat de Catalunya).<\/p>\n<p><strong>Lloc:<\/strong> Escola Jaume Viladoms de Sabadell.<\/p>\n<p><strong>Data:<\/strong> octubre i novembre de 2017.<\/p>\n<p><strong>Duraci\u00f3:<\/strong> 30 hores.<\/p>\n<p>&nbsp;<\/p>\n<p><strong>T\u00edtol: \u201cLa psicomotricitat des d\u2019una mirada insterdisciplin\u00e0ria\u201d.<\/strong><\/p>\n<p><strong>Formadors:<\/strong> Laura Moya Prados i Paco Cort\u00e9s Ferrero.<\/p>\n<p><strong>Organitzador:<\/strong> 5a Escola d\u2019Estiu de Rosa Sensat.<\/p>\n<p><strong>Lloc:<\/strong> Institut Infanta Isabel d\u2019Arag\u00f3 de Barcelona.<\/p>\n<p><strong>Data:<\/strong> del 3 al 7 de juliol de 2017.<\/p>\n<p><strong>Duraci\u00f3:<\/strong> 15 hores.<\/p>\n<p>&nbsp;<\/p>\n<p><strong>T\u00edtol: \u201cEducaci\u00f3 Psicomotriu a l\u2019Escola Bressol\u201d.<\/strong><\/p>\n<p><strong>Formadora:<\/strong> Laura Moya Prados.<\/p>\n<p><strong>Organitzador:<\/strong> GEDI Cooperativa d\u2019Iniciativa Social.<\/p>\n<p><strong>Lloc:<\/strong> CEIF Andreu Castells de Sabadell.<\/p>\n<p><strong>Data:<\/strong> Des de&nbsp;mar\u00e7 fins a juny de 2017.<\/p>\n<p><strong>Duraci\u00f3:<\/strong> 15 hores.<\/p>\n<p>&nbsp;<\/p>\n<table align=\"center\" border=\"3\" cellpadding=\"1\" cellspacing=\"1\" style=\"width:700px\">\n<tbody>\n<tr>\n<td class=\"rtecenter\"><strong>2015<\/strong><\/td>\n<\/tr>\n<\/tbody>\n<\/table>\n<p><strong>T\u00edtol: \u201cLa psicomotricitat de 0 a 3 anys\u201d.<\/strong><\/p>\n<p><strong>Formadora:<\/strong> Laura Moya Prados.<\/p>\n<p><strong>Organitzador:<\/strong> Centre Educatiu Jaume Viladoms.<\/p>\n<p><strong>Lloc:<\/strong> Escola Jaume Viladoms de Sabadell.<\/p>\n<p><strong>Data:<\/strong> febrer de 2015.<\/p>\n<p><strong>Duraci\u00f3:<\/strong> 15 hores.<\/p>\n<p>&nbsp;<\/p>\n","protected":false},"excerpt":{"rendered":"<p>2021 T\u00edtol: &#8220;La intervenci\u00f3 des de la Psicomotricitat. El seu sentit&#8221;. Formador:&nbsp;Josep Rota Iglesias. Organitzador:&nbsp;Universitat de Vic. Lloc:&nbsp;Format Virtual. Data:&nbsp;3 de mar\u00e7 de 2021. Duraci\u00f3:&nbsp;1 hora. &nbsp; T\u00edtol: \u201cDe la Psicomotricitat a l&#8217;Educaci\u00f3 F\u00edsica\u201d. Formadors: Carol Nieva Boza i&nbsp;Paco Cort\u00e9s Ferrero. Organitzador: CRP de Castelldefels. Lloc:&nbsp;Castelldefels. Data:&nbsp;22&nbsp;de febrer&nbsp;de&nbsp;2021. Durada:&nbsp;6&nbsp;hores. &nbsp; &nbsp; T\u00edtol: \u201cJuego, Cuerpo y [&hellip;]<\/p>\n","protected":false},"author":20,"featured_media":0,"parent":0,"menu_order":0,"comment_status":"closed","ping_status":"closed","template":"","meta":{"footnotes":""},"class_list":["post-370","page","type-page","status-publish","hentry"],"_links":{"self":[{"href":"https:\/\/webs.uab.cat\/grepuab\/wp-json\/wp\/v2\/pages\/370","targetHints":{"allow":["GET"]}}],"collection":[{"href":"https:\/\/webs.uab.cat\/grepuab\/wp-json\/wp\/v2\/pages"}],"about":[{"href":"https:\/\/webs.uab.cat\/grepuab\/wp-json\/wp\/v2\/types\/page"}],"author":[{"embeddable":true,"href":"https:\/\/webs.uab.cat\/grepuab\/wp-json\/wp\/v2\/users\/20"}],"replies":[{"embeddable":true,"href":"https:\/\/webs.uab.cat\/grepuab\/wp-json\/wp\/v2\/comments?post=370"}],"version-history":[{"count":0,"href":"https:\/\/webs.uab.cat\/grepuab\/wp-json\/wp\/v2\/pages\/370\/revisions"}],"wp:attachment":[{"href":"https:\/\/webs.uab.cat\/grepuab\/wp-json\/wp\/v2\/media?parent=370"}],"curies":[{"name":"wp","href":"https:\/\/api.w.org\/{rel}","templated":true}]}}