{"id":373,"date":"2020-01-17T18:26:45","date_gmt":"2020-01-17T16:26:45","guid":{"rendered":"https:\/\/webs.uab.cat\/grepuab\/membres-dhonor\/"},"modified":"2022-07-19T15:21:52","modified_gmt":"2022-07-19T13:21:52","slug":"membres-dhonor","status":"publish","type":"page","link":"https:\/\/webs.uab.cat\/grepuab\/membres-dhonor\/","title":{"rendered":"Membres d&#8217;honor"},"content":{"rendered":"\n<p>Els membres d&#8217;honor del GREP&nbsp;\u00e9s una esquisida selecci\u00f3 de les personalitats m\u00e9s destacades en el m\u00f3n de la Psicomotricitat catalana i mundial. A m\u00e9s, han estat membres del GREP anys endarrera. Podem dir que tenim el gran plaer de presentar a:<\/p>\n\n\n\n<h2 class=\"wp-block-heading\"><strong>ANT\u00d3N ROSERA, MONTSERRAT<\/strong><\/h2>\n\n\n\n<figure class=\"wp-block-image is-resized\"><img loading=\"lazy\" decoding=\"async\" src=\"https:\/\/lh5.googleusercontent.com\/fFd-HXF_UltYzMNYIeeRMwAvA-3oRG8UxjSrkKFRFL25OgvGOFZL-hLM99m80cJagCKvK0LdnfsWBIk5VtrvGCd6kSGSuqDBLQtsxqmA6Le1B97hUpNkOzpR6UFMZg\" alt=\"\" width=\"698\" height=\"399\"\/><\/figure>\n\n\n\n<p><\/p>\n\n\n\n<p>S\u00f3c mestra d\u2019Educaci\u00f3 Prim\u00e0ria, mestra d\u2019Educaci\u00f3 Infantil, llicenciada i doctora en Ci\u00e8ncies de l&#8217;Educaci\u00f3 per la Universitat Aut\u00f2noma de Barcelona (Premi Extraordinari de Doctorat)<\/p>\n\n\n\n<p>Actualment s\u00f3c professora d\u2019universitat jubilada del Departament de Did\u00e0ctica de l&#8217;Expressi\u00f3 Musical, Pl\u00e0stica i Corporal de la UAB a la Facultat de Ci\u00e8ncies de l &#8216;Educaci\u00f3 de la UAB.<\/p>\n\n\n\n<p>He estat mestra i directora a l\u2019Escola Bellaterra. A m\u00e9s de formadora de mestres. assessora a centres educatius i a Ajuntaments en pol\u00edtiques municipals d\u2019atenci\u00f3 a la petita infancia.<\/p>\n\n\n\n<p>Per altra banda vicedegana d&#8217;Ordenaci\u00f3 Acad\u00e8mica i Pr\u00e0cticum de la Facultat de Ci\u00e8ncies de l&#8217;Educaci\u00f3 de la UAB (2002-2008); directora de l&#8217;Institut de Ci\u00e8ncies de l&#8217;Educaci\u00f3 (ICE) de la UAB (2008-2014).<\/p>\n\n\n\n<p>He participat, coordinat i dirigit Programes de Postgrau a la UAB i en d\u2019altres Universitats Espanyoles.<\/p>\n\n\n\n<p>He realitzat estades i col\u00b7laboracions amb Universitats catalanes; espanyoles i de diferents pa\u00efsos europeus i llatinoamericans.<\/p>\n\n\n\n<p>He publicat llibres i articles de tem\u00e0tiques d&#8217;Educaci\u00f3 Infantil; Educaci\u00f3 Especial, Psicomtricidad; Organitzaci\u00f3 del Pr\u00e0cticum en la Formaci\u00f3 inicial d\u2019Educaci\u00f3.<\/p>\n\n\n\n<p>S\u00f3c membre de consells de redacci\u00f3 de diverses publicacions pedag\u00f2giques i de l\u2019\u00e0mbit psicomotriu. I tamb\u00e9 membre de Comit\u00e8 Organitzador i Cient\u00edfic en Congressos Nacionals i Internacionals.<\/p>\n","protected":false},"excerpt":{"rendered":"<p>Els membres d&#8217;honor del GREP&nbsp;\u00e9s una esquisida selecci\u00f3 de les personalitats m\u00e9s destacades en el m\u00f3n de la Psicomotricitat catalana i mundial. A m\u00e9s, han estat membres del GREP anys endarrera. Podem dir que tenim el gran plaer de presentar a: ANT\u00d3N ROSERA, MONTSERRAT S\u00f3c mestra d\u2019Educaci\u00f3 Prim\u00e0ria, mestra d\u2019Educaci\u00f3 Infantil, llicenciada i doctora en [&hellip;]<\/p>\n","protected":false},"author":20,"featured_media":0,"parent":0,"menu_order":0,"comment_status":"closed","ping_status":"closed","template":"","meta":{"footnotes":""},"class_list":["post-373","page","type-page","status-publish","hentry"],"_links":{"self":[{"href":"https:\/\/webs.uab.cat\/grepuab\/wp-json\/wp\/v2\/pages\/373","targetHints":{"allow":["GET"]}}],"collection":[{"href":"https:\/\/webs.uab.cat\/grepuab\/wp-json\/wp\/v2\/pages"}],"about":[{"href":"https:\/\/webs.uab.cat\/grepuab\/wp-json\/wp\/v2\/types\/page"}],"author":[{"embeddable":true,"href":"https:\/\/webs.uab.cat\/grepuab\/wp-json\/wp\/v2\/users\/20"}],"replies":[{"embeddable":true,"href":"https:\/\/webs.uab.cat\/grepuab\/wp-json\/wp\/v2\/comments?post=373"}],"version-history":[{"count":1,"href":"https:\/\/webs.uab.cat\/grepuab\/wp-json\/wp\/v2\/pages\/373\/revisions"}],"predecessor-version":[{"id":698,"href":"https:\/\/webs.uab.cat\/grepuab\/wp-json\/wp\/v2\/pages\/373\/revisions\/698"}],"wp:attachment":[{"href":"https:\/\/webs.uab.cat\/grepuab\/wp-json\/wp\/v2\/media?parent=373"}],"curies":[{"name":"wp","href":"https:\/\/api.w.org\/{rel}","templated":true}]}}