{"id":376,"date":"2020-01-17T19:15:40","date_gmt":"2020-01-17T17:15:40","guid":{"rendered":"https:\/\/webs.uab.cat\/grepuab\/any-2020\/"},"modified":"2023-06-16T19:14:28","modified_gmt":"2023-06-16T17:14:28","slug":"any-2020","status":"publish","type":"page","link":"https:\/\/webs.uab.cat\/grepuab\/any-2020\/","title":{"rendered":"Any 2020"},"content":{"rendered":"\n<p><\/p>\n\n\n\n<h2 class=\"wp-block-heading\">COMUNICAT GREP SOBRE LA PSICOMOTRICITAT I LA REPRESA DE L&#8217;ACTIVITAT ESCOLAR<\/h2>\n\n\n\n<p>Com a Grup de Recerca en Educaci\u00f3 Psicomotriu (GREP) (2021-SGR-0747) de la Universitat Aut\u00f2noma de Barcelona, volem compartir les nostres reflexions per a reivindicar una vegada m\u00e9s la funci\u00f3 i la import\u00e0ncia de la Psicomotricitat en l\u00b4\u00e0mbit educatiu. Per aquest motiu, hem fet el seg\u00fcent comunicat on reflexionem sobre la Psicomotricitat davant de la represa de l&#8217;activitat escolar.<\/p>\n\n\n\n<p>Us animem a que us el descarregueu, el pugueu llegir i compartir amb totes aquelles persones, institucions, centres i col\u00b7lectius que creieu convenient.&nbsp;<\/p>\n\n\n\n<p><a href=\"https:\/\/uab-my.sharepoint.com\/:b:\/g\/personal\/1479988_uab_cat\/ET6G55zwwPFHi6sHkl2GNxsB5nDDVm67ShwOc4nOnhNGkg?e=8IZF4U\">9-Comunicat GREP_Psicomotricitat i represa activitat escolar_2020.pdf<\/a><\/p>\n\n\n\n<div class=\"wp-block-group has-marro-stradivari-background-color has-background\"><div class=\"wp-block-group__inner-container is-layout-constrained wp-block-group-is-layout-constrained\"><\/div><\/div>\n\n\n\n<p><\/p>\n\n\n\n<h2 class=\"wp-block-heading\"><strong>El Departament d&#8217;Educaci\u00f3 de la Generalitat de Catalunya&nbsp;ha publicat el document &#8220;Orientacions per a l&#8217;avaluaci\u00f3. Educaci\u00f3 Infantil, segon cicle&#8221;, on les nostres companyes&nbsp;&nbsp;Lurdes Mart\u00ednez i Montserrat Anton han col\u00b7laborat en l&#8217;apartat &#8220;Un infant que progressi en el moviment i en el domini del cos&#8221;.<\/strong><\/h2>\n\n\n\n<figure class=\"wp-block-image\"><img decoding=\"async\" src=\"https:\/\/lh4.googleusercontent.com\/Zu5WbmvetVBgjyrP7EAr7nXXQrpr748AXisf47_0fdG0EgXlyT8dPcINTj1wEB-H7cZagC5-FiwKjc49q0AfGHceAMF4BjxjULddifmUkbXq1jayrK0LTi_DWNV9YU8yVikiKPj0\" alt=\"\" \/><\/figure>\n\n\n\n<figure class=\"wp-block-image\"><img decoding=\"async\" src=\"https:\/\/lh5.googleusercontent.com\/vNGHGkbtyySkQ3R9gPAx7jNBKwu1DRImttIdh_ojsrMHxnQ57_D2Dustm0SqK_RuwDN6Y_d8LN1FEaEM6gYGAFA0vrh0wtp_H_tSoWxNmMVtUPcmrdipmPGREoMs96SQhH0KoeYe\" alt=\"\" \/><\/figure>\n\n\n\n<p class=\"has-blanc-coco-color has-verd-tropic-background-color has-text-color has-background has-normal-font-size\"><a href=\"http:\/\/ensenyament.gencat.cat\/ca\/Detall\/orientacions-avaluacio-infantil-2cicle\">Descarrega&#8217;t aqu\u00ed el document<\/a><\/p>\n\n\n\n<div class=\"wp-block-group has-marro-stradivari-background-color has-background\"><div class=\"wp-block-group__inner-container is-layout-constrained wp-block-group-is-layout-constrained\"><\/div><\/div>\n\n\n\n<p><\/p>\n\n\n\n<h2 class=\"wp-block-heading\"><strong>El passat 4 de febrer del 2020, Daniel Calmels i Mara Lesbegueris van realitzar un seminari en el nostre Postgrau en &#8220;Desenvolupament Psicomotor de 0 a 8 anys&#8221;.<\/strong><\/h2>\n\n\n\n<p>Amb tots dos vam poder gaudir de la confer\u00e8ncia titulada &#8220;El cuerpo en el acto gr\u00e1fico&#8221; i del taller &#8220;Experiencias en el plano gr\u00e1fico&#8221;.<\/p>\n\n\n\n<figure class=\"wp-block-image\"><img decoding=\"async\" src=\"https:\/\/lh4.googleusercontent.com\/WCGBgf1_7h8Z7Ny3PyfHNoMHkFH6yVRV-C2DZFC273p_NJbzcDz4vcymFVdqIpasJEemE5g5A3Swz6jjXVaD_TdTI_AwPJ6qa7U7XQKkK0H38vJq_wQERftV-x51izvFVgSJgOcV\" alt=\"\" \/><\/figure>\n\n\n\n<p class=\"has-text-align-center\"><\/p>\n\n\n\n<div class=\"wp-block-group has-marro-stradivari-background-color has-background\"><div class=\"wp-block-group__inner-container is-layout-constrained wp-block-group-is-layout-constrained\"><\/div><\/div>\n\n\n\n<p><strong>&nbsp;<\/strong><\/p>\n\n\n\n<h2 class=\"wp-block-heading\"><strong>El GREP UAB present en #EduCongress2020<\/strong><\/h2>\n\n\n\n<p>Les nostres companyes Lurdes Mart\u00ednez, Eva Bru i Elena Sarri han participat el en \u201cIV Congr\u00e9s EduCongress 2020: jocs, espais i aprenentatges a l\u2019Educaci\u00f3 Infantil\u201d celebrat el passat 27 de febrer a Barcelona.<\/p>\n\n\n\n<p><strong>La Lurdes Mart\u00ednez, com a coordinadora del Grau d\u2019Educaci\u00f3 Infantil de la UAB, ha participat en la coordinaci\u00f3 d\u2019aquesta edici\u00f3 del congr\u00e9s.<\/strong><\/p>\n\n\n\n<figure class=\"wp-block-image\"><img decoding=\"async\" src=\"https:\/\/lh5.googleusercontent.com\/6PapyEWt7bFNJHStrLJNBqcVKkpy1_QGdKmYK6FunS_RJWnPLCmyVB-prc5SjhDvVBMn999i3eZna4gODwfo3ppx1sap6E5jwRPm2yZ3n9hPUQU13JPJkXYbtXr4xcYrHZ2heA71\" alt=\"Imagen que contiene interior, monitor, tabla, computadora\n\nDescripci\u00f3n generada autom\u00e1ticamente\" \/><\/figure>\n\n\n\n<pre class=\"wp-block-preformatted\"><\/pre>\n\n\n\n<p class=\"has-normal-font-size\"><\/p>\n\n\n\n<div class=\"wp-block-group has-marro-stradivari-background-color has-background\"><div class=\"wp-block-group__inner-container is-layout-constrained wp-block-group-is-layout-constrained\"><\/div><\/div>\n\n\n\n<h2 class=\"wp-block-heading\"><strong>L\u2019Eva Bru y l\u2019Elena Sarri han estat les ponents de la confer\u00e8ncia \u201cEspais d\u2019aprenentatge, el joc, la psicomotricitat i el paper de l\u2019adult a l\u2019escola \u00cdtaca de Manresa\u201d<\/strong>.<\/h2>\n\n\n\n<figure class=\"wp-block-image\"><img decoding=\"async\" src=\"https:\/\/lh6.googleusercontent.com\/SrJ7fsyZKggCPNeW1VedSqls3IG_jRqr1BB_Dy7kwj7GVyjeSO78qyEbLkw3-SXOPsxqW-qrGSsT5E0VrJIpQsmVnhPxhD9f0f3X07V4FeO-5jcdJEnZTCaH71zFZ4X1-dyZu3Pc\" alt=\"Imagen que contiene interior, mujer, tabla, hombre\n\nDescripci\u00f3n generada autom\u00e1ticamente\" \/><\/figure>\n\n\n\n<div class=\"wp-block-group has-marro-stradivari-background-color has-background\"><div class=\"wp-block-group__inner-container is-layout-constrained wp-block-group-is-layout-constrained\"><\/div><\/div>\n\n\n\n<pre class=\"wp-block-preformatted\"><\/pre>\n\n\n\n<h2 class=\"wp-block-heading\"><strong>L\u2019ICE de la UAB atorga&nbsp; l\u2019EBM Can Serra un dels ajuts per a projectes de transformaci\u00f3 i millora educativa<\/strong><\/h2>\n\n\n\n<p>L\u2019EBM Can Serra de Cardedeu \u00e9s una de les escoles que col\u00b7laboren amb nosaltres acompanyant en la seva formaci\u00f3 inicial als\/les futurs\/es mestres d\u2019Educaci\u00f3 Infantil i psicomotricistes. \u00c9s una escola de refer\u00e8ncia en l\u2019\u00e0mbit de la psicomotricitat de 0-3 anys, sent aquesta un dels pilars del seu projecte educatiu.<\/p>\n\n\n\n<p>El passat 27 de febrer l\u2019ICE de la UAB va atorgar-les un dels ajuts de la convocat\u00f2ria per a \u201cprojectes de transformaci\u00f3 i millora educativa\u201d al seu projecte \u201cVivim&nbsp;el conte\u201d.<\/p>\n\n\n\n<p>En aquest projecte d\u2019innovaci\u00f3 i millora educativa l\u2019EBM Can Serra planteja el conte, el joc i l\u2019activitat psicomotriu com a eines d\u2019aprenentatge naturals, motivadores i significatives que constitueixen una via per millorar el desenvolupament de les capacitats de l\u2019infant.<\/p>\n\n\n\n<p>Moltes felicitats a tot l\u2019equip per aquest projecte i el seu reconeixement!<\/p>\n\n\n\n<figure class=\"wp-block-image\"><img decoding=\"async\" src=\"https:\/\/lh6.googleusercontent.com\/sjkDu-rBuIUH9ym1Bjmy4Du7UFFL6Y73wpkxOdLCe3NUiupg6uW13XEAnwfuobgHq9zgTcyvF8pXcjBrPoCoSFtnFgXQWdA6YQa1bj7KhwxekwGDtD-2ta7qUrOlxkaauozMgwWi\" alt=\"Una foto de un grupo de personas posando para una foto\n\nDescripci\u00f3n generada autom\u00e1ticamente\" \/><\/figure>\n\n\n\n<div class=\"wp-block-group has-marro-stradivari-background-color has-background\"><div class=\"wp-block-group__inner-container is-layout-constrained wp-block-group-is-layout-constrained\"><\/div><\/div>\n\n\n\n<pre class=\"wp-block-preformatted\"><\/pre>\n\n\n\n<h2 class=\"wp-block-heading\"><strong>Entrevista de Mar P\u00e9rez en el Diari Ara.<\/strong><\/h2>\n\n\n\n<p>La nostra companya, Mar P\u00e9rez, ha estat entrevistada pel Diari Ara per l\u2019article \u201cAfavorir la motricitat dels infants els ajuda a descobrir el cos i el m\u00f3n que els envolta\u201d.<\/p>\n\n\n\n<p>En aquesta entrevista la Mar parla sobre el desenvolupament psicomotor en els primers anys i com es pot afavorir un moviment aut\u00f2nom, lliure i respectu\u00f3s des de casa.<\/p>\n\n\n\n<figure class=\"wp-block-image\"><img decoding=\"async\" src=\"https:\/\/lh6.googleusercontent.com\/1DecT_Hg9UEJ6qXdTGfIr0jDZe0fZoVLJ017x9BXQJfFDu9QTwlHSTe2PtCbOtTXktNV0pYAYyq2vpRD99ZtkpaMyx_szquh8zFHZ-Hpfv0jkFIQtp0Dfzm8O_nI9_vJ44RHqOwP\" alt=\"\" \/><\/figure>\n\n\n\n<div class=\"wp-block-group has-marro-stradivari-background-color has-background\"><div class=\"wp-block-group__inner-container is-layout-constrained wp-block-group-is-layout-constrained\"><\/div><\/div>\n\n\n\n<pre class=\"wp-block-preformatted\"><\/pre>\n\n\n\n<h2 class=\"wp-block-heading\"><strong>Les nostres companyes Lurdes Mart\u00ednez, Laura Moya i Carol Nieva han participat en el \u201cCongreso Internaconal EVALtrends 2020\u201d celebrar a C\u00e0dis.<\/strong><\/h2>\n\n\n\n<p>En aquest congr\u00e9s d\u2019avaluaci\u00f3 en l\u2019Educaci\u00f3 Superior, han presentant la comunicaci\u00f3 &#8220;Autoevaluaci\u00f3n de competencias profesionales psicomotrices durante la formaci\u00f3n inicial de maestros de Educaci\u00f3n Infantil&#8221;.<\/p>\n\n\n\n<p>Aquesta comunicaci\u00f3 forma part del proc\u00e9s de difusi\u00f3 del Project ARMIF del Programa MIF que des del GREP UAB desenvolupem respecte a l\u2019adquisici\u00f3 de compet\u00e8ncies professionals psicomotrius en la formaci\u00f3 inicials dels\/les mestres d\u2019Educaci\u00f3 Infantil.<\/p>\n\n\n\n<p>Podeu accedir a aquesta comunicaci\u00f3 consultant les Actes del congr\u00e9s.<\/p>\n\n\n\n<p><strong>&nbsp;<\/strong><\/p>\n\n\n\n<figure class=\"wp-block-image\"><img decoding=\"async\" src=\"https:\/\/lh6.googleusercontent.com\/WTMOB8V4X6FjR0gFNnKkB9SyFfJYPQyijm9Ftk1Uyz9lXflLGJHNLc2ZvO2hj_V6EmdHYnkf3BGe6Pl7haxShYQ3G5k_HanIMS30a-tnEPPWA7lX1GMl5UZYc6RqjzlXGtuj1tv5\" alt=\"Un grupo de personas posando delante de una pared\n\nDescripci\u00f3n generada autom\u00e1ticamente\" \/><\/figure>\n\n\n\n<figure class=\"wp-block-image\"><img decoding=\"async\" src=\"https:\/\/lh5.googleusercontent.com\/567JsVx432O2vOyl7vViClhztsxtqvyDk1Sf0iUMLCeBBf5k6xaVRkG4hUQPrA3CjajsQ8Tb81VO6SXFTXJNvLU7H1LuqIsca9HNsgo9Dym68a_E4kDsWG5_FkdViO_YfS6HzlUt\" alt=\"\" \/><\/figure>\n\n\n\n<div class=\"wp-block-group has-marro-stradivari-background-color has-background\"><div class=\"wp-block-group__inner-container is-layout-constrained wp-block-group-is-layout-constrained\"><\/div><\/div>\n\n\n\n<pre class=\"wp-block-preformatted\"><\/pre>\n\n\n\n<h2 class=\"wp-block-heading\">NOU article del GREP!<\/h2>\n\n\n\n<p><strong>\u201cQu\u00e8 aporta la psicomotricitat a l&#8217;escola?\u201d<\/strong><\/p>\n\n\n\n<p>de l&#8217;Eva Bru i l&#8217;Elena Sarri a la Revista Guix d&#8217;Infantil de l&#8217;Editorial Gra\u00f3!<\/p>\n\n\n\n<p>Tamb\u00e9 disponible en castell\u00e0 en la Revista Aula d&#8217;Infantil de la mateixa editorial.<\/p>\n\n\n\n<p><\/p>\n\n\n\n<p>Aquest article forma part de la Revista Guix d&#8217;Infantil n\u00famero 104.&nbsp;<\/p>\n\n\n<div class=\"wp-block-image\">\n<figure class=\"aligncenter size-full is-resized\"><img loading=\"lazy\" decoding=\"async\" src=\"https:\/\/webs.uab.cat\/grepuab\/wp-content\/uploads\/sites\/54\/2023\/06\/image-7.png\" alt=\"\" class=\"wp-image-1052\" width=\"284\" height=\"384\" srcset=\"https:\/\/webs.uab.cat\/grepuab\/wp-content\/uploads\/sites\/54\/2023\/06\/image-7.png 370w, https:\/\/webs.uab.cat\/grepuab\/wp-content\/uploads\/sites\/54\/2023\/06\/image-7-222x300.png 222w\" sizes=\"auto, (max-width: 284px) 100vw, 284px\" \/><\/figure>\n<\/div>\n\n\n<div class=\"wp-block-group has-marro-stradivari-background-color has-background\"><div class=\"wp-block-group__inner-container is-layout-constrained wp-block-group-is-layout-constrained\"><\/div><\/div>\n","protected":false},"excerpt":{"rendered":"<p>COMUNICAT GREP SOBRE LA PSICOMOTRICITAT I LA REPRESA DE L&#8217;ACTIVITAT ESCOLAR Com a Grup de Recerca en Educaci\u00f3 Psicomotriu (GREP) (2021-SGR-0747) de la Universitat Aut\u00f2noma de Barcelona, volem compartir les nostres reflexions per a reivindicar una vegada m\u00e9s la funci\u00f3 i la import\u00e0ncia de la Psicomotricitat en l\u00b4\u00e0mbit educatiu. Per aquest motiu, hem fet el [&hellip;]<\/p>\n","protected":false},"author":20,"featured_media":0,"parent":0,"menu_order":0,"comment_status":"closed","ping_status":"closed","template":"","meta":{"footnotes":""},"class_list":["post-376","page","type-page","status-publish","hentry"],"_links":{"self":[{"href":"https:\/\/webs.uab.cat\/grepuab\/wp-json\/wp\/v2\/pages\/376","targetHints":{"allow":["GET"]}}],"collection":[{"href":"https:\/\/webs.uab.cat\/grepuab\/wp-json\/wp\/v2\/pages"}],"about":[{"href":"https:\/\/webs.uab.cat\/grepuab\/wp-json\/wp\/v2\/types\/page"}],"author":[{"embeddable":true,"href":"https:\/\/webs.uab.cat\/grepuab\/wp-json\/wp\/v2\/users\/20"}],"replies":[{"embeddable":true,"href":"https:\/\/webs.uab.cat\/grepuab\/wp-json\/wp\/v2\/comments?post=376"}],"version-history":[{"count":7,"href":"https:\/\/webs.uab.cat\/grepuab\/wp-json\/wp\/v2\/pages\/376\/revisions"}],"predecessor-version":[{"id":1064,"href":"https:\/\/webs.uab.cat\/grepuab\/wp-json\/wp\/v2\/pages\/376\/revisions\/1064"}],"wp:attachment":[{"href":"https:\/\/webs.uab.cat\/grepuab\/wp-json\/wp\/v2\/media?parent=376"}],"curies":[{"name":"wp","href":"https:\/\/api.w.org\/{rel}","templated":true}]}}