{"id":383,"date":"2020-03-21T19:12:24","date_gmt":"2020-03-21T17:12:24","guid":{"rendered":"https:\/\/webs.uab.cat\/grepuab\/tutoritzacio-de-tfm\/"},"modified":"2025-07-11T17:51:13","modified_gmt":"2025-07-11T15:51:13","slug":"tutoritzacio-de-tfm","status":"publish","type":"page","link":"https:\/\/webs.uab.cat\/grepuab\/tutoritzacio-de-tfm\/","title":{"rendered":"Tutoritzaci\u00f3 de TFM"},"content":{"rendered":"\n<p>El GREP&nbsp;UAB&nbsp;contribueix al fet que hagi m\u00e9s investigaci\u00f3 relacionada amb la Psicomotricitat i que aquesta sigui de qualitat.&nbsp;<\/p>\n\n\n\n<p>Els seus membres dirigeixen&nbsp;Treballs de Fi de&nbsp;M\u00e0ster&nbsp;(TFM)&nbsp;del&nbsp;M\u00e0ster Universitari de Recerca en Educaci\u00f3&nbsp;de la Universitat Aut\u00f2noma de Barcelona,&nbsp;dins de l\u2019especialitat&nbsp;\u201cArt, Cos i Moviment\u201d.&nbsp;<\/p>\n\n\n\n<p>A continuaci\u00f3, es mostren els TFM&nbsp;tutoritzats&nbsp;pels i les membres del GREP UAB.&nbsp;<\/p>\n\n\n\n<pre class=\"wp-block-preformatted\"><\/pre>\n\n\n\n<h2 class=\"wp-block-heading\"><strong>CURS 2024-2025&nbsp;<\/strong><\/h2>\n\n\n\n<p><\/p>\n\n\n\n<p><strong>T\u00edtol TFM:<\/strong>\u00a0<em>Repensando las aulas: C\u00f3mo la presencia del cuerpo y su movimiento transforman las din\u00e1micas escolares<\/em>.<\/p>\n\n\n\n<p><strong>Nom estudiant:<\/strong> Magdalena Ramos Merino.<\/p>\n\n\n\n<p><strong>Tutora:<\/strong> Carol Nieva Boza.<\/p>\n\n\n\n<p><strong>Curs:<\/strong> 2024-2025.<\/p>\n\n\n\n<pre class=\"wp-block-preformatted\"><\/pre>\n\n\n\n<h2 class=\"wp-block-heading\"><strong>CURS 2023-2024&nbsp;<\/strong><\/h2>\n\n\n\n<p><strong>T\u00edtol TFM:<\/strong>&nbsp;<em>La conviv\u00e8ncia a les sales de racons de joc i psicomotricitat: Estudi de cas en una llar d\u2019infants.<\/em><\/p>\n\n\n\n<p><strong>Nom estudiant:<\/strong> Andrea Castell\u00e0 Lopez.<\/p>\n\n\n\n<p><strong>Tutora:<\/strong> Lurdes Mart\u00ednez M\u00ednguez.<\/p>\n\n\n\n<p><strong>Curs:<\/strong> 2023-2024 (10 juliol 2024).<\/p>\n\n\n\n<pre class=\"wp-block-preformatted\"><\/pre>\n\n\n\n<p><strong>T\u00edtol TFM:<\/strong>&nbsp;<em>Desarrollo de un proceso de ense\u00f1anza y aprendizaje hol\u00edstico y l\u00fadico en clases particulares de piano: estudio de caso.<\/em><\/p>\n\n\n\n<p><strong>Nom estudiant:<\/strong> Wanjun Lu.<\/p>\n\n\n\n<p><strong>Tutora:<\/strong> Carol Nieva Boza.<\/p>\n\n\n\n<p><strong>Curs:<\/strong> 2023-2024.<br><\/p>\n\n\n\n<pre class=\"wp-block-preformatted\"><\/pre>\n\n\n\n<h2 class=\"wp-block-heading\"><strong>CURS 2022-2023&nbsp;<\/strong><\/h2>\n\n\n\n<p><strong>T\u00edtol TFM:<em>&nbsp;<\/em><\/strong><em>An\u00e0lisi de necessitats biol\u00f2giques, socials i escolars dels i les adolescents: Estudi de cas.<\/em><\/p>\n\n\n\n<p><strong>Nom estudiant:<\/strong> Cristina Garc\u00eda P\u00e9rez.<\/p>\n\n\n\n<p><strong>Tutora:<\/strong> Lurdes Mart\u00ednez M\u00ednguez.<\/p>\n\n\n\n<p><strong>Curs:<\/strong> 2022-2023 (19 juliol 2023).<\/p>\n\n\n\n<p><em>Guanyadora VII Premis Educaci\u00f3 i Adolesc\u00e8ncia a TFG i TFM. C\u00e0tedra Educaci\u00f3 i Adolesc\u00e8ncia Abel Mart\u00ednez Oliva de la Universitat de Lleida.<\/em><\/p>\n\n\n\n<pre class=\"wp-block-preformatted\"><\/pre>\n\n\n\n<p><strong>T\u00edtol TFM:<\/strong>&nbsp;La importancia de la formaci\u00f3n docente para la mejora de una educaci\u00f3n basada en lo corporal en la etapa b\u00e1sica.<br><br><strong>Nom estudiant:<\/strong> Liliana Vallejo Rodr\u00edguez.<br><br><strong>Tutora:<\/strong> Carol Nieva Boza.<br><br><strong>Curs:<\/strong> 2022-2023.<\/p>\n\n\n\n<pre class=\"wp-block-preformatted\"><br><\/pre>\n\n\n\n<h2 class=\"wp-block-heading\"><strong>CURS 2021-2022&nbsp;<\/strong><\/h2>\n\n\n\n<p><strong>T\u00edtol TFM:<\/strong>&nbsp;<em>Educaci\u00f3n emocional: diagnostico y sugerencias en una escuela de educaci\u00f3n primaria china<\/em>.<\/p>\n\n\n\n<p><strong>Nom estudiant:<\/strong> Zaichen Liu.<\/p>\n\n\n\n<p><strong>Tutora:<\/strong> Lurdes Mart\u00ednez M\u00ednguez.<\/p>\n\n\n\n<p><strong>Curs:<\/strong> 2021-2022 (8 setembre 2022).<\/p>\n\n\n\n<pre class=\"wp-block-preformatted\"><br><\/pre>\n\n\n\n<h2 class=\"wp-block-heading\"><strong>CURS 2020-2021&nbsp;<\/strong><\/h2>\n\n\n\n<p><strong>T\u00edtol TFM:<\/strong>&nbsp;<em>Psicomotricitat: Aprenentatge i mem\u00f2ria a llarg termini<\/em>.<\/p>\n\n\n\n<p><strong>Nom estudiant:<\/strong> Llu\u00eds Nogu\u00e9 i Vila<\/p>\n\n\n\n<p><strong>Tutora:<\/strong> Lurdes Mart\u00ednez M\u00ednguez<\/p>\n\n\n\n<p><strong>Curs:<\/strong> 2020-2021 (7 setembre 2021).<\/p>\n\n\n\n<pre class=\"wp-block-preformatted\"><\/pre>\n\n\n\n<p><strong>T\u00edtol TFM:<\/strong>&nbsp;<em>Cap a una visi\u00f3 copor\u00eftzada de la iniciaci\u00f3 al viol\u00ed. Un estudi de cas.<\/em><\/p>\n\n\n\n<p><strong>Nom estudiant:<\/strong> Jordi Consegal P\u00e9rez.<\/p>\n\n\n\n<p><strong>Tutores:<\/strong> Lurdes Mart\u00ednez M\u00ednguez i Carolina Nieva Boza.<\/p>\n\n\n\n<p><strong>Curs:<\/strong> 2020-2021 (7 setembre 2021).<\/p>\n\n\n\n<pre class=\"wp-block-preformatted\"><br><\/pre>\n\n\n\n<h2 class=\"wp-block-heading\"><strong>CURS 2018-2019&nbsp;<\/strong><\/h2>\n\n\n\n<p><strong>T\u00edtol TFM:<\/strong>&nbsp;Vamos&nbsp;a ser felices en la&nbsp;escuela. Estudio sobre percepcions y actuacions de un&nbsp;maestro&nbsp;de&nbsp;primaria&nbsp;sobre&nbsp;sus&nbsp;emociones.&nbsp;<br><\/p>\n\n\n\n<p><strong>Nom estudiant:<\/strong>&nbsp;Salvador Ezequiel Rojo Ballesteros&nbsp;<\/p>\n\n\n\n<p><strong>Tutora:<\/strong>&nbsp;Carolina Nieva&nbsp;Boza.&nbsp;<\/p>\n\n\n\n<p><strong>Curs:<\/strong> 2018-2019.<\/p>\n\n\n\n<pre class=\"wp-block-preformatted\"> <\/pre>\n\n\n\n<p><strong>T\u00edtol TFM:<\/strong>&nbsp;Corponexiones. Un&nbsp;cuerpo&nbsp;que&nbsp;piensa&nbsp;\/ critica \/ crea \/&nbsp;conecta&nbsp;a trav\u00e9s de la&nbsp;danza.&nbsp;<\/p>\n\n\n\n<p><strong>Nom estudiant:&nbsp;<\/strong>Diana Fuster.&nbsp;<\/p>\n\n\n\n<p><strong>Tutores:<\/strong>&nbsp;Montserrat Rif\u00e0 i&nbsp;Lurdes&nbsp;Mart\u00ednez&nbsp;M\u00ednguez.&nbsp;<\/p>\n\n\n\n<p><strong>Curs:<\/strong> 2018-2019.<\/p>\n\n\n\n<pre class=\"wp-block-preformatted\"> <\/pre>\n\n\n\n<p><strong>T\u00edtol TFM:<\/strong>&nbsp;Postgrado&nbsp;de&nbsp;Desarrollo&nbsp;Psicomotor de 0 a 8&nbsp;a\u00f1os&nbsp;de la UAB:&nbsp;percepciones&nbsp;sobrelas&nbsp;competencias&nbsp;emocionales&nbsp;adquiridas&nbsp; y&nbsp;su&nbsp;aplicaci\u00f3n&nbsp;en el&nbsp;acompa\u00f1amiento&nbsp;del&nbsp;juego&nbsp;espontaneo&nbsp;del&nbsp;ni\u00f1o.&nbsp;<\/p>\n\n\n\n<p><strong>Nom estudiant:&nbsp;<\/strong>Mar\u00eda Gabriela Fern\u00e1ndez Bonilla.&nbsp;<\/p>\n\n\n\n<p><strong>Tutora:<\/strong>&nbsp;Lurdes&nbsp;Mart\u00ednez&nbsp;M\u00ednguez.&nbsp;<\/p>\n\n\n\n<p><strong>Curs:<\/strong> 2018-2019.<\/p>\n\n\n\n<pre class=\"wp-block-preformatted\"> <\/pre>\n\n\n\n<h2 class=\"wp-block-heading\"><strong>CURS 2017-2018&nbsp;<\/strong><\/h2>\n\n\n\n<p><strong>T\u00edtol TFM:&nbsp;<\/strong>Anem a jugar al sorral! Una mirada las patis exteriors escolars.&nbsp;<\/p>\n\n\n\n<p><strong>Nom estudiant:<\/strong>&nbsp;Helena Rodr\u00edguez&nbsp;Bolzoni.&nbsp;<\/p>\n\n\n\n<p><strong>Tutora:<\/strong>&nbsp;Carolina Nieva&nbsp;Boza.&nbsp;<\/p>\n\n\n\n<p><strong>Curs:<\/strong> 2017-2018.<\/p>\n\n\n\n<pre class=\"wp-block-preformatted\"> <\/pre>\n\n\n\n<p><strong>T\u00edtol TFM:<\/strong>&nbsp;Psicomotricidad&nbsp;en un centro de&nbsp;acogida.&nbsp;Cuerpos&nbsp;que&nbsp;hablan, se construyen y se&nbsp;empoderan&nbsp;del&nbsp;ni\u00f1o.&nbsp;<\/p>\n\n\n\n<p><strong>Nom estudiant:<\/strong>&nbsp;M\u00f2nica Jim\u00e9nez de la Fuente.&nbsp;<\/p>\n\n\n\n<p><strong>Tutora:<\/strong>&nbsp;Lurdes&nbsp;Mart\u00ednez&nbsp;M\u00ednguez.&nbsp;<\/p>\n\n\n\n<p><strong>Curs:<\/strong> 2017-2018.<\/p>\n\n\n\n<pre class=\"wp-block-preformatted\"> <\/pre>\n\n\n\n<h2 class=\"wp-block-heading\"><strong>CURS 2016-2017<\/strong><\/h2>\n\n\n\n<p><strong>T\u00edtol TFM:<\/strong>&nbsp;Percepci\u00f3n del profesorado de educaci\u00f3n f\u00edsica en la inclusi\u00f3n del alumnado inmigrante. Pr\u00e1ctica docente.&nbsp;<\/p>\n\n\n\n<p><strong>Nom estudiant:<\/strong>&nbsp;Jos\u00e9 Miguel Ramos Moreno.&nbsp;<\/p>\n\n\n\n<p><strong>Tutora:<\/strong>&nbsp;Carolina Nieva&nbsp;Boza.&nbsp;<\/p>\n\n\n\n<p><strong>Curs:<\/strong> 2016-2017.<\/p>\n\n\n\n<pre class=\"wp-block-preformatted\"> <\/pre>\n\n\n\n<p><strong>T\u00edtol TFM:<\/strong>&nbsp;La Corpore\u00eftat al centre d\u2019Educaci\u00f3 Infantil i Familiar Joaquim&nbsp;Blume: Factors que hi intervenen.&nbsp;<\/p>\n\n\n\n<p><strong>Nom estudiant:<\/strong>&nbsp;M\u00aa del Mar Moya V\u00e1zquez.&nbsp;<\/p>\n\n\n\n<p><strong>Tutora:<\/strong>&nbsp;Lurdes&nbsp;Mart\u00ednez&nbsp;M\u00ednguez.&nbsp;<\/p>\n\n\n\n<p><strong>Curs:<\/strong> 2016-2017.<\/p>\n\n\n\n<pre class=\"wp-block-preformatted\"> <\/pre>\n\n\n\n<p><strong>T\u00edtol TFM:<\/strong>&nbsp;Cap a una comprensi\u00f3 simp\u00e0tica: Estudi dels efectes beneficiosos d\u2019un major coneixement de l\u2019alumnat de secund\u00e0ria.&nbsp;<\/p>\n\n\n\n<p><strong>Nom estudiant:<\/strong>&nbsp;Joan Escoda Dom\u00e8nech.&nbsp;<\/p>\n\n\n\n<p><strong>Tutora:<\/strong>&nbsp;Lurdes&nbsp;Mart\u00ednez&nbsp;M\u00ednguez.&nbsp;<\/p>\n\n\n\n<p><strong>Curs:<\/strong> 2016-2017.<\/p>\n\n\n\n<pre class=\"wp-block-preformatted\"> <\/pre>\n\n\n\n<h2 class=\"wp-block-heading\"><strong>CURS 2015-2016&nbsp;<\/strong><\/h2>\n\n\n\n<p><strong>T\u00edtol TFM:<\/strong>&nbsp;Fonaments pel disseny de l\u2019avaluaci\u00f3 del programa d\u2019ensenyament-aprenentatge feli\u00e7.&nbsp;<\/p>\n\n\n\n<p><strong>Nom estudiant:&nbsp;<\/strong>Gemma Mora&nbsp;Muntadas.&nbsp;<\/p>\n\n\n\n<p><strong>Tutora:<\/strong>&nbsp;Lurdes&nbsp;Mart\u00ednez&nbsp;M\u00ednguez.&nbsp;<\/p>\n\n\n\n<p><strong>Curs:<\/strong> 2015-2016.<\/p>\n\n\n\n<pre class=\"wp-block-preformatted\"> <\/pre>\n\n\n\n<p><strong>T\u00edtol TFM:&nbsp;<\/strong>Les compet\u00e8ncies del psicomotricista. An\u00e0lisi comparatiu en diferents moments formatius.&nbsp;<\/p>\n\n\n\n<p><strong>Nom estudiant:<\/strong>&nbsp;Aina Gavald\u00e0 Miralles.&nbsp;<\/p>\n\n\n\n<p><strong>Tutora:<\/strong>&nbsp;Lurdes&nbsp;Mart\u00ednez&nbsp;M\u00ednguez.&nbsp;<\/p>\n\n\n\n<p><strong>Curs:<\/strong> 2015-2016.<\/p>\n\n\n\n<pre class=\"wp-block-preformatted\"> <\/pre>\n\n\n\n<h2 class=\"wp-block-heading\"><strong>CURS 2014-2015&nbsp;<\/strong><\/h2>\n\n\n\n<p><strong>T\u00edtol TFM:<\/strong>&nbsp;L\u2019\u00fas del cos en l\u2019aprenentatge de l\u2019escriptura.&nbsp;<\/p>\n\n\n\n<p><strong>Nom estudiant:<\/strong>&nbsp;Ariadna&nbsp;Faustino&nbsp;Aldea.&nbsp;<\/p>\n\n\n\n<p><strong>Tutora:<\/strong>&nbsp;Lurdes&nbsp;Mart\u00ednez&nbsp;M\u00ednguez.&nbsp;<\/p>\n\n\n\n<p><strong>Curs:<\/strong> 2014-2015.<\/p>\n\n\n\n<pre class=\"wp-block-preformatted\"> <\/pre>\n\n\n\n<p><strong>T\u00edtol TFM:<\/strong>&nbsp;Searching&nbsp;for&nbsp;Embodiment&nbsp;in&nbsp;primary&nbsp;School:&nbsp;The&nbsp;case&nbsp;of&nbsp;Psychomotor&nbsp; Education&nbsp;for&nbsp;autonomy&nbsp;and&nbsp;social&nbsp;skills.&nbsp;<\/p>\n\n\n\n<p><strong>Nom estudiant:<\/strong>&nbsp;Amalia&nbsp;Giannoutsou.&nbsp;<\/p>\n\n\n\n<p><strong>Tutora:<\/strong>&nbsp;Lurdes&nbsp;Mart\u00ednez&nbsp;M\u00ednguez.&nbsp;<\/p>\n\n\n\n<p><strong>Curs:<\/strong> 2014-2015.<\/p>\n\n\n\n<pre class=\"wp-block-preformatted\"> <\/pre>\n\n\n\n<h2 class=\"wp-block-heading\"><strong>CURS 2013-2014&nbsp;<\/strong><\/h2>\n\n\n\n<p><strong>T\u00edtol TFM:<\/strong>&nbsp;La formaci\u00f3 personal en l\u2019\u00e0mbit de la corpore\u00eftat en els estudis de Mestre\/a d\u2019Educaci\u00f3 Infantil de Catalunya.&nbsp;<\/p>\n\n\n\n<p><strong>Nom estudiant:<\/strong>&nbsp;Laura Moya Prados.&nbsp;<\/p>\n\n\n\n<p><strong>Tutora:<\/strong>&nbsp;Lurdes&nbsp;Mart\u00ednez&nbsp;M\u00ednguez.&nbsp;<\/p>\n\n\n\n<p><strong>Curs:<\/strong> 2013-2014.<\/p>\n\n\n\n<pre class=\"wp-block-preformatted\"> <\/pre>\n\n\n\n<p><strong>T\u00edtol TFM:<\/strong>&nbsp;Jo tamb\u00e9 vull ser protagonista, com el meu germ\u00e0. La import\u00e0ncia de l&#8217;atenci\u00f3 psicomotriu individualitzada.&nbsp;<br><strong>Nom estudiant:<\/strong>&nbsp;Francesc Porta Mart\u00ednez.&nbsp;<\/p>\n\n\n\n<p><strong>Tutora:<\/strong>&nbsp;Montserrat Anton&nbsp;Rosera.&nbsp;<\/p>\n\n\n\n<p><strong>Curs:<\/strong> 2013-2014.<\/p>\n\n\n\n<p>&nbsp;<\/p>\n\n\n\n<p><\/p>\n","protected":false},"excerpt":{"rendered":"<p>El GREP&nbsp;UAB&nbsp;contribueix al fet que hagi m\u00e9s investigaci\u00f3 relacionada amb la Psicomotricitat i que aquesta sigui de qualitat.&nbsp; Els seus membres dirigeixen&nbsp;Treballs de Fi de&nbsp;M\u00e0ster&nbsp;(TFM)&nbsp;del&nbsp;M\u00e0ster Universitari de Recerca en Educaci\u00f3&nbsp;de la Universitat Aut\u00f2noma de Barcelona,&nbsp;dins de l\u2019especialitat&nbsp;\u201cArt, Cos i Moviment\u201d.&nbsp; A continuaci\u00f3, es mostren els TFM&nbsp;tutoritzats&nbsp;pels i les membres del GREP UAB.&nbsp; CURS 2024-2025&nbsp; T\u00edtol [&hellip;]<\/p>\n","protected":false},"author":20,"featured_media":0,"parent":0,"menu_order":0,"comment_status":"closed","ping_status":"closed","template":"","meta":{"footnotes":""},"class_list":["post-383","page","type-page","status-publish","hentry"],"_links":{"self":[{"href":"https:\/\/webs.uab.cat\/grepuab\/wp-json\/wp\/v2\/pages\/383","targetHints":{"allow":["GET"]}}],"collection":[{"href":"https:\/\/webs.uab.cat\/grepuab\/wp-json\/wp\/v2\/pages"}],"about":[{"href":"https:\/\/webs.uab.cat\/grepuab\/wp-json\/wp\/v2\/types\/page"}],"author":[{"embeddable":true,"href":"https:\/\/webs.uab.cat\/grepuab\/wp-json\/wp\/v2\/users\/20"}],"replies":[{"embeddable":true,"href":"https:\/\/webs.uab.cat\/grepuab\/wp-json\/wp\/v2\/comments?post=383"}],"version-history":[{"count":12,"href":"https:\/\/webs.uab.cat\/grepuab\/wp-json\/wp\/v2\/pages\/383\/revisions"}],"predecessor-version":[{"id":2103,"href":"https:\/\/webs.uab.cat\/grepuab\/wp-json\/wp\/v2\/pages\/383\/revisions\/2103"}],"wp:attachment":[{"href":"https:\/\/webs.uab.cat\/grepuab\/wp-json\/wp\/v2\/media?parent=383"}],"curies":[{"name":"wp","href":"https:\/\/api.w.org\/{rel}","templated":true}]}}