{"id":84,"date":"2016-01-19T13:43:45","date_gmt":"2016-01-19T11:43:45","guid":{"rendered":"https:\/\/webs.uab.cat\/grepuab\/pagina\/"},"modified":"2016-01-19T13:43:45","modified_gmt":"2016-01-19T11:43:45","slug":"pagina","status":"publish","type":"page","link":"https:\/\/webs.uab.cat\/grepuab\/pagina\/","title":{"rendered":"Presentaci\u00f3"},"content":{"rendered":"<p>La intervenci\u00f3 psicomotriu a la UAB ent\u00e9n com una eina que permet l&#8217;abordatge el plantejament educatiu i preventiu en tot el referent al desenvolupament i aprenentatge de l&#8217;infant respectant la diversitat i l&#8217;entorn, especialment en les primeres edats de la vida.<\/p>\n<p>L&#8217;etapa d&#8217;educaci\u00f3 infantil i els primers cursos d&#8217;educaci\u00f3 prim\u00e0ria \u00e9s on el nen es manifesta des de la seva globalitat i on els professionals que l&#8217;acompanyen en el seu desenvolupament han de tenir una actuaci\u00f3 basada en la mirada atenta, l&#8217;observaci\u00f3, l&#8217;escolta i l&#8217;acci\u00f3.<\/p>\n<p>L&#8217;equip hum\u00e0 que desenvolupa aquesta \u00e0rea a la Facultat de Ci\u00e8ncies de l&#8217;Educaci\u00f3 ha anat creixent i consolidant-se. Una mostra s\u00f3n:<\/p>\n<p>1. El reconeixement del Grup de Recerca en Educaci\u00f3 Psicomotriu com a grup de recerca emergent per l&#8217;Ag\u00e8ncia de Gesti\u00f3 d&#8217;Ajuts Universitaris i de Recerca (AGAUR) de Catalunya.<\/p>\n<p>&nbsp;2. L&#8217;organitzaci\u00f3 del Postgrau de Desenvolupament Psicomotor de 0 a 8 anys amb una mitjana de 25 participants en cadascuna d&#8217;elles.<\/p>\n<p>&nbsp;3. Les Jornades de Reflexi\u00f3: Psicomotricitat i Escola amb entre 100 i 200 participants en cada edici\u00f3.<\/p>\n<p>&nbsp;4. La coorganitzaci\u00f3 del 5\u00e8 Congr\u00e9s Europeu de Psicomotricitat.<\/p>\n<p>&nbsp;5. La col\u00b7laboraci\u00f3 en el organirtzaci\u00f3 de la 25th Conference EECERA (European Early Childhood Education Research Association)<\/p>\n<p>El professorat d&#8217;aquesta disciplina a m\u00e9s de col\u00b7laborar en diferents Postgraus, M\u00e0sters i Jornades d&#8217;Espanya, a la UAB \u00e9s responsable d&#8217;impartir la doc\u00e8ncia en diferents assignatures:<\/p>\n<p>&#8211; De l&#8217;Grau en Educaci\u00f3 Infantil:<\/p>\n<p>&nbsp;&nbsp;&nbsp;&nbsp;Did\u00e0ctica de l&#8217;Educaci\u00f3 Corporal en els centres d&#8217;Educaci\u00f3 Infantil (3er curs GEH)<br \/>\n&nbsp;&nbsp;&nbsp;&nbsp;Educaci\u00f3 Psicomotriu en els centres d&#8217;Educaci\u00f3 Infantil (4t curs GEH)<br \/>\n&nbsp;&nbsp;&nbsp;&nbsp;Joc i moviment (4t curs GEH)<\/p>\n<p>&#8211; De l&#8217;Postgrau de Desenvolupament Psicomotor de 0 a 8 anys.<\/p>\n<p>&#8211; De l&#8217;M\u00e0ster Universitari de Recerca en Educaci\u00f3:<\/p>\n<p>Aquest \u00faltim M\u00e0ster inclou l&#8217;especialitat d&#8217;Art, Cos i Moviment sent el primer i actualment \u00fanic M\u00e0ster oficial de recerca a tot l&#8217;Estat Espanyol i Am\u00e8rica Llatina que contempla formar investigadors \/ es en Educaci\u00f3 Psicomotriu.<\/p>\n","protected":false},"excerpt":{"rendered":"<p>La intervenci\u00f3 psicomotriu a la UAB ent\u00e9n com una eina que permet l&#8217;abordatge el plantejament educatiu i preventiu en tot el referent al desenvolupament i aprenentatge de l&#8217;infant respectant la diversitat i l&#8217;entorn, especialment en les primeres edats de la vida. L&#8217;etapa d&#8217;educaci\u00f3 infantil i els primers cursos d&#8217;educaci\u00f3 prim\u00e0ria \u00e9s on el nen es [&hellip;]<\/p>\n","protected":false},"author":20,"featured_media":0,"parent":0,"menu_order":0,"comment_status":"closed","ping_status":"closed","template":"","meta":{"footnotes":""},"class_list":["post-84","page","type-page","status-publish","hentry"],"_links":{"self":[{"href":"https:\/\/webs.uab.cat\/grepuab\/wp-json\/wp\/v2\/pages\/84","targetHints":{"allow":["GET"]}}],"collection":[{"href":"https:\/\/webs.uab.cat\/grepuab\/wp-json\/wp\/v2\/pages"}],"about":[{"href":"https:\/\/webs.uab.cat\/grepuab\/wp-json\/wp\/v2\/types\/page"}],"author":[{"embeddable":true,"href":"https:\/\/webs.uab.cat\/grepuab\/wp-json\/wp\/v2\/users\/20"}],"replies":[{"embeddable":true,"href":"https:\/\/webs.uab.cat\/grepuab\/wp-json\/wp\/v2\/comments?post=84"}],"version-history":[{"count":0,"href":"https:\/\/webs.uab.cat\/grepuab\/wp-json\/wp\/v2\/pages\/84\/revisions"}],"wp:attachment":[{"href":"https:\/\/webs.uab.cat\/grepuab\/wp-json\/wp\/v2\/media?parent=84"}],"curies":[{"name":"wp","href":"https:\/\/api.w.org\/{rel}","templated":true}]}}