{"id":986,"date":"2023-04-25T14:06:13","date_gmt":"2023-04-25T12:06:13","guid":{"rendered":"https:\/\/webs.uab.cat\/grepuab\/?page_id=986"},"modified":"2023-04-25T14:14:54","modified_gmt":"2023-04-25T12:14:54","slug":"projectes","status":"publish","type":"page","link":"https:\/\/webs.uab.cat\/grepuab\/recerca\/projectes\/","title":{"rendered":"Projectes"},"content":{"rendered":"\n<p><span style=\"text-decoration: underline\">T\u00edtol del projecte<\/span>: Aprenentatge Basat en la Investigaci\u00f3 (ABI). Un model d\u2019aprenentatge seq\u00fcencial en les assignatures de grau de la Facultat de Ci\u00e8ncies de l\u2019Educaci\u00f3.<br><\/p>\n\n\n\n<p>Projecte concedit a la convocat\u00f2ria del Programa Intern de Millora i Innovaci\u00f3 Docent<br>2022, de la Facultat de Ci\u00e8ncies de l\u2019Educaci\u00f3 de la Universitat Aut\u00f2noma de Barcelona.<br><\/p>\n\n\n\n<p>Per\u00edode de 11 mesos. Import atorgat: 1.000\u20ac.&nbsp; Investigadora principal: Dra. Merc\u00e8<br>Jariot Garcia. N\u00ba investigadores: 15.<br><\/p>\n\n\n\n<div class=\"wp-block-group\"><div class=\"wp-block-group__inner-container is-layout-flow wp-block-group-is-layout-flow\">\n<p class=\"has-verd-tropic-background-color has-background\"><\/p>\n<\/div><\/div>\n\n\n\n<p><\/p>\n\n\n\n<p><span style=\"text-decoration: underline\">T\u00edtol del projecte<\/span>: La integraci\u00f3 de la recerca en la doc\u00e8ncia en els graus d\u2019Educaci\u00f3 a la Facultat: diagnosi i estrat\u00e8gies d\u2019acci\u00f3. <\/p>\n\n\n\n<p>Projecte concedit a la convocat\u00f2ria del Programa Intern de Millora i Innovaci\u00f3 Docent 2021, de la Facultat de Ci\u00e8ncies de l\u2019Educaci\u00f3 de la Universitat Aut\u00f2noma de Barcelona. <\/p>\n\n\n\n<p>Per\u00edode de 5 mesos. Import atorgat: 2.000\u20ac.&nbsp; Investigadora principal: Dra. Laura Arnau Sabates. N\u00ba investigadores:<br>14.<\/p>\n\n\n\n<div class=\"wp-block-group\"><div class=\"wp-block-group__inner-container is-layout-flow wp-block-group-is-layout-flow\">\n<h2 class=\"has-verd-tropic-background-color has-background wp-block-heading\"><\/h2>\n<\/div><\/div>\n\n\n\n<p><\/p>\n\n\n\n<p><span style=\"text-decoration: underline\">T\u00edtol del projecte:<\/span> Projecte d\u2019innovaci\u00f3 OQD- La interacci\u00f3 doc\u00e8ncia-investigaci\u00f3:<br>aplicaci\u00f3 de l\u2019aprenentatge basat en la recerca en els graus d\u2019Educaci\u00f3. Per\u00edode: de<br>1\/9\/21 a 1\/11\/22. Import atorgat: 720 \u20ac. Investigadora principal: Dra. Laura Arnau<br>Sabates. N\u00ba investigadores: 16.<\/p>\n\n\n\n<div class=\"wp-block-group has-verd-tropic-background-color has-background\"><div class=\"wp-block-group__inner-container is-layout-flow wp-block-group-is-layout-flow\">\n<h1 class=\"wp-block-heading\"><\/h1>\n<\/div><\/div>\n\n\n\n<p><\/p>\n\n\n\n<p><span style=\"text-decoration: underline\">T\u00edtol del projecte:<\/span> Impulsar la col.laboraci\u00f3 entre les assignatures obligat\u00f2ries de 4t del Grau en Educaci\u00f3 Infantil per treballar de forma interdisciplin\u00e0ria i per projectes propers a la realitat de l\u2019escola infantil.\u00a0<\/p>\n\n\n\n<p>Projecte concedit a la convocat\u00f2ria del Programa Intern de&nbsp; Millorar i Innovaci\u00f3 Docent 2021, de la Facultat de Ci\u00e8ncies de l\u2019Educaci\u00f3 de la Universitat Aut\u00f2noma de Barcelona. <\/p>\n\n\n\n<p>Resoluci\u00f3 de 27 de juny de 2021. De 7 mesos de durada. Import atorgat: 2.000\u20ac.&nbsp;Investigadora principal: Dra. J\u00e8ssica P\u00e9rez Moreno. N\u00ba<br>investigadors: 10.<\/p>\n\n\n\n<div class=\"wp-block-group has-verd-tropic-background-color has-background\"><div class=\"wp-block-group__inner-container is-layout-flow wp-block-group-is-layout-flow\">\n<h2 class=\"wp-block-heading\"><\/h2>\n<\/div><\/div>\n\n\n\n<p><\/p>\n\n\n\n<p><span style=\"text-decoration: underline\">T\u00edtol del projecte:<\/span> Posar en marxa el Laboratori d&#8217;Infantil dotant-lo de material did\u00e0ctic i manipulatiu innovador per millorar la doc\u00e8ncia de diferents assignatures i \u00e0rees de coneixement del Grau en Educaci\u00f3 Infantil.\u00a0<\/p>\n\n\n\n<p>Projecte concedit a la convocat\u00f2ria del Programa Intern de&nbsp; Millorar i Innovaci\u00f3 Docent 2019, de la Facultat de Ci\u00e8ncies de l\u2019Educaci\u00f3 de la Universitat Aut\u00f2noma de Barcelona. Resoluci\u00f3 de 27 de maig de 2019.<br><\/p>\n\n\n\n<p>De 7 mesos de durada. Import atorgat: 2.000\u20ac. Investigadora principal: Dra. Lurdes<br>Mart\u00ednez M\u00ednguez. N\u00ba investigadors: 13<\/p>\n\n\n\n<div class=\"wp-block-group has-verd-tropic-background-color has-background\"><div class=\"wp-block-group__inner-container is-layout-flow wp-block-group-is-layout-flow\">\n<h1 class=\"wp-block-heading\"><\/h1>\n<\/div><\/div>\n\n\n\n<p><\/p>\n\n\n\n<p><span style=\"text-decoration: underline\">T\u00edtol del projecte:<\/span> Laboratori d\u2019Infantil.\u00a0<\/p>\n\n\n\n<p>Projecte concedit a la convocat\u00f2ria del<br>Programa Intern de&nbsp; Millorar i Innovaci\u00f3 Docent 2018, de la Facultat de Ci\u00e8ncies de<br>l\u2019Educaci\u00f3 de la Universitat Aut\u00f2noma de Barcelona. Resoluci\u00f3 de 24 de juliol de 2018.<\/p>\n\n\n\n<p><br>De 5 mesos de durada. Import atorgat: 2.500\u20ac. Investigadora principal: Dra. S\u00edlvia<br>Blanch Gelabert. N\u00ba investigadors: 9.<\/p>\n\n\n\n<div class=\"wp-block-group has-verd-tropic-background-color has-background\"><div class=\"wp-block-group__inner-container is-layout-flow wp-block-group-is-layout-flow\">\n<h1 class=\"wp-block-heading\"><\/h1>\n<\/div><\/div>\n\n\n\n<p><\/p>\n\n\n\n<p><span style=\"text-decoration: underline\">T\u00edtol del projecte:<\/span> Avaluaci\u00f3 formativa, metodologies actives i desenvolupament de<br>compet\u00e8ncies professionals en la formaci\u00f3 inicial del Mestre d&#8217;Educaci\u00f3 Infantil i<br>d&#8217;Educaci\u00f3 F\u00edsica davant l&#8217;EEES. An\u00e0lisi de les assignatures impartides pel professorat de la Unitat d&#8217;Educaci\u00f3 Corporal de la Universitat Aut\u00f2noma de Barcelona. <\/p>\n\n\n\n<p>Convocat\u00f2ria d&#8217;Ajuts per al finan\u00e7ament de projectes per a la millora de la qualitat docent a les universitats catalanes de l&#8217;any 2010 (MQD) de l&#8217;Ag\u00e8ncia de Gesti\u00f3 d&#8217;Ajuts Universitaris i de Recerca (AGAUR). Resoluci\u00f3 IUE\/2797\/2010, de 2 d&#8217;agost (DOGC n\u00fam. 5708-6.9.2010). Refer\u00e8ncia: 2010 MQD 117.<\/p>\n","protected":false},"excerpt":{"rendered":"<p>T\u00edtol del projecte: Aprenentatge Basat en la Investigaci\u00f3 (ABI). Un model d\u2019aprenentatge seq\u00fcencial en les assignatures de grau de la Facultat de Ci\u00e8ncies de l\u2019Educaci\u00f3. Projecte concedit a la convocat\u00f2ria del Programa Intern de Millora i Innovaci\u00f3 Docent2022, de la Facultat de Ci\u00e8ncies de l\u2019Educaci\u00f3 de la Universitat Aut\u00f2noma de Barcelona. Per\u00edode de 11 mesos. [&hellip;]<\/p>\n","protected":false},"author":63,"featured_media":0,"parent":323,"menu_order":0,"comment_status":"closed","ping_status":"closed","template":"","meta":{"footnotes":""},"class_list":["post-986","page","type-page","status-publish","hentry"],"_links":{"self":[{"href":"https:\/\/webs.uab.cat\/grepuab\/wp-json\/wp\/v2\/pages\/986","targetHints":{"allow":["GET"]}}],"collection":[{"href":"https:\/\/webs.uab.cat\/grepuab\/wp-json\/wp\/v2\/pages"}],"about":[{"href":"https:\/\/webs.uab.cat\/grepuab\/wp-json\/wp\/v2\/types\/page"}],"author":[{"embeddable":true,"href":"https:\/\/webs.uab.cat\/grepuab\/wp-json\/wp\/v2\/users\/63"}],"replies":[{"embeddable":true,"href":"https:\/\/webs.uab.cat\/grepuab\/wp-json\/wp\/v2\/comments?post=986"}],"version-history":[{"count":6,"href":"https:\/\/webs.uab.cat\/grepuab\/wp-json\/wp\/v2\/pages\/986\/revisions"}],"predecessor-version":[{"id":995,"href":"https:\/\/webs.uab.cat\/grepuab\/wp-json\/wp\/v2\/pages\/986\/revisions\/995"}],"up":[{"embeddable":true,"href":"https:\/\/webs.uab.cat\/grepuab\/wp-json\/wp\/v2\/pages\/323"}],"wp:attachment":[{"href":"https:\/\/webs.uab.cat\/grepuab\/wp-json\/wp\/v2\/media?parent=986"}],"curies":[{"name":"wp","href":"https:\/\/api.w.org\/{rel}","templated":true}]}}