{"id":997,"date":"2023-05-03T21:46:00","date_gmt":"2023-05-03T19:46:00","guid":{"rendered":"https:\/\/webs.uab.cat\/grepuab\/?page_id=997"},"modified":"2023-05-03T21:55:05","modified_gmt":"2023-05-03T19:55:05","slug":"projectes-competitius","status":"publish","type":"page","link":"https:\/\/webs.uab.cat\/grepuab\/recerca\/projectes-competitius\/","title":{"rendered":"Projectes Competitius"},"content":{"rendered":"\n<p>T\u00edtol: <strong>Avaluaci\u00f3 de compet\u00e8ncies als Treballs fi d&#8217;Estudis (Grau i M\u00e0ster) en la formaci\u00f3 inicial del professorat d&#8217;Educaci\u00f3 F\u00edsica.<\/strong><\/p>\n\n\n\n<p>Convocat\u00f2ria de Projectes R+D+i \u201cReptes Recerca\u201d corresponent al Programa Estatal d&#8217;R+D+i Orientada als Reptes de la Societat, BOE 201, dilluns 20 agost de 2018.<\/p>\n\n\n\n<p>Refer\u00e8ncia: RTI2018-093292-B-I00.<\/p>\n\n\n\n<p>Durada 3 anys. Data inici: 01\/01\/2019 i data finalitzaci\u00f3: 30\/09\/2022.<\/p>\n\n\n\n<p>Investigadores principals: Dra. Rosario Romero Mart\u00edn (Universitat de Saragossa) i Eloisa Lorente Catal\u00e0 (Universitat de Lleida-INEFC).<\/p>\n\n\n\n<p>Import atorgat: 27.467 \u20ac.<\/p>\n\n\n\n<h2 class=\"wp-block-heading\"><\/h2>\n\n\n\n<div class=\"wp-block-columns is-layout-flex wp-container-core-columns-is-layout-9d6595d7 wp-block-columns-is-layout-flex\">\n<div class=\"wp-block-column is-layout-flow wp-block-column-is-layout-flow\" style=\"flex-basis:100%\">\n<h2 class=\"wp-block-heading\"><\/h2>\n<\/div>\n<\/div>\n\n\n\n<p>T\u00edtol:<em> <\/em><strong>Autoavaluaci\u00f3 de compet\u00e8ncies dels estudiants i desenvolupament professional dels mestres. Millora de la pr\u00e0ctica i innovaci\u00f3 docent treballant per projectes d&#8217;aprenentatge psicomotors co-tutorats universitat-escola.<\/strong><\/p>\n\n\n\n<p>Convocat\u00f2ria d\u2019Ajuts de recerca per a la millora de la Formaci\u00f3 Inicial de Mestres (ARMIF), (DOGC n\u00fam. 7461 de 26 de setembre de 2017) de l\u2019Ag\u00e8ncia de Gesti\u00f3 d\u2019Ajuts Universitaris i de Recerca (AGAUR).<\/p>\n\n\n\n<p>Refer\u00e8ncia: 2017-ARMIF-00013.<\/p>\n\n\n\n<p>Data d\u2019inici: 20\/06\/2018 i data final: 20\/12\/2020.<\/p>\n\n\n\n<p>Investigadora principal: Dra. Lurdes Mart\u00ednez M\u00ednguez. n\u00ba investigadors: 20.<\/p>\n\n\n\n<p>Import atorgat: 25.000\u20ac<\/p>\n\n\n\n<h2 class=\"wp-block-heading\"><\/h2>\n\n\n\n<div class=\"wp-block-columns is-layout-flex wp-container-core-columns-is-layout-9d6595d7 wp-block-columns-is-layout-flex\">\n<div class=\"wp-block-column is-layout-flow wp-block-column-is-layout-flow\"><\/div>\n<\/div>\n\n\n\n<p>T\u00edtol:<em> <\/em><strong>Millora i innovaci\u00f3 en la formaci\u00f3 psicomotriu inicial de mestres. An\u00e0lisi de mecanismes de vinculaci\u00f3 d\u2019aprenentatges te\u00f2rics amb pr\u00e0ctica real a les escoles fent \u00fas de metodologies actives i avaluaci\u00f3 formativa.<\/strong><\/p>\n\n\n\n<p>Convocat\u00f2ria d\u2019Ajuts de recerca en millora i innovaci\u00f3 en la formaci\u00f3 inicial de mestres per a les titulacions impartides a les universitats participants en el Programa de Millora i Innovaci\u00f3 en la Formaci\u00f3 de Mestres (ARMIF 2014), de l\u2019Ag\u00e8ncia de Gesti\u00f3 d\u2019Ajuts Universitaris i de Recerca (AGAUR).<\/p>\n\n\n\n<p>Convocat\u00f2ria ECO\/2788\/2013 de 20 de desembre.<\/p>\n\n\n\n<p>Refer\u00e8ncia: 2014-ARMIF-00031. Modalitat: 2.<\/p>\n\n\n\n<p>Durada: 1 any (2014-2015)<\/p>\n\n\n\n<p>Investigadora principal: Dra. Lurdes Mart\u00ednez M\u00ednguez. n\u00ba investigadores: 5.<\/p>\n\n\n\n<p>Import atorgat: 10.500\u20ac.<\/p>\n\n\n\n<h2 class=\"wp-block-heading\"><\/h2>\n\n\n\n<div class=\"wp-block-columns is-layout-flex wp-container-core-columns-is-layout-9d6595d7 wp-block-columns-is-layout-flex\">\n<div class=\"wp-block-column is-layout-flow wp-block-column-is-layout-flow\"><\/div>\n<\/div>\n\n\n\n<p>T\u00edtol: <strong>Les compet\u00e8ncies docents en la formaci\u00f3 inicial del professorat d\u2019educaci\u00f3 f\u00edsica.<\/strong><\/p>\n\n\n\n<p>Convocat\u00f2ria Programa Estatal de Recerca, Desenvolupament i Innovaci\u00f3 Orientada als Reptes de la Societat, dins el marc del Pla Estatal de Recerca Cient\u00edfica i T\u00e8cnica i d&#8217;Innovaci\u00f3 2013-2016.<\/p>\n\n\n\n<p>Refer\u00e8ncia: EDU 2013-42024-R.<\/p>\n\n\n\n<p>Durada: 3 anys (2013-2016).<\/p>\n\n\n\n<p>Investigadors Principals: V\u00edctor Manuel L\u00f3pez Pastor i Antonio Fraile Aranda (Universitat de Valladolid).<\/p>\n\n\n\n<p>Pressupost: 35.000 \u20ac.<\/p>\n\n\n\n<h2 class=\"wp-block-heading\"><\/h2>\n\n\n\n<div class=\"wp-block-columns is-layout-flex wp-container-core-columns-is-layout-9d6595d7 wp-block-columns-is-layout-flex\">\n<div class=\"wp-block-column is-layout-flow wp-block-column-is-layout-flow\"><\/div>\n<\/div>\n\n\n\n<p>T\u00edtol: <strong>L\u2019avaluaci\u00f3 en la formaci\u00f3 inicial del professorat deducaci\u00f3 f\u00edsica.<\/strong><\/p>\n\n\n\n<p>Convocat\u00f2ria del Pla Nacional de Projectes R+D+i (2008-2011) (BOE del 31\/12\/2009). Projectes de recerca fonamental no orientada. Tipus B.<\/p>\n\n\n\n<p>Refer\u00e8ncia: EDU 2010-19637 (Subprograma EDUC)<\/p>\n\n\n\n<p>3 anys de durada (2010-2012).<\/p>\n\n\n\n<p>Investigador Principal: Dr. Antonio Fraile Aranda (Universitat de Valladolid).<\/p>\n\n\n\n<p>Import: 26.000 \u20ac.<\/p>\n\n\n\n<h2 class=\"wp-block-heading\"><\/h2>\n\n\n\n<div class=\"wp-block-columns is-layout-flex wp-container-core-columns-is-layout-9d6595d7 wp-block-columns-is-layout-flex\">\n<div class=\"wp-block-column is-layout-flow wp-block-column-is-layout-flow\"><\/div>\n<\/div>\n\n\n\n<p>T\u00edtol<strong>: Avaluaci\u00f3 formativa, metodologies actives i desenvolupament de compet\u00e8ncies professionals en la formaci\u00f3 inicial del Mestre d&#8217;Educaci\u00f3 Infantil i d&#8217;Educaci\u00f3 F\u00edsica davant l&#8217;EEES<\/strong>. <strong>An\u00e0lisi de les assignatures impartides pel professorat de la Unitat d\u2019Educaci\u00f3 Corporal de la Universitat Aut\u00f2noma de Barcelona<\/strong>. Convocat\u00f2ria d&#8217;Ajuts per al finan\u00e7ament de projectes per a la millora de la qualitat docent a les universitats catalanes de l&#8217;any 2010 (MQD) de l&#8217;Ag\u00e8ncia de Gesti\u00f3 d&#8217;Ajuts Universitaris i de Recerca (AGAUR). Resoluci\u00f3 IUE\/2797\/2010, de 2 d&#8217;agost (DOGC n\u00fam. 5708-6.9.2010).<\/p>\n\n\n\n<p>Refer\u00e8ncia: 2010 MQD 117.<\/p>\n","protected":false},"excerpt":{"rendered":"<p>T\u00edtol: Avaluaci\u00f3 de compet\u00e8ncies als Treballs fi d&#8217;Estudis (Grau i M\u00e0ster) en la formaci\u00f3 inicial del professorat d&#8217;Educaci\u00f3 F\u00edsica. Convocat\u00f2ria de Projectes R+D+i \u201cReptes Recerca\u201d corresponent al Programa Estatal d&#8217;R+D+i Orientada als Reptes de la Societat, BOE 201, dilluns 20 agost de 2018. Refer\u00e8ncia: RTI2018-093292-B-I00. Durada 3 anys. Data inici: 01\/01\/2019 i data finalitzaci\u00f3: 30\/09\/2022. [&hellip;]<\/p>\n","protected":false},"author":63,"featured_media":0,"parent":323,"menu_order":0,"comment_status":"closed","ping_status":"closed","template":"","meta":{"footnotes":""},"class_list":["post-997","page","type-page","status-publish","hentry"],"_links":{"self":[{"href":"https:\/\/webs.uab.cat\/grepuab\/wp-json\/wp\/v2\/pages\/997","targetHints":{"allow":["GET"]}}],"collection":[{"href":"https:\/\/webs.uab.cat\/grepuab\/wp-json\/wp\/v2\/pages"}],"about":[{"href":"https:\/\/webs.uab.cat\/grepuab\/wp-json\/wp\/v2\/types\/page"}],"author":[{"embeddable":true,"href":"https:\/\/webs.uab.cat\/grepuab\/wp-json\/wp\/v2\/users\/63"}],"replies":[{"embeddable":true,"href":"https:\/\/webs.uab.cat\/grepuab\/wp-json\/wp\/v2\/comments?post=997"}],"version-history":[{"count":8,"href":"https:\/\/webs.uab.cat\/grepuab\/wp-json\/wp\/v2\/pages\/997\/revisions"}],"predecessor-version":[{"id":1007,"href":"https:\/\/webs.uab.cat\/grepuab\/wp-json\/wp\/v2\/pages\/997\/revisions\/1007"}],"up":[{"embeddable":true,"href":"https:\/\/webs.uab.cat\/grepuab\/wp-json\/wp\/v2\/pages\/323"}],"wp:attachment":[{"href":"https:\/\/webs.uab.cat\/grepuab\/wp-json\/wp\/v2\/media?parent=997"}],"curies":[{"name":"wp","href":"https:\/\/api.w.org\/{rel}","templated":true}]}}