{"id":1001,"date":"2026-02-20T12:46:19","date_gmt":"2026-02-20T10:46:19","guid":{"rendered":"https:\/\/webs.uab.cat\/gret\/?page_id=1001"},"modified":"2026-02-20T12:47:34","modified_gmt":"2026-02-20T10:47:34","slug":"contacte","status":"publish","type":"page","link":"https:\/\/webs.uab.cat\/gret\/contacte\/","title":{"rendered":"Contacte"},"content":{"rendered":"\n<p><strong>Adre\u00e7a<\/strong><br>GRET<br>B3\/-107<br>Torre ECO<br>Universitat Aut\u00f2noma de Barcelona<br>Campus de Bellaterra<br>08193-Cerdanyola del Vall\u00e8s<\/p>\n\n\n\n<p><strong>Correu electr\u00f2nic<\/strong><br><a href=\"mailto:gr.gret@uab.cat\" target=\"_blank\" rel=\"noreferrer noopener\">gr.gret@uab.cat<\/a><br><a href=\"https:\/\/maps.app.goo.gl\/nkEojFVMrcna325s5\">MAPA<\/a><\/p>\n\n\n\n<figure class=\"wp-block-image size-full\"><img loading=\"lazy\" decoding=\"async\" width=\"695\" height=\"452\" src=\"https:\/\/webs.uab.cat\/gret\/wp-content\/uploads\/sites\/620\/2026\/02\/image.png\" alt=\"\" class=\"wp-image-1002\" srcset=\"https:\/\/webs.uab.cat\/gret\/wp-content\/uploads\/sites\/620\/2026\/02\/image.png 695w, https:\/\/webs.uab.cat\/gret\/wp-content\/uploads\/sites\/620\/2026\/02\/image-300x195.png 300w\" sizes=\"auto, (max-width: 695px) 100vw, 695px\" \/><\/figure>\n\n\n\n<figure class=\"wp-block-image size-full\"><img loading=\"lazy\" decoding=\"async\" width=\"903\" height=\"670\" src=\"https:\/\/webs.uab.cat\/gret\/wp-content\/uploads\/sites\/620\/2026\/02\/image-1.png\" alt=\"\" class=\"wp-image-1005\" srcset=\"https:\/\/webs.uab.cat\/gret\/wp-content\/uploads\/sites\/620\/2026\/02\/image-1.png 903w, https:\/\/webs.uab.cat\/gret\/wp-content\/uploads\/sites\/620\/2026\/02\/image-1-300x223.png 300w, https:\/\/webs.uab.cat\/gret\/wp-content\/uploads\/sites\/620\/2026\/02\/image-1-768x570.png 768w\" sizes=\"auto, (max-width: 903px) 100vw, 903px\" \/><\/figure>\n","protected":false},"excerpt":{"rendered":"<p>Adre\u00e7aGRETB3\/-107Torre ECOUniversitat Aut\u00f2noma de BarcelonaCampus de Bellaterra08193-Cerdanyola del Vall\u00e8s Correu electr\u00f2nicgr.gret@uab.catMAPA<\/p>\n","protected":false},"author":3032,"featured_media":0,"parent":0,"menu_order":8,"comment_status":"closed","ping_status":"closed","template":"","meta":{"footnotes":""},"class_list":["post-1001","page","type-page","status-publish","hentry"],"_links":{"self":[{"href":"https:\/\/webs.uab.cat\/gret\/wp-json\/wp\/v2\/pages\/1001","targetHints":{"allow":["GET"]}}],"collection":[{"href":"https:\/\/webs.uab.cat\/gret\/wp-json\/wp\/v2\/pages"}],"about":[{"href":"https:\/\/webs.uab.cat\/gret\/wp-json\/wp\/v2\/types\/page"}],"author":[{"embeddable":true,"href":"https:\/\/webs.uab.cat\/gret\/wp-json\/wp\/v2\/users\/3032"}],"replies":[{"embeddable":true,"href":"https:\/\/webs.uab.cat\/gret\/wp-json\/wp\/v2\/comments?post=1001"}],"version-history":[{"count":1,"href":"https:\/\/webs.uab.cat\/gret\/wp-json\/wp\/v2\/pages\/1001\/revisions"}],"predecessor-version":[{"id":1008,"href":"https:\/\/webs.uab.cat\/gret\/wp-json\/wp\/v2\/pages\/1001\/revisions\/1008"}],"wp:attachment":[{"href":"https:\/\/webs.uab.cat\/gret\/wp-json\/wp\/v2\/media?parent=1001"}],"curies":[{"name":"wp","href":"https:\/\/api.w.org\/{rel}","templated":true}]}}