{"id":13,"date":"2025-02-02T19:18:21","date_gmt":"2025-02-02T17:18:21","guid":{"rendered":"https:\/\/webs.uab.cat\/gret\/?page_id=13"},"modified":"2025-10-13T15:57:43","modified_gmt":"2025-10-13T13:57:43","slug":"transferencia","status":"publish","type":"page","link":"https:\/\/webs.uab.cat\/gret\/transferencia\/","title":{"rendered":"Transfer\u00e8ncia"},"content":{"rendered":"\n<div class=\"wp-block-media-text is-stacked-on-mobile\"><figure class=\"wp-block-media-text__media\"><a href=\"https:\/\/webs.uab.cat\/gret\/2025\/03\/07\/observatori-de-competencies-digitals-i-ocupabilitat\/\" target=\"_blank\" rel=\" noreferrer noopener\"><img loading=\"lazy\" decoding=\"async\" width=\"141\" height=\"65\" src=\"https:\/\/webs.uab.cat\/gret\/wp-content\/uploads\/sites\/620\/2025\/03\/image-7.png\" alt=\"\" class=\"wp-image-182 size-full\" \/><\/a><\/figure><div class=\"wp-block-media-text__content\">\n<h2 class=\"wp-block-heading\">Projecte IMAN<a href=\"https:\/\/webs.uab.cat\/gret\/2025\/03\/04\/projecte-traca\/\"><\/a><a href=\"https:\/\/webs.uab.cat\/gret\/2025\/03\/04\/projecte-traca\/\"><\/a><a href=\"https:\/\/webs.uab.cat\/gret\/2025\/03\/07\/observatori-de-competencies-digitals-i-ocupabilitat\/\" target=\"_blank\" rel=\"noreferrer noopener\">\ud83c\udf10<\/a><\/h2>\n\n\n\n<p>Observatori de Compet\u00e8ncies Digitals i Ocupabilitat (2020-2023)<\/p>\n<\/div><\/div>\n\n\n\n<div class=\"wp-block-media-text has-media-on-the-right is-stacked-on-mobile\"><div class=\"wp-block-media-text__content\">\n<h2 class=\"wp-block-heading\">Projecte Via4<a href=\"https:\/\/webs.uab.cat\/gret\/2025\/03\/04\/projecte-traca\/\"><\/a><a href=\"https:\/\/webs.uab.cat\/gret\/2025\/03\/04\/projecte-traca\/\"><\/a><a href=\"https:\/\/webs.uab.cat\/gret\/2025\/03\/13\/projecte-via-universitaria-4\/\" target=\"_blank\" rel=\"noreferrer noopener\">\ud83c\udf10<\/a><\/h2>\n\n\n\n<p>4a edici\u00f3 de l&#8217;estudi Via Universit\u00e0ria (2023-2024)<\/p>\n<\/div><figure class=\"wp-block-media-text__media\"><a href=\"https:\/\/webs.uab.cat\/gret\/2025\/03\/13\/projecte-via-universitaria-4\/\" target=\"_blank\" rel=\" noreferrer noopener\"><img loading=\"lazy\" decoding=\"async\" width=\"221\" height=\"65\" src=\"https:\/\/webs.uab.cat\/gret\/wp-content\/uploads\/sites\/620\/2025\/03\/image-8.png\" alt=\"\" class=\"wp-image-195 size-full\" \/><\/a><\/figure><\/div>\n\n\n\n<div class=\"wp-block-media-text is-stacked-on-mobile\"><figure class=\"wp-block-media-text__media\"><a href=\"https:\/\/webs.uab.cat\/gret\/2025\/03\/13\/projecte-via-universitaria-4\/\" target=\"_blank\" rel=\" noreferrer noopener\"><img loading=\"lazy\" decoding=\"async\" width=\"895\" height=\"429\" src=\"https:\/\/webs.uab.cat\/gret\/wp-content\/uploads\/sites\/620\/2025\/10\/image-3.png\" alt=\"\" class=\"wp-image-711 size-full\" srcset=\"https:\/\/webs.uab.cat\/gret\/wp-content\/uploads\/sites\/620\/2025\/10\/image-3.png 895w, https:\/\/webs.uab.cat\/gret\/wp-content\/uploads\/sites\/620\/2025\/10\/image-3-300x144.png 300w, https:\/\/webs.uab.cat\/gret\/wp-content\/uploads\/sites\/620\/2025\/10\/image-3-768x368.png 768w\" sizes=\"auto, (max-width: 895px) 100vw, 895px\" \/><\/a><\/figure><div class=\"wp-block-media-text__content\">\n<h2 class=\"wp-block-heading\">Informe Formaci\u00f3 Professional a Espanya<a href=\"https:\/\/webs.uab.cat\/gret\/2025\/03\/04\/projecte-traca\/\"><\/a><a href=\"https:\/\/webs.uab.cat\/gret\/2025\/03\/04\/projecte-traca\/\"><\/a><a href=\"https:\/\/webs.uab.cat\/gret\/wp-content\/uploads\/sites\/620\/2025\/04\/4dbb9d2d-9c75-5895-0ffe-c920cbccdd35-1.pdf\" data-type=\"link\" data-id=\"https:\/\/webs.uab.cat\/gret\/wp-content\/uploads\/sites\/620\/2025\/04\/4dbb9d2d-9c75-5895-0ffe-c920cbccdd35-1.pdf\">\ud83c\udf10<\/a><\/h2>\n\n\n\n<p><\/p>\n<\/div><\/div>\n\n\n\n<div class=\"wp-block-media-text has-media-on-the-right is-stacked-on-mobile\" style=\"grid-template-columns:auto 26%\"><div class=\"wp-block-media-text__content\">\n<h2 class=\"wp-block-heading\">Cat\u00e0leg d&#8217;indicadors d\u2019equitat en l\u2019acc\u00e9s, el progr\u00e9s i la inserci\u00f3 laboral en el sistema universitari de Catalunya (Mar\u00e7 de 2025)<a href=\"https:\/\/webs.uab.cat\/gret\/2025\/03\/04\/projecte-traca\/\"><\/a><a href=\"https:\/\/webs.uab.cat\/gret\/2025\/03\/04\/projecte-traca\/\"><\/a><a href=\"https:\/\/www.aqu.cat\/ca\/Estudis\/Enquestes-i-estudis-tematics\/Insercio-laboral\/Equitat-en-la-insercio-laboral-i-mobilitat-social\" data-type=\"link\" data-id=\"https:\/\/webs.uab.cat\/gret\/wp-content\/uploads\/sites\/620\/2025\/04\/4dbb9d2d-9c75-5895-0ffe-c920cbccdd35-1.pdf\">\ud83c\udf10<\/a><\/h2>\n\n\n\n<p>&nbsp;<a href=\"https:\/\/www.aqu.cat\/ca\/doc\/Estudis\/il-titulats\/Equitat-en-la-insercio-laboral-i-la-mobilitat-social-dels-graduats-i-graduades-de-les-universitats-catalanes-2025\" target=\"_blank\" rel=\"noreferrer noopener\">Equitat en la inserci\u00f3 laboral i la mobilitat social dels graduats i graduades de les universitats presencials catalanes<\/a>&nbsp;(mar\u00e7 2025)<\/p>\n\n\n\n<p>&nbsp;<a href=\"https:\/\/www.aqu.cat\/ca\/doc\/Estudis\/il-titulats\/Indicadors-d-equitat-en-l-acces-el-progres-i-la-insercio-laboral-en-el-sistema-universitari-2025\" target=\"_blank\" rel=\"noreferrer noopener\">Cat\u00e0leg d&#8217;indicadors d\u2019equitat en l\u2019acc\u00e9s, el progr\u00e9s i la inserci\u00f3 laboral en el sistema universitari de Catalunya<\/a>&nbsp;(mar\u00e7 de 2025)<\/p>\n<\/div><figure class=\"wp-block-media-text__media\"><a href=\"https:\/\/webs.uab.cat\/gret\/2025\/03\/13\/projecte-via-universitaria-4\/\" target=\"_blank\" rel=\" noreferrer noopener\"><img loading=\"lazy\" decoding=\"async\" width=\"1024\" height=\"493\" src=\"https:\/\/webs.uab.cat\/gret\/wp-content\/uploads\/sites\/620\/2025\/03\/image-6-1024x493.png\" alt=\"\" class=\"wp-image-143 size-full\" srcset=\"https:\/\/webs.uab.cat\/gret\/wp-content\/uploads\/sites\/620\/2025\/03\/image-6-1024x493.png 1024w, https:\/\/webs.uab.cat\/gret\/wp-content\/uploads\/sites\/620\/2025\/03\/image-6-300x144.png 300w, https:\/\/webs.uab.cat\/gret\/wp-content\/uploads\/sites\/620\/2025\/03\/image-6-768x370.png 768w, https:\/\/webs.uab.cat\/gret\/wp-content\/uploads\/sites\/620\/2025\/03\/image-6-1200x578.png 1200w, https:\/\/webs.uab.cat\/gret\/wp-content\/uploads\/sites\/620\/2025\/03\/image-6.png 1277w\" sizes=\"auto, (max-width: 1024px) 100vw, 1024px\" \/><\/a><\/figure><\/div>\n\n\n\n<p><\/p>\n","protected":false},"excerpt":{"rendered":"<p>Projecte IMAN\ud83c\udf10 Observatori de Compet\u00e8ncies Digitals i Ocupabilitat (2020-2023) Projecte Via4\ud83c\udf10 4a edici\u00f3 de l&#8217;estudi Via Universit\u00e0ria (2023-2024) Informe Formaci\u00f3 Professional a Espanya\ud83c\udf10 Cat\u00e0leg d&#8217;indicadors d\u2019equitat en l\u2019acc\u00e9s, el progr\u00e9s i la inserci\u00f3 laboral en el sistema universitari de Catalunya (Mar\u00e7 de 2025)\ud83c\udf10 &nbsp;Equitat en la inserci\u00f3 laboral i la mobilitat social dels graduats i [&hellip;]<\/p>\n","protected":false},"author":3018,"featured_media":0,"parent":0,"menu_order":5,"comment_status":"closed","ping_status":"closed","template":"","meta":{"footnotes":""},"class_list":["post-13","page","type-page","status-publish","hentry"],"_links":{"self":[{"href":"https:\/\/webs.uab.cat\/gret\/wp-json\/wp\/v2\/pages\/13","targetHints":{"allow":["GET"]}}],"collection":[{"href":"https:\/\/webs.uab.cat\/gret\/wp-json\/wp\/v2\/pages"}],"about":[{"href":"https:\/\/webs.uab.cat\/gret\/wp-json\/wp\/v2\/types\/page"}],"author":[{"embeddable":true,"href":"https:\/\/webs.uab.cat\/gret\/wp-json\/wp\/v2\/users\/3018"}],"replies":[{"embeddable":true,"href":"https:\/\/webs.uab.cat\/gret\/wp-json\/wp\/v2\/comments?post=13"}],"version-history":[{"count":9,"href":"https:\/\/webs.uab.cat\/gret\/wp-json\/wp\/v2\/pages\/13\/revisions"}],"predecessor-version":[{"id":715,"href":"https:\/\/webs.uab.cat\/gret\/wp-json\/wp\/v2\/pages\/13\/revisions\/715"}],"wp:attachment":[{"href":"https:\/\/webs.uab.cat\/gret\/wp-json\/wp\/v2\/media?parent=13"}],"curies":[{"name":"wp","href":"https:\/\/api.w.org\/{rel}","templated":true}]}}