{"id":4,"date":"2025-02-02T19:16:25","date_gmt":"2025-02-02T17:16:25","guid":{"rendered":"https:\/\/webs.uab.cat\/gret\/?page_id=4"},"modified":"2026-02-24T21:16:02","modified_gmt":"2026-02-24T19:16:02","slug":"inici","status":"publish","type":"page","link":"https:\/\/webs.uab.cat\/gret\/","title":{"rendered":"Inici"},"content":{"rendered":"\n<h2 class=\"wp-block-heading\">Grup de Recerca en Educaci\u00f3 i Treball<\/h2>\n\n\n\n<div class=\"wp-block-media-text alignwide is-stacked-on-mobile\"><figure class=\"wp-block-media-text__media\"><img loading=\"lazy\" decoding=\"async\" width=\"720\" height=\"576\" src=\"https:\/\/webs.uab.cat\/gret\/wp-content\/uploads\/sites\/620\/2026\/01\/image-1.png\" alt=\"\" class=\"wp-image-964 size-full\" srcset=\"https:\/\/webs.uab.cat\/gret\/wp-content\/uploads\/sites\/620\/2026\/01\/image-1.png 720w, https:\/\/webs.uab.cat\/gret\/wp-content\/uploads\/sites\/620\/2026\/01\/image-1-300x240.png 300w\" sizes=\"auto, (max-width: 720px) 100vw, 720px\" \/><\/figure><div class=\"wp-block-media-text__content\"><div class=\"wp-block-image\">\n<figure class=\"aligncenter size-full is-resized\"><img loading=\"lazy\" decoding=\"async\" width=\"800\" height=\"600\" src=\"https:\/\/webs.uab.cat\/gret\/wp-content\/uploads\/sites\/620\/2026\/01\/image.png\" alt=\"\" class=\"wp-image-958\" style=\"width:144px;height:auto\" srcset=\"https:\/\/webs.uab.cat\/gret\/wp-content\/uploads\/sites\/620\/2026\/01\/image.png 800w, https:\/\/webs.uab.cat\/gret\/wp-content\/uploads\/sites\/620\/2026\/01\/image-300x225.png 300w, https:\/\/webs.uab.cat\/gret\/wp-content\/uploads\/sites\/620\/2026\/01\/image-768x576.png 768w\" sizes=\"auto, (max-width: 800px) 100vw, 800px\" \/><\/figure>\n<\/div>\n\n\n<p>Us hem de donar la trista not\u00edcia que el nostre company, amic i cofundador del GRET, Josep M. Masjuan ens ha deixat avui 27 de gener de 2026. Ens l\u2019hem estimat molt i el trobarem a faltar.<\/p>\n\n\n\n<figure class=\"wp-block-embed is-type-video is-provider-youtube wp-block-embed-youtube wp-embed-aspect-16-9 wp-has-aspect-ratio\"><div class=\"wp-block-embed__wrapper\">\n<iframe loading=\"lazy\" title=\"Notes sobre la vida professional d&#039;en Josep Maria Masjuan\" width=\"580\" height=\"326\" src=\"https:\/\/www.youtube.com\/embed\/J1lxXIJg1eo?feature=oembed\" frameborder=\"0\" allow=\"accelerometer; autoplay; clipboard-write; encrypted-media; gyroscope; picture-in-picture; web-share\" referrerpolicy=\"strict-origin-when-cross-origin\" allowfullscreen><\/iframe>\n<\/div><\/figure>\n\n\n<\/div><\/div>\n\n\n\n<hr class=\"wp-block-separator has-alpha-channel-opacity\" \/>\n\n\n<div class=\"wp-block-image\">\n<figure class=\"alignleft size-full is-resized\"><img loading=\"lazy\" decoding=\"async\" width=\"284\" height=\"190\" src=\"https:\/\/webs.uab.cat\/gret\/wp-content\/uploads\/sites\/620\/2025\/02\/Group-1.png\" alt=\"\" class=\"wp-image-20\" style=\"width:254px;height:auto\" \/><\/figure>\n<\/div>\n\n\n<p>El Grup de Recerca Educaci\u00f3 i Treball (GRET) el van crear tres investigadors i professors del Departament de Sociologia de la Facultat de Ci\u00e8ncies Pol\u00edtiques i Sociologia de la Universitat Aut\u00f2noma de Barcelona l\u2019any 1987. L\u2019objectiu dels tres membres fundadors era el de combinar la disciplina de la sociologia amb l\u2019economia i la psicologia social, les seves respectives formacions inicials. Aix\u00ed doncs, la coher\u00e8ncia d\u2019aquest grup de recerca s\u2019ha anat construint al llarg dels anys de treball en com\u00fa.<\/p>\n\n\n\n<p>La traject\u00f2ria de recerca del grup s\u2019ha anat estructurant en 3 l\u00ednies de recerca encap\u00e7alades pels tres investigadors s\u00e8niors que, amb el pas del temps, han anat incorporant investigadors interessats en els tres \u00e0mbits d\u2019estudi:<\/p>\n\n\n\n<ul class=\"wp-block-list\">\n<li>Joventut i transici\u00f3 Escola-Treball<\/li>\n\n\n\n<li>Expansi\u00f3 educativa, compet\u00e8ncies i mercat de treball<\/li>\n\n\n\n<li>Estudis Universitaris<\/li>\n<\/ul>\n\n\n\n<p>No obstant tenir tres l\u00ednies de recerca ben marcades, la cooperaci\u00f3 dels investigadors i investigadores entre les diferents l\u00ednies \u00e9s una pr\u00e0ctica habitual del GRET. Aquesta pr\u00e0ctica, juntament amb les reunions peri\u00f2diques i els seminaris mensuals on el grup es reuneix i comparteix el seguiments de l\u2019activitat docent, de recerca i de divulgaci\u00f3, proporciona cohesi\u00f3 i treball transversal al GRET.<\/p>\n\n\n\n<p><\/p>\n\n\n\n<div class=\"wp-block-buttons is-content-justification-center is-layout-flex wp-container-core-buttons-is-layout-16018d1d wp-block-buttons-is-layout-flex\">\n<div class=\"wp-block-button\"><a class=\"wp-block-button__link wp-element-button\" href=\"https:\/\/portalrecerca.uab.cat\/ca\/organisations\/grup-de-recerca-en-educaci%C3%B3-i-treball-gret\">PORTAL DE RECERCA<\/a><\/div>\n\n\n\n<div class=\"wp-block-button\"><a class=\"wp-block-button__link has-text-align-center wp-element-button\" href=\"https:\/\/ddd.uab.cat\/collection\/gret\">DDD<\/a><\/div>\n<\/div>\n\n\n\n<p><\/p>\n\n\n\n<p><\/p>\n\n\n\n<div class=\"wp-block-group is-nowrap is-layout-flex wp-container-core-group-is-layout-ad2f72ca wp-block-group-is-layout-flex\"><\/div>\n\n\n\n<div class=\"wp-block-group is-nowrap is-layout-flex wp-container-core-group-is-layout-ad2f72ca wp-block-group-is-layout-flex\"><\/div>\n\n\n\n<div class=\"wp-block-group is-nowrap is-layout-flex wp-container-core-group-is-layout-ad2f72ca wp-block-group-is-layout-flex\"><\/div>\n\n\n\n<hr class=\"wp-block-separator has-alpha-channel-opacity is-style-wide\" \/>\n\n\n\n<div class=\"wp-block-buttons is-layout-flex wp-block-buttons-is-layout-flex\">\n<div class=\"wp-block-button\"><a class=\"wp-block-button__link wp-element-button\">NOT\u00cdCIES<\/a><\/div>\n<\/div>\n\n\n\n<p><\/p>\n\n\n\n<figure class=\"wp-block-image size-large\"><img loading=\"lazy\" decoding=\"async\" width=\"1024\" height=\"746\" src=\"https:\/\/webs.uab.cat\/gret\/wp-content\/uploads\/sites\/620\/2026\/02\/Jornada-Valencia-2026-01-30-1024x746.png\" alt=\"\" class=\"wp-image-972\" srcset=\"https:\/\/webs.uab.cat\/gret\/wp-content\/uploads\/sites\/620\/2026\/02\/Jornada-Valencia-2026-01-30-1024x746.png 1024w, https:\/\/webs.uab.cat\/gret\/wp-content\/uploads\/sites\/620\/2026\/02\/Jornada-Valencia-2026-01-30-300x219.png 300w, https:\/\/webs.uab.cat\/gret\/wp-content\/uploads\/sites\/620\/2026\/02\/Jornada-Valencia-2026-01-30-768x560.png 768w, https:\/\/webs.uab.cat\/gret\/wp-content\/uploads\/sites\/620\/2026\/02\/Jornada-Valencia-2026-01-30-1200x875.png 1200w, https:\/\/webs.uab.cat\/gret\/wp-content\/uploads\/sites\/620\/2026\/02\/Jornada-Valencia-2026-01-30.png 1262w\" sizes=\"auto, (max-width: 1024px) 100vw, 1024px\" \/><\/figure>\n\n\n\n<h2 class=\"wp-block-heading\">Participaci\u00f3 del GRET a la XXX Jornada per a Professionals de l\u2019Orientaci\u00f3 (UV)<\/h2>\n\n\n\n<p>La Universitat de Val\u00e8ncia ha celebrat recentment la <strong>XXX Jornada per a professionals de l\u2019orientaci\u00f3<\/strong>, un espai de refer\u00e8ncia per al debat i l\u2019actualitzaci\u00f3 en l\u2019\u00e0mbit de l\u2019orientaci\u00f3 educativa i professional. En aquesta edici\u00f3 hi va participar <strong>Rafael Merino<\/strong>, professor de la Universitat Aut\u00f2noma de Barcelona i director del <strong>Grup de Recerca en Educaci\u00f3 i Treball (GRET)<\/strong>.<\/p>\n\n\n\n<p>Merino hi va impartir la confer\u00e8ncia titulada <strong>\u201cLes persones joves no saben el qu\u00e8 volen? Una mirada sociol\u00f2gica de l&#8217;orientaci\u00f3 acad\u00e8mica i laboral\u201d<\/strong>, en la qual va oferir una perspectiva anal\u00edtica sobre els processos d\u2019orientaci\u00f3 en un context de traject\u00f2ries juvenils cada vegada m\u00e9s diverses. La seva intervenci\u00f3 va aprofundir en les desigualtats socials que afecten les decisions educatives i professionals, els mecanismes que influeixen en la construcci\u00f3 d\u2019expectatives i els reptes que afronten els equips orientadors en un escenari marcat per la incertesa formativa i laboral.<\/p>\n\n\n\n<p>La participaci\u00f3 del professor Merino va enriquir la jornada aportant el coneixement acumulat del GRET en temes com la transici\u00f3 de l\u2019escola al treball, la formaci\u00f3 professional, i les pol\u00edtiques de joventut, educaci\u00f3 i ocupaci\u00f3.<\/p>\n\n\n\n<h3 class=\"wp-block-heading\">Sobre Rafael Merino<\/h3>\n\n\n\n<p><strong>Rafael Merino<\/strong> \u00e9s professor del Departament de Sociologia de la UAB i <strong>coordinador del GRET des del 2011<\/strong>. Imparteix doc\u00e8ncia en sociologia de l\u2019educaci\u00f3 als graus d\u2019Educaci\u00f3 Social i Pedagogia, i participa en el <strong>M\u00e0ster de Formaci\u00f3 del Professorat de Secund\u00e0ria<\/strong>. A m\u00e9s, \u00e9s membre de l\u2019equip docent i <strong>coordinador del M\u00e0ster Interuniversitari Joventut i Societat<\/strong>.<\/p>\n\n\n\n<h3 class=\"wp-block-heading\">Contacte<\/h3>\n\n\n\n<p>\ud83d\udce7 <em>Rafael.Merino@uab.cat<\/em><br>\ud83d\udd17 ORCID i perfil EGRETA disponibles a la web institucional de la UAB.<\/p>\n\n\n\n<p><\/p>\n\n\n\n<figure class=\"wp-block-image size-full\"><img loading=\"lazy\" decoding=\"async\" width=\"1024\" height=\"488\" src=\"https:\/\/webs.uab.cat\/gret\/wp-content\/uploads\/sites\/620\/2025\/10\/informe_oportunitats_9.10.25.png\" alt=\"\" class=\"wp-image-629\" srcset=\"https:\/\/webs.uab.cat\/gret\/wp-content\/uploads\/sites\/620\/2025\/10\/informe_oportunitats_9.10.25.png 1024w, https:\/\/webs.uab.cat\/gret\/wp-content\/uploads\/sites\/620\/2025\/10\/informe_oportunitats_9.10.25-300x143.png 300w, https:\/\/webs.uab.cat\/gret\/wp-content\/uploads\/sites\/620\/2025\/10\/informe_oportunitats_9.10.25-768x366.png 768w\" sizes=\"auto, (max-width: 1024px) 100vw, 1024px\" \/><\/figure>\n\n\n\n<p>El CEMB i el CFPB organitzen la presentaci\u00f3 de l\u2019informe \u201c<strong>Oportunitats Educatives a Barcelona 2024<\/strong>\u201d.<\/p>\n\n\n\n<p>&nbsp;Diagnosi i an\u00e0lisi de tend\u00e8ncies, sobre els grans reptes educatius de la nostra ciutat, a c\u00e0rrec d\u2019Andreu Termes, autor i investigador d\u2019Institut Metr\u00f2poli.<\/p>\n\n\n\n<p>Grups de treball simultanis sobre:<\/p>\n\n\n\n<p>&#8211; L\u2019educaci\u00f3 i la crian\u00e7a en la petita inf\u00e0ncia (amb Jaume Blasco)&nbsp;<br>&#8211; Ensenyaments universals Educaci\u00f3 infantil de 2n cicle, Prim\u00e0ria, ESO (amb Rub\u00e9n Castillo)<br>&#8211; Segregaci\u00f3 escolar (amb Andrea Jover)<\/p>\n\n\n\n<p><strong>&#8211; Educaci\u00f3 secund\u00e0ria post obligat\u00f2ria (amb Rafa Merino)<\/strong><\/p>\n\n\n\n<p>&#8211; L\u2019educaci\u00f3 fora de l\u2019horari lectiu i al llarg de la vida (amb Mireia Civis)<br>&#8211; Resultats acad\u00e8mics (amb Andreu Termes)<\/p>\n\n\n\n<p>\ud83d\udccdDijous 9\/10\/2025, 17:15h,&nbsp; Institut Barri Bes\u00f2s<\/p>\n\n\n\n<p>Inscripci\u00f3:&nbsp;<a rel=\"noreferrer noopener\" target=\"_blank\" href=\"https:\/\/inscripcions.barcelona.cat\/informe_oportunitats_educatives2024\/\">https:\/\/inscripcions.barcelona.cat\/informe_oportunitats_educatives2024\/<\/a><\/p>\n\n\n\n<hr class=\"wp-block-separator has-alpha-channel-opacity is-style-wide\" \/>\n\n\n\n<p class=\"wp-block-uab-entradeta entradeta\">Propera reuni\u00f3 LINEup, a Atenes.<\/p>\n\n\n\n<p>Els investigadors principals del projecte europeu LINEup, de cada pa\u00eds, es reuniran per mantenir sessions de treball presencials i revisar les darreres actualitzacions del projecte, els propers 16 i 17 d&#8217;octubre 2025, a Atenes.<\/p>\n\n\n\n<figure class=\"wp-block-image size-large is-resized\"><img loading=\"lazy\" decoding=\"async\" width=\"819\" height=\"1024\" src=\"https:\/\/webs.uab.cat\/gret\/wp-content\/uploads\/sites\/620\/2025\/10\/LineUp-post-social-EN-01-1-819x1024.png\" alt=\"\" class=\"wp-image-601\" style=\"width:537px;height:auto\" srcset=\"https:\/\/webs.uab.cat\/gret\/wp-content\/uploads\/sites\/620\/2025\/10\/LineUp-post-social-EN-01-1-819x1024.png 819w, https:\/\/webs.uab.cat\/gret\/wp-content\/uploads\/sites\/620\/2025\/10\/LineUp-post-social-EN-01-1-240x300.png 240w, https:\/\/webs.uab.cat\/gret\/wp-content\/uploads\/sites\/620\/2025\/10\/LineUp-post-social-EN-01-1-768x960.png 768w, https:\/\/webs.uab.cat\/gret\/wp-content\/uploads\/sites\/620\/2025\/10\/LineUp-post-social-EN-01-1.png 1080w\" sizes=\"auto, (max-width: 819px) 100vw, 819px\" \/><\/figure>\n\n\n<p><!-- hitwebcounter Code START --><\/p>\n<p><img decoding=\"async\" src=\"https:\/\/hitwebcounter.com\/counter\/counter.php?page=19715803&amp;style=0006&amp;nbdigits=5&amp;type=page&amp;initCount=0\" title=\"Counter Widget\" Alt=\"Visit counter For Websites\" border=\"0\" \/><\/a><\/p>\n","protected":false},"excerpt":{"rendered":"<p>Grup de Recerca en Educaci\u00f3 i Treball El Grup de Recerca Educaci\u00f3 i Treball (GRET) el van crear tres investigadors i professors del Departament de Sociologia de la Facultat de Ci\u00e8ncies Pol\u00edtiques i Sociologia de la Universitat Aut\u00f2noma de Barcelona l\u2019any 1987. L\u2019objectiu dels tres membres fundadors era el de combinar la disciplina de la [&hellip;]<\/p>\n","protected":false},"author":3018,"featured_media":0,"parent":0,"menu_order":1,"comment_status":"open","ping_status":"closed","template":"","meta":{"footnotes":""},"class_list":["post-4","page","type-page","status-publish","hentry"],"_links":{"self":[{"href":"https:\/\/webs.uab.cat\/gret\/wp-json\/wp\/v2\/pages\/4","targetHints":{"allow":["GET"]}}],"collection":[{"href":"https:\/\/webs.uab.cat\/gret\/wp-json\/wp\/v2\/pages"}],"about":[{"href":"https:\/\/webs.uab.cat\/gret\/wp-json\/wp\/v2\/types\/page"}],"author":[{"embeddable":true,"href":"https:\/\/webs.uab.cat\/gret\/wp-json\/wp\/v2\/users\/3018"}],"replies":[{"embeddable":true,"href":"https:\/\/webs.uab.cat\/gret\/wp-json\/wp\/v2\/comments?post=4"}],"version-history":[{"count":56,"href":"https:\/\/webs.uab.cat\/gret\/wp-json\/wp\/v2\/pages\/4\/revisions"}],"predecessor-version":[{"id":1012,"href":"https:\/\/webs.uab.cat\/gret\/wp-json\/wp\/v2\/pages\/4\/revisions\/1012"}],"wp:attachment":[{"href":"https:\/\/webs.uab.cat\/gret\/wp-json\/wp\/v2\/media?parent=4"}],"curies":[{"name":"wp","href":"https:\/\/api.w.org\/{rel}","templated":true}]}}