{"id":492,"date":"2025-02-02T19:18:21","date_gmt":"2025-02-02T17:18:21","guid":{"rendered":"https:\/\/webs.uab.cat\/gret\/knowledge-transfer\/"},"modified":"2025-07-18T18:59:24","modified_gmt":"2025-07-18T16:59:24","slug":"knowledge-transfer","status":"publish","type":"page","link":"https:\/\/webs.uab.cat\/gret\/knowledge-transfer\/?lang=en","title":{"rendered":"Knowledge Transfer"},"content":{"rendered":"\n<div class=\"wp-block-media-text is-stacked-on-mobile\"><figure class=\"wp-block-media-text__media\"><a href=\"https:\/\/webs.uab.cat\/gret\/en\/?p=391\" target=\"_blank\" rel=\" noreferrer noopener\"><img loading=\"lazy\" decoding=\"async\" width=\"141\" height=\"65\" src=\"https:\/\/webs.uab.cat\/gret\/wp-content\/uploads\/sites\/620\/2025\/03\/image-7.png\" alt=\"\" class=\"wp-image-340 size-full\" \/><\/a><\/figure><div class=\"wp-block-media-text__content\">\n<h2 class=\"wp-block-heading\">Project IMAN<a href=\"https:\/\/webs.uab.cat\/gret\/2025\/03\/04\/projecte-traca\/\"><\/a><a href=\"https:\/\/webs.uab.cat\/gret\/2025\/03\/04\/projecte-traca\/\"><\/a><a href=\"https:\/\/webs.uab.cat\/gret\/en\/?p=391\" target=\"_blank\" rel=\"noreferrer noopener\">\ud83c\udf10<\/a><\/h2>\n\n\n\n<p>Observatori de Compet\u00e8ncies Digitals i Ocupabilitat (2020-2023)<\/p>\n<\/div><\/div>\n\n<div class=\"wp-block-media-text has-media-on-the-right is-stacked-on-mobile\"><div class=\"wp-block-media-text__content\">\n<h2 class=\"wp-block-heading\">Project Via4<a href=\"https:\/\/webs.uab.cat\/gret\/2025\/03\/04\/projecte-traca\/\"><\/a><a href=\"https:\/\/webs.uab.cat\/gret\/2025\/03\/04\/projecte-traca\/\"><\/a><a href=\"https:\/\/webs.uab.cat\/gret\/en\/?p=386\" target=\"_blank\" rel=\"noreferrer noopener\">\ud83c\udf10<\/a><\/h2>\n\n\n\n<p>4a edici\u00f3 de l&#8217;estudi Via Universit\u00e0ria (2023-2024)<\/p>\n<\/div><figure class=\"wp-block-media-text__media\"><a href=\"https:\/\/webs.uab.cat\/gret\/en\/?p=386\" target=\"_blank\" rel=\" noreferrer noopener\"><img loading=\"lazy\" decoding=\"async\" width=\"221\" height=\"65\" src=\"https:\/\/webs.uab.cat\/gret\/wp-content\/uploads\/sites\/620\/2025\/03\/image-8.png\" alt=\"\" class=\"wp-image-342 size-full\" \/><\/a><\/figure><\/div>\n\n<div class=\"wp-block-media-text is-stacked-on-mobile\"><figure class=\"wp-block-media-text__media\"><a href=\"https:\/\/webs.uab.cat\/gret\/en\/?p=386\" target=\"_blank\" rel=\" noreferrer noopener\"><img loading=\"lazy\" decoding=\"async\" width=\"425\" height=\"119\" src=\"https:\/\/webs.uab.cat\/gret\/wp-content\/uploads\/sites\/620\/2025\/04\/images.png\" alt=\"\" class=\"wp-image-368 size-full\" srcset=\"https:\/\/webs.uab.cat\/gret\/wp-content\/uploads\/sites\/620\/2025\/04\/images.png 425w, https:\/\/webs.uab.cat\/gret\/wp-content\/uploads\/sites\/620\/2025\/04\/images-300x84.png 300w\" sizes=\"auto, (max-width: 425px) 100vw, 425px\" \/><\/a><\/figure><div class=\"wp-block-media-text__content\">\n<h2 class=\"wp-block-heading\">Informe Formaci\u00f3 Professional a Espanya<a href=\"https:\/\/webs.uab.cat\/gret\/2025\/03\/04\/projecte-traca\/\"><\/a><a href=\"https:\/\/webs.uab.cat\/gret\/2025\/03\/04\/projecte-traca\/\"><\/a><a href=\"https:\/\/webs.uab.cat\/gret\/wp-content\/uploads\/sites\/620\/2025\/04\/4dbb9d2d-9c75-5895-0ffe-c920cbccdd35-1.pdf\" data-type=\"link\" data-id=\"https:\/\/webs.uab.cat\/gret\/wp-content\/uploads\/sites\/620\/2025\/04\/4dbb9d2d-9c75-5895-0ffe-c920cbccdd35-1.pdf\">\ud83c\udf10<\/a><\/h2>\n\n\n\n<p><\/p>\n<\/div><\/div>\n\n<p><\/p>\n","protected":false},"excerpt":{"rendered":"<p>Project IMAN\ud83c\udf10 Observatori de Compet\u00e8ncies Digitals i Ocupabilitat (2020-2023) Project Via4\ud83c\udf10 4a edici\u00f3 de l&#8217;estudi Via Universit\u00e0ria (2023-2024) Informe Formaci\u00f3 Professional a Espanya\ud83c\udf10<\/p>\n","protected":false},"author":3018,"featured_media":0,"parent":0,"menu_order":5,"comment_status":"closed","ping_status":"closed","template":"","meta":{"footnotes":""},"class_list":["post-492","page","type-page","status-publish","hentry"],"_links":{"self":[{"href":"https:\/\/webs.uab.cat\/gret\/wp-json\/wp\/v2\/pages\/492","targetHints":{"allow":["GET"]}}],"collection":[{"href":"https:\/\/webs.uab.cat\/gret\/wp-json\/wp\/v2\/pages"}],"about":[{"href":"https:\/\/webs.uab.cat\/gret\/wp-json\/wp\/v2\/types\/page"}],"author":[{"embeddable":true,"href":"https:\/\/webs.uab.cat\/gret\/wp-json\/wp\/v2\/users\/3018"}],"replies":[{"embeddable":true,"href":"https:\/\/webs.uab.cat\/gret\/wp-json\/wp\/v2\/comments?post=492"}],"version-history":[{"count":1,"href":"https:\/\/webs.uab.cat\/gret\/wp-json\/wp\/v2\/pages\/492\/revisions"}],"predecessor-version":[{"id":493,"href":"https:\/\/webs.uab.cat\/gret\/wp-json\/wp\/v2\/pages\/492\/revisions\/493"}],"wp:attachment":[{"href":"https:\/\/webs.uab.cat\/gret\/wp-json\/wp\/v2\/media?parent=492"}],"curies":[{"name":"wp","href":"https:\/\/api.w.org\/{rel}","templated":true}]}}