{"id":496,"date":"2025-02-02T19:18:32","date_gmt":"2025-02-02T17:18:32","guid":{"rendered":"https:\/\/webs.uab.cat\/gret\/media\/"},"modified":"2025-07-18T19:00:39","modified_gmt":"2025-07-18T17:00:39","slug":"media","status":"publish","type":"page","link":"https:\/\/webs.uab.cat\/gret\/media\/?lang=en","title":{"rendered":"Media"},"content":{"rendered":"\n<p><a href=\"https:\/\/www.3cat.cat\/324\/per-que-les-universitats-publiques-tenen-mes-suspesos-que-les-privades\/noticia\/3317969\/\" data-type=\"link\" data-id=\"https:\/\/www.3cat.cat\/324\/per-que-les-universitats-publiques-tenen-mes-suspesos-que-les-privades\/noticia\/3317969\/\">Per qu\u00e8 les universitats p\u00fabliques tenen m\u00e9s suspesos que les privades<\/a> 16\/03\/2025<\/p>\n\n<p><a href=\"https:\/\/www.aqu.cat\/ca\/Coneix-AQU\/Que-fem\/Actualitat\/noticies\/AQU-Catalunya-presenta-l-Informe-d-Equitat-en-una-jornada-a-la-Universitat-Politecnica-de-Catalunya\">AQU Catalunya presenta l\u2019\u2019Informe d\u2019Equitat\u2019 en una jornada a la Universitat Polit\u00e8cnica de Catalunya<\/a> (<a href=\"https:\/\/www.youtube.com\/watch?v=tYaLdRLe4Hk\" data-type=\"link\" data-id=\"https:\/\/www.youtube.com\/watch?v=tYaLdRLe4Hk\">V\u00cdDEO<\/a>) 27\/03\/2025<\/p>\n\n<p><\/p>\n","protected":false},"excerpt":{"rendered":"<p>Per qu\u00e8 les universitats p\u00fabliques tenen m\u00e9s suspesos que les privades 16\/03\/2025 AQU Catalunya presenta l\u2019\u2019Informe d\u2019Equitat\u2019 en una jornada a la Universitat Polit\u00e8cnica de Catalunya (V\u00cdDEO) 27\/03\/2025<\/p>\n","protected":false},"author":3018,"featured_media":0,"parent":0,"menu_order":6,"comment_status":"closed","ping_status":"closed","template":"","meta":{"footnotes":""},"class_list":["post-496","page","type-page","status-publish","hentry"],"_links":{"self":[{"href":"https:\/\/webs.uab.cat\/gret\/wp-json\/wp\/v2\/pages\/496","targetHints":{"allow":["GET"]}}],"collection":[{"href":"https:\/\/webs.uab.cat\/gret\/wp-json\/wp\/v2\/pages"}],"about":[{"href":"https:\/\/webs.uab.cat\/gret\/wp-json\/wp\/v2\/types\/page"}],"author":[{"embeddable":true,"href":"https:\/\/webs.uab.cat\/gret\/wp-json\/wp\/v2\/users\/3018"}],"replies":[{"embeddable":true,"href":"https:\/\/webs.uab.cat\/gret\/wp-json\/wp\/v2\/comments?post=496"}],"version-history":[{"count":1,"href":"https:\/\/webs.uab.cat\/gret\/wp-json\/wp\/v2\/pages\/496\/revisions"}],"predecessor-version":[{"id":497,"href":"https:\/\/webs.uab.cat\/gret\/wp-json\/wp\/v2\/pages\/496\/revisions\/497"}],"wp:attachment":[{"href":"https:\/\/webs.uab.cat\/gret\/wp-json\/wp\/v2\/media?parent=496"}],"curies":[{"name":"wp","href":"https:\/\/api.w.org\/{rel}","templated":true}]}}