{"id":502,"date":"2025-03-20T18:51:13","date_gmt":"2025-03-20T16:51:13","guid":{"rendered":"https:\/\/webs.uab.cat\/gret\/publicaciones\/"},"modified":"2025-09-02T21:02:17","modified_gmt":"2025-09-02T19:02:17","slug":"publicaciones","status":"publish","type":"page","link":"https:\/\/webs.uab.cat\/gret\/publicaciones\/?lang=es","title":{"rendered":"Publicaciones"},"content":{"rendered":"\n<p><strong><a href=\"https:\/\/portalrecerca.uab.cat\/ca\/organisations\/grup-de-recerca-en-educaci%C3%B3-i-treball-gret\">Enlace a la p\u00e1gina del Portal de Investigaci\u00f3n: GRET<\/a><\/strong><\/p>\n\n<div class=\"wp-block-group\"><div class=\"wp-block-group__inner-container is-layout-constrained wp-block-group-is-layout-constrained\">\n<h2 class=\"wp-block-heading has-text-align-right\">LINE UP <\/h2>\n<\/div><\/div>\n\n<div class=\"wp-block-media-text is-stacked-on-mobile\" style=\"grid-template-columns:35% auto\"><figure class=\"wp-block-media-text__media\"><img loading=\"lazy\" decoding=\"async\" width=\"231\" height=\"115\" src=\"https:\/\/webs.uab.cat\/gret\/wp-content\/uploads\/sites\/620\/2025\/03\/image.png\" alt=\"\" class=\"wp-image-325 size-full\" \/><\/figure><div class=\"wp-block-media-text__content\">\n<p><\/p>\n\n\n\n<p><\/p>\n<\/div><\/div>\n\n<hr class=\"wp-block-separator has-alpha-channel-opacity\" \/>\n\n<div class=\"wp-block-group\"><div class=\"wp-block-group__inner-container is-layout-constrained wp-block-group-is-layout-constrained\">\n<h2 class=\"wp-block-heading\">TRACA<\/h2>\n<\/div><\/div>\n\n<div class=\"wp-block-media-text has-media-on-the-right is-stacked-on-mobile\" style=\"grid-template-columns:auto 22%\"><div class=\"wp-block-media-text__content\">\n<p><\/p>\n<\/div><figure class=\"wp-block-media-text__media\"><a href=\"https:\/\/webs.uab.cat\/gret\/es\/2025\/03\/04\/traca\/\"><img loading=\"lazy\" decoding=\"async\" width=\"1024\" height=\"1024\" src=\"https:\/\/webs.uab.cat\/gret\/wp-content\/uploads\/sites\/620\/2025\/03\/logotraca-1024x1024-1.jpeg\" alt=\"\" class=\"wp-image-327 size-full\" srcset=\"https:\/\/webs.uab.cat\/gret\/wp-content\/uploads\/sites\/620\/2025\/03\/logotraca-1024x1024-1.jpeg 1024w, https:\/\/webs.uab.cat\/gret\/wp-content\/uploads\/sites\/620\/2025\/03\/logotraca-1024x1024-1-300x300.jpeg 300w, https:\/\/webs.uab.cat\/gret\/wp-content\/uploads\/sites\/620\/2025\/03\/logotraca-1024x1024-1-150x150.jpeg 150w, https:\/\/webs.uab.cat\/gret\/wp-content\/uploads\/sites\/620\/2025\/03\/logotraca-1024x1024-1-768x768.jpeg 768w\" sizes=\"auto, (max-width: 1024px) 100vw, 1024px\" \/><\/a><\/figure><\/div>\n\n<hr class=\"wp-block-separator has-alpha-channel-opacity\" \/>\n\n<div class=\"wp-block-group\"><div class=\"wp-block-group__inner-container is-layout-constrained wp-block-group-is-layout-constrained\">\n<h2 class=\"wp-block-heading has-text-align-right\">Complex Trajectories<\/h2>\n<\/div><\/div>\n\n<div class=\"wp-block-media-text is-stacked-on-mobile\" style=\"grid-template-columns:22% auto\"><figure class=\"wp-block-media-text__media\"><a href=\"https:\/\/webs.uab.cat\/gret\/es\/2025\/03\/04\/traca\/\"><img loading=\"lazy\" decoding=\"async\" width=\"185\" height=\"120\" src=\"https:\/\/webs.uab.cat\/gret\/wp-content\/uploads\/sites\/620\/2025\/03\/image-1.png\" alt=\"\" class=\"wp-image-329 size-full\" \/><\/a><\/figure><div class=\"wp-block-media-text__content\">\n<p><a href=\"https:\/\/www.researchgate.net\/publication\/377968595_From_the_main_track_to_the_winding_path_considering_the_diversity_of_trajectories_at_university\" data-type=\"link\" data-id=\"https:\/\/www.researchgate.net\/publication\/377968595_From_the_main_track_to_the_winding_path_considering_the_diversity_of_trajectories_at_university\">From the main track to the winding path: considering the diversity of trajectories at university<\/a> (February 2024) <strong>Helena Troiano,<\/strong> <strong>Jean-Fran\u00e7ois Giret,<\/strong> <strong>John Brennan<\/strong><\/p>\n\n\n\n<p><a href=\"https:\/\/www.researchgate.net\/publication\/375547746_Compensatory_advantage_after_the_first_year_at_university_in_the_Catalan_system_between_continuing_transferring_and_dropping_out\" data-type=\"link\" data-id=\"https:\/\/www.researchgate.net\/publication\/375547746_Compensatory_advantage_after_the_first_year_at_university_in_the_Catalan_system_between_continuing_transferring_and_dropping_out\">Compensatory advantage after the first year at university in the Catalan system: between continuing, transferring and dropping out<\/a> (November 2023) <strong>Albert S\u00e1nchez-Gelabert, Helena Troiano<\/strong><\/p>\n\n\n\n<p><a href=\"https:\/\/www.researchgate.net\/publication\/381126419_Higher_education_and_the_life_course_Exploring_the_interactive_effects_of_age_and_employment_status_on_university_graduation\">Higher education and the life course: Exploring the interactive effects of age and employment status on university graduation <\/a>(June 2024) <strong>Albert S\u00e1nchez-Gelabert<\/strong><\/p>\n\n\n\n<p><a href=\"https:\/\/www.researchgate.net\/publication\/371989883_Going_online_Does_transferring_to_online_university_increase_the_likelihood_of_graduation_among_students_from_lower_social_background\">Going online? Does transferring to online university increase the likelihood of graduation among students from lower social background? <\/a> (July 2023) <strong>Marina Elias, Albert S\u00e1nchez-Gelabert<\/strong><\/p>\n<\/div><\/div>\n\n<hr class=\"wp-block-separator has-alpha-channel-opacity\" \/>\n\n<div class=\"wp-block-group\"><div class=\"wp-block-group__inner-container is-layout-constrained wp-block-group-is-layout-constrained\">\n<h2 class=\"wp-block-heading has-text-align-right\">Abandono y retorno a la ense\u00f1anza<\/h2>\n<\/div><\/div>\n\n<div class=\"wp-block-media-text is-stacked-on-mobile\" style=\"grid-template-columns:31% auto\"><figure class=\"wp-block-media-text__media\"><a href=\"https:\/\/webs.uab.cat\/gret\/es\/2025\/03\/04\/traca\/\"><img loading=\"lazy\" decoding=\"async\" width=\"204\" height=\"40\" src=\"https:\/\/webs.uab.cat\/gret\/wp-content\/uploads\/sites\/620\/2025\/03\/image-5.png\" alt=\"\" class=\"wp-image-337 size-full\" \/><\/a><\/figure><div class=\"wp-block-media-text__content\">\n<p><a href=\"https:\/\/www.researchgate.net\/publication\/378334090_Transition_to_post-compulsory_education_according_to_migrant_background_and_gender_in_Catalonia_Exploring_the_effect_of_non-native_student_concentration\" data-type=\"link\" data-id=\"https:\/\/www.researchgate.net\/publication\/378334090_Transition_to_post-compulsory_education_according_to_migrant_background_and_gender_in_Catalonia_Exploring_the_effect_of_non-native_student_concentration\">Transition to post-compulsory education according to migrant background and gender in Catalonia: Exploring the effect of non-native student concentration<\/a> (February 2024) <strong>Marina Elias, Noan Bouvier, Albert S\u00e1nchez-Gelabert<\/strong><\/p>\n<\/div><\/div>\n\n<hr class=\"wp-block-separator has-alpha-channel-opacity\" \/>\n\n<div class=\"wp-block-group\"><div class=\"wp-block-group__inner-container is-layout-constrained wp-block-group-is-layout-constrained\">\n<h2 class=\"wp-block-heading has-text-align-left\">ISCY Internacional Study of City Youth<\/h2>\n<\/div><\/div>\n\n<div class=\"wp-block-media-text has-media-on-the-right is-stacked-on-mobile\" style=\"grid-template-columns:auto 22%\"><div class=\"wp-block-media-text__content\">\n<p><a href=\"https:\/\/www.researchgate.net\/publication\/385156298_Secondary_Students'_Subjective_Wellbeing_in_Barcelona_From_School_to_Future_Careers\" data-type=\"link\" data-id=\"https:\/\/www.researchgate.net\/publication\/385156298_Secondary_Students'_Subjective_Wellbeing_in_Barcelona_From_School_to_Future_Careers\">Secondary Students\u2019 Subjective Wellbeing in Barcelona: From School to Future Careers<\/a> (October 2024) <strong>Rafael Merino, Ona Valls, Joan LLosada, Marta Garcia<\/strong>.<\/p>\n\n\n\n<p><a href=\"https:\/\/www.researchgate.net\/publication\/378496809_School_absenteeism_emotional_engagement_and_school_organisation_an_international_comparative_approach\" data-type=\"link\" data-id=\"https:\/\/www.researchgate.net\/publication\/378496809_School_absenteeism_emotional_engagement_and_school_organisation_an_international_comparative_approach\">School absenteeism, emotional engagement and school organisation: an international comparative approach<\/a> (October 2023) <strong>Maribel Garcia, Ona Valls<\/strong><\/p>\n\n\n\n<p><a href=\"https:\/\/www.researchgate.net\/publication\/380043273_Self-images_of_school_dropout_in_Barcelona_analysis_from_system_justification_theory_Autoimagenes_sobre_abandono_escolar_en_Barcelona_analisis_desde_la_teoria_de_la_justificacion_del_sistema\" data-type=\"link\" data-id=\"https:\/\/www.researchgate.net\/publication\/380043273_Self-images_of_school_dropout_in_Barcelona_analysis_from_system_justification_theory_Autoimagenes_sobre_abandono_escolar_en_Barcelona_analisis_desde_la_teoria_de_la_justificacion_del_sistema\">Self-images of school dropout in Barcelona: analysis from system justification theory \/ Autoim\u00e1genes sobre abandono escolar en Barcelona: an\u00e1lisis desde la teor\u00eda de la justificaci\u00f3n del sistema<\/a> (April 2024) <strong>Hector Cavieres, Maribel Garcia, Rafael Merino, Mar\u00eda-Jes\u00fas Ihnen-G\u00f3mez<\/strong><\/p>\n\n\n\n<p><a href=\"https:\/\/www.researchgate.net\/publication\/342464111_The_role_of_engagement_and_academic_behavioral_skills_on_young_students'_academic_performance-A_validation_across_four_countries\">The role of engagement and academic behavioral skills on young students\u2019 academic performance\u2014A validation across four countries <\/a>(September 2020) <strong>Ona Valls<\/strong>, <strong>Perman Gochyyev, Fazilat Siddiq<\/strong><\/p>\n\n\n\n<p><a href=\"https:\/\/www.researchgate.net\/publication\/349741859_Comprehensive_School_and_Vocational_Training_in_Spain_A_Longitudinal_Approach_from_the_Transition_from_Lower_to_Upper_Secondary_Education\" data-type=\"link\" data-id=\"https:\/\/www.researchgate.net\/publication\/349741859_Comprehensive_School_and_Vocational_Training_in_Spain_A_Longitudinal_Approach_from_the_Transition_from_Lower_to_Upper_Secondary_Education\">Comprehensive School and Vocational Training in Spain. A Longitudinal Approach from the Transition from Lower to Upper Secondary Education   <\/a>(March 2021) <strong>Ona Valls<\/strong>, <strong>Rafael Merino<\/strong>, <strong>Albert S\u00e1nchez-Gelabert<\/strong><\/p>\n\n\n\n<p><a href=\"https:\/\/www.researchgate.net\/publication\/352737590_Resistencias_y_Adhesiones_Escolares_La_Importancia_del_Origen_Social\" data-type=\"link\" data-id=\"https:\/\/www.researchgate.net\/publication\/352737590_Resistencias_y_Adhesiones_Escolares_La_Importancia_del_Origen_Social\">Resistencias y Adhesiones Escolares: La Importancia del Origen Social<\/a> (June 2021) <strong>Ona Valls<\/strong><\/p>\n<\/div><figure class=\"wp-block-media-text__media\"><a href=\"https:\/\/webs.uab.cat\/gret\/es\/2025\/03\/04\/traca\/\"><img loading=\"lazy\" decoding=\"async\" width=\"284\" height=\"190\" src=\"https:\/\/webs.uab.cat\/gret\/wp-content\/uploads\/sites\/620\/2025\/02\/Group-1.png\" alt=\"\" class=\"wp-image-315 size-full\" \/><\/a><\/figure><\/div>\n\n<hr class=\"wp-block-separator has-alpha-channel-opacity\" \/>\n\n<div class=\"wp-block-group\"><div class=\"wp-block-group__inner-container is-layout-constrained wp-block-group-is-layout-constrained\">\n<h2 class=\"wp-block-heading\">AQU-Equitat<\/h2>\n<\/div><\/div>\n\n<div class=\"wp-block-media-text is-stacked-on-mobile\" style=\"grid-template-columns:22% auto\"><figure class=\"wp-block-media-text__media\"><a href=\"https:\/\/webs.uab.cat\/gret\/es\/2025\/03\/04\/traca\/\"><img loading=\"lazy\" decoding=\"async\" width=\"1024\" height=\"493\" src=\"https:\/\/webs.uab.cat\/gret\/wp-content\/uploads\/sites\/620\/2025\/03\/image-6-1024x493.png\" alt=\"\" class=\"wp-image-339 size-full\" srcset=\"https:\/\/webs.uab.cat\/gret\/wp-content\/uploads\/sites\/620\/2025\/03\/image-6-1024x493.png 1024w, https:\/\/webs.uab.cat\/gret\/wp-content\/uploads\/sites\/620\/2025\/03\/image-6-300x144.png 300w, https:\/\/webs.uab.cat\/gret\/wp-content\/uploads\/sites\/620\/2025\/03\/image-6-768x370.png 768w, https:\/\/webs.uab.cat\/gret\/wp-content\/uploads\/sites\/620\/2025\/03\/image-6-1200x578.png 1200w, https:\/\/webs.uab.cat\/gret\/wp-content\/uploads\/sites\/620\/2025\/03\/image-6.png 1277w\" sizes=\"auto, (max-width: 1024px) 100vw, 1024px\" \/><\/a><\/figure><div class=\"wp-block-media-text__content\">\n<p><\/p>\n<\/div><\/div>\n\n<hr class=\"wp-block-separator has-alpha-channel-opacity\" \/>\n\n<h2 class=\"wp-block-heading\">Otros<\/h2>\n\n<p><a href=\"https:\/\/www.researchgate.net\/publication\/365791438_Desigualdad_en_las_transiciones_educativas_en_Espana_El_efecto_compensacion\" data-type=\"link\" data-id=\"https:\/\/www.researchgate.net\/publication\/365791438_Desigualdad_en_las_transiciones_educativas_en_Espana_El_efecto_compensacion\">Desigualdad en las transiciones educativas en Espa\u00f1a. El efecto compensaci\u00f3n <\/a> (March 2023) <strong>Marina Elias, Helena Troiano, Albert S\u00e1nchez-Gelabert<\/strong>, <strong>Lidia Daza P\u00e9rez<\/strong><\/p>\n","protected":false},"excerpt":{"rendered":"<p>Enlace a la p\u00e1gina del Portal de Investigaci\u00f3n: GRET LINE UP TRACA Complex Trajectories From the main track to the winding path: considering the diversity of trajectories at university (February 2024) Helena Troiano, Jean-Fran\u00e7ois Giret, John Brennan Compensatory advantage after the first year at university in the Catalan system: between continuing, transferring and dropping out [&hellip;]<\/p>\n","protected":false},"author":3032,"featured_media":0,"parent":0,"menu_order":4,"comment_status":"closed","ping_status":"closed","template":"","meta":{"footnotes":""},"class_list":["post-502","page","type-page","status-publish","hentry"],"_links":{"self":[{"href":"https:\/\/webs.uab.cat\/gret\/wp-json\/wp\/v2\/pages\/502","targetHints":{"allow":["GET"]}}],"collection":[{"href":"https:\/\/webs.uab.cat\/gret\/wp-json\/wp\/v2\/pages"}],"about":[{"href":"https:\/\/webs.uab.cat\/gret\/wp-json\/wp\/v2\/types\/page"}],"author":[{"embeddable":true,"href":"https:\/\/webs.uab.cat\/gret\/wp-json\/wp\/v2\/users\/3032"}],"replies":[{"embeddable":true,"href":"https:\/\/webs.uab.cat\/gret\/wp-json\/wp\/v2\/comments?post=502"}],"version-history":[{"count":3,"href":"https:\/\/webs.uab.cat\/gret\/wp-json\/wp\/v2\/pages\/502\/revisions"}],"predecessor-version":[{"id":577,"href":"https:\/\/webs.uab.cat\/gret\/wp-json\/wp\/v2\/pages\/502\/revisions\/577"}],"wp:attachment":[{"href":"https:\/\/webs.uab.cat\/gret\/wp-json\/wp\/v2\/media?parent=502"}],"curies":[{"name":"wp","href":"https:\/\/api.w.org\/{rel}","templated":true}]}}