{"id":20,"date":"2009-05-25T13:07:54","date_gmt":"2009-05-25T13:07:54","guid":{"rendered":"https:\/\/webs.uab.cat\/greta\/web-de-greta\/"},"modified":"2009-05-25T13:07:54","modified_gmt":"2009-05-25T13:07:54","slug":"web-de-greta","status":"publish","type":"page","link":"https:\/\/webs.uab.cat\/greta\/","title":{"rendered":"Web de GRETA:"},"content":{"rendered":"<p>El Grup de Recerca en Est\u00e8tica i Teoria de les Arts \u2013GRETA, Grup Consolidad de la Generalitat de Catalunya 2017&nbsp;SGR-1312\u2013 &nbsp;investiga en el terreny on convergeixen la teoria de l&#8217;art i el disseny, amb la filosofia i els estudis historiogr\u00e0fics. El seu territori fonamental \u00e9s l&#8217;est\u00e8tica contempor\u00e0nia aplicada. Les seves principals l\u00ednies de recerca son: a) les transformacions de l&#8217;experiencia est\u00e8tica en la cultura contempor\u00e0nia; b) l&#8217;esborrament de les fronteres entre els distints medis art\u00edstic, com ara s\u00f3n els fen\u00f2mens d&#8217;artitzaci\u00f3 del disseny o la cuina; c) l&#8217;estudi comparatiu dels processos creatius en ordre a comprendre millor les condicions de possibilitat de la creativitat i la innovaci\u00f3.&nbsp;<\/p>\n<p>&nbsp;<\/p>\n<p>&nbsp;<\/p>\n<p>MAIN WEB:&nbsp;<a href=\"http:\/\/www.greta.cat\">http:\/\/www.greta.cat<\/a><\/p>\n","protected":false},"excerpt":{"rendered":"<p>El Grup de Recerca en Est\u00e8tica i Teoria de les Arts \u2013GRETA, Grup Consolidad de la Generalitat de Catalunya 2017&nbsp;SGR-1312\u2013 &nbsp;investiga en el terreny on convergeixen la teoria de l&#8217;art i el disseny, amb la filosofia i els estudis historiogr\u00e0fics. El seu territori fonamental \u00e9s l&#8217;est\u00e8tica contempor\u00e0nia aplicada. Les seves principals l\u00ednies de recerca son: [&hellip;]<\/p>\n","protected":false},"author":20,"featured_media":0,"parent":0,"menu_order":0,"comment_status":"closed","ping_status":"closed","template":"","meta":{"footnotes":""},"class_list":["post-20","page","type-page","status-publish","hentry"],"_links":{"self":[{"href":"https:\/\/webs.uab.cat\/greta\/wp-json\/wp\/v2\/pages\/20","targetHints":{"allow":["GET"]}}],"collection":[{"href":"https:\/\/webs.uab.cat\/greta\/wp-json\/wp\/v2\/pages"}],"about":[{"href":"https:\/\/webs.uab.cat\/greta\/wp-json\/wp\/v2\/types\/page"}],"author":[{"embeddable":true,"href":"https:\/\/webs.uab.cat\/greta\/wp-json\/wp\/v2\/users\/20"}],"replies":[{"embeddable":true,"href":"https:\/\/webs.uab.cat\/greta\/wp-json\/wp\/v2\/comments?post=20"}],"version-history":[{"count":0,"href":"https:\/\/webs.uab.cat\/greta\/wp-json\/wp\/v2\/pages\/20\/revisions"}],"wp:attachment":[{"href":"https:\/\/webs.uab.cat\/greta\/wp-json\/wp\/v2\/media?parent=20"}],"curies":[{"name":"wp","href":"https:\/\/api.w.org\/{rel}","templated":true}]}}