{"id":25,"date":"2009-05-25T13:22:03","date_gmt":"2009-05-25T13:22:03","guid":{"rendered":"https:\/\/webs.uab.cat\/greta\/projectes-rd\/"},"modified":"2022-07-22T09:14:26","modified_gmt":"2022-07-22T09:14:26","slug":"projectes-rd","status":"publish","type":"page","link":"https:\/\/webs.uab.cat\/greta\/projectes-rd\/","title":{"rendered":"Projectes R+D"},"content":{"rendered":"\n<p class=\"has-accent-background-color has-background\"><strong>SGR Consolidat<\/strong>:&nbsp; 2014 SGR-360 GRETA- Grup de Recerca en Est\u00e8tica i Teoria de les Arts (2015-2017).<\/p>\n\n\n\n<p><strong>T\u00edtol del projecte:<\/strong>&nbsp;GENERATING KNOWLEDGE IN ARTISTIC RESEARCH: Towards an Alternative Account. A Meeting Point of Philosophy, Art and Design.<\/p>\n\n\n\n<p><strong>Investigador\/a principal:<\/strong>&nbsp; Gerard Vilar&nbsp;<\/p>\n\n\n\n<p><strong>Entitat finan\u00e7adora:<\/strong>&nbsp;MINECO<\/p>\n\n\n\n<p><strong>Entitats participants:<\/strong>&nbsp;UAB<\/p>\n\n\n\n<p><strong>Refer\u00e8ncia de la concessi\u00f3:<\/strong>&nbsp; FFI2015-64138-P&nbsp;&nbsp; &nbsp;&nbsp;&nbsp;<strong>Quantia de la subvenci\u00f3:<\/strong>&nbsp;29.800 euros<\/p>\n\n\n\n<p><strong>Duraci\u00f3: de<\/strong>&nbsp;&nbsp;2016<\/p>\n\n\n\n<p><strong>fins a<\/strong>\u00a02018<\/p>\n\n\n\n<p><strong>Nre. d\u2019investigadors\/res membres del grup participants en aquest projecte:<\/strong>\u00a0 13<\/p>\n\n\n\n<hr class=\"wp-block-separator has-alpha-channel-opacity\"\/>\n\n\n\n<p><strong>T\u00edtol del projecte:<\/strong>&nbsp;Arte y cultura de masas en Barcelona desde la Primera Guerra Mundial (1914) hasta la Guerra Civil Espa\u00f1ola\u201d<\/p>\n\n\n\n<p><strong>Investigador\/a principal:<\/strong>&nbsp; Jaume Vidal Oliveres<\/p>\n\n\n\n<p><strong>Entitat finan\u00e7adora:<\/strong>&nbsp;DGCYT<\/p>\n\n\n\n<p><strong>Entitats participants:<\/strong>&nbsp;UAB<\/p>\n\n\n\n<p><strong>Refer\u00e8ncia de la concessi\u00f3:<\/strong>&nbsp;HAR2011-27478&nbsp;<strong>Quantia de la subvenci\u00f3:<\/strong>&nbsp;14.520 euros<\/p>\n\n\n\n<p><strong>Duraci\u00f3: de<\/strong>&nbsp;&nbsp;2012<\/p>\n\n\n\n<p><strong>fins a<\/strong>&nbsp;2015<\/p>\n\n\n\n<p><strong>Nre. d\u2019investigadors\/res membres del grup participants en aquest projecte:<\/strong>&nbsp; 2<\/p>\n\n\n\n<hr class=\"wp-block-separator has-alpha-channel-opacity\"\/>\n\n\n\n<p><strong>T\u00edtol del projecte:<\/strong>&nbsp;Experiencia est\u00e9tica e investigaci\u00f3n art\u00edstica: aspectos cognitivos del arte contempor\u00e1neo<\/p>\n\n\n\n<p><strong>Investigador\/a principal:<\/strong>&nbsp; Gerard Vilar<\/p>\n\n\n\n<p><strong>Entitat finan\u00e7adora:<\/strong>&nbsp;MINECO<\/p>\n\n\n\n<p><strong>Entitats participants:<\/strong>&nbsp;UAB-Fundaci\u00f3 Mir\u00f3-elBulliFundation-Fundaci\u00f3 Eina-Laboratoire Paragraphe<\/p>\n\n\n\n<p><strong>Refer\u00e8ncia de la concessi\u00f3:<\/strong>&nbsp;FFI2012-32614&nbsp;<strong>Quantia de la subvenci\u00f3:<\/strong>&nbsp;46.800 euros<\/p>\n\n\n\n<p><strong>Duraci\u00f3: de<\/strong>&nbsp;&nbsp;2013<\/p>\n\n\n\n<p><strong>fins a<\/strong>&nbsp;2015<\/p>\n\n\n\n<p><strong>Nre. d\u2019investigadors\/res membres del grup participants en aquest projecte:<\/strong>&nbsp; 18<\/p>\n","protected":false},"excerpt":{"rendered":"<p>SGR Consolidat:&nbsp; 2014 SGR-360 GRETA- Grup de Recerca en Est\u00e8tica i Teoria de les Arts (2015-2017). T\u00edtol del projecte:&nbsp;GENERATING KNOWLEDGE IN ARTISTIC RESEARCH: Towards an Alternative Account. A Meeting Point of Philosophy, Art and Design. Investigador\/a principal:&nbsp; Gerard Vilar&nbsp; Entitat finan\u00e7adora:&nbsp;MINECO Entitats participants:&nbsp;UAB Refer\u00e8ncia de la concessi\u00f3:&nbsp; FFI2015-64138-P&nbsp;&nbsp; &nbsp;&nbsp;&nbsp;Quantia de la subvenci\u00f3:&nbsp;29.800 euros Duraci\u00f3: de&nbsp;&nbsp;2016 [&hellip;]<\/p>\n","protected":false},"author":20,"featured_media":0,"parent":0,"menu_order":0,"comment_status":"closed","ping_status":"closed","template":"","meta":{"footnotes":""},"class_list":["post-25","page","type-page","status-publish","hentry"],"_links":{"self":[{"href":"https:\/\/webs.uab.cat\/greta\/wp-json\/wp\/v2\/pages\/25","targetHints":{"allow":["GET"]}}],"collection":[{"href":"https:\/\/webs.uab.cat\/greta\/wp-json\/wp\/v2\/pages"}],"about":[{"href":"https:\/\/webs.uab.cat\/greta\/wp-json\/wp\/v2\/types\/page"}],"author":[{"embeddable":true,"href":"https:\/\/webs.uab.cat\/greta\/wp-json\/wp\/v2\/users\/20"}],"replies":[{"embeddable":true,"href":"https:\/\/webs.uab.cat\/greta\/wp-json\/wp\/v2\/comments?post=25"}],"version-history":[{"count":4,"href":"https:\/\/webs.uab.cat\/greta\/wp-json\/wp\/v2\/pages\/25\/revisions"}],"predecessor-version":[{"id":123,"href":"https:\/\/webs.uab.cat\/greta\/wp-json\/wp\/v2\/pages\/25\/revisions\/123"}],"wp:attachment":[{"href":"https:\/\/webs.uab.cat\/greta\/wp-json\/wp\/v2\/media?parent=25"}],"curies":[{"name":"wp","href":"https:\/\/api.w.org\/{rel}","templated":true}]}}