{"id":32,"date":"2009-05-25T13:33:55","date_gmt":"2009-05-25T13:33:55","guid":{"rendered":"https:\/\/webs.uab.cat\/greta\/historia-del-grup\/"},"modified":"2009-05-25T13:33:55","modified_gmt":"2009-05-25T13:33:55","slug":"historia-del-grup","status":"publish","type":"page","link":"https:\/\/webs.uab.cat\/greta\/historia-del-grup\/","title":{"rendered":"Hist\u00f2ria del grup"},"content":{"rendered":"<div>GRETA ha estat treballant des de principis de la d\u00e8cada passada en l\u2019an\u00e0lisi i conceptuaci\u00f3 d\u2019alguns aspectes de les transformacions de l\u2019experi\u00e8ncia est\u00e8tica en el m\u00f3n contemporani, especialment en les manifestacions de les arts visuals contempor\u00e0nies. Des del principi vam estar estudiant les dimensions normatives \u00e8tiques i pol\u00edtiques &nbsp;de l\u2019experi\u00e8ncia est\u00e8tica contempor\u00e0nia (projectes MCYT BHA2001-1479-C04-C3 sobre \u201cArte contempor\u00e1neo e identidad democr\u00e1tica\u201d ; MEC, HUM2005-05757 sobre \u201cLa historicidad de la experiencia est\u00e9tica: hacia un cambio de paradigma\u201d i MICINN FFI2008-04339\/FISO \u201cLa historicidad de la experiencia estetica II: continuidad y discontinuidad entre experiencia estetica y sentido moral\u201d). Actualment la nostra recerca ha derivat cap a l\u2019estudi de la dimensi\u00f3 cognitiva, \u00e9s &nbsp;a dir, cap a l\u2019an\u00e0lisi del que avui dia s\u2019anomena \u201crecerca art\u00edstica\u201d i les seves suposades formes art\u00edstiques de \u201cproducci\u00f3 de coneixement\u201d (MINECO FFI2012-32614 \u201cExperiencia est\u00e9tica e investigaci\u00f3n art\u00edstica: aspectos cognitivos del arte contempor\u00e1neo\u201d). &nbsp;Aquesta recerca t\u00e9 un cant\u00f3 pr\u00e0ctic donat que persegueix tamb\u00e9 establir criteris d\u2019avaluaci\u00f3 i auditoria necessaris per a la pr\u00e0ctica formativa en m\u00e0sters &nbsp;i doctorats en els nous estudis creatius (disseny, belles arts, etc.) i ajuts a la recerca art\u00edstica per part de fundacions i altres entitats que han d\u2019avaluar projectes art\u00edstics. GRETA, per tant, s\u2019ubica en un territori transversal, on conflueixen investigadors del camp de la filosofia, la hist\u00f2ria del art i el disseny, de la cr\u00edtica i de la creaci\u00f3 art\u00edstica i disseny\u00edstica, de manera, doncs, la seva producci\u00f3 discursiva es troba ben clarament en l\u2019\u00e0mbit de l\u2019est\u00e8tica aplicada.<\/div>\n<div>Darrerament, a m\u00e9s, la nostra activitat de recerca ha anat centrat-se gradualment en un \u00e0mbit espec\u00edfic de l\u2019est\u00e8tica aplicada per la nostra progressiva incorporaci\u00f3 als projectes de elBulliFoundation, fins al punt d\u2019haver-nos constitu\u00eft en l\u2019equip UAB-Bullip\u00e8dia.&nbsp;<\/div>\n","protected":false},"excerpt":{"rendered":"<p>GRETA ha estat treballant des de principis de la d\u00e8cada passada en l\u2019an\u00e0lisi i conceptuaci\u00f3 d\u2019alguns aspectes de les transformacions de l\u2019experi\u00e8ncia est\u00e8tica en el m\u00f3n contemporani, especialment en les manifestacions de les arts visuals contempor\u00e0nies. Des del principi vam estar estudiant les dimensions normatives \u00e8tiques i pol\u00edtiques &nbsp;de l\u2019experi\u00e8ncia est\u00e8tica contempor\u00e0nia (projectes MCYT BHA2001-1479-C04-C3 [&hellip;]<\/p>\n","protected":false},"author":20,"featured_media":0,"parent":0,"menu_order":0,"comment_status":"closed","ping_status":"closed","template":"","meta":{"footnotes":""},"class_list":["post-32","page","type-page","status-publish","hentry"],"_links":{"self":[{"href":"https:\/\/webs.uab.cat\/greta\/wp-json\/wp\/v2\/pages\/32","targetHints":{"allow":["GET"]}}],"collection":[{"href":"https:\/\/webs.uab.cat\/greta\/wp-json\/wp\/v2\/pages"}],"about":[{"href":"https:\/\/webs.uab.cat\/greta\/wp-json\/wp\/v2\/types\/page"}],"author":[{"embeddable":true,"href":"https:\/\/webs.uab.cat\/greta\/wp-json\/wp\/v2\/users\/20"}],"replies":[{"embeddable":true,"href":"https:\/\/webs.uab.cat\/greta\/wp-json\/wp\/v2\/comments?post=32"}],"version-history":[{"count":0,"href":"https:\/\/webs.uab.cat\/greta\/wp-json\/wp\/v2\/pages\/32\/revisions"}],"wp:attachment":[{"href":"https:\/\/webs.uab.cat\/greta\/wp-json\/wp\/v2\/media?parent=32"}],"curies":[{"name":"wp","href":"https:\/\/api.w.org\/{rel}","templated":true}]}}