{"id":2,"date":"2023-07-31T08:57:54","date_gmt":"2023-07-31T06:57:54","guid":{"rendered":"https:\/\/webs.uab.cat\/grid\/?page_id=2"},"modified":"2024-07-31T22:31:03","modified_gmt":"2024-07-31T20:31:03","slug":"about-us","status":"publish","type":"page","link":"https:\/\/webs.uab.cat\/grid\/","title":{"rendered":"ABOUT US"},"content":{"rendered":"\n<p><em><strong>G<\/strong>rup de <strong>R<\/strong>ecerca i <strong>I<\/strong>nnovaci\u00f3 en <strong>D<\/strong>issenys (GRID). Tecnologia i aplicaci\u00f3 multim\u00e8dia i digital als dissenys observacionals<\/em><\/p>\n\n\n\n<div class=\"wp-block-group is-content-justification-center is-nowrap is-layout-flex wp-container-core-group-is-layout-94bc23d7 wp-block-group-is-layout-flex\">\n<figure class=\"wp-block-image size-full is-resized\"><img loading=\"lazy\" decoding=\"async\" width=\"1181\" height=\"295\" src=\"https:\/\/webs.uab.cat\/grid\/wp-content\/uploads\/sites\/476\/2024\/07\/logo-GRID-rgb-horizontal.jpg\" alt=\"\" class=\"wp-image-256\" style=\"width:268px;height:auto\" srcset=\"https:\/\/webs.uab.cat\/grid\/wp-content\/uploads\/sites\/476\/2024\/07\/logo-GRID-rgb-horizontal.jpg 1181w, https:\/\/webs.uab.cat\/grid\/wp-content\/uploads\/sites\/476\/2024\/07\/logo-GRID-rgb-horizontal-300x75.jpg 300w, https:\/\/webs.uab.cat\/grid\/wp-content\/uploads\/sites\/476\/2024\/07\/logo-GRID-rgb-horizontal-1024x256.jpg 1024w, https:\/\/webs.uab.cat\/grid\/wp-content\/uploads\/sites\/476\/2024\/07\/logo-GRID-rgb-horizontal-768x192.jpg 768w\" sizes=\"auto, (max-width: 1181px) 100vw, 1181px\" \/><\/figure>\n\n\n\n<figure class=\"wp-block-image size-full is-resized\"><img loading=\"lazy\" decoding=\"async\" width=\"388\" height=\"97\" src=\"https:\/\/webs.uab.cat\/grid\/wp-content\/uploads\/sites\/476\/2024\/06\/GENCAT_Universitats.png\" alt=\"\" class=\"wp-image-138\" style=\"width:251px;height:auto\" srcset=\"https:\/\/webs.uab.cat\/grid\/wp-content\/uploads\/sites\/476\/2024\/06\/GENCAT_Universitats.png 388w, https:\/\/webs.uab.cat\/grid\/wp-content\/uploads\/sites\/476\/2024\/06\/GENCAT_Universitats-300x75.png 300w\" sizes=\"auto, (max-width: 388px) 100vw, 388px\" \/><\/figure>\n<\/div>\n\n\n\n<p>The <strong>Research Group and Innovation in Designs (GRID). Technology and multimedia and digital application to observational designs <\/strong>is a consolidated and funded group by the <a href=\"https:\/\/agaur.gencat.cat\/en\/\">Agency for Management of University and Research Grants<\/a> (AGAUR), with the code 2021 SGR00718.<\/p>\n\n\n\n<blockquote class=\"wp-block-quote is-layout-flow wp-block-quote-is-layout-flow\">\n<p>Our group focuses on conceptual and technological innovation in observational methodology in the framework of mixed method research and multimethod extensions, with a clear commitment to the application of these advances. The areas of application are oriented to support and propose quality methodological resources for the evaluation (formative and implementation) of interventions carried out in the following areas:<\/p>\n\n\n\n<ul class=\"wp-block-list\">\n<li>Physical activity and sport<\/li>\n\n\n\n<li>Learning patterns<\/li>\n\n\n\n<li>Health pedagogy<\/li>\n\n\n\n<li>Hospital pedagogy<\/li>\n\n\n\n<li>Research training<\/li>\n<\/ul>\n<\/blockquote>\n\n\n<div class=\"wp-block-image\">\n<figure class=\"aligncenter size-full is-resized\"><a href=\"https:\/\/www.un.org\/sustainabledevelopment\/\"><img loading=\"lazy\" decoding=\"async\" width=\"685\" height=\"224\" src=\"https:\/\/webs.uab.cat\/grid\/wp-content\/uploads\/sites\/476\/2024\/07\/image.png\" alt=\"\" class=\"wp-image-241\" style=\"width:279px;height:auto\" srcset=\"https:\/\/webs.uab.cat\/grid\/wp-content\/uploads\/sites\/476\/2024\/07\/image.png 685w, https:\/\/webs.uab.cat\/grid\/wp-content\/uploads\/sites\/476\/2024\/07\/image-300x98.png 300w\" sizes=\"auto, (max-width: 685px) 100vw, 685px\" \/><\/a><\/figure>\n<\/div>","protected":false},"excerpt":{"rendered":"<p>Grup de Recerca i Innovaci\u00f3 en Dissenys (GRID). Tecnologia i aplicaci\u00f3 multim\u00e8dia i digital als dissenys observacionals The Research Group and Innovation in Designs (GRID). Technology and multimedia and digital application to observational designs is a consolidated and funded group by the Agency for Management of University and Research Grants (AGAUR), with the code 2021 [&hellip;]<\/p>\n","protected":false},"author":2735,"featured_media":0,"parent":0,"menu_order":0,"comment_status":"closed","ping_status":"closed","template":"","meta":{"footnotes":""},"class_list":["post-2","page","type-page","status-publish","hentry"],"yoast_head":"<!-- This site is optimized with the Yoast SEO plugin v26.8 - https:\/\/yoast.com\/product\/yoast-seo-wordpress\/ -->\n<title>ABOUT US - GRID<\/title>\n<meta name=\"robots\" content=\"index, follow, max-snippet:-1, max-image-preview:large, max-video-preview:-1\" \/>\n<link rel=\"canonical\" href=\"https:\/\/webs.uab.cat\/grid\/\" \/>\n<meta property=\"og:locale\" content=\"ca_ES\" \/>\n<meta property=\"og:type\" content=\"article\" \/>\n<meta property=\"og:title\" content=\"ABOUT US - GRID\" \/>\n<meta property=\"og:description\" content=\"Grup de Recerca i Innovaci\u00f3 en Dissenys (GRID). Tecnologia i aplicaci\u00f3 multim\u00e8dia i digital als dissenys observacionals The Research Group and Innovation in Designs (GRID). Technology and multimedia and digital application to observational designs is a consolidated and funded group by the Agency for Management of University and Research Grants (AGAUR), with the code 2021 [&hellip;]\" \/>\n<meta property=\"og:url\" content=\"https:\/\/webs.uab.cat\/grid\/\" \/>\n<meta property=\"og:site_name\" content=\"GRID\" \/>\n<meta property=\"article:modified_time\" content=\"2024-07-31T20:31:03+00:00\" \/>\n<meta property=\"og:image\" content=\"https:\/\/webs.uab.cat\/grid\/wp-content\/uploads\/sites\/476\/2024\/07\/logo-GRID-rgb-horizontal.jpg\" \/>\n<meta name=\"twitter:card\" content=\"summary_large_image\" \/>\n<meta name=\"twitter:label1\" content=\"Temps estimat de lectura\" \/>\n\t<meta name=\"twitter:data1\" content=\"1 minut\" \/>\n<script type=\"application\/ld+json\" class=\"yoast-schema-graph\">{\"@context\":\"https:\/\/schema.org\",\"@graph\":[{\"@type\":\"WebPage\",\"@id\":\"https:\/\/webs.uab.cat\/grid\/\",\"url\":\"https:\/\/webs.uab.cat\/grid\/\",\"name\":\"ABOUT US - GRID\",\"isPartOf\":{\"@id\":\"https:\/\/webs.uab.cat\/grid\/#website\"},\"primaryImageOfPage\":{\"@id\":\"https:\/\/webs.uab.cat\/grid\/#primaryimage\"},\"image\":{\"@id\":\"https:\/\/webs.uab.cat\/grid\/#primaryimage\"},\"thumbnailUrl\":\"https:\/\/webs.uab.cat\/grid\/wp-content\/uploads\/sites\/476\/2024\/07\/logo-GRID-rgb-horizontal.jpg\",\"datePublished\":\"2023-07-31T06:57:54+00:00\",\"dateModified\":\"2024-07-31T20:31:03+00:00\",\"breadcrumb\":{\"@id\":\"https:\/\/webs.uab.cat\/grid\/#breadcrumb\"},\"inLanguage\":\"ca\",\"potentialAction\":[{\"@type\":\"ReadAction\",\"target\":[\"https:\/\/webs.uab.cat\/grid\/\"]}]},{\"@type\":\"ImageObject\",\"inLanguage\":\"ca\",\"@id\":\"https:\/\/webs.uab.cat\/grid\/#primaryimage\",\"url\":\"https:\/\/webs.uab.cat\/grid\/wp-content\/uploads\/sites\/476\/2024\/07\/logo-GRID-rgb-horizontal.jpg\",\"contentUrl\":\"https:\/\/webs.uab.cat\/grid\/wp-content\/uploads\/sites\/476\/2024\/07\/logo-GRID-rgb-horizontal.jpg\",\"width\":1181,\"height\":295},{\"@type\":\"BreadcrumbList\",\"@id\":\"https:\/\/webs.uab.cat\/grid\/#breadcrumb\",\"itemListElement\":[{\"@type\":\"ListItem\",\"position\":1,\"name\":\"Inici\",\"item\":\"https:\/\/webs.uab.cat\/grid\/\"},{\"@type\":\"ListItem\",\"position\":2,\"name\":\"ABOUT US\"}]},{\"@type\":\"WebSite\",\"@id\":\"https:\/\/webs.uab.cat\/grid\/#website\",\"url\":\"https:\/\/webs.uab.cat\/grid\/\",\"name\":\"GRID\",\"description\":\"\",\"potentialAction\":[{\"@type\":\"SearchAction\",\"target\":{\"@type\":\"EntryPoint\",\"urlTemplate\":\"https:\/\/webs.uab.cat\/grid\/?s={search_term_string}\"},\"query-input\":{\"@type\":\"PropertyValueSpecification\",\"valueRequired\":true,\"valueName\":\"search_term_string\"}}],\"inLanguage\":\"ca\"}]}<\/script>\n<!-- \/ Yoast SEO plugin. -->","yoast_head_json":{"title":"ABOUT US - GRID","robots":{"index":"index","follow":"follow","max-snippet":"max-snippet:-1","max-image-preview":"max-image-preview:large","max-video-preview":"max-video-preview:-1"},"canonical":"https:\/\/webs.uab.cat\/grid\/","og_locale":"ca_ES","og_type":"article","og_title":"ABOUT US - GRID","og_description":"Grup de Recerca i Innovaci\u00f3 en Dissenys (GRID). Tecnologia i aplicaci\u00f3 multim\u00e8dia i digital als dissenys observacionals The Research Group and Innovation in Designs (GRID). Technology and multimedia and digital application to observational designs is a consolidated and funded group by the Agency for Management of University and Research Grants (AGAUR), with the code 2021 [&hellip;]","og_url":"https:\/\/webs.uab.cat\/grid\/","og_site_name":"GRID","article_modified_time":"2024-07-31T20:31:03+00:00","og_image":[{"url":"https:\/\/webs.uab.cat\/grid\/wp-content\/uploads\/sites\/476\/2024\/07\/logo-GRID-rgb-horizontal.jpg","type":"","width":"","height":""}],"twitter_card":"summary_large_image","twitter_misc":{"Temps estimat de lectura":"1 minut"},"schema":{"@context":"https:\/\/schema.org","@graph":[{"@type":"WebPage","@id":"https:\/\/webs.uab.cat\/grid\/","url":"https:\/\/webs.uab.cat\/grid\/","name":"ABOUT US - GRID","isPartOf":{"@id":"https:\/\/webs.uab.cat\/grid\/#website"},"primaryImageOfPage":{"@id":"https:\/\/webs.uab.cat\/grid\/#primaryimage"},"image":{"@id":"https:\/\/webs.uab.cat\/grid\/#primaryimage"},"thumbnailUrl":"https:\/\/webs.uab.cat\/grid\/wp-content\/uploads\/sites\/476\/2024\/07\/logo-GRID-rgb-horizontal.jpg","datePublished":"2023-07-31T06:57:54+00:00","dateModified":"2024-07-31T20:31:03+00:00","breadcrumb":{"@id":"https:\/\/webs.uab.cat\/grid\/#breadcrumb"},"inLanguage":"ca","potentialAction":[{"@type":"ReadAction","target":["https:\/\/webs.uab.cat\/grid\/"]}]},{"@type":"ImageObject","inLanguage":"ca","@id":"https:\/\/webs.uab.cat\/grid\/#primaryimage","url":"https:\/\/webs.uab.cat\/grid\/wp-content\/uploads\/sites\/476\/2024\/07\/logo-GRID-rgb-horizontal.jpg","contentUrl":"https:\/\/webs.uab.cat\/grid\/wp-content\/uploads\/sites\/476\/2024\/07\/logo-GRID-rgb-horizontal.jpg","width":1181,"height":295},{"@type":"BreadcrumbList","@id":"https:\/\/webs.uab.cat\/grid\/#breadcrumb","itemListElement":[{"@type":"ListItem","position":1,"name":"Inici","item":"https:\/\/webs.uab.cat\/grid\/"},{"@type":"ListItem","position":2,"name":"ABOUT US"}]},{"@type":"WebSite","@id":"https:\/\/webs.uab.cat\/grid\/#website","url":"https:\/\/webs.uab.cat\/grid\/","name":"GRID","description":"","potentialAction":[{"@type":"SearchAction","target":{"@type":"EntryPoint","urlTemplate":"https:\/\/webs.uab.cat\/grid\/?s={search_term_string}"},"query-input":{"@type":"PropertyValueSpecification","valueRequired":true,"valueName":"search_term_string"}}],"inLanguage":"ca"}]}},"_links":{"self":[{"href":"https:\/\/webs.uab.cat\/grid\/wp-json\/wp\/v2\/pages\/2","targetHints":{"allow":["GET"]}}],"collection":[{"href":"https:\/\/webs.uab.cat\/grid\/wp-json\/wp\/v2\/pages"}],"about":[{"href":"https:\/\/webs.uab.cat\/grid\/wp-json\/wp\/v2\/types\/page"}],"author":[{"embeddable":true,"href":"https:\/\/webs.uab.cat\/grid\/wp-json\/wp\/v2\/users\/2735"}],"replies":[{"embeddable":true,"href":"https:\/\/webs.uab.cat\/grid\/wp-json\/wp\/v2\/comments?post=2"}],"version-history":[{"count":26,"href":"https:\/\/webs.uab.cat\/grid\/wp-json\/wp\/v2\/pages\/2\/revisions"}],"predecessor-version":[{"id":258,"href":"https:\/\/webs.uab.cat\/grid\/wp-json\/wp\/v2\/pages\/2\/revisions\/258"}],"wp:attachment":[{"href":"https:\/\/webs.uab.cat\/grid\/wp-json\/wp\/v2\/media?parent=2"}],"curies":[{"name":"wp","href":"https:\/\/api.w.org\/{rel}","templated":true}]}}