{"id":26,"date":"2023-07-25T18:55:37","date_gmt":"2023-07-25T16:55:37","guid":{"rendered":"https:\/\/webs.uab.cat\/grivis\/?page_id=26"},"modified":"2023-07-25T18:59:18","modified_gmt":"2023-07-25T16:59:18","slug":"misio","status":"publish","type":"page","link":"https:\/\/webs.uab.cat\/grivis\/misio\/","title":{"rendered":"MISI\u00d3"},"content":{"rendered":"\n<p>La missi\u00f3 del grup Grup de Recerca Infermera en Vulnerabilitat i Salut (GRIVIS) \u00e9s millorar la salut de les persones a trav\u00e9s de la pr\u00e0ctica informada per l&#8217;evid\u00e8ncia. Per aix\u00f2 \u00e9s crucial acostar-se a la comprensi\u00f3 de les pr\u00e0ctiques de cura professional i no professional, i implementar accions avaluables tant a curt com a llarg termini.<\/p>\n","protected":false},"excerpt":{"rendered":"<p>La missi\u00f3 del grup Grup de Recerca Infermera en Vulnerabilitat i Salut (GRIVIS) \u00e9s millorar la salut de les persones a trav\u00e9s de la pr\u00e0ctica informada per l&#8217;evid\u00e8ncia. Per aix\u00f2 \u00e9s crucial acostar-se a la comprensi\u00f3 de les pr\u00e0ctiques de cura professional i no professional, i implementar accions avaluables tant a curt com a llarg [&hellip;]<\/p>\n","protected":false},"author":1530,"featured_media":0,"parent":0,"menu_order":0,"comment_status":"closed","ping_status":"closed","template":"","meta":{"footnotes":""},"class_list":["post-26","page","type-page","status-publish","hentry"],"_links":{"self":[{"href":"https:\/\/webs.uab.cat\/grivis\/wp-json\/wp\/v2\/pages\/26","targetHints":{"allow":["GET"]}}],"collection":[{"href":"https:\/\/webs.uab.cat\/grivis\/wp-json\/wp\/v2\/pages"}],"about":[{"href":"https:\/\/webs.uab.cat\/grivis\/wp-json\/wp\/v2\/types\/page"}],"author":[{"embeddable":true,"href":"https:\/\/webs.uab.cat\/grivis\/wp-json\/wp\/v2\/users\/1530"}],"replies":[{"embeddable":true,"href":"https:\/\/webs.uab.cat\/grivis\/wp-json\/wp\/v2\/comments?post=26"}],"version-history":[{"count":2,"href":"https:\/\/webs.uab.cat\/grivis\/wp-json\/wp\/v2\/pages\/26\/revisions"}],"predecessor-version":[{"id":41,"href":"https:\/\/webs.uab.cat\/grivis\/wp-json\/wp\/v2\/pages\/26\/revisions\/41"}],"wp:attachment":[{"href":"https:\/\/webs.uab.cat\/grivis\/wp-json\/wp\/v2\/media?parent=26"}],"curies":[{"name":"wp","href":"https:\/\/api.w.org\/{rel}","templated":true}]}}