{"id":28,"date":"2023-07-25T18:55:37","date_gmt":"2023-07-25T16:55:37","guid":{"rendered":"https:\/\/webs.uab.cat\/grivis\/?page_id=28"},"modified":"2023-07-25T19:00:01","modified_gmt":"2023-07-25T17:00:01","slug":"visio","status":"publish","type":"page","link":"https:\/\/webs.uab.cat\/grivis\/visio\/","title":{"rendered":"VISI\u00d3"},"content":{"rendered":"\n<p>El GRIVIS pret\u00e9n convertir-se en un referent nacional i internacional en l&#8217;\u00e0mbit de la cura a poblacions vulnerables tant des de l&#8217;\u00e0mbit hospitalari com fora d&#8217;aquest.<\/p>\n","protected":false},"excerpt":{"rendered":"<p>El GRIVIS pret\u00e9n convertir-se en un referent nacional i internacional en l&#8217;\u00e0mbit de la cura a poblacions vulnerables tant des de l&#8217;\u00e0mbit hospitalari com fora d&#8217;aquest.<\/p>\n","protected":false},"author":1530,"featured_media":0,"parent":0,"menu_order":0,"comment_status":"closed","ping_status":"closed","template":"","meta":{"footnotes":""},"class_list":["post-28","page","type-page","status-publish","hentry"],"_links":{"self":[{"href":"https:\/\/webs.uab.cat\/grivis\/wp-json\/wp\/v2\/pages\/28","targetHints":{"allow":["GET"]}}],"collection":[{"href":"https:\/\/webs.uab.cat\/grivis\/wp-json\/wp\/v2\/pages"}],"about":[{"href":"https:\/\/webs.uab.cat\/grivis\/wp-json\/wp\/v2\/types\/page"}],"author":[{"embeddable":true,"href":"https:\/\/webs.uab.cat\/grivis\/wp-json\/wp\/v2\/users\/1530"}],"replies":[{"embeddable":true,"href":"https:\/\/webs.uab.cat\/grivis\/wp-json\/wp\/v2\/comments?post=28"}],"version-history":[{"count":2,"href":"https:\/\/webs.uab.cat\/grivis\/wp-json\/wp\/v2\/pages\/28\/revisions"}],"predecessor-version":[{"id":42,"href":"https:\/\/webs.uab.cat\/grivis\/wp-json\/wp\/v2\/pages\/28\/revisions\/42"}],"wp:attachment":[{"href":"https:\/\/webs.uab.cat\/grivis\/wp-json\/wp\/v2\/media?parent=28"}],"curies":[{"name":"wp","href":"https:\/\/api.w.org\/{rel}","templated":true}]}}