{"id":43,"date":"2023-07-25T19:06:20","date_gmt":"2023-07-25T17:06:20","guid":{"rendered":"https:\/\/webs.uab.cat\/grivis\/?page_id=43"},"modified":"2023-09-01T14:15:04","modified_gmt":"2023-09-01T12:15:04","slug":"salut-sexual","status":"publish","type":"page","link":"https:\/\/webs.uab.cat\/grivis\/salut-sexual\/","title":{"rendered":"SALUT SEXUAL"},"content":{"rendered":"\n<p>Aquesta l\u00ednia situa el seu focus d\u2019inter\u00e8s en aspectes relacionats amb la salut sexual de les persones, tant des d\u2019un punt de vista biom\u00e8dic com social. Es treballaran aspectes relacionats amb infeccions de transmissi\u00f3 sexual (ITS), adher\u00e8ncia a tractaments, prevenci\u00f3-promoci\u00f3-educaci\u00f3 per a la salut, creences, estigma i discriminaci\u00f3, g\u00e8nere, identitat sexual, entre d\u2019altres, i el seu impacte en la vida de les persones, tant des de la perspectiva de les persones usu\u00e0ries com de les i els professionals sanitaris.<\/p>\n\n\n\n<p>Aquesta l\u00ednia est\u00e0 coordinada por el Dr. Juan M. Leyva (ORCID: 0000-0003-4241-4992), professor agregat al Departament d\u2019Infermeria de la Universitat Aut\u00f2noma de Barcelona i coordinador del GRIVIS. El Dr. Leyva te \u00e0mplia experi\u00e8ncia assistencial en l&#8217;\u00e0mbit de l\u2019atenci\u00f3 familiar i comunit\u00e0ria i \u00e9s autor de diverses publicacions internacionals amb factor d\u2019impacte. El Dr. Leyva ha rebut finan\u00e7ament per dur a terme projectes relacionats amb la salut sexual de les persones tant a nivell nacional com internacional. <\/p>\n\n\n\n<p>Aquesta l\u00ednia de recerca intenta donar resposta als seg\u00fcents Objectius per al Desenvolupament Sostenible proposats per l&#8217;OMS:<\/p>\n\n\n\n<ul class=\"wp-block-list\">\n<li>Salut i benestar<\/li>\n\n\n\n<li>Igualtat de g\u00e8nere<\/li>\n\n\n\n<li>Reducci\u00f3 de les desigualtats<\/li>\n<\/ul>\n\n\n\n<h2 class=\"wp-block-heading\">EQUIP INVESTIGADOR<\/h2>\n\n\n\n<ul class=\"wp-block-list\">\n<li>Dra. Rebeca G\u00f3mez<\/li>\n\n\n\n<li>Dra. Sabi San Rafael<\/li>\n\n\n\n<li>Dra. M. Dolors Bernabeu<\/li>\n\n\n\n<li>Dr. David Gim\u00e9nez<\/li>\n\n\n\n<li>Dra. Mariela Aguayo<\/li>\n\n\n\n<li>Sr. David T\u00e9llez Velasco<\/li>\n\n\n\n<li>Sr. Rub\u00e9n Maldonado Alia<\/li>\n\n\n\n<li>Sr. Roger Hortal M\u00e1s<\/li>\n<\/ul>\n\n\n\n<h2 class=\"wp-block-heading\">TESIS DOCTORALS<\/h2>\n\n\n\n<ol class=\"wp-block-list\">\n<li><strong>Ariadna Huertas Zurriaga<\/strong>. <em>Comprendre la presa de decisions reproductives en dones amb VIH, un repte per la millora de les cures<\/em>. Director: Juan M. Leyva. 2020<\/li>\n\n\n\n<li><strong>Lidia Pardell Dom\u00ednguez<\/strong>. <em>El significado de la sexualidad para las mujeres espa\u00f1olas durante el puerperio. An\u00e1lisis te\u00f3rico para reconstruir los cuidados enfermeros.<\/em> Director: Juan M. Leyva. <strong>2022<\/strong><\/li>\n\n\n\n<li><strong>Alicia Luva Dom\u00ednguez<\/strong>. L<em>a invisibilidad de la mujer en las campa\u00f1as publicitarias de prevenci\u00f3n del VIH.<\/em> Director: Juan M. Leyva. <strong>2023<\/strong><\/li>\n\n\n\n<li><strong>Ruben Maldonado Alia<\/strong>.<em> Significats atribuits a la pr\u00e0ctica del Chemsex en homes que tenen sexe amb homes a Espanya<\/em>. Direcci\u00f3: M. Dolors Bernabeu i Juan M.Leyva. <strong>En curs<\/strong><\/li>\n\n\n\n<li><strong>Roger Hortal Mas.<\/strong> <em>Signficat de salut sexual en persones amb transtorn mental sever a Barcelona.<\/em> Direcci\u00f3: M. Dolors Bernabeu i Juan M. Leyva. <strong>En curs<\/strong><\/li>\n\n\n\n<li><strong>David T\u00e9llez Velasco<\/strong>. <em>Creences i imaginari social al voltant de la PREP en homes gais, bisexuals i altres homes que tenen sexe amb homes a Barcelona<\/em>. Director: Juan M. Leyva. <strong>En curs<\/strong><\/li>\n<\/ol>\n\n\n\n<h2 class=\"wp-block-heading\">COL.LABORACIONS EXTERNES<\/h2>\n\n\n\n<ul class=\"wp-block-list\">\n<li><a href=\"https:\/\/stopsida.org\/\" target=\"_blank\" rel=\"noreferrer noopener\">ONG STOP<\/a><\/li>\n\n\n\n<li><a href=\"https:\/\/salutpublica.gencat.cat\/ca\/ambits\/vigilancia_salut_publica\/vih-sida-its-hv\/Monitoratge-i-avaluacio\/ceeiscat\" target=\"_blank\" rel=\"noreferrer noopener\">CEEISCAT<\/a><\/li>\n\n\n\n<li><a rel=\"noreferrer noopener\" href=\"https:\/\/www.gtt-vih.org\/\" target=\"_blank\">Grupo de Trabajo sobre Tratamientos del VIH<\/a><\/li>\n<\/ul>\n\n\n\n<h2 class=\"wp-block-heading\">CONTACTE<\/h2>\n\n\n\n<p><a href=\"mailto:juanmanuel.leyva@uab.cat\" target=\"_blank\" rel=\"noreferrer noopener\">juanmanuel.leyva@uab.cat<\/a><\/p>\n\n\n\n<p>Twitter @juanleyvamoral<\/p>\n\n\n\n<p><\/p>\n","protected":false},"excerpt":{"rendered":"<p>Aquesta l\u00ednia situa el seu focus d\u2019inter\u00e8s en aspectes relacionats amb la salut sexual de les persones, tant des d\u2019un punt de vista biom\u00e8dic com social. Es treballaran aspectes relacionats amb infeccions de transmissi\u00f3 sexual (ITS), adher\u00e8ncia a tractaments, prevenci\u00f3-promoci\u00f3-educaci\u00f3 per a la salut, creences, estigma i discriminaci\u00f3, g\u00e8nere, identitat sexual, entre d\u2019altres, i el [&hellip;]<\/p>\n","protected":false},"author":1530,"featured_media":0,"parent":0,"menu_order":0,"comment_status":"closed","ping_status":"closed","template":"","meta":{"footnotes":""},"class_list":["post-43","page","type-page","status-publish","hentry"],"_links":{"self":[{"href":"https:\/\/webs.uab.cat\/grivis\/wp-json\/wp\/v2\/pages\/43","targetHints":{"allow":["GET"]}}],"collection":[{"href":"https:\/\/webs.uab.cat\/grivis\/wp-json\/wp\/v2\/pages"}],"about":[{"href":"https:\/\/webs.uab.cat\/grivis\/wp-json\/wp\/v2\/types\/page"}],"author":[{"embeddable":true,"href":"https:\/\/webs.uab.cat\/grivis\/wp-json\/wp\/v2\/users\/1530"}],"replies":[{"embeddable":true,"href":"https:\/\/webs.uab.cat\/grivis\/wp-json\/wp\/v2\/comments?post=43"}],"version-history":[{"count":13,"href":"https:\/\/webs.uab.cat\/grivis\/wp-json\/wp\/v2\/pages\/43\/revisions"}],"predecessor-version":[{"id":87,"href":"https:\/\/webs.uab.cat\/grivis\/wp-json\/wp\/v2\/pages\/43\/revisions\/87"}],"wp:attachment":[{"href":"https:\/\/webs.uab.cat\/grivis\/wp-json\/wp\/v2\/media?parent=43"}],"curies":[{"name":"wp","href":"https:\/\/api.w.org\/{rel}","templated":true}]}}