{"id":45,"date":"2023-07-25T19:06:20","date_gmt":"2023-07-25T17:06:20","guid":{"rendered":"https:\/\/webs.uab.cat\/grivis\/?page_id=45"},"modified":"2023-09-01T14:06:02","modified_gmt":"2023-09-01T12:06:02","slug":"salut-mental","status":"publish","type":"page","link":"https:\/\/webs.uab.cat\/grivis\/salut-mental\/","title":{"rendered":"SALUT MENTAL"},"content":{"rendered":"\n<p>Aquesta l\u00ednia situa el seu focus en aspectes relacionats amb les cures infermeres en l\u2019\u00e0mbit de la salut mental i les addiccions, en poblaci\u00f3 adulta i tamb\u00e9 en poblaci\u00f3 infantojuvenil, tant en els \u00e0mbits d\u2019hospitalitzaci\u00f3 com comunitaris. Es treballaran aspectes com les c\u00e0rregues dels cuidadors familiars en la cura de les persones amb malaltia mental, els processos&nbsp; i narratives de salut i malaltia mental, la salut mental al llarg del cicle vital, el proc\u00e9s d\u2019atenci\u00f3 d\u2019Infermeria en salut mental, l\u2019aplicaci\u00f3 de models i teories infermeres de salut mental en la pr\u00e0ctica asistencial, l&#8217;avaluaci\u00f3 d\u2019intervencions infermeres en salut mental vers l\u2019individu, familia, grup o comunitat i&nbsp; metodologia de recerca infermera en salut mental.&nbsp;<\/p>\n\n\n\n<p>En aquesta l\u00ednia est\u00e0 dirigida per la Dra. Maria Dolors Bernabeu.&nbsp;&nbsp;<\/p>\n","protected":false},"excerpt":{"rendered":"<p>Aquesta l\u00ednia situa el seu focus en aspectes relacionats amb les cures infermeres en l\u2019\u00e0mbit de la salut mental i les addiccions, en poblaci\u00f3 adulta i tamb\u00e9 en poblaci\u00f3 infantojuvenil, tant en els \u00e0mbits d\u2019hospitalitzaci\u00f3 com comunitaris. Es treballaran aspectes com les c\u00e0rregues dels cuidadors familiars en la cura de les persones amb malaltia mental, [&hellip;]<\/p>\n","protected":false},"author":1530,"featured_media":0,"parent":0,"menu_order":0,"comment_status":"closed","ping_status":"closed","template":"","meta":{"footnotes":""},"class_list":["post-45","page","type-page","status-publish","hentry"],"_links":{"self":[{"href":"https:\/\/webs.uab.cat\/grivis\/wp-json\/wp\/v2\/pages\/45","targetHints":{"allow":["GET"]}}],"collection":[{"href":"https:\/\/webs.uab.cat\/grivis\/wp-json\/wp\/v2\/pages"}],"about":[{"href":"https:\/\/webs.uab.cat\/grivis\/wp-json\/wp\/v2\/types\/page"}],"author":[{"embeddable":true,"href":"https:\/\/webs.uab.cat\/grivis\/wp-json\/wp\/v2\/users\/1530"}],"replies":[{"embeddable":true,"href":"https:\/\/webs.uab.cat\/grivis\/wp-json\/wp\/v2\/comments?post=45"}],"version-history":[{"count":2,"href":"https:\/\/webs.uab.cat\/grivis\/wp-json\/wp\/v2\/pages\/45\/revisions"}],"predecessor-version":[{"id":80,"href":"https:\/\/webs.uab.cat\/grivis\/wp-json\/wp\/v2\/pages\/45\/revisions\/80"}],"wp:attachment":[{"href":"https:\/\/webs.uab.cat\/grivis\/wp-json\/wp\/v2\/media?parent=45"}],"curies":[{"name":"wp","href":"https:\/\/api.w.org\/{rel}","templated":true}]}}