{"id":46,"date":"2023-07-25T19:06:20","date_gmt":"2023-07-25T17:06:20","guid":{"rendered":"https:\/\/webs.uab.cat\/grivis\/?page_id=46"},"modified":"2023-09-01T14:06:48","modified_gmt":"2023-09-01T12:06:48","slug":"seguretat-del-pacient-i-simulacio","status":"publish","type":"page","link":"https:\/\/webs.uab.cat\/grivis\/seguretat-del-pacient-i-simulacio\/","title":{"rendered":"SEGURETAT DEL PACIENT I SIMULACI\u00d3"},"content":{"rendered":"\n<p>Aquesta l\u00ednia situa el seu focus d\u2019inter\u00e8s en aspectes relacionats amb la seguretat del pacient i la cultura de seguretat. Es treballaran aspectes relacionats amb la complexitat de les cures, la pr\u00e0ctica segura, la comunicaci\u00f3 efectiva, les pr\u00e0ctiques de risc, els efectes adversos i els patrons de conducta de seguretat dels professionals.&nbsp;<\/p>\n\n\n\n<p>Aquesta l\u00ednia est\u00e0 coordinada per la Dra. Nina Granel professora lectora del Departament d\u2019Infermeria de la Facultat de Medicina de la Universitat Aut\u00f2noma de Barcelona. La Dra. Granel t\u00e9 experi\u00e8ncia investigadora dins de l\u2019\u00e0mbit de la cultura de seguretat amb algunes publicacions nacionals i internacionals.<\/p>\n","protected":false},"excerpt":{"rendered":"<p>Aquesta l\u00ednia situa el seu focus d\u2019inter\u00e8s en aspectes relacionats amb la seguretat del pacient i la cultura de seguretat. Es treballaran aspectes relacionats amb la complexitat de les cures, la pr\u00e0ctica segura, la comunicaci\u00f3 efectiva, les pr\u00e0ctiques de risc, els efectes adversos i els patrons de conducta de seguretat dels professionals.&nbsp; Aquesta l\u00ednia est\u00e0 [&hellip;]<\/p>\n","protected":false},"author":1530,"featured_media":0,"parent":0,"menu_order":0,"comment_status":"closed","ping_status":"closed","template":"","meta":{"footnotes":""},"class_list":["post-46","page","type-page","status-publish","hentry"],"_links":{"self":[{"href":"https:\/\/webs.uab.cat\/grivis\/wp-json\/wp\/v2\/pages\/46","targetHints":{"allow":["GET"]}}],"collection":[{"href":"https:\/\/webs.uab.cat\/grivis\/wp-json\/wp\/v2\/pages"}],"about":[{"href":"https:\/\/webs.uab.cat\/grivis\/wp-json\/wp\/v2\/types\/page"}],"author":[{"embeddable":true,"href":"https:\/\/webs.uab.cat\/grivis\/wp-json\/wp\/v2\/users\/1530"}],"replies":[{"embeddable":true,"href":"https:\/\/webs.uab.cat\/grivis\/wp-json\/wp\/v2\/comments?post=46"}],"version-history":[{"count":3,"href":"https:\/\/webs.uab.cat\/grivis\/wp-json\/wp\/v2\/pages\/46\/revisions"}],"predecessor-version":[{"id":82,"href":"https:\/\/webs.uab.cat\/grivis\/wp-json\/wp\/v2\/pages\/46\/revisions\/82"}],"wp:attachment":[{"href":"https:\/\/webs.uab.cat\/grivis\/wp-json\/wp\/v2\/media?parent=46"}],"curies":[{"name":"wp","href":"https:\/\/api.w.org\/{rel}","templated":true}]}}