{"id":48,"date":"2023-07-25T19:06:20","date_gmt":"2023-07-25T17:06:20","guid":{"rendered":"https:\/\/webs.uab.cat\/grivis\/?page_id=48"},"modified":"2023-09-01T14:07:59","modified_gmt":"2023-09-01T12:07:59","slug":"intervencions-educatives","status":"publish","type":"page","link":"https:\/\/webs.uab.cat\/grivis\/intervencions-educatives\/","title":{"rendered":"INTERVENCIONS EDUCATIVES"},"content":{"rendered":"\n<p>Aquesta l\u00ednia de recerca est\u00e0 centrada en les intervencions educatives dirigides a poblacions vulnerables. Entenent com a poblaci\u00f3 vulnerable, tant els pacients i les seves fam\u00edlies, com els estudiants universitaris i el context acad\u00e8mic.<br>Es treballaran aspectes com l&#8217;adher\u00e8ncia al tractament de pacients cr\u00f2nics, incidents cr\u00edtics a la conviv\u00e8ncia universit\u00e0ria i les pr\u00e0ctiques cl\u00edniques dels estudiants de les ci\u00e8ncies de la salut.<br>Aquesta l\u00ednia est\u00e0 coordinada per la Dra. Mariela Aguayo, professora lectora del departament d&#8217;Infermeria de la Facultat de Medicina de la UAB. La Dra. Aguayo t\u00e9 experi\u00e8ncia en Educaci\u00f3 per a la Salut i el maneig d&#8217;incidents cr\u00edtics en contextos sanitaris i educatius.<\/p>\n","protected":false},"excerpt":{"rendered":"<p>Aquesta l\u00ednia de recerca est\u00e0 centrada en les intervencions educatives dirigides a poblacions vulnerables. Entenent com a poblaci\u00f3 vulnerable, tant els pacients i les seves fam\u00edlies, com els estudiants universitaris i el context acad\u00e8mic.Es treballaran aspectes com l&#8217;adher\u00e8ncia al tractament de pacients cr\u00f2nics, incidents cr\u00edtics a la conviv\u00e8ncia universit\u00e0ria i les pr\u00e0ctiques cl\u00edniques dels estudiants [&hellip;]<\/p>\n","protected":false},"author":1530,"featured_media":0,"parent":0,"menu_order":0,"comment_status":"closed","ping_status":"closed","template":"","meta":{"footnotes":""},"class_list":["post-48","page","type-page","status-publish","hentry"],"_links":{"self":[{"href":"https:\/\/webs.uab.cat\/grivis\/wp-json\/wp\/v2\/pages\/48","targetHints":{"allow":["GET"]}}],"collection":[{"href":"https:\/\/webs.uab.cat\/grivis\/wp-json\/wp\/v2\/pages"}],"about":[{"href":"https:\/\/webs.uab.cat\/grivis\/wp-json\/wp\/v2\/types\/page"}],"author":[{"embeddable":true,"href":"https:\/\/webs.uab.cat\/grivis\/wp-json\/wp\/v2\/users\/1530"}],"replies":[{"embeddable":true,"href":"https:\/\/webs.uab.cat\/grivis\/wp-json\/wp\/v2\/comments?post=48"}],"version-history":[{"count":3,"href":"https:\/\/webs.uab.cat\/grivis\/wp-json\/wp\/v2\/pages\/48\/revisions"}],"predecessor-version":[{"id":84,"href":"https:\/\/webs.uab.cat\/grivis\/wp-json\/wp\/v2\/pages\/48\/revisions\/84"}],"wp:attachment":[{"href":"https:\/\/webs.uab.cat\/grivis\/wp-json\/wp\/v2\/media?parent=48"}],"curies":[{"name":"wp","href":"https:\/\/api.w.org\/{rel}","templated":true}]}}