{"id":8,"date":"2023-07-25T18:50:57","date_gmt":"2023-07-25T16:50:57","guid":{"rendered":"https:\/\/webs.uab.cat\/grivis\/?page_id=8"},"modified":"2023-07-25T19:10:31","modified_gmt":"2023-07-25T17:10:31","slug":"presentacio","status":"publish","type":"page","link":"https:\/\/webs.uab.cat\/grivis\/presentacio\/","title":{"rendered":"PRESENTACI\u00d3"},"content":{"rendered":"\n<p>En els \u00faltims anys s&#8217;ha evidenciat importants canvis cient\u00edfics i socials que han influenciat directament o indirectament la salut de les persones, les seves fam\u00edlies i la comunitat. Millora de l&#8217;acc\u00e9s als Serveis, participaci\u00f3 ciutadana, discriminaci\u00f3, viol\u00e8ncies, medicalitzaci\u00f3, cura humanitzada, i un llarg etc\u00e8tera s\u00f3n elements que, com a professionals, hem de consolidar en la nostra pr\u00e0ctica di\u00e0ria per a poder oferir cures realistes adaptats a les necessitats biol\u00f2giques i socials d&#8217;una poblaci\u00f3 heterog\u00e8nia i canviant com l&#8217;actual.<\/p>\n\n\n\n<p>L&#8217;esperan\u00e7a de vida ha augmentat i amb aix\u00f2 la pir\u00e0mide poblacional ha anat invertint la seva forma, apareixent processos de salut cr\u00f2nics i complexos. Tamb\u00e9, la realitat socioecon\u00f2mica dels pa\u00efsos ha generat fluxos migratoris que requereixen de cures de salut espec\u00edfics i individualitzats. Noves t\u00e8cniques de reproducci\u00f3 i aven\u00e7os en neonatologia permeten la superviv\u00e8ncia de nounats que anys enrere hauria estat impossible. Nous models de fam\u00edlia s&#8217;estan consolidant fent visible noves realitats m\u00e9s enll\u00e0 del model tradicional home-dona. En definitiva, les necessitats de salut de les persones a les que tenim cura han anat evolucionant<\/p>\n\n\n\n<p>Aquesta nova realitat identificada no est\u00e0 exempta de riscos. Els aven\u00e7os biom\u00e8dics r\u00e0pids i els no tan r\u00e0pids canvis socials posen en situaci\u00f3 de vulnerabilitat a moltes persones. Resulta crucial aprofundir en les creences, actituds, coneixements i pr\u00e0ctiques dels professionals i la ciutadania i en l&#8217;impacte en la salut tant individual com col\u00b7lectiva. Calen evid\u00e8ncies cient\u00edfiques que avalin la pr\u00e0ctica professional. D\u2019aqu\u00ed la necessitat de la creaci\u00f3 d&#8217;aquest grup de recerca.<\/p>\n","protected":false},"excerpt":{"rendered":"<p>En els \u00faltims anys s&#8217;ha evidenciat importants canvis cient\u00edfics i socials que han influenciat directament o indirectament la salut de les persones, les seves fam\u00edlies i la comunitat. Millora de l&#8217;acc\u00e9s als Serveis, participaci\u00f3 ciutadana, discriminaci\u00f3, viol\u00e8ncies, medicalitzaci\u00f3, cura humanitzada, i un llarg etc\u00e8tera s\u00f3n elements que, com a professionals, hem de consolidar en la [&hellip;]<\/p>\n","protected":false},"author":1530,"featured_media":0,"parent":0,"menu_order":0,"comment_status":"closed","ping_status":"closed","template":"","meta":{"footnotes":""},"class_list":["post-8","page","type-page","status-publish","hentry"],"_links":{"self":[{"href":"https:\/\/webs.uab.cat\/grivis\/wp-json\/wp\/v2\/pages\/8","targetHints":{"allow":["GET"]}}],"collection":[{"href":"https:\/\/webs.uab.cat\/grivis\/wp-json\/wp\/v2\/pages"}],"about":[{"href":"https:\/\/webs.uab.cat\/grivis\/wp-json\/wp\/v2\/types\/page"}],"author":[{"embeddable":true,"href":"https:\/\/webs.uab.cat\/grivis\/wp-json\/wp\/v2\/users\/1530"}],"replies":[{"embeddable":true,"href":"https:\/\/webs.uab.cat\/grivis\/wp-json\/wp\/v2\/comments?post=8"}],"version-history":[{"count":2,"href":"https:\/\/webs.uab.cat\/grivis\/wp-json\/wp\/v2\/pages\/8\/revisions"}],"predecessor-version":[{"id":64,"href":"https:\/\/webs.uab.cat\/grivis\/wp-json\/wp\/v2\/pages\/8\/revisions\/64"}],"wp:attachment":[{"href":"https:\/\/webs.uab.cat\/grivis\/wp-json\/wp\/v2\/media?parent=8"}],"curies":[{"name":"wp","href":"https:\/\/api.w.org\/{rel}","templated":true}]}}