{"id":112,"date":"2026-03-10T16:06:24","date_gmt":"2026-03-10T14:06:24","guid":{"rendered":"https:\/\/webs.uab.cat\/grow\/team\/"},"modified":"2026-03-20T11:50:32","modified_gmt":"2026-03-20T09:50:32","slug":"team","status":"publish","type":"page","link":"https:\/\/webs.uab.cat\/grow\/it\/team\/","title":{"rendered":"Team"},"content":{"rendered":"\n<p><strong>#GROW<\/strong> \u00e8 un progetto triennale condotto da <strong>Universitat Aut\u00f2noma de Barcelona (UAB)<\/strong> e <strong>Politecnico di Milano<\/strong>, e finanziato da <strong>Fondazione Cariplo<\/strong>.<\/p>\n<div class=\"wp-block-image\">\n<figure class=\"aligncenter size-full\"><img loading=\"lazy\" decoding=\"async\" width=\"600\" height=\"80\" src=\"https:\/\/webs.uab.cat\/grow\/wp-content\/uploads\/sites\/719\/2026\/03\/Logos-institucions-participants.jpg\" alt=\"\" class=\"wp-image-78\" srcset=\"https:\/\/webs.uab.cat\/grow\/wp-content\/uploads\/sites\/719\/2026\/03\/Logos-institucions-participants.jpg 600w, https:\/\/webs.uab.cat\/grow\/wp-content\/uploads\/sites\/719\/2026\/03\/Logos-institucions-participants-300x40.jpg 300w\" sizes=\"auto, (max-width: 600px) 100vw, 600px\" \/><\/figure>\n<\/div>\n<p>Il team Polimi, guidato da Alessandra Guglielmi, si concentrer\u00e0 sull&#8217;analisi statistica e sullo sviluppo di modelli predittivi, mentre il team UAB, guidato da Lara Maestripieri, condurr\u00e0 studi di caso qualitativi e contribuir\u00e0 all&#8217;analisi delle politiche.<\/p>\n\n<hr class=\"wp-block-separator has-alpha-channel-opacity is-style-wide\" \/>\n\n<div class=\"wp-block-columns alignwide is-layout-flex wp-container-core-columns-is-layout-9d6595d7 wp-block-columns-is-layout-flex\">\n<div class=\"wp-block-column is-layout-flow wp-block-column-is-layout-flow\" style=\"flex-basis:13.33%\">\n<figure class=\"wp-block-image size-full\"><img loading=\"lazy\" decoding=\"async\" width=\"297\" height=\"105\" src=\"https:\/\/webs.uab.cat\/grow\/wp-content\/uploads\/sites\/719\/2026\/03\/POLIMI-logo.jpg\" alt=\"\" class=\"wp-image-40\"\/><\/figure>\n\n\n\n<p class=\"has-text-align-center\">Team Polimi<\/p>\n<\/div>\n\n\n\n<div class=\"wp-block-column is-layout-flow wp-block-column-is-layout-flow\" style=\"flex-basis:26.67%\">\n<figure class=\"wp-block-image size-full is-resized\"><img loading=\"lazy\" decoding=\"async\" width=\"400\" height=\"346\" src=\"https:\/\/webs.uab.cat\/grow\/wp-content\/uploads\/sites\/719\/2026\/03\/ALESSANDRA-G.jpg\" alt=\"\" class=\"wp-image-43\" style=\"aspect-ratio:1.1561257216164207;width:206px;height:auto\" srcset=\"https:\/\/webs.uab.cat\/grow\/wp-content\/uploads\/sites\/719\/2026\/03\/ALESSANDRA-G.jpg 400w, https:\/\/webs.uab.cat\/grow\/wp-content\/uploads\/sites\/719\/2026\/03\/ALESSANDRA-G-300x260.jpg 300w\" sizes=\"auto, (max-width: 400px) 100vw, 400px\" \/><\/figure>\n\n\n\n<h3 class=\"wp-block-heading\">Alessandra Guglielmi<\/h3>\n\n\n\n<p class=\"has-small-font-size\"><strong>Alessandra Guglielmi<\/strong> \u00e8 Professoressa Ordinaria di Statistica, Dipartimento di Matematica, Politecnico di Milano (Italia). \u00c8 una statistica metodologica. Recentemente, il suo lavoro si \u00e8 focalizzato su modelli bayesiani per misurare il divario di genere nell&#8217;accesso al mercato del lavoro, per le disuguaglianze economiche e boundary detection.  <\/p>\n\n\n\n<p class=\"has-small-font-size\">alessandra.guglielmi@polimi.it<\/p>\n<\/div>\n\n\n\n<div class=\"wp-block-column is-layout-flow wp-block-column-is-layout-flow\" style=\"flex-basis:20%\">\n<figure class=\"wp-block-image size-full is-resized\"><img loading=\"lazy\" decoding=\"async\" width=\"450\" height=\"383\" src=\"https:\/\/webs.uab.cat\/grow\/wp-content\/uploads\/sites\/719\/2026\/03\/LUCA-P.jpg\" alt=\"\" class=\"wp-image-44\" style=\"width:auto;height:175px\" srcset=\"https:\/\/webs.uab.cat\/grow\/wp-content\/uploads\/sites\/719\/2026\/03\/LUCA-P.jpg 450w, https:\/\/webs.uab.cat\/grow\/wp-content\/uploads\/sites\/719\/2026\/03\/LUCA-P-300x255.jpg 300w\" sizes=\"auto, (max-width: 450px) 100vw, 450px\" \/><\/figure>\n\n\n\n<h3 class=\"wp-block-heading\">Luca Perego<\/h3>\n\n\n\n<p class=\"has-small-font-size\"><strong>Luca Perego<\/strong> \u00e8 un dottorando presso il Dipartimento di Matematica, Politecnico di Milano. \u00c8 interessato all&#8217;applicazione della statistica alle questioni sociali e sta attualmente lavorando sul rapporto tra strutture per l&#8217;infanzia e occupazione femminile all&#8217;interno del progetto #GROW. <\/p>\n\n\n\n<p class=\"has-small-font-size\">luca.perego@polimi.it<\/p>\n<\/div>\n\n\n\n<div class=\"wp-block-column is-layout-flow wp-block-column-is-layout-flow\" style=\"flex-basis:20%\">\n<figure class=\"wp-block-image size-full is-resized\"><img loading=\"lazy\" decoding=\"async\" width=\"400\" height=\"336\" src=\"https:\/\/webs.uab.cat\/grow\/wp-content\/uploads\/sites\/719\/2026\/03\/SIMONE-C.jpg\" alt=\"\" class=\"wp-image-53\" style=\"width:auto;height:175px\" srcset=\"https:\/\/webs.uab.cat\/grow\/wp-content\/uploads\/sites\/719\/2026\/03\/SIMONE-C.jpg 400w, https:\/\/webs.uab.cat\/grow\/wp-content\/uploads\/sites\/719\/2026\/03\/SIMONE-C-300x252.jpg 300w\" sizes=\"auto, (max-width: 400px) 100vw, 400px\" \/><\/figure>\n\n\n\n<h3 class=\"wp-block-heading\">Simone Colombara<\/h3>\n\n\n\n<p class=\"has-small-font-size\"><strong>Simone Colombara<\/strong> \u00e8 un dottorando presso il Dipartimento di Matematica, Politecnico di Milano, specializzato in statistica bayesiana. I suoi interessi di ricerca si concentrano sulla statistica areale (spaziale), l&#8217;epidemiologia e l&#8217;analisi di dati longitudinali. <\/p>\n\n\n\n<p class=\"has-small-font-size\">simone.colombara@polimi.it<\/p>\n<\/div>\n\n\n\n<div class=\"wp-block-column is-layout-flow wp-block-column-is-layout-flow\" style=\"flex-basis:20%\">\n<figure class=\"wp-block-image size-full is-resized\"><img loading=\"lazy\" decoding=\"async\" width=\"400\" height=\"340\" src=\"https:\/\/webs.uab.cat\/grow\/wp-content\/uploads\/sites\/719\/2026\/03\/GIULIO-B-1.jpg\" alt=\"\" class=\"wp-image-51\" style=\"width:auto;height:175px\" srcset=\"https:\/\/webs.uab.cat\/grow\/wp-content\/uploads\/sites\/719\/2026\/03\/GIULIO-B-1.jpg 400w, https:\/\/webs.uab.cat\/grow\/wp-content\/uploads\/sites\/719\/2026\/03\/GIULIO-B-1-300x255.jpg 300w\" sizes=\"auto, (max-width: 400px) 100vw, 400px\" \/><\/figure>\n\n\n\n<h3 class=\"wp-block-heading\">Giulio Beltramin<\/h3>\n\n\n\n<p class=\"has-small-font-size\"><strong>Giulio Beltramin<\/strong> \u00e8 un dottorando presso il Dipartimento di Matematica, Politecnico di Milano, specializzato in statistica bayesiana. La sua ricerca si concentra sulla statistica bayesiana non parametrica e sui modelli spaziotemporali applicati a dati ambientali. <\/p>\n\n\n\n<p class=\"has-small-font-size\">giulio.beltramin@polimi.it<\/p>\n<\/div>\n<\/div>\n\n<hr class=\"wp-block-separator has-alpha-channel-opacity is-style-wide\" \/>\n\n<div class=\"wp-block-columns alignwide is-layout-flex wp-container-core-columns-is-layout-9d6595d7 wp-block-columns-is-layout-flex\">\n<div class=\"wp-block-column is-layout-flow wp-block-column-is-layout-flow\" style=\"flex-basis:13.33%\">\n<figure class=\"wp-block-image size-full\"><img loading=\"lazy\" decoding=\"async\" width=\"874\" height=\"619\" src=\"https:\/\/webs.uab.cat\/grow\/wp-content\/uploads\/sites\/719\/2026\/03\/logo-IGOP_UAB_2024_black.png\" alt=\"\" class=\"wp-image-36\" srcset=\"https:\/\/webs.uab.cat\/grow\/wp-content\/uploads\/sites\/719\/2026\/03\/logo-IGOP_UAB_2024_black.png 874w, https:\/\/webs.uab.cat\/grow\/wp-content\/uploads\/sites\/719\/2026\/03\/logo-IGOP_UAB_2024_black-300x212.png 300w, https:\/\/webs.uab.cat\/grow\/wp-content\/uploads\/sites\/719\/2026\/03\/logo-IGOP_UAB_2024_black-768x544.png 768w\" sizes=\"auto, (max-width: 874px) 100vw, 874px\" \/><\/figure>\n\n\n\n<p class=\"has-text-align-center\">Team UAB<\/p>\n<\/div>\n\n\n\n<div class=\"wp-block-column is-layout-flow wp-block-column-is-layout-flow\" style=\"flex-basis:26.67%\">\n<figure class=\"wp-block-image size-full is-resized is-style-default\"><img loading=\"lazy\" decoding=\"async\" width=\"296\" height=\"251\" src=\"https:\/\/webs.uab.cat\/grow\/wp-content\/uploads\/sites\/719\/2026\/03\/Lara-Maestripieri-UAB.jpg\" alt=\"\" class=\"wp-image-59\" style=\"width:auto;height:175px\"\/><\/figure>\n\n\n\n<h3 class=\"wp-block-heading\">Lara Maestripieri<\/h3>\n\n\n\n<p class=\"has-small-font-size\"><strong>Lara Maestripieri<\/strong> ha conseguito un dottorato di ricerca in Sociologia e Ricerca Sociale presso l&#8217;Universit\u00e0 di Trento (2011). \u00c8 docente Serra Hunter di Sociologia del Lavoro presso il Dipartimento di Sociologia dell&#8217;Universit\u00e0 Autonoma di Barcellona. I suoi interessi di ricerca riguardano il cambiamento sociale nella societ\u00e0 post-industriale e, in particolare, i suoi contributi si concentrano sull&#8217;insicurezza economica, l&#8217;innovazione sociale nelle politiche sociali e le professioni emergenti. La sua ricerca si \u00e8 focalizzata principalmente sullo studio dei giovani e delle donne come gruppi sociali vulnerabili nei mercati del lavoro dell&#8217;Europa meridionale.   <\/p>\n\n\n\n<p class=\"has-small-font-size\">Lara.Maestripieri@uab.cat<\/p>\n<\/div>\n\n\n\n<div class=\"wp-block-column is-layout-flow wp-block-column-is-layout-flow\" style=\"flex-basis:20%\">\n<figure class=\"wp-block-image size-full is-resized\"><img loading=\"lazy\" decoding=\"async\" width=\"296\" height=\"251\" src=\"https:\/\/webs.uab.cat\/grow\/wp-content\/uploads\/sites\/719\/2026\/03\/Raquel-Gallego-UAB-Luis-Montes-de-Oca.jpg\" alt=\"Foto: Raquelk Gallego by Luis Montes de Oca\" class=\"wp-image-62\" style=\"width:auto;height:175px\"\/><\/figure>\n\n\n\n<h3 class=\"wp-block-heading\">Raquel Gallego<\/h3>\n\n\n\n<p class=\"has-small-font-size\"><strong>Raquel Gallego <\/strong>\u00e8 professoressa ordinaria di Scienze politiche e Pubblica amministrazione presso l&#8217;Universitat Aut\u00f2noma de Barcelona (UAB), dove \u00e8 anche ricercatrice senior presso l&#8217;Istituto di Governo e Politiche Pubbliche (IGOP).<\/p>\n\n\n\n<p class=\"has-small-font-size\">raquel.gallego@uab.cat<\/p>\n<\/div>\n\n\n\n<div class=\"wp-block-column is-layout-flow wp-block-column-is-layout-flow\" style=\"flex-basis:20%\">\n<figure class=\"wp-block-image size-full is-resized\"><img loading=\"lazy\" decoding=\"async\" width=\"296\" height=\"251\" src=\"https:\/\/webs.uab.cat\/grow\/wp-content\/uploads\/sites\/719\/2026\/03\/Alexandra-Seehaus-UAB.jpg\" alt=\"\" class=\"wp-image-55\" style=\"width:auto;height:175px\"\/><\/figure>\n\n\n\n<h3 class=\"wp-block-heading\">Alexandra Seehaus<\/h3>\n\n\n\n<p class=\"has-small-font-size\"><strong>Alexandra Seehaus<\/strong> ha conseguito un dottorato di ricerca in Relazioni industriali e del lavoro presso l&#8217;Universit\u00e0 di Leeds (2025) e, fino a poco tempo fa, ha ricoperto una posizione di ricercatrice post-dottorato presso la Leeds University Business School. I suoi interessi di ricerca vertono sulla disuguaglianza sociale, sui cambiamenti nel mondo del lavoro e sulle relazioni industriali.  <\/p>\n\n\n\n<p class=\"has-small-font-size\">Alexandra.Seehaus@uab.cat<\/p>\n<\/div>\n\n\n\n<div class=\"wp-block-column is-layout-flow wp-block-column-is-layout-flow\" style=\"flex-basis:20%\">\n<figure class=\"wp-block-image size-full is-resized\"><img loading=\"lazy\" decoding=\"async\" width=\"296\" height=\"251\" src=\"https:\/\/webs.uab.cat\/grow\/wp-content\/uploads\/sites\/719\/2026\/03\/Jaume-Badosa-UAB.jpg\" alt=\"\" class=\"wp-image-66\" style=\"width:auto;height:175px\"\/><\/figure>\n\n\n\n<h3 class=\"wp-block-heading\">Jaume Badosa<\/h3>\n\n\n\n<p class=\"has-small-font-size\">Tecnico delle comunicazioni presso IGOP. Ha conseguito una laurea in Scienze politiche e amministrazione (UAB), un master in Gestione pubblica (UAB-UPF-Esade), una laurea in Design (Elisava-UPF) e un diploma post-laurea in Comunicazione digitale e business (UPC). <\/p>\n\n\n\n<p class=\"has-small-font-size\">jaume.badosa@uab.cat<\/p>\n<\/div>\n<\/div>\n","protected":false},"excerpt":{"rendered":"<p>#GROW \u00e8 un progetto triennale condotto da Universitat Aut\u00f2noma de Barcelona (UAB) e Politecnico di Milano, e finanziato da Fondazione Cariplo. Il team Polimi, guidato da Alessandra Guglielmi, si concentrer\u00e0 sull&#8217;analisi statistica e sullo sviluppo di modelli predittivi, mentre il team UAB, guidato da Lara Maestripieri, condurr\u00e0 studi di caso qualitativi e contribuir\u00e0 all&#8217;analisi delle [&hellip;]<\/p>\n","protected":false},"author":34,"featured_media":0,"parent":0,"menu_order":0,"comment_status":"closed","ping_status":"closed","template":"","meta":{"footnotes":""},"class_list":["post-112","page","type-page","status-publish","hentry"],"_links":{"self":[{"href":"https:\/\/webs.uab.cat\/grow\/it\/wp-json\/wp\/v2\/pages\/112","targetHints":{"allow":["GET"]}}],"collection":[{"href":"https:\/\/webs.uab.cat\/grow\/it\/wp-json\/wp\/v2\/pages"}],"about":[{"href":"https:\/\/webs.uab.cat\/grow\/it\/wp-json\/wp\/v2\/types\/page"}],"author":[{"embeddable":true,"href":"https:\/\/webs.uab.cat\/grow\/it\/wp-json\/wp\/v2\/users\/34"}],"replies":[{"embeddable":true,"href":"https:\/\/webs.uab.cat\/grow\/it\/wp-json\/wp\/v2\/comments?post=112"}],"version-history":[{"count":7,"href":"https:\/\/webs.uab.cat\/grow\/it\/wp-json\/wp\/v2\/pages\/112\/revisions"}],"predecessor-version":[{"id":163,"href":"https:\/\/webs.uab.cat\/grow\/it\/wp-json\/wp\/v2\/pages\/112\/revisions\/163"}],"wp:attachment":[{"href":"https:\/\/webs.uab.cat\/grow\/it\/wp-json\/wp\/v2\/media?parent=112"}],"curies":[{"name":"wp","href":"https:\/\/api.w.org\/{rel}","templated":true}]}}