{"id":113,"date":"2013-06-21T13:38:08","date_gmt":"2013-06-21T11:38:08","guid":{"rendered":"https:\/\/webs.uab.cat\/grplit\/qui-som-0\/"},"modified":"2022-11-16T11:43:12","modified_gmt":"2022-11-16T09:43:12","slug":"qui-som-0","status":"publish","type":"page","link":"https:\/\/webs.uab.cat\/grplit\/qui-som-0\/","title":{"rendered":"Qui som"},"content":{"rendered":"\n<p><a href=\"https:\/\/webs.uab.cat\/grplit\/aparici-aznar-melina\/\" data-type=\"page\" data-id=\"119\">Aparici Aznar, Melina&nbsp;<\/a><\/p>\n\n\n\n<p><a href=\"https:\/\/webs.uab.cat\/grplit\/bastida-serra-carolina\/\" data-type=\"page\" data-id=\"120\">Bastida Serra, Carolina<\/a><\/p>\n\n\n\n<p><a href=\"https:\/\/webs.uab.cat\/grplit\/bertran-enric\/\" data-type=\"page\" data-id=\"130\">Bertran Mart\u00ed, Enric<\/a><\/p>\n\n\n\n<p><a href=\"https:\/\/webs.uab.cat\/grplit\/castella-mate-judit\/\" data-type=\"page\" data-id=\"121\">Castell\u00e0 Mate, Judit&nbsp;<\/a><\/p>\n\n\n\n<p><a href=\"https:\/\/webs.uab.cat\/grplit\/berta-conill-purgimon\/\" data-type=\"page\" data-id=\"137\">Conill Purgimon, Berta<\/a><\/p>\n\n\n\n<p><a href=\"https:\/\/webs.uab.cat\/grplit\/estaun-ferrer-santiago\/\" data-type=\"page\" data-id=\"122\">Esta\u00fan Ferrer, Santiago<\/a><\/p>\n\n\n\n<p><a href=\"https:\/\/webs.uab.cat\/grplit\/gonzalez-corona-francisco-jose\/\" data-type=\"page\" data-id=\"123\">Gonz\u00e1lez Corona, Francisco Jos\u00e9<\/a><\/p>\n\n\n\n<p><a href=\"https:\/\/webs.uab.cat\/grplit\/andreu-oliver-moreno\/\" data-type=\"page\" data-id=\"138\">Oliver Moreno, Andreu<\/a><\/p>\n\n\n\n<p><a href=\"https:\/\/webs.uab.cat\/grplit\/puente-vigiola-iker\/\" data-type=\"page\" data-id=\"124\">Puente Vigiola, Iker<\/a><\/p>\n\n\n\n<p><a href=\"https:\/\/webs.uab.cat\/grplit\/ramis-laloux-yago\/\" data-type=\"page\" data-id=\"125\">Ramis Laloux, Yago<\/a><\/p>\n\n\n\n<p><a href=\"https:\/\/webs.uab.cat\/grplit\/nuria-redon-sala\/\" data-type=\"page\" data-id=\"136\">Red\u00f3n Sala, N\u00faria<\/a><\/p>\n\n\n\n<p><a href=\"https:\/\/webs.uab.cat\/grplit\/soler-olga\/\" data-type=\"page\" data-id=\"129\">Soler Vilageliu, Olga<\/a><\/p>\n\n\n\n<p><a href=\"https:\/\/webs.uab.cat\/grplit\/sotoca-lasheras-cristina\/\" data-type=\"page\" data-id=\"126\">Sotoca Lasheras, Cristina<\/a><\/p>\n\n\n\n<p><a href=\"https:\/\/webs.uab.cat\/grplit\/vilaro-anna\/\" data-type=\"page\" data-id=\"127\">Vilar\u00f3 Soler, Anna<\/a><\/p>\n","protected":false},"excerpt":{"rendered":"<p>Aparici Aznar, Melina&nbsp; Bastida Serra, Carolina Bertran Mart\u00ed, Enric Castell\u00e0 Mate, Judit&nbsp; Conill Purgimon, Berta Esta\u00fan Ferrer, Santiago Gonz\u00e1lez Corona, Francisco Jos\u00e9 Oliver Moreno, Andreu Puente Vigiola, Iker Ramis Laloux, Yago Red\u00f3n Sala, N\u00faria Soler Vilageliu, Olga Sotoca Lasheras, Cristina Vilar\u00f3 Soler, Anna<\/p>\n","protected":false},"author":20,"featured_media":0,"parent":0,"menu_order":0,"comment_status":"closed","ping_status":"closed","template":"","meta":{"footnotes":""},"class_list":["post-113","page","type-page","status-publish","hentry"],"_links":{"self":[{"href":"https:\/\/webs.uab.cat\/grplit\/wp-json\/wp\/v2\/pages\/113","targetHints":{"allow":["GET"]}}],"collection":[{"href":"https:\/\/webs.uab.cat\/grplit\/wp-json\/wp\/v2\/pages"}],"about":[{"href":"https:\/\/webs.uab.cat\/grplit\/wp-json\/wp\/v2\/types\/page"}],"author":[{"embeddable":true,"href":"https:\/\/webs.uab.cat\/grplit\/wp-json\/wp\/v2\/users\/20"}],"replies":[{"embeddable":true,"href":"https:\/\/webs.uab.cat\/grplit\/wp-json\/wp\/v2\/comments?post=113"}],"version-history":[{"count":2,"href":"https:\/\/webs.uab.cat\/grplit\/wp-json\/wp\/v2\/pages\/113\/revisions"}],"predecessor-version":[{"id":200,"href":"https:\/\/webs.uab.cat\/grplit\/wp-json\/wp\/v2\/pages\/113\/revisions\/200"}],"wp:attachment":[{"href":"https:\/\/webs.uab.cat\/grplit\/wp-json\/wp\/v2\/media?parent=113"}],"curies":[{"name":"wp","href":"https:\/\/api.w.org\/{rel}","templated":true}]}}