{"id":115,"date":"2013-06-21T13:42:42","date_gmt":"2013-06-21T11:42:42","guid":{"rendered":"https:\/\/webs.uab.cat\/grplit\/linies-de-recerca\/"},"modified":"2013-06-21T13:42:42","modified_gmt":"2013-06-21T11:42:42","slug":"linies-de-recerca","status":"publish","type":"page","link":"https:\/\/webs.uab.cat\/grplit\/linies-de-recerca\/","title":{"rendered":"L\u00ednies de recerca"},"content":{"rendered":"<p align=\"justify\">Les nostres tres grans \u00e0rees de recerca s\u00f3n el <strong>llenguatge<\/strong>, la<strong> percepci\u00f3<\/strong> i la <strong>gesti\u00f3 del temps<\/strong>.<\/p>\n<p align=\"justify\"><span>Pel que fa al llenguatge, tenim en marxa un projecte relacionat amb l&#8217;educaci\u00f3 que consisteix en observar com escriuen els nens des de preescolar, amb l&#8217;objectiu de detectar dificultats en aquest aprenentatge. Es tracta d&#8217;un estudi basat en aspectes de la motricitat on analitzem la forma en qu\u00e8 aquests alumnes aprenen a programar el gest que han de fer per escriure. Una altra l\u00ednea de recerca en llenguatge \u00e9s l\u2019estudi &nbsp;sobre la exposici\u00f3 de les emocions en la comunicaci\u00f3 mediada per ordinador .<\/span><\/p>\n<p align=\"justify\">En relaci\u00f3 a la percepci\u00f3, actualment estem duent a terme experiments sobre com percebem certes propietats dels objectes com el color o la forma i la interfer\u00e8ncia causada per est\u00edmuls irrellevants. Aix\u00ed mateix, investiguem sobre els processos atencionals i de mem\u00f2ria, en concret, sobre com interactuen els codis verbals i visuals en la retenci\u00f3 de la informaci\u00f3 a curt termini.<\/p>\n<p align=\"justify\">Pel que fa a la gesti\u00f3 del temps, investiguem sobre com ens posicionem respecte al passat, present o futur, ja que la perspectiva temporal es relaciona , entre altres, amb la realitzaci\u00f3 de conductes de risc i de conductes saludables. Actualment estem duent a terme estudis basats en potenciar la perspectiva temporal futura en adolescents, ja que s\u2019ha observat que estar orientat al futur pot actuar com a factor protector davant de certes conductes de risc.<\/p>\n","protected":false},"excerpt":{"rendered":"<p>Les nostres tres grans \u00e0rees de recerca s\u00f3n el llenguatge, la percepci\u00f3 i la gesti\u00f3 del temps. Pel que fa al llenguatge, tenim en marxa un projecte relacionat amb l&#8217;educaci\u00f3 que consisteix en observar com escriuen els nens des de preescolar, amb l&#8217;objectiu de detectar dificultats en aquest aprenentatge. Es tracta d&#8217;un estudi basat en [&hellip;]<\/p>\n","protected":false},"author":20,"featured_media":0,"parent":0,"menu_order":0,"comment_status":"closed","ping_status":"closed","template":"","meta":{"footnotes":""},"class_list":["post-115","page","type-page","status-publish","hentry"],"_links":{"self":[{"href":"https:\/\/webs.uab.cat\/grplit\/wp-json\/wp\/v2\/pages\/115","targetHints":{"allow":["GET"]}}],"collection":[{"href":"https:\/\/webs.uab.cat\/grplit\/wp-json\/wp\/v2\/pages"}],"about":[{"href":"https:\/\/webs.uab.cat\/grplit\/wp-json\/wp\/v2\/types\/page"}],"author":[{"embeddable":true,"href":"https:\/\/webs.uab.cat\/grplit\/wp-json\/wp\/v2\/users\/20"}],"replies":[{"embeddable":true,"href":"https:\/\/webs.uab.cat\/grplit\/wp-json\/wp\/v2\/comments?post=115"}],"version-history":[{"count":0,"href":"https:\/\/webs.uab.cat\/grplit\/wp-json\/wp\/v2\/pages\/115\/revisions"}],"wp:attachment":[{"href":"https:\/\/webs.uab.cat\/grplit\/wp-json\/wp\/v2\/media?parent=115"}],"curies":[{"name":"wp","href":"https:\/\/api.w.org\/{rel}","templated":true}]}}