{"id":122,"date":"2013-10-18T13:14:40","date_gmt":"2013-10-18T11:14:40","guid":{"rendered":"https:\/\/webs.uab.cat\/grplit\/estaun-ferrer-santiago\/"},"modified":"2022-11-16T11:40:27","modified_gmt":"2022-11-16T09:40:27","slug":"estaun-ferrer-santiago","status":"publish","type":"page","link":"https:\/\/webs.uab.cat\/grplit\/estaun-ferrer-santiago\/","title":{"rendered":"Esta\u00fan Ferrer, Santiago"},"content":{"rendered":"\n<p>Profesor em\u00e8rit de <em>Psicologia de la Percepci\u00f3<\/em> a la Universitat Aut\u00f2noma de Barcelona (Bellaterra). Sempre dic que la meva formaci\u00f3 b\u00e1sica \u00e9s la de mestre i a partir d\u2019aquest punt he fet Psicologia i m\u2019he doctorat en Psicologia a Paris amb la m\u00e1xima qualificaci\u00f3.<br>Els meus interesos s\u00f3n la Percepci\u00f3, vivencia i gesti\u00f3 del temps, per una banda, i la Percepci\u00f3 i i Comunicaci\u00f3, per l\u2019altra. Profesionalment he desenvolupat la meva doc\u00e8ncia en les assignatures de <em>Psicologia de la Percepci\u00f3<\/em> i la de <em>Psicologia i Temps<\/em>. La meva recerca i investigaci\u00f3 estan relacionades amb aquests dos camps, en els qu\u00e8 he publicat cap\u00edtols de llibres sobre percepci\u00f3, percepci\u00f3 i publicitat i sobre temps, aix\u00ed com tot un seguit d\u2019articles sobre aquests temes. He participat en congressos nacionals i internacionals de Psicologia amb comunicacions sobre temes de Temps i de Percepci\u00f3.<br>Coordinador i director del programa de doctorat <em>Percepci\u00f3, Comunicaci\u00f3 i Temps i del M\u00e0ster en Psicocreativitat<\/em>. Vaig impulsar i ser secretari de publicaci\u00f3 de la Revista Quaderns\/Cuadernos de Psicologia, que actualmente s\u2019ha convertit en revista On \u2013line i amb la qual continuu col\u00b7laborant impulsant la secci\u00f3 Junior (per aquells estudiants de M\u00e0ster o de doctorat i de darrer curs que comencen a publicar). He col\u00b7laborat com a profesor visitant amb la Universitat de Torino, Lille III, Tours i amb universitats de Sudam\u00e8rica (Per\u00fa, Colombia, Vene\u00e7uela i Xile).<br>Tamb\u00e9 he exercit c\u00e0rrecs de director de departament per tres vegades, de vicedeg\u00e0 de les Facultats de Filosofia i Lletres i de Psicologia i de Vicerrector a la Universitat Aut\u00f2noma de Barcelona.<br>He estat Membre del Consell acad\u00e8mic de l\u2019Escola de Postgrau i de Doctorat durant diversos anys. He estat President de la Societat Espanyola de Psicologia i actualmente membre de la \u201cPlateforme d\u2019\u00e9changes sur les rythmes de vie des enfants et des jeunes\u201d reconeguda pel ministeri d\u2019educaci\u00f3 franc\u00e9s. Membre de la Societat Europea de Cronobiologia i Cronopsicologia i de la <a title=\"APSLF\" href=\"http:\/\/recherche.univ-lyon2.fr\/greps\/spip.php?article348\" target=\"_blank\" rel=\"noopener\">Association de Psychologie Scientifique en Langue Francaise<\/a>.&#8221;<\/p>\n\n\n\n<p><img loading=\"lazy\" decoding=\"async\" title=\"\" width=\"50\" height=\"46\" src=\"http:\/\/grupsderecerca.uab.cat\/catalogomitos\/sites\/grupsderecerca.uab.cat.catalogomitos\/files\/images\/llibre.gif\" alt=\"\"><a href=\"https:\/\/webs.uab.cat\/grplit\/publicacions-de-s-estaun\/\" data-type=\"page\" data-id=\"139\">PUBLICACIONS<\/a><\/p>\n","protected":false},"excerpt":{"rendered":"<p>Profesor em\u00e8rit de Psicologia de la Percepci\u00f3 a la Universitat Aut\u00f2noma de Barcelona (Bellaterra). Sempre dic que la meva formaci\u00f3 b\u00e1sica \u00e9s la de mestre i a partir d\u2019aquest punt he fet Psicologia i m\u2019he doctorat en Psicologia a Paris amb la m\u00e1xima qualificaci\u00f3.Els meus interesos s\u00f3n la Percepci\u00f3, vivencia i gesti\u00f3 del temps, per [&hellip;]<\/p>\n","protected":false},"author":20,"featured_media":0,"parent":0,"menu_order":0,"comment_status":"closed","ping_status":"closed","template":"","meta":{"footnotes":""},"class_list":["post-122","page","type-page","status-publish","hentry"],"_links":{"self":[{"href":"https:\/\/webs.uab.cat\/grplit\/wp-json\/wp\/v2\/pages\/122","targetHints":{"allow":["GET"]}}],"collection":[{"href":"https:\/\/webs.uab.cat\/grplit\/wp-json\/wp\/v2\/pages"}],"about":[{"href":"https:\/\/webs.uab.cat\/grplit\/wp-json\/wp\/v2\/types\/page"}],"author":[{"embeddable":true,"href":"https:\/\/webs.uab.cat\/grplit\/wp-json\/wp\/v2\/users\/20"}],"replies":[{"embeddable":true,"href":"https:\/\/webs.uab.cat\/grplit\/wp-json\/wp\/v2\/comments?post=122"}],"version-history":[{"count":1,"href":"https:\/\/webs.uab.cat\/grplit\/wp-json\/wp\/v2\/pages\/122\/revisions"}],"predecessor-version":[{"id":196,"href":"https:\/\/webs.uab.cat\/grplit\/wp-json\/wp\/v2\/pages\/122\/revisions\/196"}],"wp:attachment":[{"href":"https:\/\/webs.uab.cat\/grplit\/wp-json\/wp\/v2\/media?parent=122"}],"curies":[{"name":"wp","href":"https:\/\/api.w.org\/{rel}","templated":true}]}}