{"id":123,"date":"2013-10-18T13:21:12","date_gmt":"2013-10-18T11:21:12","guid":{"rendered":"https:\/\/webs.uab.cat\/grplit\/gonzalez-corona-francisco-jose\/"},"modified":"2013-10-18T13:21:12","modified_gmt":"2013-10-18T11:21:12","slug":"gonzalez-corona-francisco-jose","status":"publish","type":"page","link":"https:\/\/webs.uab.cat\/grplit\/gonzalez-corona-francisco-jose\/","title":{"rendered":"Gonz\u00e1lez Corona, Francisco Jos\u00e9"},"content":{"rendered":"<p align=\"justify\"><span class=\"inline inline-left\"><img loading=\"lazy\" decoding=\"async\" class=\"image image-_original \" style=\"float: left; border: 1px solid black; margin-left: 5px; margin-right: 5px;\" title=\"\" src=\"http:\/\/grupsderecerca.uab.cat\/grplit\/sites\/grupsderecerca.uab.cat.grplit\/files\/images\/fran2.png\" alt=\"\" height=\"120\" width=\"100\"><\/span>Fran Gonz\u00e1lez \u00e9s professor associat a la Facultat de Psicologia de la Universitat Aut\u00f2noma de Barcelona, imparteix Atenci\u00f3 i Percepci\u00f3, al grau de psicologia, Psicologia de la percepci\u00f3 aplicada a la comunicaci\u00f3 audiovisual, al grau de comunicaci\u00f3 audiovisual i psicologia i m\u00e0rqueting al grau de ci\u00e8ncia i tecnologia dels aliments. Actualment esta elaborant la seva tesi doctoral sobre la interacci\u00f3 de la percepci\u00f3 musical i visual.<\/p>\n<p>&nbsp;<\/p>\n<p><strong>Col\u00b7lectiu<\/strong>: Personal acad\u00e8mic<\/p>\n<p><strong>Activitat<\/strong>: Professor associat laboral&nbsp;&nbsp;<\/p>\n<p><strong>Correu electr\u00f2nic:<\/strong> FranciscoJose.Gonzalez@uab.cat<\/p>\n<p><strong>Departament<\/strong>: Departament de Psicologia B\u00e0sica, Evolutiva i de l&#8217;Educaci\u00f3. \u00c0rea de Psicologia B\u00e0sica <a href=\"http:\/\/sia.uab.es:8757\/cde\/control\/entidadintermediap?entidad=464&amp;random=1616060528\"><\/a><\/p>\n<p><strong><em>Edifici B<\/em><\/strong><br \/><em>Campus de la UAB<\/em><br \/><em> 08193 Bellaterra (Cerdanyola del Vall\u00e8s)<\/em><br \/><em>Despatx: B5-140<\/em><br \/><em>Tel\u00e8fon: +34 935811377<\/em><br \/><em>Fax: +34 935812365<\/em><\/p>\n","protected":false},"excerpt":{"rendered":"<p>Fran Gonz\u00e1lez \u00e9s professor associat a la Facultat de Psicologia de la Universitat Aut\u00f2noma de Barcelona, imparteix Atenci\u00f3 i Percepci\u00f3, al grau de psicologia, Psicologia de la percepci\u00f3 aplicada a la comunicaci\u00f3 audiovisual, al grau de comunicaci\u00f3 audiovisual i psicologia i m\u00e0rqueting al grau de ci\u00e8ncia i tecnologia dels aliments. Actualment esta elaborant la seva [&hellip;]<\/p>\n","protected":false},"author":20,"featured_media":0,"parent":0,"menu_order":0,"comment_status":"closed","ping_status":"closed","template":"","meta":{"footnotes":""},"class_list":["post-123","page","type-page","status-publish","hentry"],"_links":{"self":[{"href":"https:\/\/webs.uab.cat\/grplit\/wp-json\/wp\/v2\/pages\/123","targetHints":{"allow":["GET"]}}],"collection":[{"href":"https:\/\/webs.uab.cat\/grplit\/wp-json\/wp\/v2\/pages"}],"about":[{"href":"https:\/\/webs.uab.cat\/grplit\/wp-json\/wp\/v2\/types\/page"}],"author":[{"embeddable":true,"href":"https:\/\/webs.uab.cat\/grplit\/wp-json\/wp\/v2\/users\/20"}],"replies":[{"embeddable":true,"href":"https:\/\/webs.uab.cat\/grplit\/wp-json\/wp\/v2\/comments?post=123"}],"version-history":[{"count":0,"href":"https:\/\/webs.uab.cat\/grplit\/wp-json\/wp\/v2\/pages\/123\/revisions"}],"wp:attachment":[{"href":"https:\/\/webs.uab.cat\/grplit\/wp-json\/wp\/v2\/media?parent=123"}],"curies":[{"name":"wp","href":"https:\/\/api.w.org\/{rel}","templated":true}]}}