{"id":127,"date":"2013-10-18T13:28:09","date_gmt":"2013-10-18T11:28:09","guid":{"rendered":"https:\/\/webs.uab.cat\/grplit\/vilaro-anna\/"},"modified":"2022-11-16T11:43:42","modified_gmt":"2022-11-16T09:43:42","slug":"vilaro-anna","status":"publish","type":"page","link":"https:\/\/webs.uab.cat\/grplit\/vilaro-anna\/","title":{"rendered":"Vilaro, Anna"},"content":{"rendered":"\n<p><img loading=\"lazy\" decoding=\"async\" style=\"float: left;\" title=\"\" src=\"http:\/\/grupsderecerca.uab.cat\/grplit\/sites\/grupsderecerca.uab.cat.grplit\/files\/images\/Foto%20anna%20vilaro.jpg\" alt=\"\" width=\"100\" height=\"120\">L&#8217;Anna Vilar\u00f3 Soler \u00e9s llicenciada en Psicologia per la Universitat Aut\u00f2noma de Barcelona (UAB).&nbsp;<br>En l&#8217;actualitat treballa com a t\u00e8cnic de suport a la recerca al <a title=\"CAIAC\" href=\"http:\/\/centresderecerca.uab.cat\/caiac\/\" target=\"_blank\" rel=\"noopener\">Centre d&#8217;Accessibilitat i Intel lig\u00e8ncia Ambiental de Catalunya<\/a> (CAIAC), i forma part del grup de recerca <a title=\"Transmedia Catalonia\" href=\"http:\/\/centresderecerca.uab.cat\/caiac\/content\/transmedia-catalonia\" target=\"_blank\" rel=\"noopener\">TransMedia Catalonia<\/a>, on realitza l&#8217;assessorament en temes metodol\u00f2gics i sobre eye-tracking.<br>Els seus interessos de recerca versen al voltant de la psicologia de la percepci\u00f3, i inclouen la percepci\u00f3 audiovisual en els mitjans de comunicaci\u00f3, els moviments oculars i el processament del llenguatge. Actualment est\u00e0 realitzant la seva tesi doctoral sobre els subt\u00edtols i continguts en 3D.&nbsp;<\/p>\n\n\n\n<p><strong>Col\u00b7lectiu<\/strong>: Personal investigador en formaci\u00f3<\/p>\n\n\n\n<p><strong>Activitat<\/strong>: Bec\u00e0ria d&#8217;investigaci\u00f3<\/p>\n\n\n\n<p><strong>Correu electr\u00f2nic:<\/strong> Anna.vilaro@uab.cat<\/p>\n\n\n\n<p><strong>Departament<\/strong>: <a title=\"CAIAC\" href=\"http:\/\/centresderecerca.uab.cat\/caiac\/\" target=\"_blank\" rel=\"noopener\">Centre d&#8217;Accessibilitat i Intel\u00b7lig\u00e8ncia Ambiental de Catalunya<\/a><\/p>\n\n\n\n<p><strong><em>Edifici B<\/em><\/strong><br><em>Campus de la UAB<\/em><br><em>08193 Bellaterra (Cerdanyola del Vall\u00e8s)<\/em><br><em>Despatx: B5<\/em>-160<br>&nbsp;<\/p>\n\n\n\n<p><img loading=\"lazy\" decoding=\"async\" title=\"\" width=\"50\" height=\"46\" src=\"http:\/\/grupsderecerca.uab.cat\/catalogomitos\/sites\/grupsderecerca.uab.cat.catalogomitos\/files\/images\/llibre.gif\" alt=\"\"><a href=\"https:\/\/webs.uab.cat\/grplit\/publicacions-danna-vilaro\/\" data-type=\"page\" data-id=\"131\">PUBLICACIONS<\/a><\/p>\n","protected":false},"excerpt":{"rendered":"<p>L&#8217;Anna Vilar\u00f3 Soler \u00e9s llicenciada en Psicologia per la Universitat Aut\u00f2noma de Barcelona (UAB).&nbsp;En l&#8217;actualitat treballa com a t\u00e8cnic de suport a la recerca al Centre d&#8217;Accessibilitat i Intel lig\u00e8ncia Ambiental de Catalunya (CAIAC), i forma part del grup de recerca TransMedia Catalonia, on realitza l&#8217;assessorament en temes metodol\u00f2gics i sobre eye-tracking.Els seus interessos de [&hellip;]<\/p>\n","protected":false},"author":20,"featured_media":0,"parent":0,"menu_order":0,"comment_status":"closed","ping_status":"closed","template":"","meta":{"footnotes":""},"class_list":["post-127","page","type-page","status-publish","hentry"],"_links":{"self":[{"href":"https:\/\/webs.uab.cat\/grplit\/wp-json\/wp\/v2\/pages\/127","targetHints":{"allow":["GET"]}}],"collection":[{"href":"https:\/\/webs.uab.cat\/grplit\/wp-json\/wp\/v2\/pages"}],"about":[{"href":"https:\/\/webs.uab.cat\/grplit\/wp-json\/wp\/v2\/types\/page"}],"author":[{"embeddable":true,"href":"https:\/\/webs.uab.cat\/grplit\/wp-json\/wp\/v2\/users\/20"}],"replies":[{"embeddable":true,"href":"https:\/\/webs.uab.cat\/grplit\/wp-json\/wp\/v2\/comments?post=127"}],"version-history":[{"count":1,"href":"https:\/\/webs.uab.cat\/grplit\/wp-json\/wp\/v2\/pages\/127\/revisions"}],"predecessor-version":[{"id":201,"href":"https:\/\/webs.uab.cat\/grplit\/wp-json\/wp\/v2\/pages\/127\/revisions\/201"}],"wp:attachment":[{"href":"https:\/\/webs.uab.cat\/grplit\/wp-json\/wp\/v2\/media?parent=127"}],"curies":[{"name":"wp","href":"https:\/\/api.w.org\/{rel}","templated":true}]}}