{"id":130,"date":"2013-10-18T13:38:22","date_gmt":"2013-10-18T11:38:22","guid":{"rendered":"https:\/\/webs.uab.cat\/grplit\/bertran-enric\/"},"modified":"2013-10-18T13:38:22","modified_gmt":"2013-10-18T11:38:22","slug":"bertran-enric","status":"publish","type":"page","link":"https:\/\/webs.uab.cat\/grplit\/bertran-enric\/","title":{"rendered":"Bertran, Enric"},"content":{"rendered":"<p align=\"justify\"><span class=\"inline inline-none\"><img loading=\"lazy\" decoding=\"async\" class=\"image image-_original \" style=\"float: left; margin-left: 5px; margin-right: 5px;\" title=\"\" src=\"http:\/\/grupsderecerca.uab.cat\/grplit\/sites\/grupsderecerca.uab.cat.grplit\/files\/images\/enric2.png\" alt=\"\" height=\"120\" width=\"100\"><\/span>Enric Bertran \u00e9s col\u00b7laborador en projectes d\u2019investigaci\u00f3 a la facultat de Psicologia de la Universitat Aut\u00f2noma de Barcelona. Els seus estudis inclouen les llicenciatures de Psicologia i Comunicaci\u00f3 Audiovisual, i els Postgraus de Psicologia de la Creativitat i Comunicaci\u00f3 Creativa. Els seus&nbsp;objectes&nbsp;d&#8217;estudi giren entorn als videojocs i noves&nbsp;tecnologies&nbsp; tant a nivell cognitiu com comunicatiu.<\/p>\n","protected":false},"excerpt":{"rendered":"<p>Enric Bertran \u00e9s col\u00b7laborador en projectes d\u2019investigaci\u00f3 a la facultat de Psicologia de la Universitat Aut\u00f2noma de Barcelona. Els seus estudis inclouen les llicenciatures de Psicologia i Comunicaci\u00f3 Audiovisual, i els Postgraus de Psicologia de la Creativitat i Comunicaci\u00f3 Creativa. Els seus&nbsp;objectes&nbsp;d&#8217;estudi giren entorn als videojocs i noves&nbsp;tecnologies&nbsp; tant a nivell cognitiu com comunicatiu.<\/p>\n","protected":false},"author":20,"featured_media":0,"parent":0,"menu_order":0,"comment_status":"closed","ping_status":"closed","template":"","meta":{"footnotes":""},"class_list":["post-130","page","type-page","status-publish","hentry"],"_links":{"self":[{"href":"https:\/\/webs.uab.cat\/grplit\/wp-json\/wp\/v2\/pages\/130","targetHints":{"allow":["GET"]}}],"collection":[{"href":"https:\/\/webs.uab.cat\/grplit\/wp-json\/wp\/v2\/pages"}],"about":[{"href":"https:\/\/webs.uab.cat\/grplit\/wp-json\/wp\/v2\/types\/page"}],"author":[{"embeddable":true,"href":"https:\/\/webs.uab.cat\/grplit\/wp-json\/wp\/v2\/users\/20"}],"replies":[{"embeddable":true,"href":"https:\/\/webs.uab.cat\/grplit\/wp-json\/wp\/v2\/comments?post=130"}],"version-history":[{"count":0,"href":"https:\/\/webs.uab.cat\/grplit\/wp-json\/wp\/v2\/pages\/130\/revisions"}],"wp:attachment":[{"href":"https:\/\/webs.uab.cat\/grplit\/wp-json\/wp\/v2\/media?parent=130"}],"curies":[{"name":"wp","href":"https:\/\/api.w.org\/{rel}","templated":true}]}}