{"id":132,"date":"2013-10-28T12:59:02","date_gmt":"2013-10-28T10:59:02","guid":{"rendered":"https:\/\/webs.uab.cat\/grplit\/publicacions-de-judit-castella-mate\/"},"modified":"2013-10-28T12:59:02","modified_gmt":"2013-10-28T10:59:02","slug":"publicacions-de-judit-castella-mate","status":"publish","type":"page","link":"https:\/\/webs.uab.cat\/grplit\/publicacions-de-judit-castella-mate\/","title":{"rendered":"Publicacions de Judit Castell\u00e0 Mate"},"content":{"rendered":"<ul>\n<li>Castell\u00e0, J. (2015). The role of spatial location in visual working memory \/ El rol de la localitzaci\u00f3 espaial en la mem\u00f2ria de treball visual. UAB Divulga ISSN&nbsp;<span>2014-6388.&nbsp;<\/span>Disponible a:&nbsp;http:\/\/www.uab.cat\/web?cid=1096481464166&amp;pagename=UABDivulga%2FPage%2FTemplatePageDetallArticleInvestigar&amp;param1=1345683265727<\/li>\n<\/ul>\n<ul>\n<li><span style=\"line-height: 20.7999992370605px;\">Allen, R.J., Castell\u00e0, J.,&nbsp;Ueno, T.,&nbsp;Hitch, G.J., &amp;&nbsp;Baddeley, A.D.&nbsp;(2015).&nbsp;What does visual suffix interference tell us about spatial location in working memory?&nbsp;<\/span><span style=\"line-height: 20.7999992370605px;\"><em>Memory &amp; Cognition, 43<\/em>(1), 133-142.<\/span><\/li>\n<\/ul>\n<ul>\n<li>Campoy, G.,&nbsp;Castell\u00e0, J., Provencio, V.,&nbsp;Hitch, G.J., &amp; Baddeley, A.D. (2015).&nbsp;Automatic semantic encoding in verbal short-term memory: Evidence from the concreteness effect. <em>The Quarterly Journal of Experimental Psychology, 68<\/em>(4), 759-778.<\/li>\n<\/ul>\n<ul>\n<li>Muro, A., Castell\u00e0, J., Sotoca, C., Esta\u00fan, S., Valero, S. &amp; Gom\u00e0-i-Freixanet, M. (2015). To what extent is personality associated with time perspective?. <em>Anales de Psicolog\u00eda, 31<\/em>(2), 488-493.<\/li>\n<\/ul>\n<ul>\n<li>Fresno, N., Castell\u00e0 J., &amp; Soler, O. (2014). Less is More. Effects of the Amount of Information and its Presentation in the Recall and Reception of Audio Described Characters. <em>International Journal of Sciences: Basic and Applied Research, 14<\/em>(2), 169-196.<\/li>\n<\/ul>\n<ul>\n<li>Soler, O., Aparici, M., Castell\u00e0-Mate, J., Ramis, Y., &amp; Sotoca, C. (2013). Evolution of Graphomotor Parameters in Kindergarten Children&#8217;s Handwriting. A Henry Switzer &amp; Dwayne Foulke (Eds.) <em>Kindergartens: Teaching Methods, Expectations and Current Challenges<\/em> (pp. 105-122). New York: Nova<\/li>\n<\/ul>\n<ul>\n<li>Castell\u00e0-Mate, J. (2012). What you say matters, verbal and visual codes in memory \/ El qu\u00e8 dius importa: codis verbals i visuals en la mem\u00f2ria. UAB Divulga ISSN 2014-6388. Disponible a:&nbsp;http:\/\/www.uab.cat\/web?cid=1096481466574&amp;pagename=UABDivulga%2FPage%2FTemplatePageDetallArticleInvestigar&amp;param1=1345683265727<\/li>\n<\/ul>\n<ul>\n<li>Mate*, J., Allen, R. J., &amp; Baqu\u00e9s, J. (2012). What you say matters: Exploring visual-verbal interactions in visual working memory. <em>Quarterly Journal of Experimental Psychology, 65<\/em>(3), 395-400.<\/li>\n<\/ul>\n<ul>\n<li>Allen, R.J., Hitch, G. J., Mate, J., &amp; Baddeley, A.D. (2012). Feature binding and attention in working memory: A resolution of previous contradictory findings.<em> Quarterly Journal of Experimental Psychology, 65<\/em>(12), 2369-2383.<\/li>\n<\/ul>\n<ul>\n<li>Ueno, T., Mate, J., Allen, R.J., Hitch, G.J., &amp; Baddeley, A.D. (2011). What goes through the gate? Exploring interference with visual feature binding. Neuropsychologia, 49(6), 1597-1604.<\/li>\n<\/ul>\n<ul>\n<li>Mate, J., &amp; Baqu\u00e9s, J. (2009). Visual similarity at encoding and retrieval in an item recognition task. <em>Quarterly Journal of Experimental Psychology, 62<\/em>(7), 1277-1284.<\/li>\n<\/ul>\n<ul>\n<li>Mate, J.,&nbsp; Pires, A.C., Campoy, G., &amp; Esta\u00fan, S. (2009). Estimating the duration of visual stimuli in motion environments. <em>Psicologica, 30<\/em>(2), 287-300<\/li>\n<\/ul>\n<p>&nbsp;<\/p>\n<p>*En publicacions anteriors al 2012 publicava amb Mate com a primer cognom.<\/p>\n","protected":false},"excerpt":{"rendered":"<p>Castell\u00e0, J. (2015). The role of spatial location in visual working memory \/ El rol de la localitzaci\u00f3 espaial en la mem\u00f2ria de treball visual. UAB Divulga ISSN&nbsp;2014-6388.&nbsp;Disponible a:&nbsp;http:\/\/www.uab.cat\/web?cid=1096481464166&amp;pagename=UABDivulga%2FPage%2FTemplatePageDetallArticleInvestigar&amp;param1=1345683265727 Allen, R.J., Castell\u00e0, J.,&nbsp;Ueno, T.,&nbsp;Hitch, G.J., &amp;&nbsp;Baddeley, A.D.&nbsp;(2015).&nbsp;What does visual suffix interference tell us about spatial location in working memory?&nbsp;Memory &amp; Cognition, 43(1), 133-142. Campoy, G.,&nbsp;Castell\u00e0, [&hellip;]<\/p>\n","protected":false},"author":20,"featured_media":0,"parent":0,"menu_order":0,"comment_status":"closed","ping_status":"closed","template":"","meta":{"footnotes":""},"class_list":["post-132","page","type-page","status-publish","hentry"],"_links":{"self":[{"href":"https:\/\/webs.uab.cat\/grplit\/wp-json\/wp\/v2\/pages\/132","targetHints":{"allow":["GET"]}}],"collection":[{"href":"https:\/\/webs.uab.cat\/grplit\/wp-json\/wp\/v2\/pages"}],"about":[{"href":"https:\/\/webs.uab.cat\/grplit\/wp-json\/wp\/v2\/types\/page"}],"author":[{"embeddable":true,"href":"https:\/\/webs.uab.cat\/grplit\/wp-json\/wp\/v2\/users\/20"}],"replies":[{"embeddable":true,"href":"https:\/\/webs.uab.cat\/grplit\/wp-json\/wp\/v2\/comments?post=132"}],"version-history":[{"count":0,"href":"https:\/\/webs.uab.cat\/grplit\/wp-json\/wp\/v2\/pages\/132\/revisions"}],"wp:attachment":[{"href":"https:\/\/webs.uab.cat\/grplit\/wp-json\/wp\/v2\/media?parent=132"}],"curies":[{"name":"wp","href":"https:\/\/api.w.org\/{rel}","templated":true}]}}