{"id":139,"date":"2014-02-27T11:43:16","date_gmt":"2014-02-27T09:43:16","guid":{"rendered":"https:\/\/webs.uab.cat\/grplit\/publicacions-de-s-estaun\/"},"modified":"2014-02-27T11:43:16","modified_gmt":"2014-02-27T09:43:16","slug":"publicacions-de-s-estaun","status":"publish","type":"page","link":"https:\/\/webs.uab.cat\/grplit\/publicacions-de-s-estaun\/","title":{"rendered":"Publicacions de S. Esta\u00fan"},"content":{"rendered":"<ul>\n<li>Muro, A., Castell\u00e0, J., Sotoca, C., Esta\u00fan, S., Valero, S. &#038; Gom\u00e0-i-Freixanet, M. (en premsa). To  what extent is personality is associated with time perspective?&#8221;. Anales de Psicolog\u00eda.<\/ul \n\n","protected":false},"excerpt":{"rendered":"<p>Muro, A., Castell\u00e0, J., Sotoca, C., Esta\u00fan, S., Valero, S. &#038; Gom\u00e0-i-Freixanet, M. (en premsa). To what extent is personality is associated with time perspective?&#8221;. Anales de Psicolog\u00eda.<\/p>\n","protected":false},"author":20,"featured_media":0,"parent":0,"menu_order":0,"comment_status":"closed","ping_status":"closed","template":"","meta":{"footnotes":""},"class_list":["post-139","page","type-page","status-publish","hentry"],"_links":{"self":[{"href":"https:\/\/webs.uab.cat\/grplit\/wp-json\/wp\/v2\/pages\/139","targetHints":{"allow":["GET"]}}],"collection":[{"href":"https:\/\/webs.uab.cat\/grplit\/wp-json\/wp\/v2\/pages"}],"about":[{"href":"https:\/\/webs.uab.cat\/grplit\/wp-json\/wp\/v2\/types\/page"}],"author":[{"embeddable":true,"href":"https:\/\/webs.uab.cat\/grplit\/wp-json\/wp\/v2\/users\/20"}],"replies":[{"embeddable":true,"href":"https:\/\/webs.uab.cat\/grplit\/wp-json\/wp\/v2\/comments?post=139"}],"version-history":[{"count":0,"href":"https:\/\/webs.uab.cat\/grplit\/wp-json\/wp\/v2\/pages\/139\/revisions"}],"wp:attachment":[{"href":"https:\/\/webs.uab.cat\/grplit\/wp-json\/wp\/v2\/media?parent=139"}],"curies":[{"name":"wp","href":"https:\/\/api.w.org\/{rel}","templated":true}]}}