{"id":70,"date":"2009-05-25T13:07:54","date_gmt":"2009-05-25T11:07:54","guid":{"rendered":"https:\/\/webs.uab.cat\/grplit\/inici\/"},"modified":"2009-05-25T13:07:54","modified_gmt":"2009-05-25T11:07:54","slug":"inici","status":"publish","type":"page","link":"https:\/\/webs.uab.cat\/grplit\/","title":{"rendered":"Inici"},"content":{"rendered":"<p class=\"rtejustify\">El grup de recerca <strong>Percepci\u00f3, Llenguatge i Temps<\/strong> est\u00e0 format per investigadors en psicologia cognitiva interessats en aquests tres fen\u00f2mens i les seves interrelacions. La l\u00ednia de Percepci\u00f3 est\u00e0 centrada en estudis experimentals sobre percepci\u00f3 intermodal (substituci\u00f3 sensorial, percepci\u00f3 visual i acci\u00f3), i percepci\u00f3 temporal (variables que afecten a l&#8217; estimaci\u00f3 del temps). La l\u00ednia de Llenguatge s&#8217;interessa, entre d&#8217;altres projectes, per l&#8217;aprenentatge de l&#8217;escriptura manual en infants de preescolar i primers cursos de Prim\u00e0ria, fent especial \u00e8mfasi en els aspectes grafomotors, amb l&#8217;objectiu de detectar possibles dificultats en aquest proc\u00e9s. Pel que fa a Temps, la recerca es centra en l&#8217;Orientaci\u00f3 o Perspectiva temporal i la seva relaci\u00f3 amb la personalitat i les conductes de risc. Una altra l\u00ednia de treball fa refer\u00e8ncia a l&#8217;estudi de gesti\u00f3 del temps aplicada a la organitzaci\u00f3 de l&#8217;activitat escolar per tal d&#8217;aconseguir un millor rendiment i benestar psicol\u00f2gic i social pels infants i pels docents.<\/p>\n<p style=\"text-align:center\"><img loading=\"lazy\" decoding=\"async\" alt=\"\" height=\"180\" src=\"http:\/\/grupsderecerca.uab.cat\/grplit\/sites\/grupsderecerca.uab.cat.grplit\/files\/images\/logo1.png\" title=\"\" width=\"200\" \/><\/p>\n<ul>\n<\/ul>\n","protected":false},"excerpt":{"rendered":"<p>El grup de recerca Percepci\u00f3, Llenguatge i Temps est\u00e0 format per investigadors en psicologia cognitiva interessats en aquests tres fen\u00f2mens i les seves interrelacions. La l\u00ednia de Percepci\u00f3 est\u00e0 centrada en estudis experimentals sobre percepci\u00f3 intermodal (substituci\u00f3 sensorial, percepci\u00f3 visual i acci\u00f3), i percepci\u00f3 temporal (variables que afecten a l&#8217; estimaci\u00f3 del temps). La l\u00ednia [&hellip;]<\/p>\n","protected":false},"author":20,"featured_media":0,"parent":0,"menu_order":0,"comment_status":"closed","ping_status":"closed","template":"","meta":{"footnotes":""},"class_list":["post-70","page","type-page","status-publish","hentry"],"_links":{"self":[{"href":"https:\/\/webs.uab.cat\/grplit\/wp-json\/wp\/v2\/pages\/70","targetHints":{"allow":["GET"]}}],"collection":[{"href":"https:\/\/webs.uab.cat\/grplit\/wp-json\/wp\/v2\/pages"}],"about":[{"href":"https:\/\/webs.uab.cat\/grplit\/wp-json\/wp\/v2\/types\/page"}],"author":[{"embeddable":true,"href":"https:\/\/webs.uab.cat\/grplit\/wp-json\/wp\/v2\/users\/20"}],"replies":[{"embeddable":true,"href":"https:\/\/webs.uab.cat\/grplit\/wp-json\/wp\/v2\/comments?post=70"}],"version-history":[{"count":0,"href":"https:\/\/webs.uab.cat\/grplit\/wp-json\/wp\/v2\/pages\/70\/revisions"}],"wp:attachment":[{"href":"https:\/\/webs.uab.cat\/grplit\/wp-json\/wp\/v2\/media?parent=70"}],"curies":[{"name":"wp","href":"https:\/\/api.w.org\/{rel}","templated":true}]}}