{"id":1238,"date":"2023-06-13T10:41:38","date_gmt":"2023-06-13T08:41:38","guid":{"rendered":"https:\/\/webs.uab.cat\/gsadi\/?page_id=1238"},"modified":"2025-11-10T13:18:13","modified_gmt":"2025-11-10T11:18:13","slug":"doacsa-project-results-2","status":"publish","type":"page","link":"https:\/\/webs.uab.cat\/gsadi\/doacsa-project-results-2\/","title":{"rendered":"DOACSA Project results"},"content":{"rendered":"\n<h2 class=\"wp-block-heading\"><strong>\u201c<\/strong>OPINION DYNAMICS, COLLECTIVE ACTION AND ABRUPT SOCIAL CHANGES:<br>THE ROLE OF PREFERENCE FALSIFICATION AND SOCIAL NETWORKS<strong>\u201d (<\/strong>DOACSA)<\/h2>\n\n\n\n<p><strong><em>Scientific publications<\/em><\/strong><\/p>\n\n\n\n<p>Fernando Sanantonio &amp; Francisco J. Miguel.(2025), <a href=\"https:\/\/webs.uab.cat\/gsadi\/biblio\/teaching-sociology-and-the-history-of-sociology\/\">Teaching Sociology and the History of Sociology<\/a>. En G. Manzo (ed.) <em>Boudon Reexamined: Nuts and Bolts for Contemporary Sociological Science<\/em>. Paris: Sorbonne Universit\u00e9 Presses. pp. 331-349<\/p>\n\n\n\n<p>Le\u00f3n-Medina, F. J. (2025). How political symbols spread in online social networks: Using agent-based models to replicate the complex contagion of the yellow ribbon in Twitter. <em>Social Networks and Media, <\/em>45. <a href=\"http:\/\/doi.org\/10.1016\/j.osnem.2025.100300\">http:\/\/doi.org\/10.1016\/j.osnem.2025.100300<\/a>. <\/p>\n\n\n\n<p>Gim\u00e9nez, \u00c0. &amp; Small, ML.(2024) How people are exposed to neighborhoods racially different from their own. Proceedings of the National Academy of Sciences U.S.A., 121(28) e2401661121. <a href=\"https:\/\/doi.org\/10.1073\/pnas.2401661121\">https:\/\/doi.org\/10.1073\/pnas.2401661121<\/a><\/p>\n\n\n\n<p>Le\u00f3n, FJ. (2024). &#8220;Sujetos por su resistencia&#8221;: An\u00e1lisis sociol\u00f3gico de una experiencia de trabajo bajo el sistema de producci\u00f3n por micromovimientos. Revista Espa\u00f1ola De Investigaciones Sociol\u00f3gicas, (122), 145\u2013179. <a href=\"https:\/\/doi.org\/10.5477\/cis\/reis.122.145\">https:\/\/doi.org\/10.5477\/cis\/reis.122.145<\/a><\/p>\n\n\n\n<p>Le\u00f3n-Medina, F. J. (2023). Social learning and the complex contagion of political symbols in Twitter: The case&nbsp; of the yellow ribbon in Catalonia. <em>Big Data &amp; Society, <\/em>10(2). <a href=\"https:\/\/doi.org\/10.1177\/20539517231180569\">https:\/\/doi.org\/10.1177\/20539517231180569<\/a>. JCR(SSCI):9.2 SJR:2.389<\/p>\n\n\n\n<p>Gim\u00e9nez, \u00c0. (2023). The importance of neighborhood size for the study of white flight and ethnic residential segregation. SocArXiv. <a href=\"https:\/\/doi.org\/10.31235\/osf.io\/9k5j6\">https:\/\/doi.org\/10.31235\/osf.io\/9k5j6<\/a><\/p>\n\n\n\n<p>Le\u00f3n, FJ. (2023). Social learning and the complex contagion of political symbols in Twitter: The case of the yellow ribbon in Catalonia. Big Data &amp; Society, 10(2). <a href=\"https:\/\/doi.org\/10.1177\/20539517231180569\">https:\/\/doi.org\/10.1177\/20539517231180569<\/a><\/p>\n\n\n\n<p>Gim\u00e9nez, A.&nbsp;(2022). Understanding out-mobility and radical-right support as responses to differentiated refugee exposure,&nbsp;<em>Journal of Refugee Studies,<\/em>&nbsp;feab109<em>. <\/em><a href=\"https:\/\/grupsderecerca.uab.cat\/gsadi\/content\/understanding-out-mobility-and-radical-right-support-responses-differentiated-refugee\">https:\/\/doi-org.are.uab.cat\/10.1093\/jrs\/feab109<\/a><\/p>\n\n\n\n<p>Gim\u00e9nez, A. &amp; Tapia, E. (2022). If you move, I move: The social influence effect on residential mobility. <em>PLOS ONE, <\/em>17(7): e0270783. <a href=\"https:\/\/doi.org\/10.1371\/journal.pone.0270783\">https:\/\/doi.org\/10.1371\/journal.pone.0270783<\/a><\/p>\n\n\n\n<p>Hahn-Utrero, Tania. (2022) Do the number of origins and confidence thresholds in beliefs influence rumor diffusiion dynamics?&nbsp; A theoretical&nbsp;approach using an agent-based model. <em>Papers. Revista de Sociologia,<\/em> 107 (2). doi:<a rel=\"noreferrer noopener\" data-saferedirecturl=\"https:\/\/www.google.com\/url?q=https:\/\/doi.org\/10.5565\/rev\/papers.2994&amp;source=gmail&amp;ust=1651574438862000&amp;usg=AOvVaw3j6cEatrnCs8G6-4yM4sGj\" href=\"https:\/\/doi.org\/10.5565\/rev\/papers.2994\" target=\"_blank\">10.5565\/rev\/papers.2994<\/a>.&nbsp;<\/p>\n\n\n\n<p>Miguel, FJ.(2022). Robotizaci\u00f3n. Autonom\u00eda auto-programada, de sistemas, herramientas, cosas. En Velarde &amp; Mart\u00edn, Eds. (2022) <em>Mirando hacia el futuro: Cambios sociohist\u00f3ricos vinculados a la virtualizaci\u00f3n.<\/em> Centro de Investigaciones Sociol\u00f3gicas (CIS)<\/p>\n\n\n\n<p>Linares, F. (2022). La fecundidad de teorizar con mecanismos en la sociolog\u00eda espa\u00f1ola. En&nbsp;Fern\u00e1ndez Esquinas&nbsp;&amp;&nbsp;Dom\u00ednguez, Eds. (2022),&nbsp;<em>La sociolog\u00eda en Espa\u00f1a<\/em>&nbsp;(pp. 107-126). FES &amp; Marcial Pons.<\/p>\n\n\n\n<p>Linares Mart\u00ednez, Francisco; Miguel Quesada, Francisco J. &amp; Kohl, Mona. (2022). Resilient Homophily Patterns in Youth Friendship Networks: A Case Study Using a Computer Simulation Experiment. <em>Revista Espa\u00f1ola de Investigaciones Sociol\u00f3gicas, 177: 43-68<\/em>. <a href=\"https:\/\/dx.doi.org\/10.5477\/cis\/reis.177.43\">10.5477\/cis\/reis.177.43<\/a>&nbsp;JCR: 0.953. Q3 (Sociology).<\/p>\n\n\n\n<p>Tena-S\u00e1nchez, Jordi &amp; Le\u00f3n, Francisco J. (2022). Y a\u00fan m\u00e1s al fondo del <em>bullshit<\/em>: El papel de la falsificaci\u00f3n de preferencias en la difusi\u00f3n del oscurantismo en la teor\u00eda social y en la sociedad, <em>SCIO. Revista de Filosof\u00eda<\/em>, 22: 209-233. <a rel=\"noreferrer noopener\" data-saferedirecturl=\"https:\/\/www.google.com\/url?q=https:\/\/doi.org\/10.46583\/scio_2022.22&amp;source=gmail&amp;ust=1659428459729000&amp;usg=AOvVaw0U0rPP5RSQC7dIDeW2wi-Z\" href=\"https:\/\/doi.org\/10.46583\/scio_2022.22\" target=\"_blank\">10.46583\/scio_2022.22<\/a>.<\/p>\n\n\n\n<p>Tapia, E. (2022). Groups contribution to shaping ethnic residential&nbsp;segregation: A dynamic approach, <em>Journal of Computational Social Science, 5: 565\u2013589<\/em>.&nbsp;<a rel=\"noreferrer noopener\" data-saferedirecturl=\"https:\/\/www.google.com\/url?q=https:\/\/doi.org\/10.1007\/s42001-021-00136-6&amp;source=gmail&amp;ust=1654669177886000&amp;usg=AOvVaw1E8jgya36CtONVh4EL2Sxl\" href=\"https:\/\/doi.org\/10.1007\/s42001-021-00136-6\" target=\"_blank\">10.1007\/s42001-021-00136-6<\/a><\/p>\n\n\n\n<p>Tena-S\u00e1nchez, J., &amp; Centellas, I. (2022). \u00bfQu\u00e9 es el arte y qu\u00e9&nbsp;constituye el valor art\u00edstico?.&nbsp;<em>Pensamiento. Revista de Investigaci\u00f3n e&nbsp;Informaci\u00f3n Filos\u00f3fica<\/em>, 78(297): 199-228.&nbsp;<a rel=\"noreferrer noopener\" data-saferedirecturl=\"https:\/\/www.google.com\/url?q=https:\/\/doi.org\/10.14422\/pen.v78.i297.y2022.011&amp;source=gmail&amp;ust=1656780915087000&amp;usg=AOvVaw3llhQMZCrDOqx7Gqr2ACtC\" href=\"https:\/\/doi.org\/10.14422\/pen.v78.i297.y2022.011\" target=\"_blank\">https:\/\/doi.org\/10.14422\/pen.v78.i297.y2022.011<\/a>&nbsp;A&amp;HCI and SCOPUS-SJR: 0,19, Q2 (Philosophy).<\/p>\n\n\n\n<p>Le\u00f3n, A.,&nbsp;Guti\u00e9rrez-Ortega, M.,&nbsp;Serrano-Pintado, I., &amp;&nbsp;Gonz\u00e1lez-Cabrera, J. (2021).&nbsp;A systematic review on nomophobia prevalence: Surfacing results and standard guidelines for future research.&nbsp;<em>PLOS ONE<\/em>,&nbsp;16(5). <a href=\"https:\/\/doi.org\/10.1371\/journal.pone.0250509\">https:\/\/doi.org\/10.1371\/journal.pone.0250509<\/a><\/p>\n\n\n\n<p>Le\u00f3n, Francisco J., Tena-S\u00e1nchez, Jordi, Miguel, Francisco J. (2020). Fakers becoming believers: How opinion dynamics are shaped by preference falsification, impression management and coherence heuristics. <em>Quality and Quantity. International Journal of Methodology, <\/em>54: 385-412. <a href=\"blank\">https:\/\/doi.org\/10.1007\/s11135-019-00909-2 <\/a>JCR: 1.154 (5 years, 2017). Q2 (Statistics &amp; Probability; Social Sciences -Interdisciplinary, SCIE, SSCI).<\/p>\n\n\n\n<p>Tena-S\u00e1nchez, Jordi, Le\u00f3n, Francisco J., &amp; Noguera, Jos\u00e9 A. (2020). Empathic cultural consumers: Pay what you want in the theater\u201d. <em>Journal of Consumer Affairs<\/em>, 54 (4): 1213-1245. <a href=\"https:\/\/doi.org\/10.1111\/joca.12327\">10.1111\/joca.12327<\/a> JCR: 2,038. Q2 (Economics, SSCI).<\/p>\n\n\n\n<p><span style=\"color: #1e1e1e\"><i><b>Organization and participation in congresses, conferences, etc.<\/b><\/i><\/span><\/p>\n\n\n\n<p><span style=\"color: #1e1e1e\">ORGANIZACI\u00d3N: Working Group of the Research Committee 30 (Analytical Sociology) of the Spanish Federation of Sociology. Spanish <i>XIV <\/i>Congress of Sociology. Murcia (Spain). July 2022.<\/span><\/p>\n\n\n\n<p><span style=\"color: #1e1e1e\">Hahn, Tania (2022): \u201cThe myth behind poverty breeds crime. Classical theory and white-collar crimes\u201d, <i>Spanish XIV Congress of Sociology.<\/i><\/span><span style=\"color: #1e1e1e\"> Murcia (Spain). July.<\/span><\/p>\n\n\n\n<p><span style=\"color: #1e1e1e\">Le\u00f3n, F. (2022): \u201cSimulaci\u00f3n de un proceso de contagio complejo. La difusi\u00f3n del lazo amarillo en Twitter\u201d, <i>Spanish XIV Congress of Sociology.<\/i> Murcia (Spain). July. <\/span><\/p>\n\n\n\n<p><span style=\"color: #1e1e1e\">Linares, F., Miguel, F.J., Le\u00f3n, F.J., Tena-S\u00e1nchez, J. (2022): \u201cBienes P\u00fablicos, Redes e Influencia Social: un experimento online\u201d, <i>Spanish XIV Congress of Sociology.<\/i> Murcia (Spain). July.<\/span><\/p>\n\n\n\n<p><span style=\"color: #1e1e1e\">Noguera, J.A., de Quintana, J., Capuzano, J., Tena-S\u00e1nchez, J. (2022): \u201cTesting Compliance in Fines Payment Through Behavioural Letters: A Field Experiment\u201d, <i>Spanish XIV Congress of Sociology.<\/i> Murcia (Spain). July. <\/span><\/p>\n\n\n\n<p><span style=\"color: #1e1e1e\">Sanantonio, F. (2022): \u201cVoto \u00fatil en votaciones p\u00fablicas secuenciales: mecanismos que explican su emergencia e impacto\u201d, <i>Spanish XIV Congress of Sociology.<\/i> Murcia (Spain). July.<\/span><\/p>\n\n\n\n<p>Tapia, E. (2021): \u201cA systematic evaluation of school closures as a&nbsp;desegregation measure.\u201d ECSR Annual Conference 2021.<\/p>\n\n\n\n<p>Tena-S\u00e1nchez, Jordi, Le\u00f3n, Francisco J., Noguera, Jos\u00e9 A., de Quintana, J. &amp; Linares, F. (2021) &#8220;Social Influence, Preference Falsification and Non-Take-Up of Social Benefits: A Lab Experiment&#8221;. Annual Conference of Experimental Sociology (ACES). Ascona (Swizerland).<br>&nbsp;<\/p>\n\n\n\n<p><strong><em>Organization and participation in seminars and workshops<\/em><\/strong><\/p>\n\n\n\n<p>Linares, F., Miguel, F., Kohl, M. (2023): &#8220;The Paradox of Resilient Homophily Patterns in Youth Freindship Networks: A Case Study Using a Computer Simulation Experiment&#8221;, <em>Interdisciplinary Workshop on Opinion Dynamics and Collective Decision 2023<\/em>, Constructor University, Bremen, Germany. July 12-14, 2023.<\/p>\n\n\n\n<p>Le\u00f3n, F.J, Linares, F., Miguel, F.J, Tena-S\u00e1nchez, J. (2022): \u201cPublic Goods and Social Influence: An Experimental Design\u201d, Centre for Experimental Social Sciences, Nuffield College, University of Oxford.<\/p>\n\n\n\n<p>II Conference Experimentation: Society and Politics. Universitat Aut\u00f2noma de Barcelona. December 13-14, 2021. Co-organized by the Research Network in Experimental Social Sciences (RedEx) and the Research Committee 30 (Analytical Sociology) of the Spanish Federation of Sociology. &lt;<a href=\"https:\/\/redex.csic.es\/project\/programa-jornadas\/\" target=\"_blank\" rel=\"noreferrer noopener\" data-saferedirecturl=\"https:\/\/www.google.com\/url?q=https:\/\/redex.csic.es\/project\/programa-jornadas\/&amp;source=gmail&amp;ust=1644911927427000&amp;usg=AOvVaw3qRQdM2RCpOAiVb6ikoykV\">https:\/\/redex.csic.es\/project\/programa-jornadas\/<\/a>&gt;<\/p>\n\n\n\n<ul class=\"wp-block-list\">\n<li>\u201cLa difusi\u00f3n del lazo amarillo en TWITTER: Simulaci\u00f3n de un proceso de contagio complejo&#8221;. Francisco J . Le\u00f3n.<\/li>\n\n\n\n<li>\u201cBias and truth in science evaluation: a simulation model of grant review panel discussions.\u201d Adri\u00e1n Mart\u00edn-Bethencourt (University College Dublin). 22th April 2021.<\/li>\n<\/ul>\n\n\n\n<p>Seminar series of the Analytical Sociology and Institutional Design Group. Academic year 2020-2021. Co-organized by the Department of Sociology of the Universitat Aut\u00f2noma de Barcelona (UAB), Department of Sociology and Anthropology of the University of La Laguna &amp; Department of Sociology of University of A Coru\u00f1a.<\/p>\n\n\n\n<ul class=\"wp-block-list\">\n<li>\u201cEl encaje entre el ingreso m\u00ednimo vital y las rentas m\u00ednimas. Una simulaci\u00f3n con los datos de la Encuesta de Condiciones de Vida.\u201d Jos\u00e9 A. Noguera (UAB). 8th April 2021.<\/li>\n\n\n\n<li>\u201cBias and truth in science evaluation: a simulation model of grant review panel discussions.\u201d Adri\u00e1n Mart\u00edn-Bethencourt (University College Dublin). 22th April 2021.<\/li>\n\n\n\n<li>\u201cDin\u00e1micas de difusi\u00f3n de rumores: modelo basado en agentes&#8221; Tania Hahn (UAB). 6th May 2021<em>.<\/em><\/li>\n\n\n\n<li>\u201cEnjoy your meal! Obstacles in the effectiveness of nudges against obesity. A field experiment\u201d Abbas Alikhademi (UAB). 20th May 2021.<\/li>\n<\/ul>\n\n\n\n<p><em><strong>Informative articles<\/strong><\/em><\/p>\n\n\n\n<p>Tena-S\u00e1nchez, Jordi, Le\u00f3n, Francisco J., &amp; Noguera, Jos\u00e9 A. (2021): \u201cInverse ticket office in the Catalan theatres\u201d. <em>UAB Divulga. Barcelona Research and Innovation.<\/em> &lt;<a href=\"https:\/\/www.uab.cat\/web\/detall-de-noticia\/la-i-taquilla-inversa-\/i-als-teatres-catalans-1345469002000.html?noticiaid=1345844808649\" target=\"_blank\" rel=\"noopener\">https:\/\/www.uab.cat\/web\/detall-de-noticia\/la-i-taquilla-inversa-\/i-als-teatres-catalans-1345469002000.html?noticiaid=1345844808649<\/a>&gt;<\/p>\n\n\n\n<p>Le\u00f3n, Francisco J., Tena-S\u00e1nchez, Jordi &amp; Miguel, Francisco J. (2021): \u201cPreference falsification and the threatened democracy\u201d. <em>UAB Divulga. Barcelona Research and Innovation. <\/em>&lt;<a href=\"https:\/\/www.uab.cat\/web\/news-detail\/preference-falsification-and-the-threat-to-democracy-1345680342044.html?noticiaid=1345844800172\" target=\"_blank\" rel=\"noopener\">https:\/\/www.uab.cat\/web\/news-detail\/preference-falsification-and-the-threat-to-democracy-1345680342044.html?noticiaid=1345844800172<\/a>&gt;<\/p>\n\n\n\n<p><em><strong>Ph.Doctoral Disertations readed<\/strong><\/em><\/p>\n\n\n\n<ul class=\"wp-block-list\">\n<li>2020. Judith Mu\u00f1oz. <em>Women, poverty and cash transfers in Chile. A longitudinal qualitative research from the mechanism explanation approach<\/em>. Department of Sociology, Universitat Aut\u00f2noma de Barcelona (UAB). Director: Francisco J. Le\u00f3n.<\/li>\n<\/ul>\n\n\n\n<p>&nbsp;<\/p>\n\n\n\n<figure class=\"wp-block-image\"><img loading=\"lazy\" decoding=\"async\" width=\"665\" height=\"124\" src=\"https:\/\/webs.uab.cat\/gsadi\/wp-content\/uploads\/sites\/257\/2020\/09\/logos-minciu.jpg\" alt=\"\" class=\"wp-image-210\" srcset=\"https:\/\/webs.uab.cat\/gsadi\/wp-content\/uploads\/sites\/257\/2020\/09\/logos-minciu.jpg 665w, https:\/\/webs.uab.cat\/gsadi\/wp-content\/uploads\/sites\/257\/2020\/09\/logos-minciu-300x56.jpg 300w\" sizes=\"auto, (max-width: 665px) 100vw, 665px\" \/><\/figure>\n\n\n\n<p><\/p>\n","protected":false},"excerpt":{"rendered":"<p>\u201cOPINION DYNAMICS, COLLECTIVE ACTION AND ABRUPT SOCIAL CHANGES:THE ROLE OF PREFERENCE FALSIFICATION AND SOCIAL NETWORKS\u201d (DOACSA) Scientific publications Fernando Sanantonio &amp; Francisco J. Miguel.(2025), Teaching Sociology and the History of Sociology. En G. Manzo (ed.) Boudon Reexamined: Nuts and Bolts for Contemporary Sociological Science. Paris: Sorbonne Universit\u00e9 Presses. pp. 331-349 Le\u00f3n-Medina, F. J. (2025). How [&hellip;]<\/p>\n","protected":false},"author":2557,"featured_media":0,"parent":0,"menu_order":0,"comment_status":"closed","ping_status":"closed","template":"","meta":{"footnotes":""},"class_list":["post-1238","page","type-page","status-publish","hentry"],"_links":{"self":[{"href":"https:\/\/webs.uab.cat\/gsadi\/wp-json\/wp\/v2\/pages\/1238","targetHints":{"allow":["GET"]}}],"collection":[{"href":"https:\/\/webs.uab.cat\/gsadi\/wp-json\/wp\/v2\/pages"}],"about":[{"href":"https:\/\/webs.uab.cat\/gsadi\/wp-json\/wp\/v2\/types\/page"}],"author":[{"embeddable":true,"href":"https:\/\/webs.uab.cat\/gsadi\/wp-json\/wp\/v2\/users\/2557"}],"replies":[{"embeddable":true,"href":"https:\/\/webs.uab.cat\/gsadi\/wp-json\/wp\/v2\/comments?post=1238"}],"version-history":[{"count":10,"href":"https:\/\/webs.uab.cat\/gsadi\/wp-json\/wp\/v2\/pages\/1238\/revisions"}],"predecessor-version":[{"id":1409,"href":"https:\/\/webs.uab.cat\/gsadi\/wp-json\/wp\/v2\/pages\/1238\/revisions\/1409"}],"wp:attachment":[{"href":"https:\/\/webs.uab.cat\/gsadi\/wp-json\/wp\/v2\/media?parent=1238"}],"curies":[{"name":"wp","href":"https:\/\/api.w.org\/{rel}","templated":true}]}}