{"id":1245,"date":"2023-06-13T12:44:29","date_gmt":"2023-06-13T10:44:29","guid":{"rendered":"https:\/\/webs.uab.cat\/gsadi\/?page_id=1245"},"modified":"2023-06-13T13:00:18","modified_gmt":"2023-06-13T11:00:18","slug":"incomme-in-project-results","status":"publish","type":"page","link":"https:\/\/webs.uab.cat\/gsadi\/incomme-in-project-results\/","title":{"rendered":"INCOMME-IN Project results"},"content":{"rendered":"\n<h2 class=\"wp-block-heading\">\u201cINNOVATIONS IN INCOME GUARANTEE SCHEMES: POLICIES, PILOTS, AND PROPOSALS\u201d (INCOME-INN)<\/h2>\n\n\n\n<p><strong><em>Scientific publications<\/em><\/strong><\/p>\n\n\n\n<p>Arriba Gonz\u00e1lez de Durana, A., &amp; Aguilar Hendrickson, M. (2021). Entre recalibraci\u00f3n y continuidad: el contexto del nacimiento del IMV.&nbsp;<em>Revista Espa\u00f1ola De Sociolog\u00eda<\/em>,&nbsp;<em>30<\/em>(2), a46. <a href=\"https:\/\/doi.org\/10.22325\/fes\/res.2021.46\">https:\/\/doi.org\/10.22325\/fes\/res.2021.46<\/a><\/p>\n\n\n\n<p>Aguilar-Hendrickson, M., &amp; Arriba Gonz\u00e1lez de Durana, A. (2020). Out of the wilderness? The coming back of the debate on minimum income in Spain and the Great Recession. <em>Social Policy &amp; Administration<\/em>, 54(4). <a href=\"https:\/\/doi.org\/10.1111\/spol.12605\" target=\"_blank\" rel=\"noreferrer noopener\">https:\/\/doi.org\/10.1111\/spol.12605<\/a><br><br>Aguilar\u2010Hendrickson, M., &amp; Arriba Gonz\u00e1lez de Durana, A. (2020). The politics of safety net reform in Southern Europe during the Great Recession: Introduction to the regional issue. <em>Social Policy &amp; Administration<\/em>. <a href=\"https:\/\/doi.org\/10.1111\/spol.12609\" target=\"_blank\" rel=\"noreferrer noopener\">https:\/\/doi.org\/10.1111\/spol.12609<\/a><\/p>\n\n\n\n<p>Noguera, J.A.; Salazar, L.; Vidal Lorda, G. (Editors), <em>Real Utopias for a Social Europe: Universal Benefits Workshop. Summary Report<\/em>, Pubilications Office of the European Union, Luxemburg, 2022, ISBN 978-92-76-55864-4, doi:10.2760\/765, JRC130425<\/p>\n\n\n\n<p>Noguera, Jos\u00e9 A. (2021) \u201cRetos y dilemas de las pol\u00edticas de garant\u00eda de ingresos en la pandemia\u201d. In Olga Salido &amp; Matilde Mass\u00f3 (eds.), <em>Sociolog\u00eda en tiempos de pandemia<\/em>. Madrid, S\u00edntesis-FES.<\/p>\n\n\n\n<p>Noguera, Jos\u00e9 A. (2021) \u201cLos programas de garant\u00eda de ingresos m\u00ednimos durante la pandemia y m\u00e1s all\u00e1\u201d. In Joseba Zalaka\u00edn (ed.), <em>El futuro de las pol\u00edticas sociales tras la pandemia<\/em>. Donosti, Fundaci\u00f3n Egu\u00eda Careaga \u2013 SiiS.<\/p>\n\n\n\n<p>Noguera, Jos\u00e9 A. (2021) \u201cConstruyendo libertad real: la renta b\u00e1sica, de la teor\u00eda a la pr\u00e1ctica\u201d. En Gemma Ubasart y Ricard Gom\u00e0 (eds.), <em>Vidas en transici\u00f3n. (Re)construir la ciudadan\u00eda social<\/em>. Madrid, Tecnos (en prensa).<\/p>\n\n\n\n<p>Noguera, Jos\u00e9 A. (2020) \u201c\u00bfUna nueva pol\u00edtica de garant\u00eda de ingresos? La renta b\u00e1sica universal\u201d. En <em>Nueva Revista de pol\u00edtica, cultura y arte<\/em>, n\u00ba 174, pp. 48-67.<\/p>\n\n\n\n<p>Noguera, Jos\u00e9 A. y De Quintana, J\u00falia (2021) \u201cEl impacto potencial del Ingreso M\u00ednimo Vital y su encaje con las Rentas M\u00ednimas de las Comunidades Aut\u00f3nomas\u201d. Background paper. Madrid, Oxfam-Intermon.<\/p>\n\n\n\n<p>Joe Chrisp and Jurgen De Wispelaere (2022), \u201cParading Utopia on the Road to Nowhere? An Introduction to the Special Issue on the Policy Impact of the European Basic Income Experiments\u201d,&nbsp;<em>European Journal of Social Security<\/em>,&nbsp;forthcoming (sept).<\/p>\n\n\n\n<p>Jurgen De Wispelaere and Leticia Morales (2021), \u201cEmergency Basic Income during the Pandemic\u201d,&nbsp;<em>Cambridge Quarterly of Healthcare Ethics<\/em>&nbsp;30(2), pp. 248-254.<\/p>\n\n\n\n<p>Simon Birnbaum and Jurgen De Wispelaere (2021), \u201cExit Strategy or Exit Trap? Basic Income and the \u2018Power To Say No\u2019 in the Age of Precarious Employment\u201d,&nbsp;<em>Socio-Economic Review&nbsp;<\/em>19(3), pp. 909\u2013927.<\/p>\n\n\n\n<p>Jurgen De Wispelaere and Arto Laitinen (2020), \u201cBasic Income in the Recognition Order: Respect, Care, and Esteem\u201d, in Denise Celentano and Luigi Caranti (eds.) <em>Redistribution, Recognition, and Beyond<\/em>. London: Routledge.<\/p>\n\n\n\n<p>Jurgen De Wispelaere and Ruslan Yemtsov (2020), \u201cThe Political Economy of Basic Income\u201d, in Ugo Gentilini <em>et al<\/em> (eds.) <em>Exploring Universal Basic Income: A Guide to Navigating Concepts, Evidence, and Practices<\/em>. Washington DC: World Bank.<\/p>\n\n\n\n<p>Jurgen De Wispelaere and Evelyn Forget (2023) <em>Basic Income Experiments: Theory, Practice, and Politics<\/em>. Bristol: Policy Press\/University of Chicago Press (under contract).<\/p>\n\n\n\n<p>Zalakain, J. (2022) Crecimiento econ\u00f3mico y pol\u00edticas para la inclusi\u00f3n social en Euskadi. <em>Ekonomiaz<\/em>, 101 (en prensa).<\/p>\n\n\n\n<p>Zalakain, J. (2021) Mecanismos para la prevenci\u00f3n de la trampa de la pobreza en los modelos de garant\u00eda de rentas. <em>Cuadernos de Relaciones Laborales<\/em>, vol., 39, n\u00ba 2.<\/p>\n\n\n\n<p>Zalakain, J.,&nbsp;(2021) Dise\u00f1o e impacto de las prestaciones por hijos a cargo en los pa\u00edses de la OCDE.&nbsp;Zerbitzuan,&nbsp;n. 74.<\/p>\n\n\n\n<p>Zalakain, J. (2020). &nbsp;Innovaciones, tendencias y buenas pr\u00e1cticas en materia de inclusi\u00f3n social en los Pa\u00edses de la Uni\u00f3n Europa. En: <em>Pol\u00edticas de inclusi\u00f3n en Espa\u00f1a: viejos debates, nuevos derechos Un estudio de los modelos de inclusi\u00f3n en Andaluc\u00eda, Castilla y Le\u00f3n, La Rioja, Navarra y Murcia<\/em>.&nbsp;Madrid, Centro de Investigaciones Sociol\u00f3gicas, p. 39-94.<\/p>\n\n\n\n<p>Zalakain, J., SIIS y Fundaci\u00f3n FOESSA (2021). La exclusi\u00f3n social en Espa\u00f1a desde la perspectiva territorial. Una aproximaci\u00f3n multidimensional en Espa\u00f1a y sus territorios, Fundaci\u00f3n FOESSA.<\/p>\n\n\n\n<p>Borja Barragu\u00e9 y Guillermo Kreiman (2021): \u201cDistributing the Cake in Times of Pandemic: Weighing the Pros and Cons of the Universal Basic Income\u201d, en Utrilla y Shabbir (dirs..), EU Law in times of pandemic: The EU\u2019s legal response to COVID-19, pp. 95-99.<\/p>\n\n\n\n<p>Borja Barragu\u00e9 (2021): \u201cM\u00ednimo Social\u201d, en Gonz\u00e1lez Ricoy y Queralt Lange (dirs.), Razones p\u00fablicas: Una introducci\u00f3n a la filosof\u00eda pol\u00edtica, Barcelona, Ariel, pp. 413-428.<\/p>\n\n\n\n<p>Borja Barragu\u00e9 (2021): \u201cConstruir equidad: las estrategias de la predistribuci\u00f3n\u201d, en Gom\u00e1 Carmona y Ubasart, \u201cVidas en transici\u00f3n: (re)construir la ciudadan\u00eda social\u201d, Madrid, Tecnos, pp. 179-193.<\/p>\n\n\n\n<p>Borja Barragu\u00e9 (2021): \u201cEl impacto del SARS-CoV-2 sobre las desigualdades materiales y relacionales\u201d, Anuario de la Facultad de Derecho de la Universidad Aut\u00f3noma de Madrid, No. Extra 1, pp. 141-153. &nbsp;<\/p>\n\n\n\n<p>Guillem Vidal y Borja Barragu\u00e9 (2022): \u201cHacia la predistribuci\u00f3n: pol\u00edticas p\u00fablicas contra la desigualdad\u201d, en Informe Social: Un nou contracte social per a una prosperitat compartida, Barcelona, Fundaci\u00f3n Rafael Campalans, pp. 53-79.<\/p>\n\n\n\n<p>Borja Barragu\u00e9, Javier Carbonell, Guillermo Kreiman, Berna Le\u00f3n, Marina Romaguera y Javier Soria (2022): \u201cDerribando el mito de la meritocracia\u201d, Future Policy Lab Report, Madrid.<\/p>\n\n\n\n<p>Borja Barragu\u00e9 (2022): \u201cLiberalism and Poverty\u201d, en Schweiger, Gottfried y Clemens Sedmak (eds.), The Routledge Handbook of Philosophy and Poverty, en prensa.<\/p>\n\n\n\n<p>Borja Barragu\u00e9 (2022): \u201cLa justificaci\u00f3n de las desigualdades y herramientas de predistribuci\u00f3n\u201d, en 5\u00ba Informe sobre la desigualdad en Espa\u00f1a, Fundaci\u00f3n Alternativas, en prensa.<\/p>\n\n\n\n<p><em><strong>Organization and participation in congresses and conferences<\/strong><\/em><\/p>\n\n\n\n<p>Aguilar Hendrickson, Manuel (2021)  \u201cQuins mecanismes tenen els estats per establir una garantia d&#8217;ingressos per a la ciutadania?\u201d En<em> La garantia d&#8217;ingressos m\u00ednims. Una perspectiva europea<\/em>, organizada por la Taula del Tercer Sector Social, Barcelona.<\/p>\n\n\n\n<p>Aguilar Hendrickson, Manuel y Arriba Gonz\u00e1lez de Durana, Ana (2022) \u201c\u00bfEncajan las piezas? Gobierno multinivel y reforma de la garant\u00eda de rentas en Espa\u00f1a\u201d. Comunicaci\u00f3n oral en XIV Congreso Espa\u00f1ol de Sociolog\u00eda, Murcia.<\/p>\n\n\n\n<p>Aguilar Hendrickson, Manuel y Arriba Gonz\u00e1lez de Durana, Ana (2022) \u201cFilling in the gaps or changing the game? The IMV and the development of minimum income policies in Spain\u201d. Comunicaci\u00f3n oral aceptada en ESPAnet2002, Viena.<\/p>\n\n\n\n<p>\u00c1lvarez Cronin, Emma Rose (2022) \u201cLas pol\u00edticas de garant\u00eda de renta durante la crisis de la Covid-19. Un an\u00e1lisis comparado entre Espa\u00f1a, Portugal e Italia\u201d. En: XIV Congreso Espa\u00f1ol de Sociolog\u00eda \u201cDesigualdades, Fronteras y Resiliencia. Sociolog\u00eda para crisis globales\u201d, 28 junio a 2 julio, Murcia.<\/p>\n\n\n\n<p>Noguera, Jos\u00e9 A. (2020) Seminario virtual sobre \u201cIngreso M\u00ednimo Vital y migraciones\u201d, C\u00e1tedra de Refugiados y Migrantes Forzosos, Universidad Pontificia Comillas, 19 de noviembre, Madrid.<\/p>\n\n\n\n<p>Noguera, Jos\u00e9 A. (2020) Curso y seminario sobre \u201cLas rentas de garant\u00eda de ingresos y el Ingreso M\u00ednimo Vital\u201d, Aula de Formaci\u00f3n Permanente en Servicios Sociales, Gobierno de Cantabria, 27 de octubre.<\/p>\n\n\n\n<p>Noguera, Jos\u00e9 A., Leire Salazar y Luis Miller (2022) \u201c\u00bfCu\u00e1ntos impuestos se deben pagar? Comparando experimentalmente las preferencias fiscales sobre la renta y las herencias\u201d. Ponencia en: XIV Congreso Espa\u00f1ol de Sociolog\u00eda (FES), 29 de junio \u2013 2 de julio, Murcia.<\/p>\n\n\n\n<p>Noguera, Jos\u00e9 A., J\u00falia de Quintana, Joaquim Campuzano y Jordi Tena (2022) \u201cTesting Compliance in Fines Payment Through Behavioural Letters: A Field Experiment\u201d. Ponencia en: XIV Congreso Espa\u00f1ol de Sociolog\u00eda (FES), 29 de junio \u2013 2 de julio, Murcia.<\/p>\n\n\n\n<p>Noguera, Jos\u00e9 A. (2022) \u201c\u00bfHasta d\u00f3nde pueden llegar el IMV y las Rentas M\u00ednimas de las CCAA en la reducci\u00f3n de la pobreza? Un ejercicio de simulaci\u00f3n\u201d. Ponencia en: XIV Congreso Espa\u00f1ol de Sociolog\u00eda (FES), 29 de junio \u2013 2 de julio, Murcia. <\/p>\n\n\n\n<p>Thiemann, Andreas; Vidal, Guillem; Noguera, Jos\u00e9 A. y Salazar, Leire (2022) \u201cUniversal Inheritance in Four EU Countries: Distributional and Budgetary Impact\u201d. Ponencia en Congreso: European Comission Joint Research Centre (JCR) Workshop on \u201cReal Utopias for a Social Europe: Universal Benefits\u201d, 8 y 9 de junio, online.<\/p>\n\n\n\n<p>Noguera, Jos\u00e9 A. (2022) \u201cMedidas concretas para abordar la pobreza infantil en Espa\u00f1a\u201d. Conferencia por invitaci\u00f3n en Congreso: OECD Conference on a New Legal Framework for Family Support, 3 de febrero, Madrid.<\/p>\n\n\n\n<p>Noguera, Jos\u00e9 A. (2021) \u201cEl m\u00e9todo experimental en el dise\u00f1o y evaluaci\u00f3n de pol\u00edticas p\u00fablicas\u201d. Participaci\u00f3n en mesa redonda en Congreso: II Jornadas sobre Experimentaci\u00f3n: Sociedad y Pol\u00edtica, 13 y 14 de diciembre, UAB (Barcelona).<\/p>\n\n\n\n<p>Noguera, Jos\u00e9 A. (2021) \u201cL\u2019Ingr\u00e9s M\u00ednim Vital: Articulaci\u00f3 amb el sistema de garantia d\u2019ingressos m\u00ednims i impacte potencial\u201d. Conferencia por invitaci\u00f3n en Congreso: Jornades sobre Garantia d\u2019Ingressos M\u00ednims (Conselleria d\u2019Afers Socials i Esports del Govern de les Illes Balears),  21-22 de octubre, Palma de Mallorca.<\/p>\n\n\n\n<p>Noguera, Jos\u00e9 A. F.J. Le\u00f3n, J\u00falia de Quintana &amp; J. Tena (2021) \u201cSocial influence, preference falsification, and non-take-up of social benefits: a lab experiment\u201d. Ponencia en Congreso: Annual Conference of Experimental Sociology, 15-17 de septiembre, Monte Verit\u00e0 (Switzerland).<\/p>\n\n\n\n<p>Noguera, Jos\u00e9 A. (2021) \u201cNuevos y viejos retos de las pol\u00edticas de garant\u00eda de ingresos\u201d. Ponencia en sesi\u00f3n plenaria por invitaci\u00f3n en Congreso: VIII Congreso de la Red Espa\u00f1ola de Pol\u00edtica Social (REPS), 15-17 de marzo, Bilbao.<\/p>\n\n\n\n<p>Noguera, Jos\u00e9 A. (2021) \u201cPoniendo a prueba la hip\u00f3tesis b\u00e1sica del bienestar fiscal\u201d. Ponencia en Congreso: VIII Congreso de la Red Espa\u00f1ola de Pol\u00edtica Social (REPS), 15-17 de marzo, Bilbao.<\/p>\n\n\n\n<p>Noguera, Jos\u00e9 A. (2020). \u201cEl Ingreso B\u00e1sico Universal: de la teor\u00eda a la pr\u00e1ctica\u201d. Conferencia por invitaci\u00f3n en Congreso: Ciclo \u201cSociolog\u00eda en tiempos de pandemia\u201d, 5 de noviembre, Universidad Andr\u00e9s Bello (Santiago de Chile) (virtual).<\/p>\n\n\n\n<p>De Quintana, J\u00falia y Noguera, Jos\u00e9 A. (2020) \u201cEl nudging en Ciencia Pol\u00edtica y Sociolog\u00eda\u201d. Conferencia por invitaci\u00f3n en Congreso: Jornadas sobre \u201cEl Nudging aplicado a la mejora de la regulaci\u00f3n: derecho y pol\u00edticas p\u00fablicas conductuales\u201d.29 de octubre, Universidad de Barcelona (virtual).&nbsp;&nbsp;&nbsp;&nbsp;&nbsp;&nbsp;&nbsp; &nbsp;<\/p>\n\n\n\n<p>Noguera, Jos\u00e9 A. (2020) \u201cLos modelos de garant\u00eda de ingresos ante la nueva realidad\u201d. Conferencia por invitaci\u00f3n en Congreso: Curso de Verano sobre Desigualdad, Protecci\u00f3n Social y Mercado de Trabajo en la Nueva Crisis Global. 22-23 de octubre, Universidad del Pa\u00eds Vasco (virtual).<\/p>\n\n\n\n<p>Noguera, Jos\u00e9 A. (2020) \u201cExperiencias comparadas de renta b\u00e1sica: el caso de Espa\u00f1a\u201d. Conferencia por invitaci\u00f3n en Congreso: Jornadas sobre \u201cRenta B\u00e1sica: Di\u00e1logos y Experiencias Internacionales\u201d, 23-24 de septiembre, Universidad Nacional de Colombia.<\/p>\n\n\n\n<p>Noguera, Jos\u00e9 A. (2020) \u201cEl Ingreso M\u00ednimo Vital en la estrategia de refuerzo de la protecci\u00f3n social en Espa\u00f1a\u201d Conferencia por invitaci\u00f3n en Congreso: Curso de Verano sobre \u201cLa garant\u00eda de unos ingresos decentes para todas y todos\u201d, 9-11 de septiembre, jornadas virtuales.&nbsp; <\/p>\n\n\n\n<p><em><strong>Other <\/strong><\/em><strong><em>publications related to the project<\/em><\/strong><\/p>\n\n\n\n<p>Barragu\u00e9, B. y Noguera, J. A. (eds.) (2021) T\u00edtulo: Los nudges y el dise\u00f1o conductual de pol\u00edticas p\u00fablicas. Referencia revista\/libro: monogr\u00e1fico de Gesti\u00f3n y An\u00e1lisis de Pol\u00edticas P\u00fablicas, n\u00ba 25 (marzo).<\/p>\n\n\n\n<p>Noguera, J. A. (coord.); De Quintana, J.; Campuzano, J.; Griera, O.; Miguel, F. J. y Tena, J. (2020) T\u00edtulo: Experimentaci\u00f3 social i pol\u00edtiques p\u00fabliques conductuals: aplicaci\u00f3 a la fiscalitat. Referencia revista\/libro: Escola d\u2019Administraci\u00f3 P\u00fablica de Catalunya, Generalitat de Catalunya, Col\u00b7lecci\u00f3 Estudis de Recerca Digitals. Fecha: 2020. <\/p>\n\n\n\n<p>Noguera, Jos\u00e9 A. (2021) T\u00edtulo: \u201c\u00bfEl triunfo final del marxismo anal\u00edtico? Erik Olin Wright y la ciencia social\u201d Referencia revista\/libro: Revista Espa\u00f1ola de Sociolog\u00eda, vol. 30, n\u00ba 2 (abril, en prensa). Publicaci\u00f3n incluida en \u00edndice: SJR-Scopus (Q2).<\/p>\n\n\n\n<p>Tena-S\u00e1nchez, Jordi; L\u00e9on, F. J.; Noguera, Jos\u00e9 Antonio (2020) T\u00edtulo: \u201cEmpathic Cultural Consumers: Pay What You Want in the Theatre\u201d Referencia revista\/libro: Journal of Consumer Affairs, vol. 54, n\u00ba 4 (Winter), pp. 1213-1245. Publicaci\u00f3n incluida en \u00edndice: SSCI-JCR (Q2, Web of Science- Clarivate), SJR-Scopus (Q1).<\/p>\n\n\n\n<p>Aguilar Hendrickson, Manuel y Arriba Gonz\u00e1lez de Durana, Ana, \u201cEl IMV i les rendes m\u00ednimes, un any despr\u00e9s\u201d, en Llei d\u2019Engel, 27 de octubre de 2021, https:\/\/lleiengel.cat\/imv-un-any-despres<\/p>\n\n\n\n<p>Noguera, Jos\u00e9 A. (2021) \u201cUn pilot de Renda B\u00e0sica Universal a Catalunya?\u201d, Llei d\u2019Engel, 1 October.<\/p>\n\n\n\n<p>Noguera, Jos\u00e9 A. (2020) \u201cSalvar el Ingreso M\u00ednimo Vital\u201d, El Pa\u00eds, 22 de agosto de 2020.<\/p>\n\n\n\n<p>Noguera, Jos\u00e9 A. (2020) \u201cIngr\u00e9s M\u00ednim Vital: els reptes pendents (II)\u201d, Llei d\u2019Engel, 16 de junio de 2020.<\/p>\n\n\n\n<p>Noguera, Jos\u00e9 A. (2020) \u201cIngr\u00e9s M\u00ednim Vital: una oportunitat guanyada (I)\u201d, Llei d\u2019Engel, 11 de junio de 2020.<\/p>\n\n\n\n<p>Jamie Cooke and Jurgen De Wispelaere, \u201cBasic Income and Pandemic Preparedness\u201d, Green European Journal, 18 May 2020 (https:\/\/www.greeneuropeanjournal.eu\/basic-income-and-pandemic-preparedness\/) <\/p>\n\n\n\n<p>Jamie Cooke, Jurgen De Wispelaere and Ian Orton, \u201cCovid-19 and Basic Income\u201d, Policy Options: Aftershock, 12 October 2020, https:\/\/policynetwork.org\/opinions\/blogs\/covid-19-and-basic-income\/ <\/p>\n\n\n\n<p>Francesca Bastagli and Jurgen De Wispelaere, \u201cUBI and the World of Work\u201d, podcast SocialProtection.org, 28\/01\/2022, https:\/\/socialprotection.org\/learn\/podcasts\/ep-9-ubi-and-world-work<\/p>\n\n\n\n<p>Francesca Bastagli and Jurgen De Wispelaere, \u201cUBI and Social Protection Systems\u201d, podcast SocialProtection.org, 24\/02\/2022, https:\/\/socialprotection.org\/learn\/podcasts\/ep-10-ubi-and-social-protection-systems<\/p>\n\n\n\n<p>Christian St\u00e5hl, Jurgen De Wispelaere and Elaine MacEachen (2022), \u201cThe Work Disability Trap: Manifestations, Causes and Consequences of a Policy Paradox\u201d, Disability and Rehabilitation, https:\/\/doi.org\/10.1080\/09638288.2022.2074554. <\/p>\n\n\n\n<p>Borja Barragu\u00e9 y Guillem Vidal: \u201cDe qu\u00e9 hablamos cuando hablamos de injusticia fiscal: capacidad, derechos y suerte\u201d, en Mart\u00ednez de Pis\u00f3n y Mart\u00ednez Laguna (dirs.), Abuso y planificaci\u00f3n fiscal internacional, Aranzadi, pp. 211-226.<\/p>\n\n\n\n<p><\/p>\n","protected":false},"excerpt":{"rendered":"<p>\u201cINNOVATIONS IN INCOME GUARANTEE SCHEMES: POLICIES, PILOTS, AND PROPOSALS\u201d (INCOME-INN) Scientific publications Arriba Gonz\u00e1lez de Durana, A., &amp; Aguilar Hendrickson, M. (2021). Entre recalibraci\u00f3n y continuidad: el contexto del nacimiento del IMV.&nbsp;Revista Espa\u00f1ola De Sociolog\u00eda,&nbsp;30(2), a46. https:\/\/doi.org\/10.22325\/fes\/res.2021.46 Aguilar-Hendrickson, M., &amp; Arriba Gonz\u00e1lez de Durana, A. (2020). Out of the wilderness? The coming back of the [&hellip;]<\/p>\n","protected":false},"author":2557,"featured_media":0,"parent":0,"menu_order":0,"comment_status":"closed","ping_status":"closed","template":"","meta":{"footnotes":""},"class_list":["post-1245","page","type-page","status-publish","hentry"],"_links":{"self":[{"href":"https:\/\/webs.uab.cat\/gsadi\/wp-json\/wp\/v2\/pages\/1245","targetHints":{"allow":["GET"]}}],"collection":[{"href":"https:\/\/webs.uab.cat\/gsadi\/wp-json\/wp\/v2\/pages"}],"about":[{"href":"https:\/\/webs.uab.cat\/gsadi\/wp-json\/wp\/v2\/types\/page"}],"author":[{"embeddable":true,"href":"https:\/\/webs.uab.cat\/gsadi\/wp-json\/wp\/v2\/users\/2557"}],"replies":[{"embeddable":true,"href":"https:\/\/webs.uab.cat\/gsadi\/wp-json\/wp\/v2\/comments?post=1245"}],"version-history":[{"count":2,"href":"https:\/\/webs.uab.cat\/gsadi\/wp-json\/wp\/v2\/pages\/1245\/revisions"}],"predecessor-version":[{"id":1251,"href":"https:\/\/webs.uab.cat\/gsadi\/wp-json\/wp\/v2\/pages\/1245\/revisions\/1251"}],"wp:attachment":[{"href":"https:\/\/webs.uab.cat\/gsadi\/wp-json\/wp\/v2\/media?parent=1245"}],"curies":[{"name":"wp","href":"https:\/\/api.w.org\/{rel}","templated":true}]}}