{"id":164,"date":"2016-01-19T13:43:45","date_gmt":"2016-01-19T11:43:45","guid":{"rendered":"https:\/\/webs.uab.cat\/gsadi\/pagina\/"},"modified":"2024-04-15T16:11:34","modified_gmt":"2024-04-15T14:11:34","slug":"pagina","status":"publish","type":"page","link":"https:\/\/webs.uab.cat\/gsadi\/","title":{"rendered":"About GSADI"},"content":{"rendered":"\n<p><strong>GSADI<\/strong>&nbsp;promotes the use of innovative theories and methods in Analytical Sociology. Our main research interest is in building formal models of social mechanisms to explain the complex interaction of social norms, strategic rationality and institutional design.<\/p>\n\n\n\n<p>To this effect&nbsp;<strong>GSADI<\/strong>&nbsp;researchers employ a variety of innovative methodologies and techniques, including agent-based social simulation and experiments (inspired by recent advances in behavioural social science). These models and techniques are applied to a variety of research topics covering several disciplines within&nbsp;the social sciences (computer simulation, political theory, social philosophy, archaeology, and behavioural economics\/psychology).&nbsp;<strong>GSADI<\/strong>&nbsp;currently does empirical research on fiscal sociology, social influence, prosocial motivations, norm compliance, and collective action.<\/p>\n\n\n\n<p><strong>GSADI&nbsp;<\/strong>also aims to foster theoretical, normative and epistemological research oriented towards the consolidation of sociology as a scientific discipline.<\/p>\n\n\n\n<p><\/p>\n\n\n\n<h2 class=\"wp-block-heading\"><strong>Research areas<\/strong><\/h2>\n\n\n\n<h3 class=\"wp-block-heading\"><strong>Methodology<\/strong><\/h3>\n\n\n\n<ul class=\"wp-block-list\">\n<li>Social experimentation&nbsp;<\/li>\n\n\n\n<li>Social simulation and agent-based models&nbsp;<\/li>\n\n\n\n<li>Social networks<\/li>\n<\/ul>\n\n\n\n<h3 class=\"wp-block-heading\"><strong>Fiscal sociology<\/strong><\/h3>\n\n\n\n<ul class=\"wp-block-list\">\n<li>Behavioural aspects of taxation&nbsp;<\/li>\n\n\n\n<li>Tax compliance and tax morale<\/li>\n\n\n\n<li>Agent-based models of tax compliance<\/li>\n\n\n\n<li>Tax policy analysis<\/li>\n<\/ul>\n\n\n\n<h3 class=\"wp-block-heading\"><strong>Social norms&nbsp;and group behaviour<\/strong><\/h3>\n\n\n\n<ul class=\"wp-block-list\">\n<li>Norm compliance<\/li>\n\n\n\n<li>Social influence<\/li>\n\n\n\n<li>Informative effects of law<\/li>\n<\/ul>\n\n\n\n<h3 class=\"wp-block-heading\"><strong>Sociological theory and philosophy of the social sciences<\/strong><\/h3>\n\n\n\n<ul class=\"wp-block-list\">\n<li>Analytical sociology and social mechanisms<\/li>\n\n\n\n<li>Social ontology<\/li>\n\n\n\n<li>Normative social theories and institutional design<\/li>\n<\/ul>\n\n\n\n<h3 class=\"wp-block-heading\"><strong>The welfare state and social mechanisms<\/strong>&nbsp;<\/h3>\n\n\n\n<ul class=\"wp-block-list\">\n<li>Basic income and universal social benefits&nbsp;<\/li>\n\n\n\n<li>Pro-social motivations and social policy&nbsp;<\/li>\n\n\n\n<li>Social perception of distributive justice<\/li>\n<\/ul>\n\n\n\n<h3 class=\"wp-block-heading\"><b>Rationality<\/b><\/h3>\n\n\n\n<ul class=\"wp-block-list\">\n<li>Collective action and rationality<\/li>\n\n\n\n<li>Behaviourally enriched rational choice<\/li>\n<\/ul>\n\n\n\n<p><\/p>\n\n\n\n<h2 class=\"wp-block-heading\">Statement<\/h2>\n\n\n\n<div class=\"wp-block-group\"><div class=\"wp-block-group__inner-container is-layout-flow wp-block-group-is-layout-flow\">\n<p class=\"has-small-font-size\">GSADI is a research group actively committed to the fight <strong>against sexist violence and harassment for gender reasons or any other<\/strong>. We strongly condemn any behaviour of this type that may occur in academic and research institutions and will immediately kick out from the group any person who performs it, in order to guarantee a safe and abuse-free environment for researchers, academics, and students.<\/p>\n\n\n\n<p class=\"has-small-font-size\">El GSADI \u00e9s un grup de recerca comprom\u00e8s activament amb la lluita <strong>contra les viol\u00e8ncies masclistes i l\u2019assetjament per ra\u00f3 de g\u00e8nere<\/strong> o qualsevol altra. Condemna en\u00e8rgicament qualsevol conducta d\u2019aquest tipus que es pugui produir a les institucions acad\u00e8miques i de recerca, i prendr\u00e0 mesures d\u2019expulsi\u00f3 immediata contra qualsevol persona que realitzi aquestes conductes, amb la finalitat de garantir un entorn segur i lliure d\u2019abusos per les investigadores, acad\u00e8miques i estudiants.<\/p>\n<\/div><\/div>\n\n\n\n<p class=\"has-small-font-size\">El GSADI es un grupo de investigaci\u00f3n comprometido activamente con la lucha <strong>contra las violencias machistas y el acoso por raz\u00f3n de g\u00e9nero <\/strong>o cualquier otra. Condena en\u00e9rgicamente cualquier conducta de este tipo que pueda producirse en las instituciones acad\u00e9micas y de investigaci\u00f3n, y tomar\u00e1 medidas de expulsi\u00f3n inmediata contra cualquier persona que incurra en las mismas, con la finalidad de garantizar un entorno seguro y libre de abusos para investigadoras, acad\u00e9micas y estudiantes.<\/p>\n\n\n\n<div class=\"wp-block-columns is-layout-flex wp-container-core-columns-is-layout-9d6595d7 wp-block-columns-is-layout-flex\">\n<div class=\"wp-block-column is-layout-flow wp-block-column-is-layout-flow\">\n<figure class=\"wp-block-image size-full is-resized\"><img loading=\"lazy\" decoding=\"async\" src=\"https:\/\/webs.uab.cat\/gsadi\/wp-content\/uploads\/sites\/257\/2022\/10\/agaur-sgr2017-1172.png\" alt=\"\" class=\"wp-image-224\" width=\"142\" height=\"85\" srcset=\"https:\/\/webs.uab.cat\/gsadi\/wp-content\/uploads\/sites\/257\/2022\/10\/agaur-sgr2017-1172.png 835w, https:\/\/webs.uab.cat\/gsadi\/wp-content\/uploads\/sites\/257\/2022\/10\/agaur-sgr2017-1172-300x181.png 300w, https:\/\/webs.uab.cat\/gsadi\/wp-content\/uploads\/sites\/257\/2022\/10\/agaur-sgr2017-1172-768x463.png 768w\" sizes=\"auto, (max-width: 142px) 100vw, 142px\" \/><\/figure>\n<\/div>\n\n\n\n<div class=\"wp-block-column is-layout-flow wp-block-column-is-layout-flow\">\n<figure class=\"wp-block-image size-full is-resized\"><img loading=\"lazy\" decoding=\"async\" src=\"https:\/\/webs.uab.cat\/gsadi\/wp-content\/uploads\/sites\/257\/2018\/04\/micinn.png.jpeg\" alt=\"\" class=\"wp-image-207\" width=\"285\" height=\"85\"\/><\/figure>\n<\/div>\n<\/div>\n","protected":false},"excerpt":{"rendered":"<p>GSADI&nbsp;promotes the use of innovative theories and methods in Analytical Sociology. Our main research interest is in building formal models of social mechanisms to explain the complex interaction of social norms, strategic rationality and institutional design. To this effect&nbsp;GSADI&nbsp;researchers employ a variety of innovative methodologies and techniques, including agent-based social simulation and experiments (inspired by [&hellip;]<\/p>\n","protected":false},"author":20,"featured_media":0,"parent":0,"menu_order":0,"comment_status":"closed","ping_status":"closed","template":"","meta":{"footnotes":""},"class_list":["post-164","page","type-page","status-publish","hentry"],"_links":{"self":[{"href":"https:\/\/webs.uab.cat\/gsadi\/wp-json\/wp\/v2\/pages\/164","targetHints":{"allow":["GET"]}}],"collection":[{"href":"https:\/\/webs.uab.cat\/gsadi\/wp-json\/wp\/v2\/pages"}],"about":[{"href":"https:\/\/webs.uab.cat\/gsadi\/wp-json\/wp\/v2\/types\/page"}],"author":[{"embeddable":true,"href":"https:\/\/webs.uab.cat\/gsadi\/wp-json\/wp\/v2\/users\/20"}],"replies":[{"embeddable":true,"href":"https:\/\/webs.uab.cat\/gsadi\/wp-json\/wp\/v2\/comments?post=164"}],"version-history":[{"count":8,"href":"https:\/\/webs.uab.cat\/gsadi\/wp-json\/wp\/v2\/pages\/164\/revisions"}],"predecessor-version":[{"id":1306,"href":"https:\/\/webs.uab.cat\/gsadi\/wp-json\/wp\/v2\/pages\/164\/revisions\/1306"}],"wp:attachment":[{"href":"https:\/\/webs.uab.cat\/gsadi\/wp-json\/wp\/v2\/media?parent=164"}],"curies":[{"name":"wp","href":"https:\/\/api.w.org\/{rel}","templated":true}]}}