{"id":203,"date":"2018-04-10T14:36:06","date_gmt":"2018-04-10T12:36:06","guid":{"rendered":"https:\/\/webs.uab.cat\/gsadi\/projects\/"},"modified":"2025-05-07T20:47:23","modified_gmt":"2025-05-07T18:47:23","slug":"projects","status":"publish","type":"page","link":"https:\/\/webs.uab.cat\/gsadi\/projects\/","title":{"rendered":"Projects"},"content":{"rendered":"\n<h2 class=\"wp-block-heading\">Funded research projects<\/h2>\n\n\n\n<figure class=\"wp-block-table alignwide\"><table><thead><tr><th>DATES<\/th><th>TITLE<\/th><\/tr><\/thead><tbody><tr><td>2024-2028<\/td><td>&#8220;<a href=\"https:\/\/webs.uab.cat\/gsadi\/means-testing-vs-universalismo-project-2024-2028\/\" data-type=\"link\" data-id=\"https:\/\/webs.uab.cat\/gsadi\/means-testing-vs-universalismo-project-2024-2028\/\">Means-Testing vs. Universalismo en programas de garant\u00eda de ingresos: el Non-Take-Up y problemas asociados<\/a>&#8220;, Ministerio de Ciencia, Innovaci\u00f3n y Universidades, R&amp;D&amp;I National Program \u2013 Ref.: PID2023-150921OB-I00. Principal Investigator: Jos\u00e9 A. Noguera.<\/td><\/tr><tr><td>2020-2024<\/td><td><a href=\"https:\/\/webs.uab.cat\/gsadi\/income-inn-project-2020-2024\/\">\u201cInnovaciones en programas de garant\u00eda de rentas: Pol\u00edticas, Pilotos y Propuestas (INCOME-INN)\u201d<\/a>, Ministerio de Ciencia e Innovaci\u00f3n, R&amp;D&amp;I National Program \u2013 RETOS, Ref.: PID2019-104801RB-I00. Principal Investigator: Jos\u00e9 A. Noguera.<\/td><\/tr><tr><td>2020-2025<\/td><td><a href=\"https:\/\/webs.uab.cat\/gsadi\/doacsa-project-2020-2024\/\">\u201cDin\u00e1micas de opini\u00f3n p\u00fablica, acci\u00f3n colectiva y cambios sociales abruptos: El papel de la falsificaci\u00f3n de preferencias y las redes sociales (DOACSA)\u201d<\/a>, Ministerio de Ciencia e Innovaci\u00f3n, R&amp;D&amp;I National Program \u2013 PGC Tipo B, Ref.: PID2019-107589GB-I00. Principal Investigator: Francisco Linares &amp; Francisco J. Miguel.<\/td><\/tr><tr><td>2019-2020<\/td><td><a href=\"https:\/\/elobservatoriosocial.fundacionlacaixa.org\/es\/-\/convocatoria-de-proyectos-de-investigacion-experimental\">\u201cEstudio experimental sobre la influencia de la red social y de los incentivos en la recaudaci\u00f3n de fondos con fines de investigaci\u00f3n m\u00e9dica\u201d<\/a>, Proyectos de investigaci\u00f3n experimental en ciencias sociales, Observatorio Social de la Caixa. Ref. 1019-199342. Principal Investigator: Francisco J. Miguel.<\/td><\/tr><tr><td>2018-2020<\/td><td><a href=\"http:\/\/eapc.gencat.cat\/web\/.content\/home\/recerca\/Convocatories_de_recerca\/subvencions_a_la_realitzacio_de_treballs_de_recerca\/2018\/Treballs_complets\/TR_noguera_versio-definitiva_accessible.pdf\" target=\"_blank\" rel=\"noreferrer noopener\">\u201cExperimentaci\u00f3 social i pol\u00edtiques p\u00fabliques conductuals: aplicaci\u00f3 a la fiscalitat.\u201d<\/a>. Escola d\u2019Adaministraci\u00f3 P\u00fablica de Catalunya. Coordinador: Jos\u00e9 A. Noguera.<\/td><\/tr><tr><td>2016-2019<\/td><td><a href=\"https:\/\/webs.uab.cat\/gsadi\/polconduct-project-2016-2019\/\">\u201cPol\u00edticas publicas conductuales: aplicaciones a la lucha contra la pobreza, la fiscalidad y la salud alimentaria\u201d<\/a>, Ministerio de Econom\u00eda y Competitividad (MINECO), R&amp;D&amp;I National Program, Ref.: CSO2015-64740-R. Principal Investigator: Jos\u00e9 A. Noguera.<\/td><\/tr><tr><td>2015-2016<\/td><td>\u201cTranspar\u00e8ncia, publicitat, rendici\u00f3 de comptes i govern obert aplicades a una administraci\u00f3 tribut\u00e0ria del segle XXI\u201d, EAPC (Escola d\u2019Administraci\u00f3 P\u00fablica de Catalunya), Generalitat de Catalunya. Principal investigator: Jos\u00e9 A. Noguera. Researchers: Joaquim Campuzano, Francisco. J. Le\u00f3n, Toni Ll\u00e0cer, F. J. Miguel, Paula Hermida and Jordi Tena-S\u00e1nchez.<\/td><\/tr><tr><td>2014<\/td><td>\u201cMoral fiscal y percepci\u00f3n del fraude de los espa\u00f1oles: un an\u00e1lisis sociol\u00f3gico (2011-2013)\u201d, Centro de Investigaciones Sociol\u00f3gicas (CIS), Ministerio de la Presidencia. Principal investigator: Jos\u00e9 A. Noguera. Researchers: Paula Hermida and Toni Ll\u00e0cer.<\/td><\/tr><tr><td>2013-2016<\/td><td>\u201cLa aceptaci\u00f3n social de las pol\u00edticas fiscales en contexto de crisis: percepciones de equidad y mecanismos de cumplimiento\u201d, Ministerio de Econom\u00eda y Competitividad (MINECO), R&amp;D&amp;I National Program, Ref.: CSO2012-31401. Principal Investigator: Jos\u00e9 A. Noguera.<\/td><\/tr><tr><td>2011-2012<\/td><td>\u201cConstrucci\u00f3n de un modelo basado en agentes para la simulaci\u00f3n conductual de la evasi\u00f3n fiscal\u201d, Ministerio de Econom\u00eda y Hacienda (MEH), Instituto de Estudios Fiscales. Principal Investigator: Jos\u00e9 A. Noguera. Researchers: Jos\u00e9 A. Noguera, F. J. Miguel Quesada, Sandra Gonz\u00e1lez, Toni Ll\u00e0cer &amp; Eduardo Tapia.<\/td><\/tr><tr><td>2011-2016<\/td><td>\u201c<a href=\"http:\/\/www.simulpast.es\/\" target=\"_blank\" rel=\"noreferrer noopener\">Social and Environmental Transitions: Simulating the Past to Understand Human Behaviour<\/a>\u201d, Ministerio de Ciencia e Innovaci\u00f3n (MICINN), CONSOLIDER Program, Ref.: CSD 2010-00034. &nbsp;Principal Investigator: Marco Madella. GSADI Researchers: Jos\u00e9 A. Noguera, F. J. Miguel Quesada, F. J. Le\u00f3n, David Casassas, Jordi Tena, Sandra Gonz\u00e1lez, Toni Ll\u00e0cer, Francisco Linares &amp; Luis Miller.<\/td><\/tr><tr><td>2010-2012<\/td><td>\u201cExperimentaci\u00f3n y Desarrollo de T\u00e9cnicas Avanzadas de Inteligencia Artificial para la Simulaci\u00f3n Computacional de la Din\u00e1mica Social y la Evoluci\u00f3n Hist\u00f3rica\u201d, Ministerio de Ciencia e Innovaci\u00f3n (MICINN), Ref. HAR 2009-12258.&nbsp;Principal Investigator: Joan Anton Barcel\u00f3 \u00c1lvarez. GSADI Researchers: F.J. Miguel Quesada.<\/td><\/tr><tr><td>2010<\/td><td>Conference on \u201cAnalytical Sociology and Social Mechanisms\u201d, Ministerio de Ciencia e Innovaci\u00f3n, R&amp;D&amp;I National Program, Complementary Actions, Ref.: CSO2010-10493-E. &nbsp;Principal Investigator: Jos\u00e9 A. Noguera.<\/td><\/tr><tr><td>2009-2012<\/td><td>\u201cMecanismos sociales y disposiciones hacia la igualdad: factores explicativos de las percepciones sociales de justicia distributiva, e implicaciones para las pol\u00edticas redistributivas\u201d, Ministerio de Ciencia e Innovaci\u00f3n (MICINN), R&amp;D&amp;I National Program, Ref.: CSO2009-09890\/CPOL. &nbsp;Principal Investigator: Jos\u00e9 A. Noguera.<\/td><\/tr><tr><td>2009-2010<\/td><td>\u201cValors i actituds sobre just\u00edcia distributiva: prestacions socials i fiscalitat\u201d, Centre d\u2019Estudis d\u2019Opini\u00f3, Departament d\u2019Economia i Finances, Generalitat de Catalunya. &nbsp;Researchers: Jos\u00e9 A. Noguera, Francisco J. Le\u00f3n, Francisco. J. Miguel Quesada, Jordi Tena, Eduardo Tapia, Antoni Ll\u00e0cer, Xavier Guijarro, and Mercedes Vinagre.<\/td><\/tr><tr><td>2009<\/td><td>\u201cReciprocidad y equidad en la conducta de los clientes de la campa\u00f1a \u2018El trato\u2019 de Atr\u00e1palo\u201d, Collaboration agreement with Atr\u00e1palo S.A. &nbsp;Researchers: F. J. Le\u00f3n, Jos\u00e9 A. Noguera and Jordi Tena.<\/td><\/tr><tr><td>2006-2009<\/td><td>\u201cNormas sociales, racionalidad y estrategias de dise\u00f1o institucional: modelos formales y aplicaciones de pol\u00edtica social\u201d, Ministerio de Educaci\u00f3n y Ciencia (MEC), R&amp;D&amp;I National Program. Ref.: SEJ2006-00959\/SOCI. &nbsp;Principal Investigator: Jos\u00e9 A. Noguera.<\/td><\/tr><tr><td>2007<\/td><td>\u201cSimulaci\u00f3n Social aplicada a las reformas sociales y fiscales\u201d, Ministerio de Educaci\u00f3n y Ciencia, R&amp;D&amp;I National Program, Complementary Actions. Ref.: SEJ2007-29592-E\/ECON. &nbsp;Principal Investigator: Jos\u00e9 A. Noguera.<\/td><\/tr><tr><td>2006-2007<\/td><td>\u201cEstudi del Pla de Pol\u00edtica Forestal des del Punt de Vista de la Gobernan\u00e7a\u201d, Generalitat de Catalunya, Conselleria de Medi Ambient i Habitatge. Principal Investigator: Gl\u00f2ria Dom\u00ednguez i Torres. GSADI Researcher:&nbsp;Jordi&nbsp;Tena.<\/td><\/tr><tr><td>2005-2007<\/td><td>\u201cSimulaci\u00f3n Social y An\u00e1lisis de Sociedades Artificiales\u201d, Universitat Aut\u00f2noma de Barcelona, Funding for Emerging Research Groups. Ref.: EME 2005-35.&nbsp;Principal Investigator: F. J. Miguel Quesada.<\/td><\/tr><tr><td>2006<\/td><td>\u201cNew Modes of Governance for Sustainable Forestry in Europe\u201d, European Commission under the 6th Framework Program for&nbsp;Research&nbsp;and Technological Development. Ref.: 6647. Principal Investigator (Catalan Partner): Gl\u00f2ria Dom\u00ednguez i Torres. GSADI Researcher:&nbsp;Jordi&nbsp;Tena.<\/td><\/tr><tr><td>2004-2006<\/td><td>\u201cNormas sociales, reciprocidad y virtud c\u00edvica: modelos te\u00f3ricos y aplicaciones de dise\u00f1o institucional\u201d, Universitat Aut\u00f2noma de Barcelona, Funding for the Development of New Research Areas. Ref.: PNL2004-30. &nbsp;Principal Investigator: Jos\u00e9 A. Noguera.<\/td><\/tr><tr><td>2004<\/td><td>\u201cTowards an European Basic Income Experiment\u201d, European Science Foundation, Exploratory Workshops Unit. Ref: VAK\/SCSS\/03-182. &nbsp;Principal Investigators: Loek Groot and Jos\u00e9 A. Noguera.<\/td><\/tr><tr><td>2003-2005<\/td><td>\u201cViabilidad e impacto de una Renta B\u00e1sica Universal en Catalu\u00f1a (un estudio de microsimulaci\u00f3n)\u201d, Fundaci\u00f3 Jaume Bofill. &nbsp;Researchers: Jos\u00e9 A. Noguera et al.<\/td><\/tr><\/tbody><\/table><\/figure>\n\n\n\n<div class=\"wp-block-columns is-layout-flex wp-container-core-columns-is-layout-9d6595d7 wp-block-columns-is-layout-flex\">\n<div class=\"wp-block-column is-layout-flow wp-block-column-is-layout-flow\">\n<figure class=\"wp-block-image size-full is-resized\"><img loading=\"lazy\" decoding=\"async\" src=\"https:\/\/webs.uab.cat\/gsadi\/wp-content\/uploads\/sites\/257\/2022\/10\/agaur-sgr2017-1172.png\" alt=\"\" class=\"wp-image-224\" width=\"142\" height=\"85\" srcset=\"https:\/\/webs.uab.cat\/gsadi\/wp-content\/uploads\/sites\/257\/2022\/10\/agaur-sgr2017-1172.png 835w, https:\/\/webs.uab.cat\/gsadi\/wp-content\/uploads\/sites\/257\/2022\/10\/agaur-sgr2017-1172-300x181.png 300w, https:\/\/webs.uab.cat\/gsadi\/wp-content\/uploads\/sites\/257\/2022\/10\/agaur-sgr2017-1172-768x463.png 768w\" sizes=\"auto, (max-width: 142px) 100vw, 142px\" \/><\/figure>\n<\/div>\n\n\n\n<div class=\"wp-block-column is-layout-flow wp-block-column-is-layout-flow\">\n<figure class=\"wp-block-image size-full is-resized\"><img loading=\"lazy\" decoding=\"async\" src=\"https:\/\/webs.uab.cat\/gsadi\/wp-content\/uploads\/sites\/257\/2018\/04\/micinn.png.jpeg\" alt=\"\" class=\"wp-image-207\" width=\"285\" height=\"85\"\/><\/figure>\n<\/div>\n<\/div>\n","protected":false},"excerpt":{"rendered":"<p>Funded research projects DATES TITLE 2024-2028 &#8220;Means-Testing vs. Universalismo en programas de garant\u00eda de ingresos: el Non-Take-Up y problemas asociados&#8220;, Ministerio de Ciencia, Innovaci\u00f3n y Universidades, R&amp;D&amp;I National Program \u2013 Ref.: PID2023-150921OB-I00. Principal Investigator: Jos\u00e9 A. Noguera. 2020-2024 \u201cInnovaciones en programas de garant\u00eda de rentas: Pol\u00edticas, Pilotos y Propuestas (INCOME-INN)\u201d, Ministerio de Ciencia e Innovaci\u00f3n, [&hellip;]<\/p>\n","protected":false},"author":20,"featured_media":0,"parent":0,"menu_order":0,"comment_status":"closed","ping_status":"closed","template":"index.php","meta":{"footnotes":""},"class_list":["post-203","page","type-page","status-publish","hentry"],"_links":{"self":[{"href":"https:\/\/webs.uab.cat\/gsadi\/wp-json\/wp\/v2\/pages\/203","targetHints":{"allow":["GET"]}}],"collection":[{"href":"https:\/\/webs.uab.cat\/gsadi\/wp-json\/wp\/v2\/pages"}],"about":[{"href":"https:\/\/webs.uab.cat\/gsadi\/wp-json\/wp\/v2\/types\/page"}],"author":[{"embeddable":true,"href":"https:\/\/webs.uab.cat\/gsadi\/wp-json\/wp\/v2\/users\/20"}],"replies":[{"embeddable":true,"href":"https:\/\/webs.uab.cat\/gsadi\/wp-json\/wp\/v2\/comments?post=203"}],"version-history":[{"count":19,"href":"https:\/\/webs.uab.cat\/gsadi\/wp-json\/wp\/v2\/pages\/203\/revisions"}],"predecessor-version":[{"id":1387,"href":"https:\/\/webs.uab.cat\/gsadi\/wp-json\/wp\/v2\/pages\/203\/revisions\/1387"}],"wp:attachment":[{"href":"https:\/\/webs.uab.cat\/gsadi\/wp-json\/wp\/v2\/media?parent=203"}],"curies":[{"name":"wp","href":"https:\/\/api.w.org\/{rel}","templated":true}]}}