{"id":205,"date":"2018-04-10T14:37:04","date_gmt":"2018-04-10T12:37:04","guid":{"rendered":"https:\/\/webs.uab.cat\/gsadi\/seminars\/"},"modified":"2023-05-30T11:44:16","modified_gmt":"2023-05-30T09:44:16","slug":"seminars","status":"publish","type":"page","link":"https:\/\/webs.uab.cat\/gsadi\/seminars\/","title":{"rendered":"Past Seminars"},"content":{"rendered":"\n<p>GSADI organizes a regular series of seminars as part of the UAB PhD Programme in Sociology. The seminars are taught by GSADI members or invited professors and researchers. All the seminars take place at the Faculty of Political Sciences &amp; Sociology at UAB. Anyone interested is welcome to attend.<\/p>\n\n\n\n<p>\u00a0<strong>2021 spring-summer<\/strong><\/p>\n\n\n\n<ul class=\"wp-block-list\"><li>April 8th: <em>&#8220;El encaje entre el ingreso m\u00ednimo vital y las rentas m\u00ednimas auton\u00f3micas: una simulaci\u00f3n con los datos de la encuesta de condiciones de vida.&#8221;<\/em> (Jos\u00e9 A. Noguera, UAB).<\/li><li>April 22th: <em>&#8220;Bias and truth in science evaluation: a simulation model of grant review panel discussions&#8221;<\/em> (Adrian Mart\u00edn, University College Dublin).<em> <a rel=\"noopener\" href=\"https:\/\/teams.microsoft.com\/dl\/launcher\/launcher.html?url=%2F_%23%2Fl%2Fmeetup-join%2F19%3Ameeting_M2IxMTgxMWItNzcyMy00N2RjLTk2MjYtMWNjY2IxZWFlMTE1%40thread.v2%2F0%3Fcontext%3D%257B%2522Tid%2522%3A%25226b514c29-2391-4831-b774-84f35c45bf01%2522%2C%2522Oid%2522%3A%25222ea2cb29-6de6-419f-a28b-2bf6f9686608%2522%257D%26anon%3Dtrue&amp;type=meetup-join&amp;deeplinkId=2fe7f923-86a7-4be4-99af-fc6d2c864c85&amp;directDl=true&amp;msLaunch=true&amp;enableMobilePage=true&amp;suppressPrompt=true\" target=\"_blank\">Join with MS-TEAMS<\/a>.<\/em><\/li><li>May 6th:\u00a0<em>\u201cDin\u00e1micas de difusi\u00f3n de rumores: modelo basado en agentes.&#8221;<\/em> (Tania Hahn, UAB). <em> <a href=\"https:\/\/teams.microsoft.com\/l\/meetup-join\/19%3ameeting_YTU0MzQ3YWEtMWQ2Ny00NWVlLWEzY2EtNGJlNWQ0ZDcwYjRm%40thread.v2\/0?context=%7b%22Tid%22%3a%226b514c29-2391-4831-b774-84f35c45bf01%22%2c%22Oid%22%3a%222ea2cb29-6de6-419f-a28b-2bf6f9686608%22%7d\">Join with MS-TEAMS<\/a>.<\/em><\/li><li>May 20th: <em>\u201cEnjoy your meal! Obstacles in the effectiveness of nudges against obesity. A field experiment\u201d<\/em>. (Abbas Alikhademi, UAB). <em><a href=\"https:\/\/teams.microsoft.com\/l\/meetup-join\/19%3ameeting_YTU0MzQ3YWEtMWQ2Ny00NWVlLWEzY2EtNGJlNWQ0ZDcwYjRm%40thread.v2\/0?context=%7b%22Tid%22%3a%226b514c29-2391-4831-b774-84f35c45bf01%22%2c%22Oid%22%3a%222ea2cb29-6de6-419f-a28b-2bf6f9686608%22%7d\">Join with MS-TEAMS<\/a>.<\/em><\/li><li>June 3rd: <em>\u201cAprendizaje social y contagio complejo del uso de s\u00edmbolos pol\u00edticos en Twitter. El caso del lazo amarillo.\u201d<\/em> (F.J. Le\u00f3n, UdC).<em>Join with MS-TEAMS.<\/em><\/li><li>June 17th: <em>&#8220;\u00bfPara qu\u00e9 aprender teor\u00eda sociol\u00f3gica?&#8221;<\/em>\u00a0(Francisco Linares, ULL). <em>Join with MS-TEAMS.<\/em><\/li><\/ul>\n\n\n\n<p><strong>2016-2017 Academic Year<\/strong><\/p>\n\n\n\n<ul class=\"wp-block-list\"><li>J\u00fcrgen De Wispelaere&nbsp;(University of Tampere), &#8220;The Finnish Basic Income Experiment&#8221;, December 2th, 2016. 12:00. Seminari&nbsp;C.&nbsp;<\/li><\/ul>\n\n\n\n<p><strong>2015-2016 Academic Year<\/strong><\/p>\n\n\n\n<ul class=\"wp-block-list\"><li>Francisco J. Le\u00f3n (UdG), \u201cReasons and biological causes. Some reflections on Boudon\u2019s Theory of Ordinary Rationality\u201d, November, 18th, 2015. 10:00h. Aula 6.<\/li><li>Borja Barragu\u00e9 (UAM), \u201c\u00bfQu\u00e9 hay (si es que hay algo) de novedoso en el igualitarismo predistributivo?\u201d, November, 11th, 2015. 12:00h. Sala de Juntes.<\/li><\/ul>\n\n\n\n<p><strong>2014-2015 Academic Year<\/strong><\/p>\n\n\n\n<ul class=\"wp-block-list\"><li>Jes\u00fas Zamora-Bonilla (UNED), \u201cWhy Social Sciences Are Natural \u2013 And Why They Can\u2019t\u201d, March, 11th, 2015 &nbsp;15:00h.<\/li><li>Gianluca Manzo (GEMASS), \u201cHeuristics, Interactions, and Status Hierarchies: An Agent-based Model of Deference Exchange\u201d, Barcelona,&nbsp;3 December 2014.<\/li><\/ul>\n\n\n\n<p><strong>2013-2014 Academic Year<\/strong><\/p>\n\n\n\n<ul class=\"wp-block-list\"><li>Fernando Aguiar (IESA, CSIC, C\u00f3rdoba), \u201cLabor market transitions and the acknowledgement of earned entitlement: a lab experiment in the field\u201d, 23 July 2014.<\/li><li>F. J. Le\u00f3n Medina (Department of Business, Universitat de Girona), \u201cReasons and biological causes. Some reflections on Boudon\u2019s theory of ordinary rationality\u201d, 21 March.<\/li><li>Cristian P\u00e9rez (Department of Political Science, Washington University in St. Louis) &#8220;Motivational Strategies and Redistributive Policies&#8221;, April 8<sup>th<\/sup>. &nbsp;<\/li><li>Karl Widerquist (Georgetown University), &#8220;Property, Inequality, and the State: Some Prehistoric Myths&#8221;, March 27th. 12:00am.&nbsp;<\/li><\/ul>\n\n\n\n<p><strong>2012-2013 Academic Year<\/strong><\/p>\n\n\n\n<ul class=\"wp-block-list\"><li>Mauricio Salgado, Jos\u00e9 A. Noguera, F. J. Miguel (GSADI, Universitat&nbsp;Aut\u00f2noma de Barcelona), \u201cSocial Mechanisms, Agent-Based Modelling and the&nbsp;Evolution of Cooperation\u201d, 30 May 2013 (IMF-CSIC building, Barcelona).<\/li><li>Axel Van den Berg (McGill University), \u201cWhat Does Agency Do? A&nbsp;Skeptical Review of Sociological Usage\u201d, 16 May 2013.<\/li><li>Jos\u00e9 A. Noguera (GSADI, Universitat Aut\u00f2noma de Barcelona), \u201cLa definici\u00f3n de conceptos en ciencias sociales como equilibrio reflexivo\u201d, 23 October 2012.<br>&nbsp;<\/li><\/ul>\n\n\n\n<p><strong>2011-2012 Academic Year<\/strong><\/p>\n\n\n\n<ul class=\"wp-block-list\"><li>Nir Eyal (Harvard University), \u201cFair chances: the very notion\u201d, 10 January 2012.<\/li><li>Jordi Tena-S\u00e1nchez (GSADI, Universitat Aut\u00f2noma de Barcelona), \u201c<a href=\"https:\/\/gsadi.uab.cat\/images\/pdfs\/Las%20Nuevas%20Pol%C3%ADticas%20de%20Seguridad%20Vial%20y%20la%20Motivaci%C3%B3n%20de%20los%20Ciudadanos.pdf\" target=\"_blank\" rel=\"noreferrer noopener\">Dise\u00f1o Institucional y Cumplimiento. La Incidencia de las Nuevas Pol\u00edticas de Seguridad Vial sobre la Motivaci\u00f3n de los Ciudadanos<\/a>&#8220;, 24 November 2011.<\/li><li>Jordi Tena-S\u00e1nchez (GSADI, Universitat Aut\u00f2noma de Barcelona), &#8220;<a href=\"https:\/\/gsadi.uab.cat\/images\/pdfs\/Rationality,%20Frames,%20and%20Social%20Influence.pdf\" target=\"_blank\" rel=\"noreferrer noopener\">\u00bfExiste la Funci\u00f3n \u201cInformativa\u201d de la Ley? Un experimento on-line<\/a>&#8220;, 24 November 2011.<\/li><li>Jordi Tena-S\u00e1nchez (GSADI, Universitat Aut\u00f2noma de Barcelona), \u201c<a href=\"https:\/\/gsadi.uab.cat\/images\/pdfs\/CuantoQuieresPagar.pdf\" target=\"_blank\" rel=\"noreferrer noopener\">\u00bfCu\u00e1nto Quieres Pagar? Confianza, Reciprocidad y Ego\u00edsmo en El Trato<\/a>\u201d, 24 November 2011.<\/li><li>Sandra Gonz\u00e1lez (Oxford Internet Institute, University of Oxford), \u201cRedes sociales: teor\u00eda y metodolog\u00eda\u201d, seminars on 15, 17, 22 and 24 November 2011.<\/li><li>Fernando Aguiar (Instituto de Estudios Sociales Avanzados-CSIC), \u201cIdentidad social y racionalidad\u201d, seminars on 25 and 27 October 2011.<\/li><li>Jurgen De Wispelaere (CR\u00c9UM, Universit\u00e9 de Montr\u00e9al), \u201cDistributive Justice in Health Policy\u201d, 20 October 2011.<\/li><li>Jurgen De Wispelaere (CR\u00c9UM, Universit\u00e9 de Montr\u00e9al), \u201cLicensing Adoptive Parents\u201d, 13 October 2011.<\/li><\/ul>\n\n\n\n<p><strong>2010-2011 Academic Year<\/strong><br>&nbsp;<\/p>\n\n\n\n<ul class=\"wp-block-list\"><li>Bob Brecher (University of Brighton), \u201cThe Practical Ought. Two Points: Reasons, Passions and Morality\u201d, 14 January 2011.<\/li><li>Jurgen De Wispelaere (CR\u00c9UM, Universit\u00e9 de Montr\u00e9al), \u201cLicensing Adoptive Parents\u201d, 14 December 2010.<\/li><li>Francisco J. Le\u00f3n Medina (Universitat de Girona), \u201cPercepciones de Justicia Distributiva y G\u00e9nero\u201d, 18 November 2010.<\/li><li>Jurgen De Wispelaere (CR\u00c9UM, Universit\u00e9 de Montr\u00e9al), \u201cDistributive Justice in Health Policy\u201d, 9 November 2010.<\/li><\/ul>\n\n\n\n<p><strong>2009-2010 Academic Year<\/strong><br>&nbsp;<\/p>\n\n\n\n<ul class=\"wp-block-list\"><li>Gianluca Manzo (CNRS-GEMAS, Universit\u00e9 de Paris-Sorbonne), &#8220;The Classical Models of Relative Deprivation Revisited: An Agent-Based Model&#8221;, 11 March 2010.<\/li><li>Gianluca Manzo (CNRS-GEMAS, Universit\u00e9 de Paris-Sorbonne), &#8220;The Computational Approach to Educational Stratification: An Agent-Based Model of Educational Choices (I)&#8221;, 18 March 2010.<\/li><li>Gianluca Manzo (CNRS-GEMAS, Universit\u00e9 de Paris-Sorbonne), &#8220;The Computational Approach to Educational Stratification: An Agent-Based Model of Educational Choices (II)&#8221;, 25 March 2010.<\/li><li>F. J. Le\u00f3n Medina &amp; Jordi Tena (GSADI, Universitat Aut\u00f2noma de Barcelona), &#8220;<a href=\"https:\/\/gsadi.uab.cat\/images\/pdfs\/CuantoQuieresPagar.pdf\" target=\"_blank\" rel=\"noreferrer noopener\">Ego\u00edsmo, reciprocidad y equidad en una experiencia de Pay What You Want: la campa\u00f1a El Trato de Atr\u00e1palo<\/a>&#8220;, 14 April 2010.&nbsp;<\/li><li>Jos\u00e9 A. Noguera (GSADI, Universitat Aut\u00f2noma de Barcelona), &#8220;Efectos de framing en la elecci\u00f3n y percepci\u00f3n social de las pol\u00edticas de rentas&#8221;, 2 June 2010.<\/li><li>Petri Ylikoski (University of Tampere \/ University of Helsinki), &#8220;Social Mechanisms, Causation, and Theories of Explanation&#8221;, 10 June 2010.<\/li><li>Petri Ylikoski (University of Tampere \/ University of Helsinki), &#8220;Explanation in the Social Sciences and the Illusion of Understanding&#8221;, 11 June 2010.<\/li><\/ul>\n\n\n\n<p><strong>2008-2009 Academic Year&nbsp;<\/strong><br>&nbsp;<\/p>\n\n\n\n<ul class=\"wp-block-list\"><li>Jurgen De Wispelaere (Trinity College, Dublin), &#8220;Basic Income: Reconsidering the Administrative Factor&#8221;, 22 May 2009.<\/li><li>Jurgen De Wispelaere (Trinity College, Dublin), &#8220;Basic Income: A Governance Dilemma?&#8221;, 21 May 2009.<\/li><li>Jurgen De Wispelaere (Trinity College, Dublin), &#8220;Political Competence and Universal Voting Rights: Why Children, Intellectually Disabled and Alzheimer Patients Should Have the Right to Vote&#8221;, 14 May 2009.<\/li><li>Sandra Gonz\u00e1lez (GSADI &amp; OII, Oxford), &#8220;Political Discussion Networks and the Structure of Deliberation (or How the Internet is Shaping Democratic Engagement)&#8221;, 7 May 2009.<\/li><li>Sandra Gonz\u00e1lez (GSADI &amp; OII, Oxford), &#8220;Replaying the Tape of History: Agent-Based Simulation as an Experimental Time Machine\u201d, 5 May 2009.<\/li><li>Sandra Gonz\u00e1lez (GSADI &amp; OII, Oxford), &#8220;The Structural Approach to Power: Mapping Connections Between the Corporate and Political Elites&#8221;, 4 May 2009.<\/li><li>Luis M. Miller (GSADI CESS, Oxford), &#8220;Validez externa y validez interna en los experimentos en ciencias sociales&#8221;, 2 April 2009.<\/li><li>Luis M. Miller (GSADI &amp; CESS, Oxford), &#8220;Experimentos te\u00f3ricos en ciencias sociales&#8221;, 31 March 2009.<\/li><li>Luis M. Miller (GSADI &amp; CESS, Oxford), &#8220;Experimentaci\u00f3n en ciencias sociales&#8221;, 30 March 2009.<\/li><li>Jos\u00e9 A. Noguera &amp; Jordi Tena (GSADI, Universitat Aut\u00f2noma de Barcelona), &#8220;<a href=\"https:\/\/gsadi.uab.cat\/images\/pdfs\/IncentivosLaboralesRenta%20Basica.pdf\" target=\"_blank\" rel=\"noreferrer noopener\">Incentivos laborales, renta b\u00e1sica y teor\u00eda de juegos<\/a>&#8220;, 10 December 2008. &nbsp;<\/li><li>F. J. Miguel Quesada (GSADI, Universitat Aut\u00f2noma de Barcelona), &#8220;Simulaci\u00f3n social mediante agentes NetLogo&#8221;, 26-28 January 2009.<\/li><li>Javier Garc\u00eda Polavieja (Institut d&#8217;An\u00e0lisi Econ\u00f2mica, Universitat Aut\u00f2noma de Barcelona), &#8220;Diferencias de g\u00e9nero en la Inversi\u00f3n en el trabajo: Condicionantes individuales y contextuales&#8221;, 4 February 2009.<\/li><li>F. J. Le\u00f3n Medina (GSADI, Universitat Aut\u00f2noma de Barcelona), &#8220;Juegos de estrategia y emergencia de normas sociales. El caso de los pactos informales de resistencia obrera en el puesto de trabajo&#8221;, March 2009.<\/li><li>David Casassas (GSADI, Universitat Aut\u00f2noma de Barcelona), &#8220;Mecanismes pel disseny institucional d&#8217;una democr\u00e0cia de propietaris&#8221;, 26 March 2009.<\/li><\/ul>\n\n\n\n<p><strong>2007-2008 Academic Year&nbsp;<\/strong><br>&nbsp;<\/p>\n\n\n\n<ul class=\"wp-block-list\"><li>Jos\u00e9 A. Noguera (GSADI, Universitat Aut\u00f2noma de Barcelona), &#8220;Simulaci\u00f3n social aplicada al dise\u00f1o institucional&#8221;, 28 November 2007.<\/li><li>Jos\u00e9 A. Noguera (GSADI, Universitat Aut\u00f2noma de Barcelona), &#8220;Experimentaci\u00f3n social aplicada al dise\u00f1o institucional&#8221;, 19 December 2007.<\/li><\/ul>\n\n\n\n<div class=\"wp-block-columns is-layout-flex wp-container-core-columns-is-layout-9d6595d7 wp-block-columns-is-layout-flex\">\n<div class=\"wp-block-column is-layout-flow wp-block-column-is-layout-flow\">\n<figure class=\"wp-block-image size-full is-resized\"><img loading=\"lazy\" decoding=\"async\" src=\"https:\/\/webs.uab.cat\/gsadi\/wp-content\/uploads\/sites\/257\/2022\/10\/agaur-sgr2017-1172.png\" alt=\"\" class=\"wp-image-224\" width=\"142\" height=\"85\" srcset=\"https:\/\/webs.uab.cat\/gsadi\/wp-content\/uploads\/sites\/257\/2022\/10\/agaur-sgr2017-1172.png 835w, https:\/\/webs.uab.cat\/gsadi\/wp-content\/uploads\/sites\/257\/2022\/10\/agaur-sgr2017-1172-300x181.png 300w, https:\/\/webs.uab.cat\/gsadi\/wp-content\/uploads\/sites\/257\/2022\/10\/agaur-sgr2017-1172-768x463.png 768w\" sizes=\"auto, (max-width: 142px) 100vw, 142px\" \/><\/figure>\n<\/div>\n\n\n\n<div class=\"wp-block-column is-layout-flow wp-block-column-is-layout-flow\">\n<figure class=\"wp-block-image size-full is-resized\"><img loading=\"lazy\" decoding=\"async\" src=\"https:\/\/webs.uab.cat\/gsadi\/wp-content\/uploads\/sites\/257\/2018\/04\/micinn.png.jpeg\" alt=\"\" class=\"wp-image-207\" width=\"285\" height=\"85\"\/><\/figure>\n<\/div>\n<\/div>\n","protected":false},"excerpt":{"rendered":"<p>GSADI organizes a regular series of seminars as part of the UAB PhD Programme in Sociology. The seminars are taught by GSADI members or invited professors and researchers. All the seminars take place at the Faculty of Political Sciences &amp; Sociology at UAB. Anyone interested is welcome to attend. \u00a02021 spring-summer April 8th: &#8220;El encaje [&hellip;]<\/p>\n","protected":false},"author":20,"featured_media":0,"parent":0,"menu_order":0,"comment_status":"closed","ping_status":"closed","template":"","meta":{"footnotes":""},"class_list":["post-205","page","type-page","status-publish","hentry"],"_links":{"self":[{"href":"https:\/\/webs.uab.cat\/gsadi\/wp-json\/wp\/v2\/pages\/205","targetHints":{"allow":["GET"]}}],"collection":[{"href":"https:\/\/webs.uab.cat\/gsadi\/wp-json\/wp\/v2\/pages"}],"about":[{"href":"https:\/\/webs.uab.cat\/gsadi\/wp-json\/wp\/v2\/types\/page"}],"author":[{"embeddable":true,"href":"https:\/\/webs.uab.cat\/gsadi\/wp-json\/wp\/v2\/users\/20"}],"replies":[{"embeddable":true,"href":"https:\/\/webs.uab.cat\/gsadi\/wp-json\/wp\/v2\/comments?post=205"}],"version-history":[{"count":6,"href":"https:\/\/webs.uab.cat\/gsadi\/wp-json\/wp\/v2\/pages\/205\/revisions"}],"predecessor-version":[{"id":1220,"href":"https:\/\/webs.uab.cat\/gsadi\/wp-json\/wp\/v2\/pages\/205\/revisions\/1220"}],"wp:attachment":[{"href":"https:\/\/webs.uab.cat\/gsadi\/wp-json\/wp\/v2\/media?parent=205"}],"curies":[{"name":"wp","href":"https:\/\/api.w.org\/{rel}","templated":true}]}}