{"id":206,"date":"2018-04-10T14:38:37","date_gmt":"2018-04-10T12:38:37","guid":{"rendered":"https:\/\/webs.uab.cat\/gsadi\/conferences-and-workshops\/"},"modified":"2025-05-08T12:04:16","modified_gmt":"2025-05-08T10:04:16","slug":"conferences-and-workshops","status":"publish","type":"page","link":"https:\/\/webs.uab.cat\/gsadi\/conferences-and-workshops\/","title":{"rendered":"Conferences and workshops"},"content":{"rendered":"\n<p>This is a list of past and forthcoming events&nbsp;organized by GSADI members or broadly related with our research areas:<\/p>\n\n\n\n<h1 class=\"wp-block-heading\">Conferences, symposiums &amp; meetings<\/h1>\n\n\n\n<p>This is a list of past and forthcoming events&nbsp;organized by GSADI members or broadly related with our research areas:<\/p>\n\n\n\n<p><strong>Forthcoming Events:<\/strong><\/p>\n\n\n\n<ul class=\"wp-block-list\">\n<li>&#8230;<\/li>\n<\/ul>\n\n\n\n<p><strong>Past Events:<\/strong><\/p>\n\n\n\n<ul class=\"wp-block-list\">\n<li><a href=\"http:\/\/notavailable\/\">Analytical Sociology FES meeting<\/a>. &#8220;Jornadas Experimentaci\u00f3n, Sociolog\u00eda y Pol\u00edtica&#8221;. Sevilla (Spain), 28-29 January 2019.<\/li>\n\n\n\n<li><a href=\"http:\/\/www.fes-sociologia.com\/sociologia-analitica\/congress-workgroups\/67\/\" target=\"_blank\" rel=\"noreferrer noopener\">Meeting of the Working Group on Analytical Sociology of the\u00a0Spanish Federation of Sociology\u00a0(FES)<\/a>, Gij\u00f3n, June 2016.<\/li>\n\n\n\n<li><a href=\"http:\/\/analyticalsociology.com\/\" target=\"_blank\" rel=\"noreferrer noopener\">9th INAS Conference\u00a0(International Network of Analytical Sociologists)<\/a>, Utrecht University. June 3 and 4, 2016.<\/li>\n\n\n\n<li><a href=\"https:\/\/gsadi.uab.cat\/images\/pdfs\/Fiscal2015_GSADIworkshop1.pdf\" target=\"_blank\" rel=\"noreferrer noopener\">Workshop on fiscal sociology and tax compliance<\/a>\u00a0(GSADI). Universitat Aut\u00f2noma de Barcelona (Sala de Juntes de la Facultat de Ci\u00e8ncies Pol\u00edtiques i Sociologia), 3 July 2015. \u00a0<\/li>\n\n\n\n<li><a href=\"http:\/\/hwpi.harvard.edu\/inas2015\" target=\"_blank\" rel=\"noreferrer noopener\">8th INAS Conference<\/a>\u00a0(International Network of Analytical Sociologists). Harvard University (Cambridge, Massachusetts), 12-13 June 2015.<\/li>\n\n\n\n<li><a href=\"https:\/\/gsadi.uab.cat\/images\/pdfs\/cartellmonograficdePapersenhonoraRBoudon.pdf\" target=\"_blank\" rel=\"noreferrer noopener\">Presentation of special issue on Raymond Boudon<\/a>\u00a0(Papers. Revista de Sociologia &amp; GSADI). UAB, 3 December 2014.\u00a0<a href=\"http:\/\/papers.uab.cat\/issue\/view\/v99-n4\/showToc\" target=\"_blank\" rel=\"noreferrer noopener\">Read the special issue here<\/a>.<\/li>\n\n\n\n<li><a href=\"https:\/\/www.bsc.es\/es\/essa\/home-page\" target=\"_blank\" rel=\"noreferrer noopener\">10th ESSA Annual Conference<\/a>\u00a0(European Social Simulation Association). Barcelona, UAB, 1-5 September 2014.<\/li>\n\n\n\n<li><a href=\"http:\/\/enposs.eu\/\" target=\"_blank\" rel=\"noreferrer noopener\">III Conference of the ENPOSS<\/a>\u00a0(European Network for the Philosophy of Social Science). Madrid, UNED, 10-12 September 2014.<\/li>\n\n\n\n<li><a href=\"http:\/\/analyticalsociology.com\/\" target=\"_blank\" rel=\"noreferrer noopener\">7th INAS Conference<\/a>\u00a0(International Network of Analytical Sociologists). Manheim, 6-7 June 2014.<\/li>\n\n\n\n<li><a href=\"http:\/\/biencanada.ca\/congress\/\" target=\"_blank\" rel=\"noreferrer noopener\">15th BIEN Congress<\/a>\u00a0(Basic Income Earth Network). Montreal, McGill University, 27-29 June 2014.<\/li>\n\n\n\n<li><a href=\"http:\/\/www.esrc.ac.uk\/hmrc\/conference\/call-for-papers.aspx\" target=\"_blank\" rel=\"noreferrer noopener\">International Tax Analysis Conference<\/a>\u00a0(HM Revenue &amp; Customs and UK Economic and Social Research Council). London, 20 January 2014.<\/li>\n\n\n\n<li><a href=\"http:\/\/enposs.eu\/\" target=\"_blank\" rel=\"noreferrer noopener\">First joint European\/American Conference of the ENPOSS<\/a>\u00a0(European Network for the Philosophy of Social Science). University of Venice Ca\u2019 Foscari, 3-4 September, 2013.<\/li>\n\n\n\n<li><a href=\"http:\/\/www.uni-salzburg.at\/portal\/page?_pageid=2107,2117636&amp;_dad=portal&amp;_schema=PORTAL\" target=\"_blank\" rel=\"noreferrer noopener\">Justice, Taxation and Social Policy. An interdisciplinary conference<\/a>, 22-24 August 2013, Salzburg, Austria.<\/li>\n\n\n\n<li><a href=\"http:\/\/www.fes-web.org\/grupos-de-trabajo\/pages.1\/\" target=\"_blank\" rel=\"noreferrer noopener\">Meeting of the Working Group on Analytical Sociology of the Spanish Federation of Sociology (FES)<\/a>, Madrid, July 2013.<\/li>\n\n\n\n<li><a href=\"http:\/\/www.iffs.se\/eng\/courses-conferences\/inas-2013\/\" target=\"_blank\" rel=\"noreferrer noopener\">6th Conference of the International Network of Analytical Sociologists.<\/a>\u00a0Stockholm, June 2013.<\/li>\n\n\n\n<li><a href=\"http:\/\/www.lorentzcenter.nl\/lc\/web\/2013\/531\/info.php3?wsid=531&amp;venue=Oort\" target=\"_blank\" rel=\"noreferrer noopener\">Formal Methods for the Informal World. Lorentz Center&#8217;s workshop.<\/a>\u00a0From 4 March 2013 through 8 March 2013.<\/li>\n\n\n\n<li><a href=\"http:\/\/sbp2013.org\/\" target=\"_blank\" rel=\"noreferrer noopener\">International Conference on Social Computing, Behavioral-Cultural Modeling, &amp; Prediction<\/a>. Washington D.C., April 2-5.<\/li>\n\n\n\n<li><a href=\"https:\/\/gsadi.uab.cat\/images\/pdfs\/GSADI_PLENARY_WORKSHOP_2012.pdf\" target=\"_blank\" rel=\"noreferrer noopener\">GSADI Plenary Workshop<\/a>. Universitat Aut\u00f2noma de Barcelona, 9-10 July 2012.<\/li>\n\n\n\n<li><a href=\"http:\/\/www.collective-behavior.com\/\" target=\"_blank\" rel=\"noreferrer noopener\">Summer school in collective behaviour<\/a>, Uppsala (Sweden), 19-25 August 2012.<\/li>\n\n\n\n<li><a href=\"http:\/\/www.iscpif.fr\/CSSS2012\" target=\"_blank\" rel=\"noreferrer noopener\">6th Annual French Complex Systems Summer School: &#8220;Pattern detection in Complex Systems&#8221;<\/a>. Paris, 2-13 July 2012.<\/li>\n\n\n\n<li><a href=\"http:\/\/www.soms.ethz.ch\/workshop2012\" target=\"_blank\" rel=\"noreferrer noopener\">In<\/a><a href=\"http:\/\/www.soms.ethz.ch\/workshop2012\" target=\"_blank\" rel=\"noreferrer noopener\">ternational Workshop on Agent-Based Models and Complex Techno-Social Systems<\/a>. Zurich, July 2-4, 2012. \u00a0<\/li>\n\n\n\n<li><a href=\"http:\/\/www.irit.fr\/essa-summer-school-2012\/\" target=\"_blank\" rel=\"noreferrer noopener\">Third ESSA Summer<\/a>\u00a0<a href=\"http:\/\/www.irit.fr\/essa-summer-school-2012\/\" target=\"_blank\" rel=\"noreferrer noopener\">School<\/a>.\u00a0Toulouse, 2-6 July 2012.\u00a0<\/li>\n\n\n\n<li><a href=\"http:\/\/w3.lisst.univ-tlse2.fr\/reseaux_sociaux\/resosoc.htm\" target=\"_blank\" rel=\"noreferrer noopener\">CNRS Thematic School on Social Networks<\/a>. Porquerolles (France), 10-14 September 10-14, 2012.<\/li>\n\n\n\n<li><a href=\"https:\/\/gsadi.uab.cat\/images\/pdfs\/NEWCfPENPOSSCOPENHAGEN.pdf\" target=\"_blank\" rel=\"noreferrer noopener\">First European Network for the Philosophy of the Social Sciences Conference<\/a>. Copenhagen, 21-23 September 2012.<\/li>\n\n\n\n<li><a href=\"http:\/\/www.isa-sociology.org\/buenos-aires-2012\/rc\/rc.php?n=RC45\" target=\"_blank\" rel=\"noreferrer noopener\">Meeting of the ISA Research Committee RC45-Rational Choice, Second ISA Forum of Sociology: Social Justice and Democratization<\/a>, Buenos Aires, 1-4 August 2012.<\/li>\n\n\n\n<li><a href=\"http:\/\/www.wikicfp.com\/cfp\/servlet\/event.showcfp?eventid=19006%C2%A9ownerid=23319\" target=\"_blank\" rel=\"noreferrer noopener\">First Meeting of the International Network of Analytical Sociologists<\/a>\u00a0(INAS). New York, 8-9 June 2012.<\/li>\n\n\n\n<li><a href=\"http:\/\/www.scs-europe.net\/conf\/ecms2012\/\" target=\"_blank\" rel=\"noreferrer noopener\">26th European Conference on Modelling and Simulation<\/a>. Koblenz, May 29th-June 1st 2012.<\/li>\n\n\n\n<li>2nd Plenary Workshop of \u201cSimuPast\u201d: Defining Conceptual Models in Archaelogy, Barcelona, Universitat Aut\u00f2noma de Barcelona, 9 September 2011.<\/li>\n\n\n\n<li>Meeting of the Working Group on Analytical Sociology of the\u00a0Spanish Federation of Sociology\u00a0(FES), Sevilla, September 2011<\/li>\n\n\n\n<li><a href=\"http:\/\/www.isa-sociology.org\/conference.php?t=162\" target=\"_blank\" rel=\"noreferrer noopener\">\u201cRational Choice Social Research: From Standard Rationality to Social Rationality?\u201d<\/a>, Symposium of the ISA Research Committee RC45 Rational Choice, Groningen (The Netherlands), 15 May 2011.<\/li>\n\n\n\n<li><a href=\"http:\/\/www.ehu.es\/ehusfera\/17semana\/informacion\/\" target=\"_blank\" rel=\"noreferrer noopener\">\u201cWe and the Scientists\u201d<\/a>, working group of the 17th Week of Ethics and Political Philosophy, Donostia, 1-3 June 2011.<\/li>\n\n\n\n<li><a href=\"http:\/\/analyticalsociology.files.wordpress.com\/2012\/12\/enas_2011.pdf\" target=\"_blank\" rel=\"noreferrer noopener\">IV Conference on Social Mechanisms and Analytical Sociology<\/a>, Universit\u00e9 Paris Sorbonne, Paris, 9-10 June 2011.<\/li>\n\n\n\n<li><a href=\"http:\/\/www.isa-sociology.org\/congress2010\/rc\/rc45.htm\" target=\"_blank\" rel=\"noreferrer noopener\">\u201cPersonal Identity and Social Identity: Beyond Rational Choice Theory?\u201d<\/a>, Session of Research Committee on Rational Choice (RC45), International Sociological Association (ISA), XVII ISA World Congress of Sociology, Gothenburg, 11-17 July 2010.<\/li>\n\n\n\n<li><a href=\"http:\/\/www.basicincome.org\/bien\/\" target=\"_blank\" rel=\"noreferrer noopener\">13th Congress of the Basic Income Earth Network (BIEN)<\/a>, Sao Paulo, 1-2 July 2010.<\/li>\n\n\n\n<li>Working Group on Analytical Sociology, X Spanish Congress of Sociology (FES). Iru\u00f1a, 1-3 July 2010.\u00a0<\/li>\n\n\n\n<li>III Conference on Social Mechanisms and Analytical Sociology, Universitat Aut\u00f2noma de Barcelona, 7-8 June 2010. With the support of European Network of Analytical Sociologists.\n<ul class=\"wp-block-list\">\n<li><a href=\"https:\/\/gsadi.uab.cat\/images\/pdfs\/IIIASSMCOMPLETEPROGRAMME.pdf\" target=\"_blank\" rel=\"noreferrer noopener\">Complete programme<\/a><\/li>\n\n\n\n<li><a href=\"https:\/\/gsadi.uab.cat\/images\/pdfs\/ABSTRACTSSESSIONS.pdf\" target=\"_blank\" rel=\"noreferrer noopener\">Abstracts by sessions<\/a><\/li>\n\n\n\n<li><a href=\"https:\/\/gsadi.uab.cat\/images\/pdfs\/III%20Conference%20on%20Social%20Mechanisms%20and%20Analytical%20Sociology%20PPT.zip\" target=\"_blank\" rel=\"noreferrer noopener\">Download the .ppts of the conference<\/a><\/li>\n<\/ul>\n<\/li>\n\n\n\n<li><a href=\"https:\/\/gsadi.uab.cat\/images\/pdfs\/Diptico%20Jornadas%20SA%202009.pdf\" target=\"_blank\" rel=\"noreferrer noopener\">II Conference on Analytical Sociology and Institutional Design<\/a>, Universitat Aut\u00f2noma de Barcelona, 3-4 November 2009.<\/li>\n\n\n\n<li>II International Conference on Social Simulation &amp; Artificial Societies Analysis, Universitat Aut\u00f2noma de Barcelona, November 2008.<\/li>\n\n\n\n<li><a href=\"https:\/\/gsadi.uab.cat\/images\/pdfs\/D%C3%ADptico%20Jornadas%20Simulaci%C3%B3n%202007.pdf\" target=\"_blank\" rel=\"noreferrer noopener\">Workshop on Social Simulation applied to Social &amp; Tax Reforms<\/a>, Universitat Aut\u00f2noma de Barcelona, November 21, 2007.<\/li>\n\n\n\n<li>I International Conference on Social Simulation &amp; Artificial Societies Analysis, Universitat Aut\u00f2noma de Barcelona, May 2007.<\/li>\n\n\n\n<li>I Conference on Analytical Sociology and Institutional Design, Universitat Aut\u00f2noma de Barcelona, March 2007.<\/li>\n\n\n\n<li>Conference on Formal Models of Collective Action, Instituto de Estudios Sociales Avanzados de Andaluc\u00eda (IESA) &#8211; CSIC, October 2005.<\/li>\n<\/ul>\n\n\n\n<div class=\"wp-block-columns is-layout-flex wp-container-core-columns-is-layout-9d6595d7 wp-block-columns-is-layout-flex\">\n<div class=\"wp-block-column is-layout-flow wp-block-column-is-layout-flow\">\n<figure class=\"wp-block-image size-full is-resized\"><img loading=\"lazy\" decoding=\"async\" src=\"https:\/\/webs.uab.cat\/gsadi\/wp-content\/uploads\/sites\/257\/2022\/10\/agaur-sgr2017-1172.png\" alt=\"\" class=\"wp-image-224\" width=\"142\" height=\"85\" srcset=\"https:\/\/webs.uab.cat\/gsadi\/wp-content\/uploads\/sites\/257\/2022\/10\/agaur-sgr2017-1172.png 835w, https:\/\/webs.uab.cat\/gsadi\/wp-content\/uploads\/sites\/257\/2022\/10\/agaur-sgr2017-1172-300x181.png 300w, https:\/\/webs.uab.cat\/gsadi\/wp-content\/uploads\/sites\/257\/2022\/10\/agaur-sgr2017-1172-768x463.png 768w\" sizes=\"auto, (max-width: 142px) 100vw, 142px\" \/><\/figure>\n<\/div>\n\n\n\n<div class=\"wp-block-column is-layout-flow wp-block-column-is-layout-flow\">\n<figure class=\"wp-block-image size-full is-resized\"><img loading=\"lazy\" decoding=\"async\" src=\"https:\/\/webs.uab.cat\/gsadi\/wp-content\/uploads\/sites\/257\/2018\/04\/micinn.png.jpeg\" alt=\"\" class=\"wp-image-207\" width=\"285\" height=\"85\"\/><\/figure>\n<\/div>\n<\/div>\n","protected":false},"excerpt":{"rendered":"<p>This is a list of past and forthcoming events&nbsp;organized by GSADI members or broadly related with our research areas: Conferences, symposiums &amp; meetings This is a list of past and forthcoming events&nbsp;organized by GSADI members or broadly related with our research areas: Forthcoming Events: Past Events:<\/p>\n","protected":false},"author":20,"featured_media":0,"parent":0,"menu_order":0,"comment_status":"closed","ping_status":"closed","template":"","meta":{"footnotes":""},"class_list":["post-206","page","type-page","status-publish","hentry"],"_links":{"self":[{"href":"https:\/\/webs.uab.cat\/gsadi\/wp-json\/wp\/v2\/pages\/206","targetHints":{"allow":["GET"]}}],"collection":[{"href":"https:\/\/webs.uab.cat\/gsadi\/wp-json\/wp\/v2\/pages"}],"about":[{"href":"https:\/\/webs.uab.cat\/gsadi\/wp-json\/wp\/v2\/types\/page"}],"author":[{"embeddable":true,"href":"https:\/\/webs.uab.cat\/gsadi\/wp-json\/wp\/v2\/users\/20"}],"replies":[{"embeddable":true,"href":"https:\/\/webs.uab.cat\/gsadi\/wp-json\/wp\/v2\/comments?post=206"}],"version-history":[{"count":2,"href":"https:\/\/webs.uab.cat\/gsadi\/wp-json\/wp\/v2\/pages\/206\/revisions"}],"predecessor-version":[{"id":1388,"href":"https:\/\/webs.uab.cat\/gsadi\/wp-json\/wp\/v2\/pages\/206\/revisions\/1388"}],"wp:attachment":[{"href":"https:\/\/webs.uab.cat\/gsadi\/wp-json\/wp\/v2\/media?parent=206"}],"curies":[{"name":"wp","href":"https:\/\/api.w.org\/{rel}","templated":true}]}}