{"id":214,"date":"2021-03-18T12:30:27","date_gmt":"2021-03-18T10:30:27","guid":{"rendered":"https:\/\/webs.uab.cat\/gsadi\/seminars-presentations\/"},"modified":"2023-05-30T11:43:37","modified_gmt":"2023-05-30T09:43:37","slug":"seminars-presentations","status":"publish","type":"page","link":"https:\/\/webs.uab.cat\/gsadi\/seminars-presentations\/","title":{"rendered":"Seminars"},"content":{"rendered":"\n<h2 class=\"wp-block-heading\"><strong>GSADI public discussion seminars and presentations<\/strong><\/h2>\n\n\n\n<p>If you&#8217;re interested, please contact us to get access to GSADI seminars (online or face) &nbsp;<a href=\"mailto:gsadi@uab.cat\">gsadi@uab.cat<\/a><\/p>\n\n\n\n<p><strong>2023 spring-summer <\/strong><\/p>\n\n\n\n<ul class=\"wp-block-list\"><li>Jos\u00e9 A. Noguera, Emma \u00c1lvarez and \u00c0lex Gim\u00e9nez\u00a0(UAB), &#8220;El problema de la estimaci\u00f3n del Non-Take-Up en prestaciones sociales&#8221;, February 22th, 2023. 12:00. Online.\u00a0<\/li><li>\u00c0lex Gim\u00e9nez (UAB &#8211; University of Bremen), &#8220;The role of establishments in fostering ethnic urban mobility segregations: An analysis of cellphone data for the hundred-largest cities in the U.S. (2019)&#8221;, April 12th, 2023. 12:00. Seminar C and Online.<\/li><li>Emma \u00c1lvarez (UAB), &#8220;Mercado laboral y estrategias de universalizaci\u00f3n de la protecci\u00f3n social: retos para el an\u00e1lisis comparado entre el Cono Sur y el Sur de Europa&#8221;, June 21th, 2023. 12:00. Seminar C and Online.<\/li><\/ul>\n\n\n\n<p><\/p>\n\n\n\n<div class=\"wp-block-columns is-layout-flex wp-container-core-columns-is-layout-9d6595d7 wp-block-columns-is-layout-flex\">\n<div class=\"wp-block-column is-layout-flow wp-block-column-is-layout-flow\">\n<figure class=\"wp-block-image size-full is-resized\"><img loading=\"lazy\" decoding=\"async\" src=\"https:\/\/webs.uab.cat\/gsadi\/wp-content\/uploads\/sites\/257\/2022\/10\/agaur-sgr2017-1172.png\" alt=\"\" class=\"wp-image-224\" width=\"142\" height=\"85\" srcset=\"https:\/\/webs.uab.cat\/gsadi\/wp-content\/uploads\/sites\/257\/2022\/10\/agaur-sgr2017-1172.png 835w, https:\/\/webs.uab.cat\/gsadi\/wp-content\/uploads\/sites\/257\/2022\/10\/agaur-sgr2017-1172-300x181.png 300w, https:\/\/webs.uab.cat\/gsadi\/wp-content\/uploads\/sites\/257\/2022\/10\/agaur-sgr2017-1172-768x463.png 768w\" sizes=\"auto, (max-width: 142px) 100vw, 142px\" \/><\/figure>\n<\/div>\n\n\n\n<div class=\"wp-block-column is-layout-flow wp-block-column-is-layout-flow\">\n<figure class=\"wp-block-image size-full is-resized\"><img loading=\"lazy\" decoding=\"async\" src=\"https:\/\/webs.uab.cat\/gsadi\/wp-content\/uploads\/sites\/257\/2018\/04\/micinn.png.jpeg\" alt=\"\" class=\"wp-image-207\" width=\"285\" height=\"85\"\/><\/figure>\n<\/div>\n<\/div>\n","protected":false},"excerpt":{"rendered":"<p>GSADI public discussion seminars and presentations If you&#8217;re interested, please contact us to get access to GSADI seminars (online or face) &nbsp;gsadi@uab.cat 2023 spring-summer Jos\u00e9 A. Noguera, Emma \u00c1lvarez and \u00c0lex Gim\u00e9nez\u00a0(UAB), &#8220;El problema de la estimaci\u00f3n del Non-Take-Up en prestaciones sociales&#8221;, February 22th, 2023. 12:00. Online.\u00a0 \u00c0lex Gim\u00e9nez (UAB &#8211; University of Bremen), &#8220;The [&hellip;]<\/p>\n","protected":false},"author":20,"featured_media":0,"parent":0,"menu_order":0,"comment_status":"closed","ping_status":"closed","template":"","meta":{"footnotes":""},"class_list":["post-214","page","type-page","status-publish","hentry"],"_links":{"self":[{"href":"https:\/\/webs.uab.cat\/gsadi\/wp-json\/wp\/v2\/pages\/214","targetHints":{"allow":["GET"]}}],"collection":[{"href":"https:\/\/webs.uab.cat\/gsadi\/wp-json\/wp\/v2\/pages"}],"about":[{"href":"https:\/\/webs.uab.cat\/gsadi\/wp-json\/wp\/v2\/types\/page"}],"author":[{"embeddable":true,"href":"https:\/\/webs.uab.cat\/gsadi\/wp-json\/wp\/v2\/users\/20"}],"replies":[{"embeddable":true,"href":"https:\/\/webs.uab.cat\/gsadi\/wp-json\/wp\/v2\/comments?post=214"}],"version-history":[{"count":10,"href":"https:\/\/webs.uab.cat\/gsadi\/wp-json\/wp\/v2\/pages\/214\/revisions"}],"predecessor-version":[{"id":1219,"href":"https:\/\/webs.uab.cat\/gsadi\/wp-json\/wp\/v2\/pages\/214\/revisions\/1219"}],"wp:attachment":[{"href":"https:\/\/webs.uab.cat\/gsadi\/wp-json\/wp\/v2\/media?parent=214"}],"curies":[{"name":"wp","href":"https:\/\/api.w.org\/{rel}","templated":true}]}}